{"id":2905,"date":"2024-07-04T07:10:11","date_gmt":"2024-07-04T07:10:11","guid":{"rendered":"https:\/\/showerglasshardware.com\/?post_type=product&#038;p=2905"},"modified":"2025-11-21T06:21:19","modified_gmt":"2025-11-21T06:21:19","slug":"heavy-duty-solid-brass-glass-to-wall-shower-hinges","status":"publish","type":"product","link":"https:\/\/showerglasshardware.com\/fr-fr\/product\/heavy-duty-solid-brass-glass-to-wall-shower-hinges\/","title":{"rendered":"Charni\u00e8res de douche en laiton massif robuste, verre au mur, SGH-C501"},"content":{"rendered":"<p data-start=\"450\" data-end=\"641\">Les charni\u00e8res de porte de douche verre-mur SGH-C501 sont con\u00e7ues pour une durabilit\u00e9 maximale et une apparence \u00e9l\u00e9gante et moderne, ce qui en fait le choix id\u00e9al pour les cabines de douche sans cadre.<\/p>\n<p data-start=\"643\" data-end=\"902\">Fabriqu\u00e9es en laiton massif, ces charni\u00e8res offrent une r\u00e9sistance sup\u00e9rieure \u00e0 la corrosion et une solidit\u00e9 \u00e0 long terme. Con\u00e7ues pour un verre de 8 \u00e0 12 mm d'\u00e9paisseur, elles peuvent supporter jusqu'\u00e0 40 kg par paire de charni\u00e8res, ce qui garantit des performances fiables, m\u00eame dans les salles de bains tr\u00e8s fr\u00e9quent\u00e9es.<\/p>\n<p data-start=\"904\" data-end=\"1107\">Gr\u00e2ce \u00e0 leur configuration verre\/mur, les charni\u00e8res SGH-C501 permettent un montage s\u00fbr des portes de douche directement sur les murs carrel\u00e9s ou d'autres surfaces structurelles, tout en conservant un aspect propre et minimaliste.<\/p>\n<p data-start=\"1109\" data-end=\"1128\"><strong data-start=\"1109\" data-end=\"1126\">Principales caract\u00e9ristiques:<\/strong><\/p>\n<ul data-start=\"1129\" data-end=\"1548\">\n<li data-start=\"1129\" data-end=\"1186\">\n<p data-start=\"1131\" data-end=\"1186\"><strong data-start=\"1131\" data-end=\"1140\">Taper:<\/strong> Charni\u00e8res robustes pour portes de douche verre-mur<\/p>\n<\/li>\n<li data-start=\"1187\" data-end=\"1266\">\n<p data-start=\"1189\" data-end=\"1266\"><strong data-start=\"1189\" data-end=\"1202\">Mat\u00e9riel:<\/strong> Laiton massif pour une solidit\u00e9 et une r\u00e9sistance \u00e0 la corrosion exceptionnelles<\/p>\n<\/li>\n<li data-start=\"1267\" data-end=\"1319\">\n<p data-start=\"1269\" data-end=\"1319\"><strong data-start=\"1269\" data-end=\"1293\">Compatibilit\u00e9 du verre\u00a0:<\/strong> Convient au verre de 8 \u00e0 12 mm d'\u00e9paisseur<\/p>\n<\/li>\n<li data-start=\"1320\" data-end=\"1377\">\n<p data-start=\"1322\" data-end=\"1377\"><strong data-start=\"1322\" data-end=\"1340\">Capacit\u00e9 de charge :<\/strong> Supporte jusqu'\u00e0 40 kg par deux charni\u00e8res<\/p>\n<\/li>\n<li data-start=\"1378\" data-end=\"1481\">\n<p data-start=\"1380\" data-end=\"1481\"><strong data-start=\"1380\" data-end=\"1397\">Applications :<\/strong> Id\u00e9al pour les cabines de douche sans cadre dans les environnements r\u00e9sidentiels, h\u00f4teliers et thermaux<\/p>\n<\/li>\n<li data-start=\"1482\" data-end=\"1548\">\n<p data-start=\"1484\" data-end=\"1548\"><strong data-start=\"1484\" data-end=\"1495\">Conception :<\/strong> Aspect moderne avec une forte int\u00e9grit\u00e9 structurelle<\/p>\n<\/li>\n<\/ul>\n<p data-start=\"1550\" data-end=\"1571\"><strong data-start=\"1550\" data-end=\"1569\">Caract\u00e9ristiques:<\/strong><\/p>\n<ul data-start=\"1572\" data-end=\"1906\">\n<li data-start=\"1572\" data-end=\"1595\">\n<p data-start=\"1574\" data-end=\"1595\"><strong data-start=\"1574\" data-end=\"1584\">Mod\u00e8le :<\/strong> SGH-C501<\/p>\n<\/li>\n<li data-start=\"1596\" data-end=\"1629\">\n<p data-start=\"1598\" data-end=\"1629\"><strong data-start=\"1598\" data-end=\"1607\">Taper:<\/strong> Charni\u00e8re verre-mur<\/p>\n<\/li>\n<li data-start=\"1630\" data-end=\"1653\">\n<p data-start=\"1632\" data-end=\"1653\"><strong data-start=\"1632\" data-end=\"1645\">Mat\u00e9riel:<\/strong> Laiton<\/p>\n<\/li>\n<li data-start=\"1654\" data-end=\"1690\">\n<p data-start=\"1656\" data-end=\"1690\"><strong data-start=\"1656\" data-end=\"1681\">S'adapte \u00e0 l'\u00e9paisseur du verre :<\/strong> 8-12mm<\/p>\n<\/li>\n<li data-start=\"1691\" data-end=\"1725\">\n<p data-start=\"1693\" data-end=\"1725\"><strong data-start=\"1693\" data-end=\"1711\">Capacit\u00e9 de charge :<\/strong> 40kg \/ 2pcs<\/p>\n<\/li>\n<li data-start=\"1726\" data-end=\"1800\">\n<p data-start=\"1728\" data-end=\"1800\"><strong data-start=\"1728\" data-end=\"1746\">Plage d'ouverture :<\/strong> 90\u00b0 (vers l'int\u00e9rieur et vers l'ext\u00e9rieur, selon l'installation)<\/p>\n<\/li>\n<li data-start=\"1801\" data-end=\"1906\">\n<p data-start=\"1803\" data-end=\"1906\"><strong data-start=\"1803\" data-end=\"1822\">Options de finition :<\/strong> Chrome poli, nickel bross\u00e9, or poli, noir mat, m\u00e9tal arm\u00e9 (en option)<\/p>\n<\/li>\n<\/ul>","protected":false},"excerpt":{"rendered":"<ul>\n<li>Charni\u00e8res verre-mur<\/li>\n<li>Charni\u00e8res de douche verre-mur en laiton massif pour usage intensif<\/li>\n<li>\u00c9paisseur du verre 8-12 mm<\/li>\n<li>Portant 40 kg \/ 2 pi\u00e8ces<\/li>\n<\/ul>","protected":false},"featured_media":3030,"comment_status":"open","ping_status":"closed","template":"","meta":{"_acf_changed":false},"product_brand":[],"product_cat":[20,21],"product_tag":[131],"class_list":{"0":"post-2905","1":"product","2":"type-product","3":"status-publish","4":"has-post-thumbnail","6":"product_cat-shower-door-hinges","7":"product_cat-glass-to-wall-hinges","8":"product_tag-wall-mount-hinges","9":"pa_finish-brushed-nickel","10":"pa_finish-chrome","11":"pa_finish-gold","12":"pa_finish-gun-metal","13":"pa_finish-black","14":"pa_glass-thickness-8-12mm","15":"pa_load-bearing-40kg","16":"pa_material-brass","18":"first","19":"instock","20":"purchasable","21":"product-type-variable","22":"has-default-attributes"},"acf":[],"_links":{"self":[{"href":"https:\/\/showerglasshardware.com\/fr-fr\/wp-json\/wp\/v2\/product\/2905","targetHints":{"allow":["GET"]}}],"collection":[{"href":"https:\/\/showerglasshardware.com\/fr-fr\/wp-json\/wp\/v2\/product"}],"about":[{"href":"https:\/\/showerglasshardware.com\/fr-fr\/wp-json\/wp\/v2\/types\/product"}],"replies":[{"embeddable":true,"href":"https:\/\/showerglasshardware.com\/fr-fr\/wp-json\/wp\/v2\/comments?post=2905"}],"version-history":[{"count":3,"href":"https:\/\/showerglasshardware.com\/fr-fr\/wp-json\/wp\/v2\/product\/2905\/revisions"}],"predecessor-version":[{"id":4699,"href":"https:\/\/showerglasshardware.com\/fr-fr\/wp-json\/wp\/v2\/product\/2905\/revisions\/4699"}],"wp:featuredmedia":[{"embeddable":true,"href":"https:\/\/showerglasshardware.com\/fr-fr\/wp-json\/wp\/v2\/media\/3030"}],"wp:attachment":[{"href":"https:\/\/showerglasshardware.com\/fr-fr\/wp-json\/wp\/v2\/media?parent=2905"}],"wp:term":[{"taxonomy":"product_brand","embeddable":true,"href":"https:\/\/showerglasshardware.com\/fr-fr\/wp-json\/wp\/v2\/product_brand?post=2905"},{"taxonomy":"product_cat","embeddable":true,"href":"https:\/\/showerglasshardware.com\/fr-fr\/wp-json\/wp\/v2\/product_cat?post=2905"},{"taxonomy":"product_tag","embeddable":true,"href":"https:\/\/showerglasshardware.com\/fr-fr\/wp-json\/wp\/v2\/product_tag?post=2905"}],"curies":[{"name":"wp","href":"https:\/\/api.w.org\/{rel}","templated":true}]}}