{"id":2918,"date":"2024-07-04T07:15:22","date_gmt":"2024-07-04T07:15:22","guid":{"rendered":"https:\/\/showerglasshardware.com\/?post_type=product&#038;p=2918"},"modified":"2025-11-21T06:17:56","modified_gmt":"2025-11-21T06:17:56","slug":"heavy-duty-glass-door-hinges-with-covers","status":"publish","type":"product","link":"https:\/\/showerglasshardware.com\/fr-fr\/product\/heavy-duty-glass-door-hinges-with-covers\/","title":{"rendered":"Charni\u00e8res de porte en verre robustes avec couvercles SGH-C502"},"content":{"rendered":"<p data-start=\"450\" data-end=\"640\">Les charni\u00e8res de porte de douche verre-verre SGH-C502 sont con\u00e7ues pour la solidit\u00e9, la fiabilit\u00e9 et une finition propre et moderne, ce qui les rend parfaites pour les cabines de douche sans cadre.<\/p>\n<p data-start=\"642\" data-end=\"946\">Fabriqu\u00e9es \u00e0 partir de mat\u00e9riaux de haute qualit\u00e9, ces charni\u00e8res verre-verre avec caches s'adaptent au verre de 8 \u00e0 12 mm d'\u00e9paisseur et peuvent supporter jusqu'\u00e0 40 kg par deux charni\u00e8res. La plage d'ouverture de 180\u00b0 permet un alignement en douceur entre les panneaux de verre en ligne, tandis que les caches dissimulent les vis pour un aspect net et rationalis\u00e9.<\/p>\n<p data-start=\"948\" data-end=\"1087\">Ces charni\u00e8res robustes conviennent aux salles de bains r\u00e9sidentielles et commerciales o\u00f9 la durabilit\u00e9 et l'esth\u00e9tique sont aussi importantes l'une que l'autre.<\/p>\n<p data-start=\"1089\" data-end=\"1108\"><strong data-start=\"1089\" data-end=\"1106\">Principales caract\u00e9ristiques:<\/strong><\/p>\n<ul data-start=\"1109\" data-end=\"1529\">\n<li data-start=\"1109\" data-end=\"1184\">\n<p data-start=\"1111\" data-end=\"1184\"><strong data-start=\"1111\" data-end=\"1120\">Taper:<\/strong> Charni\u00e8res de 180\u00b0 pour portes de douche verre-verre avec couvercles<\/p>\n<\/li>\n<li data-start=\"1185\" data-end=\"1261\">\n<p data-start=\"1187\" data-end=\"1261\"><strong data-start=\"1187\" data-end=\"1200\">Mat\u00e9riel:<\/strong> Laiton massif pour une solidit\u00e9 et une r\u00e9sistance \u00e0 la corrosion sup\u00e9rieures<\/p>\n<\/li>\n<li data-start=\"1262\" data-end=\"1314\">\n<p data-start=\"1264\" data-end=\"1314\"><strong data-start=\"1264\" data-end=\"1288\">Compatibilit\u00e9 du verre\u00a0:<\/strong> Convient au verre de 8 \u00e0 12 mm d'\u00e9paisseur<\/p>\n<\/li>\n<li data-start=\"1315\" data-end=\"1372\">\n<p data-start=\"1317\" data-end=\"1372\"><strong data-start=\"1317\" data-end=\"1335\">Capacit\u00e9 de charge :<\/strong> Supporte jusqu'\u00e0 40 kg par deux charni\u00e8res<\/p>\n<\/li>\n<li data-start=\"1373\" data-end=\"1442\">\n<p data-start=\"1375\" data-end=\"1442\"><strong data-start=\"1375\" data-end=\"1386\">Conception :<\/strong> Vis cach\u00e9es avec plaques de recouvrement pour une finition \u00e9l\u00e9gante<\/p>\n<\/li>\n<li data-start=\"1443\" data-end=\"1529\">\n<p data-start=\"1445\" data-end=\"1529\"><strong data-start=\"1445\" data-end=\"1462\">Applications :<\/strong> Id\u00e9al pour les cabines de douche sans cadre dans les maisons, les h\u00f4tels et les spas<\/p>\n<\/li>\n<\/ul>\n<p data-start=\"1531\" data-end=\"1552\"><strong data-start=\"1531\" data-end=\"1550\">Caract\u00e9ristiques:<\/strong><\/p>\n<ul data-start=\"1553\" data-end=\"1847\">\n<li data-start=\"1553\" data-end=\"1576\">\n<p data-start=\"1555\" data-end=\"1576\"><strong data-start=\"1555\" data-end=\"1565\">Mod\u00e8le :<\/strong> SGH-C502<\/p>\n<\/li>\n<li data-start=\"1577\" data-end=\"1617\">\n<p data-start=\"1579\" data-end=\"1617\"><strong data-start=\"1579\" data-end=\"1588\">Taper:<\/strong> Charni\u00e8re verre-verre, 180<\/p>\n<\/li>\n<li data-start=\"1618\" data-end=\"1641\">\n<p data-start=\"1620\" data-end=\"1641\"><strong data-start=\"1620\" data-end=\"1633\">Mat\u00e9riel:<\/strong> Laiton<\/p>\n<\/li>\n<li data-start=\"1642\" data-end=\"1678\">\n<p data-start=\"1644\" data-end=\"1678\"><strong data-start=\"1644\" data-end=\"1669\">S'adapte \u00e0 l'\u00e9paisseur du verre :<\/strong> 8-12mm<\/p>\n<\/li>\n<li data-start=\"1679\" data-end=\"1713\">\n<p data-start=\"1681\" data-end=\"1713\"><strong data-start=\"1681\" data-end=\"1699\">Capacit\u00e9 de charge :<\/strong> 40kg \/ 2pcs<\/p>\n<\/li>\n<li data-start=\"1714\" data-end=\"1741\">\n<p data-start=\"1716\" data-end=\"1741\"><strong data-start=\"1716\" data-end=\"1734\">Plage d'ouverture :<\/strong> 180\u00b0<\/p>\n<\/li>\n<li data-start=\"1742\" data-end=\"1847\">\n<p data-start=\"1744\" data-end=\"1847\"><strong data-start=\"1744\" data-end=\"1763\">Options de finition :<\/strong> Chrome poli, nickel bross\u00e9, or poli, noir mat, m\u00e9tal arm\u00e9 (en option)<\/p>\n<\/li>\n<\/ul>","protected":false},"excerpt":{"rendered":"<ul>\n<li>Charni\u00e8res verre \u00e0 verre \u00e0 180 degr\u00e9s<\/li>\n<li>Charni\u00e8res de porte en verre tr\u00e8s r\u00e9sistantes avec caches<\/li>\n<li>\u00c9paisseur du verre 8-12 mm<\/li>\n<li>Portant 40 kg \/ 2 pi\u00e8ces<\/li>\n<\/ul>","protected":false},"featured_media":3029,"comment_status":"open","ping_status":"closed","template":"","meta":{"_acf_changed":false},"product_brand":[],"product_cat":[20,22],"product_tag":[171],"class_list":{"0":"post-2918","1":"product","2":"type-product","3":"status-publish","4":"has-post-thumbnail","6":"product_cat-shower-door-hinges","7":"product_cat-glass-to-glass-hinges","8":"product_tag-glass-to-glass-hinges","9":"pa_finish-brushed-nickel","10":"pa_finish-chrome","11":"pa_finish-gold","12":"pa_finish-gun-metal","13":"pa_finish-black","14":"pa_glass-thickness-8-12mm","15":"pa_load-bearing-40kg","16":"pa_material-brass","18":"first","19":"instock","20":"purchasable","21":"product-type-variable","22":"has-default-attributes"},"acf":[],"_links":{"self":[{"href":"https:\/\/showerglasshardware.com\/fr-fr\/wp-json\/wp\/v2\/product\/2918","targetHints":{"allow":["GET"]}}],"collection":[{"href":"https:\/\/showerglasshardware.com\/fr-fr\/wp-json\/wp\/v2\/product"}],"about":[{"href":"https:\/\/showerglasshardware.com\/fr-fr\/wp-json\/wp\/v2\/types\/product"}],"replies":[{"embeddable":true,"href":"https:\/\/showerglasshardware.com\/fr-fr\/wp-json\/wp\/v2\/comments?post=2918"}],"version-history":[{"count":3,"href":"https:\/\/showerglasshardware.com\/fr-fr\/wp-json\/wp\/v2\/product\/2918\/revisions"}],"predecessor-version":[{"id":3371,"href":"https:\/\/showerglasshardware.com\/fr-fr\/wp-json\/wp\/v2\/product\/2918\/revisions\/3371"}],"wp:featuredmedia":[{"embeddable":true,"href":"https:\/\/showerglasshardware.com\/fr-fr\/wp-json\/wp\/v2\/media\/3029"}],"wp:attachment":[{"href":"https:\/\/showerglasshardware.com\/fr-fr\/wp-json\/wp\/v2\/media?parent=2918"}],"wp:term":[{"taxonomy":"product_brand","embeddable":true,"href":"https:\/\/showerglasshardware.com\/fr-fr\/wp-json\/wp\/v2\/product_brand?post=2918"},{"taxonomy":"product_cat","embeddable":true,"href":"https:\/\/showerglasshardware.com\/fr-fr\/wp-json\/wp\/v2\/product_cat?post=2918"},{"taxonomy":"product_tag","embeddable":true,"href":"https:\/\/showerglasshardware.com\/fr-fr\/wp-json\/wp\/v2\/product_tag?post=2918"}],"curies":[{"name":"wp","href":"https:\/\/api.w.org\/{rel}","templated":true}]}}