{"id":3129,"date":"2024-08-17T02:26:40","date_gmt":"2024-08-17T02:26:40","guid":{"rendered":"https:\/\/showerglasshardware.com\/?post_type=product&#038;p=3129"},"modified":"2025-11-21T06:14:46","modified_gmt":"2025-11-21T06:14:46","slug":"heavy-duty-wall-to-glass-h-back-plate-shower-hinge-cl-101","status":"publish","type":"product","link":"https:\/\/showerglasshardware.com\/fr-fr\/product\/heavy-duty-wall-to-glass-h-back-plate-shower-hinge-cl-101\/","title":{"rendered":"Charni\u00e8re de porte de douche mur \u00e0 verre en \"H\" Charni\u00e8re de douche en \"H\" CL-101"},"content":{"rendered":"<p data-start=\"460\" data-end=\"609\">La charni\u00e8re de porte de douche \u00e0 plaque arri\u00e8re en \"H\" CL-101 pour usage intensif entre le mur et le verre offre une r\u00e9sistance exceptionnelle et un maintien s\u00fbr pour les portes de douche en verre sans cadre.<\/p>\n<p data-start=\"611\" data-end=\"882\">Fabriqu\u00e9e en laiton massif, cette charni\u00e8re est con\u00e7ue pour le verre tremp\u00e9 de 5\/16\u2033 \u00e0 1\/2\u2033 (8-12 mm). Elle permet une ouverture \u00e0 90\u00b0 dans les deux sens et s'auto-centre lorsqu'elle se trouve \u00e0 moins de 25\u00b0 de la position ferm\u00e9e, ce qui garantit un fonctionnement en douceur et un alignement fiable de la porte.<\/p>\n<p data-start=\"884\" data-end=\"1071\">Avec plusieurs finitions populaires disponibles, le CL-101 s'int\u00e8gre parfaitement dans les salles de bains modernes tout en offrant une durabilit\u00e9 \u00e0 long terme pour les installations r\u00e9sidentielles et commerciales.<\/p>\n<p data-start=\"1073\" data-end=\"1092\"><strong data-start=\"1073\" data-end=\"1090\">Principales caract\u00e9ristiques:<\/strong><\/p>\n<ul data-start=\"1093\" data-end=\"1569\">\n<li data-start=\"1093\" data-end=\"1162\">\n<p data-start=\"1095\" data-end=\"1162\"><strong data-start=\"1095\" data-end=\"1108\">Mat\u00e9riel:<\/strong> Laiton massif pour la durabilit\u00e9 et la r\u00e9sistance \u00e0 la corrosion<\/p>\n<\/li>\n<li data-start=\"1163\" data-end=\"1233\">\n<p data-start=\"1165\" data-end=\"1233\"><strong data-start=\"1165\" data-end=\"1176\">Conception :<\/strong> Charni\u00e8re en \"H\" de la plaque arri\u00e8re entre le mur et le verre pour une plus grande stabilit\u00e9<\/p>\n<\/li>\n<li data-start=\"1234\" data-end=\"1289\">\n<p data-start=\"1236\" data-end=\"1289\"><strong data-start=\"1236\" data-end=\"1260\">Compatibilit\u00e9 du verre\u00a0:<\/strong> Convient au verre tremp\u00e9 de 8 \u00e0 12 mm<\/p>\n<\/li>\n<li data-start=\"1290\" data-end=\"1341\">\n<p data-start=\"1292\" data-end=\"1341\"><strong data-start=\"1292\" data-end=\"1310\">Plage d'ouverture :<\/strong> 90\u00b0 vers l'int\u00e9rieur et 90\u00b0 vers l'ext\u00e9rieur<\/p>\n<\/li>\n<li data-start=\"1342\" data-end=\"1413\">\n<p data-start=\"1344\" data-end=\"1413\"><strong data-start=\"1344\" data-end=\"1363\">L'autocentrage :<\/strong> Se centre automatiquement lorsqu'il se trouve \u00e0 moins de 25\u00b0 de la position ferm\u00e9e<\/p>\n<\/li>\n<li data-start=\"1414\" data-end=\"1478\">\n<p data-start=\"1416\" data-end=\"1478\"><strong data-start=\"1416\" data-end=\"1435\">Options de finition :<\/strong> Plusieurs finitions populaires au choix<\/p>\n<\/li>\n<li data-start=\"1479\" data-end=\"1569\">\n<p data-start=\"1481\" data-end=\"1569\"><strong data-start=\"1481\" data-end=\"1498\">Applications :<\/strong> Portes de douche en verre sans cadre dans les maisons, les h\u00f4tels et les espaces commerciaux<\/p>\n<\/li>\n<\/ul>\n<p data-start=\"1571\" data-end=\"1592\"><strong data-start=\"1571\" data-end=\"1590\">Caract\u00e9ristiques:<\/strong><\/p>\n<ul data-start=\"1593\" data-end=\"1947\">\n<li data-start=\"1593\" data-end=\"1614\">\n<p data-start=\"1595\" data-end=\"1614\"><strong data-start=\"1595\" data-end=\"1605\">Mod\u00e8le :<\/strong> CL-101<\/p>\n<\/li>\n<li data-start=\"1615\" data-end=\"1668\">\n<p data-start=\"1617\" data-end=\"1668\"><strong data-start=\"1617\" data-end=\"1626\">Taper:<\/strong> Charni\u00e8re mur-verre avec plaque arri\u00e8re en \"H<\/p>\n<\/li>\n<li data-start=\"1669\" data-end=\"1692\">\n<p data-start=\"1671\" data-end=\"1692\"><strong data-start=\"1671\" data-end=\"1684\">Mat\u00e9riel:<\/strong> Laiton<\/p>\n<\/li>\n<li data-start=\"1693\" data-end=\"1729\">\n<p data-start=\"1695\" data-end=\"1729\"><strong data-start=\"1695\" data-end=\"1720\">S'adapte \u00e0 l'\u00e9paisseur du verre :<\/strong> 8-12mm<\/p>\n<\/li>\n<li data-start=\"1730\" data-end=\"1769\">\n<p data-start=\"1732\" data-end=\"1769\"><strong data-start=\"1732\" data-end=\"1750\">Plage d'ouverture :<\/strong> 90\u00b0 in \/ 90\u00b0 out<\/p>\n<\/li>\n<li data-start=\"1770\" data-end=\"1820\">\n<p data-start=\"1772\" data-end=\"1820\"><strong data-start=\"1772\" data-end=\"1797\">Angle d'auto-centrage :<\/strong> A moins de 25\u00b0 de la fermeture<\/p>\n<\/li>\n<li data-start=\"1821\" data-end=\"1892\">\n<p data-start=\"1823\" data-end=\"1892\"><strong data-start=\"1823\" data-end=\"1836\">Finitions :<\/strong> Chrome, nickel bross\u00e9, or, noir mat et autres<\/p>\n<\/li>\n<li data-start=\"1893\" data-end=\"1947\">\n<p data-start=\"1895\" data-end=\"1947\"><strong data-start=\"1895\" data-end=\"1911\">Application:<\/strong> Parois de douche en verre sans cadre<\/p>\n<\/li>\n<\/ul>\n<ul>\n<li><a href=\"https:\/\/showerglasshardware.com\/fr-fr\/contact\/\">Contactez-nous pour plus d'informations<\/a><\/li>\n<\/ul>","protected":false},"excerpt":{"rendered":"<ul>\n<li>Charni\u00e8re pour porte de douche verre-mur avec plaque arri\u00e8re en H<\/li>\n<li>Con\u00e7u pour le verre tremp\u00e9 5\/16\u2033 - 1\/2\u2033 (8mm \u00e0 12mm)<\/li>\n<li>Nombreuses finitions populaires \u00e0 choisir<\/li>\n<li>Laiton massif<\/li>\n<li>90 degr\u00e9s \u00e0 l'int\u00e9rieur et 90 degr\u00e9s \u00e0 l'ext\u00e9rieur<\/li>\n<li>Auto-centrage A moins de 25 degr\u00e9s de la fermeture<\/li>\n<\/ul>","protected":false},"featured_media":3136,"comment_status":"open","ping_status":"closed","template":"","meta":{"_acf_changed":false},"product_brand":[],"product_cat":[21],"product_tag":[],"class_list":{"0":"post-3129","1":"product","2":"type-product","3":"status-publish","4":"has-post-thumbnail","6":"product_cat-glass-to-wall-hinges","7":"pa_finish-brushed-nickel","8":"pa_finish-chrome","9":"pa_finish-gold","10":"pa_finish-gun-metal","11":"pa_finish-black","12":"pa_glass-thickness-8-12mm","13":"pa_load-bearing-50kg-2pcs","14":"pa_material-brass","15":"pa_size-100-58-mm","17":"first","18":"instock","19":"product-type-simple"},"acf":[],"_links":{"self":[{"href":"https:\/\/showerglasshardware.com\/fr-fr\/wp-json\/wp\/v2\/product\/3129","targetHints":{"allow":["GET"]}}],"collection":[{"href":"https:\/\/showerglasshardware.com\/fr-fr\/wp-json\/wp\/v2\/product"}],"about":[{"href":"https:\/\/showerglasshardware.com\/fr-fr\/wp-json\/wp\/v2\/types\/product"}],"replies":[{"embeddable":true,"href":"https:\/\/showerglasshardware.com\/fr-fr\/wp-json\/wp\/v2\/comments?post=3129"}],"version-history":[{"count":4,"href":"https:\/\/showerglasshardware.com\/fr-fr\/wp-json\/wp\/v2\/product\/3129\/revisions"}],"predecessor-version":[{"id":4678,"href":"https:\/\/showerglasshardware.com\/fr-fr\/wp-json\/wp\/v2\/product\/3129\/revisions\/4678"}],"wp:featuredmedia":[{"embeddable":true,"href":"https:\/\/showerglasshardware.com\/fr-fr\/wp-json\/wp\/v2\/media\/3136"}],"wp:attachment":[{"href":"https:\/\/showerglasshardware.com\/fr-fr\/wp-json\/wp\/v2\/media?parent=3129"}],"wp:term":[{"taxonomy":"product_brand","embeddable":true,"href":"https:\/\/showerglasshardware.com\/fr-fr\/wp-json\/wp\/v2\/product_brand?post=3129"},{"taxonomy":"product_cat","embeddable":true,"href":"https:\/\/showerglasshardware.com\/fr-fr\/wp-json\/wp\/v2\/product_cat?post=3129"},{"taxonomy":"product_tag","embeddable":true,"href":"https:\/\/showerglasshardware.com\/fr-fr\/wp-json\/wp\/v2\/product_tag?post=3129"}],"curies":[{"name":"wp","href":"https:\/\/api.w.org\/{rel}","templated":true}]}}