{"id":3140,"date":"2024-08-19T01:46:23","date_gmt":"2024-08-19T01:46:23","guid":{"rendered":"https:\/\/showerglasshardware.com\/?post_type=product&#038;p=3140"},"modified":"2025-11-21T04:23:47","modified_gmt":"2025-11-21T04:23:47","slug":"offset-bracket-wall-mount-left-hand-shower-pivot-hinge","status":"publish","type":"product","link":"https:\/\/showerglasshardware.com\/fr-fr\/product\/offset-bracket-wall-mount-left-hand-shower-pivot-hinge\/","title":{"rendered":"Charni\u00e8re d\u00e9port\u00e9e pour douche \u00e0 main gauche HY48"},"content":{"rendered":"<p data-start=\"476\" data-end=\"628\">La charni\u00e8re pivotante pour douche \u00e0 main gauche HY48 est con\u00e7ue pour une installation s\u00fbre et \u00e9l\u00e9gante des portes en verre sans cadre de la salle de bains.<\/p>\n<p data-start=\"630\" data-end=\"960\">Fabriqu\u00e9e en laiton massif, cette charni\u00e8re offre une solidit\u00e9 exceptionnelle, une r\u00e9sistance \u00e0 la corrosion et des performances \u00e0 long terme. Mesurant 55\u00d790 mm et pesant 870 g, elle est con\u00e7ue pour assurer la stabilit\u00e9 et un pivotement en douceur. Compatible avec un verre de 8 \u00e0 12 mm d'\u00e9paisseur, elle est parfaite pour les installations de salles de bains r\u00e9sidentielles et commerciales.<\/p>\n<p data-start=\"962\" data-end=\"1131\">Disponible en chrome, nickel bross\u00e9, or et noir mat, cette charni\u00e8re en \"L\" d\u00e9cal\u00e9e vers la gauche s'int\u00e8gre parfaitement dans les conceptions modernes de la quincaillerie de salle de bains.<\/p>\n<p data-start=\"1133\" data-end=\"1152\"><strong data-start=\"1133\" data-end=\"1150\">Principales caract\u00e9ristiques:<\/strong><\/p>\n<ul data-start=\"1153\" data-end=\"1558\">\n<li data-start=\"1153\" data-end=\"1220\">\n<p data-start=\"1155\" data-end=\"1220\"><strong data-start=\"1155\" data-end=\"1168\">Mat\u00e9riel:<\/strong> Laiton massif pour la solidit\u00e9 et la r\u00e9sistance \u00e0 la corrosion<\/p>\n<\/li>\n<li data-start=\"1221\" data-end=\"1306\">\n<p data-start=\"1223\" data-end=\"1306\"><strong data-start=\"1223\" data-end=\"1234\">Conception :<\/strong> Charni\u00e8re pivotante en \"L\" d\u00e9cal\u00e9e \u00e0 gauche pour une installation verre-mur<\/p>\n<\/li>\n<li data-start=\"1307\" data-end=\"1328\">\n<p data-start=\"1309\" data-end=\"1328\"><strong data-start=\"1309\" data-end=\"1318\">Taille :<\/strong> 55\u00d790mm<\/p>\n<\/li>\n<li data-start=\"1329\" data-end=\"1349\">\n<p data-start=\"1331\" data-end=\"1349\"><strong data-start=\"1331\" data-end=\"1342\">Poids :<\/strong> 870g<\/p>\n<\/li>\n<li data-start=\"1350\" data-end=\"1402\">\n<p data-start=\"1352\" data-end=\"1402\"><strong data-start=\"1352\" data-end=\"1376\">Compatibilit\u00e9 du verre\u00a0:<\/strong> Convient au verre de 8 \u00e0 12 mm d'\u00e9paisseur<\/p>\n<\/li>\n<li data-start=\"1403\" data-end=\"1468\">\n<p data-start=\"1405\" data-end=\"1468\"><strong data-start=\"1405\" data-end=\"1424\">Options de finition :<\/strong> Chrome, Nickel bross\u00e9, Or, Noir mat<\/p>\n<\/li>\n<li data-start=\"1469\" data-end=\"1558\">\n<p data-start=\"1471\" data-end=\"1558\"><strong data-start=\"1471\" data-end=\"1488\">Applications :<\/strong> Portes de douche en verre sans cadre dans les environnements r\u00e9sidentiels et commerciaux<\/p>\n<\/li>\n<\/ul>\n<p data-start=\"1560\" data-end=\"1581\"><strong data-start=\"1560\" data-end=\"1579\">Caract\u00e9ristiques:<\/strong><\/p>\n<ul data-start=\"1582\" data-end=\"1878\">\n<li data-start=\"1582\" data-end=\"1601\">\n<p data-start=\"1584\" data-end=\"1601\"><strong data-start=\"1584\" data-end=\"1594\">Mod\u00e8le :<\/strong> HY48<\/p>\n<\/li>\n<li data-start=\"1602\" data-end=\"1662\">\n<p data-start=\"1604\" data-end=\"1662\"><strong data-start=\"1604\" data-end=\"1613\">Taper:<\/strong> Charni\u00e8re pivotante de douche murale d\u00e9cal\u00e9e \u00e0 gauche<\/p>\n<\/li>\n<li data-start=\"1663\" data-end=\"1686\">\n<p data-start=\"1665\" data-end=\"1686\"><strong data-start=\"1665\" data-end=\"1678\">Mat\u00e9riel:<\/strong> Laiton<\/p>\n<\/li>\n<li data-start=\"1687\" data-end=\"1708\">\n<p data-start=\"1689\" data-end=\"1708\"><strong data-start=\"1689\" data-end=\"1698\">Taille :<\/strong> 55\u00d790mm<\/p>\n<\/li>\n<li data-start=\"1709\" data-end=\"1729\">\n<p data-start=\"1711\" data-end=\"1729\"><strong data-start=\"1711\" data-end=\"1722\">Poids :<\/strong> 870g<\/p>\n<\/li>\n<li data-start=\"1730\" data-end=\"1766\">\n<p data-start=\"1732\" data-end=\"1766\"><strong data-start=\"1732\" data-end=\"1757\">S'adapte \u00e0 l'\u00e9paisseur du verre :<\/strong> 8-12mm<\/p>\n<\/li>\n<li data-start=\"1767\" data-end=\"1826\">\n<p data-start=\"1769\" data-end=\"1826\"><strong data-start=\"1769\" data-end=\"1782\">Finitions :<\/strong> Chrome, Nickel bross\u00e9, Or, Noir mat<\/p>\n<\/li>\n<li data-start=\"1827\" data-end=\"1878\">\n<p data-start=\"1829\" data-end=\"1878\"><strong data-start=\"1829\" data-end=\"1845\">Application:<\/strong> Portes en verre sans cadre pour la salle de bains<\/p>\n<\/li>\n<\/ul>","protected":false},"excerpt":{"rendered":"<ul>\n<li>Nom : Charni\u00e8re en \"L\" d\u00e9cal\u00e9e \u00e0 gauche<\/li>\n<li>Mat\u00e9riau : Laiton massif<\/li>\n<li>Taille : 55*90mm<\/li>\n<li>Poids : 870g<\/li>\n<li>Finition : Chrome \/ Nickel bross\u00e9 \/ Or \/ Noir mat<\/li>\n<li>Epaisseur du verre : 8-12mm<\/li>\n<\/ul>","protected":false},"featured_media":3141,"comment_status":"open","ping_status":"closed","template":"","meta":{"_acf_changed":false},"product_brand":[],"product_cat":[20,169],"product_tag":[],"class_list":{"0":"post-3140","1":"product","2":"type-product","3":"status-publish","4":"has-post-thumbnail","6":"product_cat-shower-door-hinges","7":"product_cat-shower-pivot-hinges","8":"pa_finish-brushed-nickel","9":"pa_finish-chrome","10":"pa_finish-gold","11":"pa_finish-black","12":"pa_glass-thickness-8-12mm","13":"pa_material-brass","14":"pa_size-5590mm","16":"first","17":"instock","18":"product-type-simple"},"acf":[],"_links":{"self":[{"href":"https:\/\/showerglasshardware.com\/fr-fr\/wp-json\/wp\/v2\/product\/3140","targetHints":{"allow":["GET"]}}],"collection":[{"href":"https:\/\/showerglasshardware.com\/fr-fr\/wp-json\/wp\/v2\/product"}],"about":[{"href":"https:\/\/showerglasshardware.com\/fr-fr\/wp-json\/wp\/v2\/types\/product"}],"replies":[{"embeddable":true,"href":"https:\/\/showerglasshardware.com\/fr-fr\/wp-json\/wp\/v2\/comments?post=3140"}],"version-history":[{"count":3,"href":"https:\/\/showerglasshardware.com\/fr-fr\/wp-json\/wp\/v2\/product\/3140\/revisions"}],"predecessor-version":[{"id":4675,"href":"https:\/\/showerglasshardware.com\/fr-fr\/wp-json\/wp\/v2\/product\/3140\/revisions\/4675"}],"wp:featuredmedia":[{"embeddable":true,"href":"https:\/\/showerglasshardware.com\/fr-fr\/wp-json\/wp\/v2\/media\/3141"}],"wp:attachment":[{"href":"https:\/\/showerglasshardware.com\/fr-fr\/wp-json\/wp\/v2\/media?parent=3140"}],"wp:term":[{"taxonomy":"product_brand","embeddable":true,"href":"https:\/\/showerglasshardware.com\/fr-fr\/wp-json\/wp\/v2\/product_brand?post=3140"},{"taxonomy":"product_cat","embeddable":true,"href":"https:\/\/showerglasshardware.com\/fr-fr\/wp-json\/wp\/v2\/product_cat?post=3140"},{"taxonomy":"product_tag","embeddable":true,"href":"https:\/\/showerglasshardware.com\/fr-fr\/wp-json\/wp\/v2\/product_tag?post=3140"}],"curies":[{"name":"wp","href":"https:\/\/api.w.org\/{rel}","templated":true}]}}