{"id":3146,"date":"2024-08-19T02:22:13","date_gmt":"2024-08-19T02:22:13","guid":{"rendered":"https:\/\/showerglasshardware.com\/?post_type=product&#038;p=3146"},"modified":"2025-11-21T04:09:58","modified_gmt":"2025-11-21T04:09:58","slug":"large-solid-brass-135-degree-glass-shower-door-hinge","status":"publish","type":"product","link":"https:\/\/showerglasshardware.com\/fr-fr\/product\/large-solid-brass-135-degree-glass-shower-door-hinge\/","title":{"rendered":"Charni\u00e8re de porte de douche en laiton massif \u00e0 135 degr\u00e9s TLW103"},"content":{"rendered":"<p data-start=\"470\" data-end=\"625\">La charni\u00e8re de porte de douche en laiton massif TLW103 est con\u00e7ue pour assurer la solidit\u00e9, la durabilit\u00e9 et l'aspect raffin\u00e9 des cabines de douche sans cadre.<\/p>\n<p data-start=\"627\" data-end=\"949\">Fabriqu\u00e9e en laiton massif, cette charni\u00e8re mesure 100 \u00d7 58 mm avec une \u00e9paisseur de 5,3 mm, ce qui garantit une stabilit\u00e9 exceptionnelle et des performances \u00e0 long terme. Con\u00e7ue pour un verre d'une \u00e9paisseur de 8 \u00e0 12 mm, elle est dot\u00e9e d'une fonction de fermeture automatique \u00e0 environ 25\u00b0, ce qui permet de maintenir le contr\u00f4le de l'eau et la commodit\u00e9 d'utilisation au quotidien.<\/p>\n<p data-start=\"951\" data-end=\"1092\">Disponible en chrome, or, noir mat et nickel bross\u00e9, il s'adapte \u00e0 une grande vari\u00e9t\u00e9 de styles et de d\u00e9cors de salles de bains modernes.<\/p>\n<p data-start=\"1094\" data-end=\"1113\"><strong data-start=\"1094\" data-end=\"1111\">Principales caract\u00e9ristiques:<\/strong><\/p>\n<ul data-start=\"1114\" data-end=\"1581\">\n<li data-start=\"1114\" data-end=\"1191\">\n<p data-start=\"1116\" data-end=\"1191\"><strong data-start=\"1116\" data-end=\"1129\">Mat\u00e9riel:<\/strong> Laiton massif pour une durabilit\u00e9 et une r\u00e9sistance \u00e0 la corrosion maximales<\/p>\n<\/li>\n<li data-start=\"1192\" data-end=\"1260\">\n<p data-start=\"1194\" data-end=\"1260\"><strong data-start=\"1194\" data-end=\"1205\">Conception :<\/strong> Charni\u00e8re 135\u00b0 verre-verre pour portes de douche sans cadre<\/p>\n<\/li>\n<li data-start=\"1261\" data-end=\"1302\">\n<p data-start=\"1263\" data-end=\"1302\"><strong data-start=\"1263\" data-end=\"1272\">Taille :<\/strong> 100 \u00d7 58mm, \u00e9paisseur 5,3mm<\/p>\n<\/li>\n<li data-start=\"1303\" data-end=\"1355\">\n<p data-start=\"1305\" data-end=\"1355\"><strong data-start=\"1305\" data-end=\"1329\">Compatibilit\u00e9 du verre\u00a0:<\/strong> Convient au verre de 8 \u00e0 12 mm d'\u00e9paisseur<\/p>\n<\/li>\n<li data-start=\"1356\" data-end=\"1411\">\n<p data-start=\"1358\" data-end=\"1411\"><strong data-start=\"1358\" data-end=\"1375\">Fermeture automatique :<\/strong> Fermeture automatique \u00e0 environ 25\u00b0.<\/p>\n<\/li>\n<li data-start=\"1412\" data-end=\"1477\">\n<p data-start=\"1414\" data-end=\"1477\"><strong data-start=\"1414\" data-end=\"1433\">Options de finition :<\/strong> Chrome, or, noir mat, nickel bross\u00e9<\/p>\n<\/li>\n<li data-start=\"1478\" data-end=\"1581\">\n<p data-start=\"1480\" data-end=\"1581\"><strong data-start=\"1480\" data-end=\"1497\">Applications :<\/strong> Convient aux portes de douche en verre sans cadre dans les maisons, les h\u00f4tels et les espaces commerciaux.<\/p>\n<\/li>\n<\/ul>\n<p data-start=\"1583\" data-end=\"1604\"><strong data-start=\"1583\" data-end=\"1602\">Caract\u00e9ristiques:<\/strong><\/p>\n<ul data-start=\"1605\" data-end=\"1944\">\n<li data-start=\"1605\" data-end=\"1626\">\n<p data-start=\"1607\" data-end=\"1626\"><strong data-start=\"1607\" data-end=\"1617\">Mod\u00e8le :<\/strong> TLW103<\/p>\n<\/li>\n<li data-start=\"1627\" data-end=\"1678\">\n<p data-start=\"1629\" data-end=\"1678\"><strong data-start=\"1629\" data-end=\"1638\">Taper:<\/strong> Charni\u00e8re 135\u00b0 pour porte de douche verre-verre<\/p>\n<\/li>\n<li data-start=\"1679\" data-end=\"1702\">\n<p data-start=\"1681\" data-end=\"1702\"><strong data-start=\"1681\" data-end=\"1694\">Mat\u00e9riel:<\/strong> Laiton<\/p>\n<\/li>\n<li data-start=\"1703\" data-end=\"1727\">\n<p data-start=\"1705\" data-end=\"1727\"><strong data-start=\"1705\" data-end=\"1714\">Taille :<\/strong> 100 \u00d7 58mm<\/p>\n<\/li>\n<li data-start=\"1728\" data-end=\"1752\">\n<p data-start=\"1730\" data-end=\"1752\"><strong data-start=\"1730\" data-end=\"1744\">\u00c9paisseur :<\/strong> 5,3 mm<\/p>\n<\/li>\n<li data-start=\"1753\" data-end=\"1789\">\n<p data-start=\"1755\" data-end=\"1789\"><strong data-start=\"1755\" data-end=\"1780\">S'adapte \u00e0 l'\u00e9paisseur du verre :<\/strong> 8-12mm<\/p>\n<\/li>\n<li data-start=\"1790\" data-end=\"1829\">\n<p data-start=\"1792\" data-end=\"1829\"><strong data-start=\"1792\" data-end=\"1815\">Angle de fermeture automatique :<\/strong> Environ 25\u00b0.<\/p>\n<\/li>\n<li data-start=\"1830\" data-end=\"1889\">\n<p data-start=\"1832\" data-end=\"1889\"><strong data-start=\"1832\" data-end=\"1845\">Finitions :<\/strong> Chrome, or, noir mat, nickel bross\u00e9<\/p>\n<\/li>\n<li data-start=\"1890\" data-end=\"1944\">\n<p data-start=\"1892\" data-end=\"1944\"><strong data-start=\"1892\" data-end=\"1908\">Application:<\/strong> Parois de douche en verre sans cadre<\/p>\n<\/li>\n<\/ul>","protected":false},"excerpt":{"rendered":"<ul>\n<li>Charni\u00e8re de porte de douche en laiton massif \u00e0 135 degr\u00e9s<\/li>\n<li>Mat\u00e9riau : Laiton massif<\/li>\n<li>Taille : 100*58mm<\/li>\n<li>Epaisseur : 5,3 mm<\/li>\n<li>Epaisseur du verre : 8- 12mm<\/li>\n<li>Finition : Chrome \/ Or \/ Noir mat \/ Nickel bross\u00e9<\/li>\n<li>Type de fermeture : Fermeture automatique \u00e0 environ 25\u00b0.<\/li>\n<\/ul>","protected":false},"featured_media":3149,"comment_status":"open","ping_status":"closed","template":"","meta":{"_acf_changed":false},"product_brand":[],"product_cat":[20,21],"product_tag":[],"class_list":{"0":"post-3146","1":"product","2":"type-product","3":"status-publish","4":"has-post-thumbnail","6":"product_cat-shower-door-hinges","7":"product_cat-glass-to-wall-hinges","8":"pa_closing-type-self-closing-at-about-25","9":"pa_finish-brushed-nickel","10":"pa_finish-chrome","11":"pa_finish-gold","12":"pa_finish-black","13":"pa_glass-thickness-8-12mm","14":"pa_material-brass","16":"first","17":"instock","18":"product-type-simple"},"acf":[],"_links":{"self":[{"href":"https:\/\/showerglasshardware.com\/fr-fr\/wp-json\/wp\/v2\/product\/3146","targetHints":{"allow":["GET"]}}],"collection":[{"href":"https:\/\/showerglasshardware.com\/fr-fr\/wp-json\/wp\/v2\/product"}],"about":[{"href":"https:\/\/showerglasshardware.com\/fr-fr\/wp-json\/wp\/v2\/types\/product"}],"replies":[{"embeddable":true,"href":"https:\/\/showerglasshardware.com\/fr-fr\/wp-json\/wp\/v2\/comments?post=3146"}],"version-history":[{"count":3,"href":"https:\/\/showerglasshardware.com\/fr-fr\/wp-json\/wp\/v2\/product\/3146\/revisions"}],"predecessor-version":[{"id":4669,"href":"https:\/\/showerglasshardware.com\/fr-fr\/wp-json\/wp\/v2\/product\/3146\/revisions\/4669"}],"wp:featuredmedia":[{"embeddable":true,"href":"https:\/\/showerglasshardware.com\/fr-fr\/wp-json\/wp\/v2\/media\/3149"}],"wp:attachment":[{"href":"https:\/\/showerglasshardware.com\/fr-fr\/wp-json\/wp\/v2\/media?parent=3146"}],"wp:term":[{"taxonomy":"product_brand","embeddable":true,"href":"https:\/\/showerglasshardware.com\/fr-fr\/wp-json\/wp\/v2\/product_brand?post=3146"},{"taxonomy":"product_cat","embeddable":true,"href":"https:\/\/showerglasshardware.com\/fr-fr\/wp-json\/wp\/v2\/product_cat?post=3146"},{"taxonomy":"product_tag","embeddable":true,"href":"https:\/\/showerglasshardware.com\/fr-fr\/wp-json\/wp\/v2\/product_tag?post=3146"}],"curies":[{"name":"wp","href":"https:\/\/api.w.org\/{rel}","templated":true}]}}