{"id":3152,"date":"2024-08-19T02:37:48","date_gmt":"2024-08-19T02:37:48","guid":{"rendered":"https:\/\/showerglasshardware.com\/?post_type=product&#038;p=3152"},"modified":"2025-11-21T04:03:08","modified_gmt":"2025-11-21T04:03:08","slug":"100mm-length-180-degree-glass-shower-door-hinge-tlw-104","status":"publish","type":"product","link":"https:\/\/showerglasshardware.com\/fr-fr\/product\/100mm-length-180-degree-glass-shower-door-hinge-tlw-104\/","title":{"rendered":"100mm Length 180 Degree Glass Shower Door Hinge TLW-104"},"content":{"rendered":"<p data-start=\"455\" data-end=\"626\">La charni\u00e8re TLW-104 100mm 180\u00b0 pour porte de douche en verre est une solution de charni\u00e8re haut de gamme pour les cabines de douche en verre sans cadre, alliant r\u00e9sistance, durabilit\u00e9 et design \u00e9l\u00e9gant.<\/p>\n<p data-start=\"628\" data-end=\"908\">Fabriqu\u00e9e en laiton massif, cette charni\u00e8re mesure 100 \u00d7 58 mm avec une \u00e9paisseur de 5,3 mm, ce qui garantit sa stabilit\u00e9 et ses performances \u00e0 long terme. Con\u00e7ue pour un verre de 8 \u00e0 12 mm d'\u00e9paisseur, elle est dot\u00e9e d'un m\u00e9canisme de fermeture automatique \u00e0 environ 25\u00b0 pour une plus grande commodit\u00e9 et un meilleur contr\u00f4le de l'eau.<\/p>\n<p data-start=\"910\" data-end=\"1047\">Disponible en chrome, nickel bross\u00e9, or et noir mat, il s'int\u00e8gre parfaitement \u00e0 une vari\u00e9t\u00e9 de styles de salles de bains modernes.<\/p>\n<p data-start=\"1049\" data-end=\"1068\"><strong data-start=\"1049\" data-end=\"1066\">Principales caract\u00e9ristiques:<\/strong><\/p>\n<ul data-start=\"1069\" data-end=\"1513\">\n<li data-start=\"1069\" data-end=\"1136\">\n<p data-start=\"1071\" data-end=\"1136\"><strong data-start=\"1071\" data-end=\"1084\">Mat\u00e9riel:<\/strong> Laiton massif pour la solidit\u00e9 et la r\u00e9sistance \u00e0 la corrosion<\/p>\n<\/li>\n<li data-start=\"1137\" data-end=\"1178\">\n<p data-start=\"1139\" data-end=\"1178\"><strong data-start=\"1139\" data-end=\"1148\">Taille :<\/strong> 100 \u00d7 58mm, \u00e9paisseur 5,3mm<\/p>\n<\/li>\n<li data-start=\"1179\" data-end=\"1247\">\n<p data-start=\"1181\" data-end=\"1247\"><strong data-start=\"1181\" data-end=\"1192\">Conception :<\/strong> Charni\u00e8re verre-verre 180\u00b0 pour portes de douche sans cadre<\/p>\n<\/li>\n<li data-start=\"1248\" data-end=\"1300\">\n<p data-start=\"1250\" data-end=\"1300\"><strong data-start=\"1250\" data-end=\"1274\">Compatibilit\u00e9 du verre\u00a0:<\/strong> Convient au verre de 8 \u00e0 12 mm d'\u00e9paisseur<\/p>\n<\/li>\n<li data-start=\"1301\" data-end=\"1356\">\n<p data-start=\"1303\" data-end=\"1356\"><strong data-start=\"1303\" data-end=\"1320\">Fermeture automatique :<\/strong> Fermeture automatique \u00e0 environ 25\u00b0.<\/p>\n<\/li>\n<li data-start=\"1357\" data-end=\"1422\">\n<p data-start=\"1359\" data-end=\"1422\"><strong data-start=\"1359\" data-end=\"1378\">Options de finition :<\/strong> Chrome, Nickel bross\u00e9, Or, Noir mat<\/p>\n<\/li>\n<li data-start=\"1423\" data-end=\"1513\">\n<p data-start=\"1425\" data-end=\"1513\"><strong data-start=\"1425\" data-end=\"1442\">Applications :<\/strong> Portes de douche en verre sans cadre dans les salles de bains r\u00e9sidentielles et commerciales<\/p>\n<\/li>\n<\/ul>\n<p data-start=\"1515\" data-end=\"1536\"><strong data-start=\"1515\" data-end=\"1534\">Caract\u00e9ristiques:<\/strong><\/p>\n<ul data-start=\"1537\" data-end=\"1877\">\n<li data-start=\"1537\" data-end=\"1559\">\n<p data-start=\"1539\" data-end=\"1559\"><strong data-start=\"1539\" data-end=\"1549\">Mod\u00e8le :<\/strong> TLW-104<\/p>\n<\/li>\n<li data-start=\"1560\" data-end=\"1611\">\n<p data-start=\"1562\" data-end=\"1611\"><strong data-start=\"1562\" data-end=\"1571\">Taper:<\/strong> Charni\u00e8re 180\u00b0 pour porte de douche verre-verre<\/p>\n<\/li>\n<li data-start=\"1612\" data-end=\"1635\">\n<p data-start=\"1614\" data-end=\"1635\"><strong data-start=\"1614\" data-end=\"1627\">Mat\u00e9riel:<\/strong> Laiton<\/p>\n<\/li>\n<li data-start=\"1636\" data-end=\"1660\">\n<p data-start=\"1638\" data-end=\"1660\"><strong data-start=\"1638\" data-end=\"1647\">Taille :<\/strong> 100 \u00d7 58mm<\/p>\n<\/li>\n<li data-start=\"1661\" data-end=\"1685\">\n<p data-start=\"1663\" data-end=\"1685\"><strong data-start=\"1663\" data-end=\"1677\">\u00c9paisseur :<\/strong> 5,3 mm<\/p>\n<\/li>\n<li data-start=\"1686\" data-end=\"1722\">\n<p data-start=\"1688\" data-end=\"1722\"><strong data-start=\"1688\" data-end=\"1713\">S'adapte \u00e0 l'\u00e9paisseur du verre :<\/strong> 8-12mm<\/p>\n<\/li>\n<li data-start=\"1723\" data-end=\"1762\">\n<p data-start=\"1725\" data-end=\"1762\"><strong data-start=\"1725\" data-end=\"1748\">Angle de fermeture automatique :<\/strong> Environ 25\u00b0.<\/p>\n<\/li>\n<li data-start=\"1763\" data-end=\"1822\">\n<p data-start=\"1765\" data-end=\"1822\"><strong data-start=\"1765\" data-end=\"1778\">Finitions :<\/strong> Chrome, Nickel bross\u00e9, Or, Noir mat<\/p>\n<\/li>\n<li data-start=\"1823\" data-end=\"1877\">\n<p data-start=\"1825\" data-end=\"1877\"><strong data-start=\"1825\" data-end=\"1841\">Application:<\/strong> Parois de douche en verre sans cadre<\/p>\n<\/li>\n<\/ul>","protected":false},"excerpt":{"rendered":"<ul>\n<li>Charni\u00e8re de porte de douche en verre \u00e0 180 degr\u00e9s, longueur 100 mm<\/li>\n<li>Mat\u00e9riau : Laiton massif<\/li>\n<li>Taille : 100 *58mm<\/li>\n<li>\u00c9paisseur : 5.3mm<\/li>\n<li>Epaisseur du verre : 8-12mm<\/li>\n<li>Finition : Chrome \/ Nickel bross\u00e9 \/ Or \/ Noir mat<\/li>\n<\/ul>","protected":false},"featured_media":3153,"comment_status":"open","ping_status":"closed","template":"","meta":{"_acf_changed":false},"product_brand":[],"product_cat":[20,22],"product_tag":[171],"class_list":{"0":"post-3152","1":"product","2":"type-product","3":"status-publish","4":"has-post-thumbnail","6":"product_cat-shower-door-hinges","7":"product_cat-glass-to-glass-hinges","8":"product_tag-glass-to-glass-hinges","9":"pa_closing-type-self-closing-at-about-25","10":"pa_finish-brushed-nickel","11":"pa_finish-chrome","12":"pa_finish-gold","13":"pa_finish-black","14":"pa_material-brass","16":"first","17":"instock","18":"product-type-simple"},"acf":[],"_links":{"self":[{"href":"https:\/\/showerglasshardware.com\/fr-fr\/wp-json\/wp\/v2\/product\/3152","targetHints":{"allow":["GET"]}}],"collection":[{"href":"https:\/\/showerglasshardware.com\/fr-fr\/wp-json\/wp\/v2\/product"}],"about":[{"href":"https:\/\/showerglasshardware.com\/fr-fr\/wp-json\/wp\/v2\/types\/product"}],"replies":[{"embeddable":true,"href":"https:\/\/showerglasshardware.com\/fr-fr\/wp-json\/wp\/v2\/comments?post=3152"}],"version-history":[{"count":3,"href":"https:\/\/showerglasshardware.com\/fr-fr\/wp-json\/wp\/v2\/product\/3152\/revisions"}],"predecessor-version":[{"id":4667,"href":"https:\/\/showerglasshardware.com\/fr-fr\/wp-json\/wp\/v2\/product\/3152\/revisions\/4667"}],"wp:featuredmedia":[{"embeddable":true,"href":"https:\/\/showerglasshardware.com\/fr-fr\/wp-json\/wp\/v2\/media\/3153"}],"wp:attachment":[{"href":"https:\/\/showerglasshardware.com\/fr-fr\/wp-json\/wp\/v2\/media?parent=3152"}],"wp:term":[{"taxonomy":"product_brand","embeddable":true,"href":"https:\/\/showerglasshardware.com\/fr-fr\/wp-json\/wp\/v2\/product_brand?post=3152"},{"taxonomy":"product_cat","embeddable":true,"href":"https:\/\/showerglasshardware.com\/fr-fr\/wp-json\/wp\/v2\/product_cat?post=3152"},{"taxonomy":"product_tag","embeddable":true,"href":"https:\/\/showerglasshardware.com\/fr-fr\/wp-json\/wp\/v2\/product_tag?post=3152"}],"curies":[{"name":"wp","href":"https:\/\/api.w.org\/{rel}","templated":true}]}}