{"id":3158,"date":"2024-08-19T07:11:06","date_gmt":"2024-08-19T07:11:06","guid":{"rendered":"https:\/\/showerglasshardware.com\/?post_type=product&#038;p=3158"},"modified":"2025-11-21T08:22:33","modified_gmt":"2025-11-21T08:22:33","slug":"top-or-bottom-mount-shower-pivot-hinge","status":"publish","type":"product","link":"https:\/\/showerglasshardware.com\/fr-fr\/product\/top-or-bottom-mount-shower-pivot-hinge\/","title":{"rendered":"Charni\u00e8re pivotante de douche en verre \u00e0 montage par le haut ou par le bas HY4753"},"content":{"rendered":"<p data-start=\"521\" data-end=\"746\">La charni\u00e8re pivotante pour douche en verre HY4753 \u00e0 montage sup\u00e9rieur ou inf\u00e9rieur est une solution polyvalente et durable pour les portes de douche en verre sans cadre, permettant une installation en haut ou en bas de la porte pour une flexibilit\u00e9 maximale en mati\u00e8re de conception.<\/p>\n<p data-start=\"748\" data-end=\"1068\">Fabriqu\u00e9e en laiton massif pour sa solidit\u00e9 et sa r\u00e9sistance \u00e0 la corrosion, cette charni\u00e8re pivotante garantit une fiabilit\u00e9 \u00e0 long terme, m\u00eame dans les salles de bains \u00e0 forte humidit\u00e9. Elle s'adapte au verre de 8 \u00e0 12 mm et est disponible en deux tailles - 55\u00d790 mm et 80\u00d7120 mm - ce qui lui permet de s'adapter \u00e0 diff\u00e9rentes conceptions de portes de douche et \u00e0 diff\u00e9rentes exigences de charge.<\/p>\n<p data-start=\"1070\" data-end=\"1281\">Qu'il soit utilis\u00e9 pour des cabines de douche r\u00e9sidentielles ou commerciales, le HY4753 offre un pivotement en douceur et une apparence propre et minimaliste. Plusieurs finitions haut de gamme sont disponibles pour s'adapter \u00e0 tous les d\u00e9cors de salle de bains.<\/p>\n<p data-start=\"1283\" data-end=\"1302\"><strong data-start=\"1283\" data-end=\"1300\">Principales caract\u00e9ristiques:<\/strong><\/p>\n<ul data-start=\"1303\" data-end=\"1821\">\n<li data-start=\"1303\" data-end=\"1378\">\n<p data-start=\"1305\" data-end=\"1378\"><strong data-start=\"1305\" data-end=\"1314\">Taper:<\/strong> Charni\u00e8re pivotante pour douche en verre, convenant pour un montage en haut ou en bas<\/p>\n<\/li>\n<li data-start=\"1379\" data-end=\"1457\">\n<p data-start=\"1381\" data-end=\"1457\"><strong data-start=\"1381\" data-end=\"1394\">Mat\u00e9riel:<\/strong> Laiton massif pour une durabilit\u00e9 sup\u00e9rieure et une r\u00e9sistance \u00e0 la corrosion<\/p>\n<\/li>\n<li data-start=\"1458\" data-end=\"1517\">\n<p data-start=\"1460\" data-end=\"1517\"><strong data-start=\"1460\" data-end=\"1480\">Tailles disponibles :<\/strong> 55\u00d790mm (700g) ou 80\u00d7120mm (1320g)<\/p>\n<\/li>\n<li data-start=\"1518\" data-end=\"1570\">\n<p data-start=\"1520\" data-end=\"1570\"><strong data-start=\"1520\" data-end=\"1544\">Compatibilit\u00e9 du verre\u00a0:<\/strong> Convient au verre de 8 \u00e0 12 mm d'\u00e9paisseur<\/p>\n<\/li>\n<li data-start=\"1571\" data-end=\"1647\">\n<p data-start=\"1573\" data-end=\"1647\"><strong data-start=\"1573\" data-end=\"1590\">Installation :<\/strong> Peut \u00eatre mont\u00e9 en haut ou en bas de la porte de douche<\/p>\n<\/li>\n<li data-start=\"1648\" data-end=\"1751\">\n<p data-start=\"1650\" data-end=\"1751\"><strong data-start=\"1650\" data-end=\"1667\">Applications :<\/strong> Id\u00e9al pour les cabines de douche sans cadre dans les maisons, les h\u00f4tels et les locaux commerciaux<\/p>\n<\/li>\n<li data-start=\"1752\" data-end=\"1821\">\n<p data-start=\"1754\" data-end=\"1821\"><strong data-start=\"1754\" data-end=\"1777\">Finitions disponibles :<\/strong> Chrome, Nickel bross\u00e9, Or, Noir mat<\/p>\n<\/li>\n<\/ul>\n<p data-start=\"1823\" data-end=\"1844\"><strong data-start=\"1823\" data-end=\"1842\">Caract\u00e9ristiques:<\/strong><\/p>\n<ul data-start=\"1845\" data-end=\"2080\">\n<li data-start=\"1845\" data-end=\"1866\">\n<p data-start=\"1847\" data-end=\"1866\"><strong data-start=\"1847\" data-end=\"1857\">Mod\u00e8le :<\/strong> HY4753<\/p>\n<\/li>\n<li data-start=\"1867\" data-end=\"1890\">\n<p data-start=\"1869\" data-end=\"1890\"><strong data-start=\"1869\" data-end=\"1882\">Mat\u00e9riel:<\/strong> Laiton<\/p>\n<\/li>\n<li data-start=\"1891\" data-end=\"1932\">\n<p data-start=\"1893\" data-end=\"1932\"><strong data-start=\"1893\" data-end=\"1910\">Options de taille :<\/strong> 55\u00d790mm ou 80\u00d7120mm<\/p>\n<\/li>\n<li data-start=\"1933\" data-end=\"1977\">\n<p data-start=\"1935\" data-end=\"1977\"><strong data-start=\"1935\" data-end=\"1946\">Poids :<\/strong> 700g (petit) \/ 1320g (grand)<\/p>\n<\/li>\n<li data-start=\"1978\" data-end=\"2014\">\n<p data-start=\"1980\" data-end=\"2014\"><strong data-start=\"1980\" data-end=\"2005\">S'adapte \u00e0 l'\u00e9paisseur du verre :<\/strong> 8-12mm<\/p>\n<\/li>\n<li data-start=\"2015\" data-end=\"2080\">\n<p data-start=\"2017\" data-end=\"2080\"><strong data-start=\"2017\" data-end=\"2036\">Options de finition :<\/strong> Chrome, Nickel bross\u00e9, Or, Noir mat<\/p>\n<\/li>\n<\/ul>","protected":false},"excerpt":{"rendered":"<ul>\n<li>Charni\u00e8re \u00e0 montage sup\u00e9rieur ou inf\u00e9rieur HY4753<\/li>\n<li>Mat\u00e9riel: Laiton<\/li>\n<li>Taille : 55 * 90 mm ou 80 * 120 mm<\/li>\n<li>Poids : 700g \/ 1320g<\/li>\n<li>Epaisseur du verre : 8-12mm<\/li>\n<li>Finition : Chrome \/ Nickel bross\u00e9 \/ Or \/ Noir mat<\/li>\n<\/ul>","protected":false},"featured_media":3159,"comment_status":"open","ping_status":"closed","template":"","meta":{"_acf_changed":false},"product_brand":[],"product_cat":[20,169],"product_tag":[],"class_list":{"0":"post-3158","1":"product","2":"type-product","3":"status-publish","4":"has-post-thumbnail","6":"product_cat-shower-door-hinges","7":"product_cat-shower-pivot-hinges","8":"pa_finish-brushed-nickel","9":"pa_finish-chrome","10":"pa_finish-gold","11":"pa_finish-black","12":"pa_material-brass","13":"pa_size-5590mm","14":"pa_size-80120mm","16":"first","17":"instock","18":"taxable","19":"shipping-taxable","20":"product-type-simple"},"acf":[],"_links":{"self":[{"href":"https:\/\/showerglasshardware.com\/fr-fr\/wp-json\/wp\/v2\/product\/3158","targetHints":{"allow":["GET"]}}],"collection":[{"href":"https:\/\/showerglasshardware.com\/fr-fr\/wp-json\/wp\/v2\/product"}],"about":[{"href":"https:\/\/showerglasshardware.com\/fr-fr\/wp-json\/wp\/v2\/types\/product"}],"replies":[{"embeddable":true,"href":"https:\/\/showerglasshardware.com\/fr-fr\/wp-json\/wp\/v2\/comments?post=3158"}],"version-history":[{"count":4,"href":"https:\/\/showerglasshardware.com\/fr-fr\/wp-json\/wp\/v2\/product\/3158\/revisions"}],"predecessor-version":[{"id":4717,"href":"https:\/\/showerglasshardware.com\/fr-fr\/wp-json\/wp\/v2\/product\/3158\/revisions\/4717"}],"wp:featuredmedia":[{"embeddable":true,"href":"https:\/\/showerglasshardware.com\/fr-fr\/wp-json\/wp\/v2\/media\/3159"}],"wp:attachment":[{"href":"https:\/\/showerglasshardware.com\/fr-fr\/wp-json\/wp\/v2\/media?parent=3158"}],"wp:term":[{"taxonomy":"product_brand","embeddable":true,"href":"https:\/\/showerglasshardware.com\/fr-fr\/wp-json\/wp\/v2\/product_brand?post=3158"},{"taxonomy":"product_cat","embeddable":true,"href":"https:\/\/showerglasshardware.com\/fr-fr\/wp-json\/wp\/v2\/product_cat?post=3158"},{"taxonomy":"product_tag","embeddable":true,"href":"https:\/\/showerglasshardware.com\/fr-fr\/wp-json\/wp\/v2\/product_tag?post=3158"}],"curies":[{"name":"wp","href":"https:\/\/api.w.org\/{rel}","templated":true}]}}