{"id":3170,"date":"2024-08-21T01:46:04","date_gmt":"2024-08-21T01:46:04","guid":{"rendered":"https:\/\/showerglasshardware.com\/?post_type=product&#038;p=3170"},"modified":"2025-11-21T08:15:24","modified_gmt":"2025-11-21T08:15:24","slug":"brushed-brass-90-degree-wall-to-glass-shower-door-hinge-pk9050l","status":"publish","type":"product","link":"https:\/\/showerglasshardware.com\/fr-fr\/product\/brushed-brass-90-degree-wall-to-glass-shower-door-hinge-pk9050l\/","title":{"rendered":"Charni\u00e8re de porte de douche 90 degr\u00e9s en laiton bross\u00e9, verre au mur - PK9050L"},"content":{"rendered":"<p>La charni\u00e8re de porte de douche PK9050L Glass to Wall est fabriqu\u00e9e en laiton massif, offrant \u00e0 la fois durabilit\u00e9 et \u00e9l\u00e9gance. Avec une finition \u00e9l\u00e9gante et bross\u00e9e, cette charni\u00e8re permet \u00e0 votre porte de douche de pivoter de 90\u00b0 vers l'ext\u00e9rieur, ce qui la rend parfaite pour les salles de bains modernes.<\/p>\n<p>Principales caract\u00e9ristiques:<\/p>\n<ul>\n<li><strong>Mat\u00e9riel:<\/strong> Fabriqu\u00e9 en laiton massif de haute qualit\u00e9, il garantit une solidit\u00e9 et une r\u00e9sistance \u00e0 la corrosion durables.<\/li>\n<li><strong>Taille :<\/strong> Mesurant 100 x 90 mm, il s'adapte au verre tremp\u00e9 plat de 8 \u00e0 10 mm, assurant une fixation s\u00fbre et stable.<\/li>\n<li><strong>Finitions disponibles :<\/strong> Choisissez parmi une gamme de finitions comprenant le chrome brillant, le dor\u00e9, le laiton poli, le nickel satin\u00e9 et le noir mat pour s'adapter au d\u00e9cor de votre salle de bains.<\/li>\n<li><strong>Assurance qualit\u00e9 :<\/strong> Il est soumis \u00e0 des tests rigoureux, notamment un essai au brouillard salin de 48 heures et plus de 50 000 cycles d'ouverture et de fermeture, afin de garantir des performances sup\u00e9rieures.<\/li>\n<li><strong>Installation facile :<\/strong> Fourni avec des joints en PVC ou en amiante (1mm\/2mm pour 2 ou 4 pi\u00e8ces) et toutes les fixations n\u00e9cessaires, assurant un processus d'installation simple.<\/li>\n<li><strong>Emballage :<\/strong> Le produit est soigneusement emball\u00e9 dans un sac en mousse PE, une bo\u00eete int\u00e9rieure blanche, puis une bo\u00eete en carton pour le prot\u00e9ger pendant le transport.<\/li>\n<li><strong>Personnalisation :<\/strong> Des services OEM et ODM sont disponibles pour r\u00e9pondre aux besoins sp\u00e9cifiques des clients.<\/li>\n<\/ul>\n<p>Am\u00e9liorez votre exp\u00e9rience de la douche avec une charni\u00e8re fiable et de haute qualit\u00e9 qui allie fonctionnalit\u00e9 et esth\u00e9tique.<\/p>\n<p><!-- notionvc: ae8041e5-18d8-45ed-b04f-f5033c46f466 --><\/p>\n<table style=\"width: 100%; border-collapse: collapse; margin: auto; font-family: Arial, sans-serif; color: #333;\">\n<thead>\n<tr style=\"background-color: #f2f2f2;\">\n<th style=\"padding: 10px; border: 1px solid #ddd; text-align: left;\">Sp\u00e9cifications<\/th>\n<th style=\"padding: 10px; border: 1px solid #ddd; text-align: left;\">D\u00e9tails<\/th>\n<\/tr>\n<\/thead>\n<tbody>\n<tr>\n<td style=\"padding: 10px; border: 1px solid #ddd;\">Num\u00e9ro de mod\u00e8le<\/td>\n<td style=\"padding: 10px; border: 1px solid #ddd;\">PK9050L<\/td>\n<\/tr>\n<tr>\n<td style=\"padding: 10px; border: 1px solid #ddd;\">Taper<\/td>\n<td style=\"padding: 10px; border: 1px solid #ddd;\">Charni\u00e8re mur \u00e0 verre<\/td>\n<\/tr>\n<tr>\n<td style=\"padding: 10px; border: 1px solid #ddd;\">Mat\u00e9riel<\/td>\n<td style=\"padding: 10px; border: 1px solid #ddd;\">Laiton massif<\/td>\n<\/tr>\n<tr>\n<td style=\"padding: 10px; border: 1px solid #ddd;\">Taille<\/td>\n<td style=\"padding: 10px; border: 1px solid #ddd;\">3.94\u2033 x 3.54\u2033<\/td>\n<\/tr>\n<tr>\n<td style=\"padding: 10px; border: 1px solid #ddd;\">\u00c9paisseur du verre<\/td>\n<td style=\"padding: 10px; border: 1px solid #ddd;\">Verre tremp\u00e9 plat de 5\/16\u2033 \u00e0 3\/8\u2033.<\/td>\n<\/tr>\n<tr>\n<td style=\"padding: 10px; border: 1px solid #ddd;\">Fonction<\/td>\n<td style=\"padding: 10px; border: 1px solid #ddd;\">La porte pivote \u00e0 90\u00b0 vers l'ext\u00e9rieur<\/td>\n<\/tr>\n<tr>\n<td style=\"padding: 10px; border: 1px solid #ddd;\">Finitions<\/td>\n<td style=\"padding: 10px; border: 1px solid #ddd;\">Chrome brillant\/dor\u00e9\/laiton poli\/nickel satin\u00e9\/noir mat, etc.<\/td>\n<\/tr>\n<tr>\n<td style=\"padding: 10px; border: 1px solid #ddd;\">Emballage<\/td>\n<td style=\"padding: 10px; border: 1px solid #ddd;\">1 sac en mousse PE, bo\u00eete int\u00e9rieure blanche, puis bo\u00eete en carton. Joints et fixations inclus.<\/td>\n<\/tr>\n<tr>\n<td style=\"padding: 10px; border: 1px solid #ddd;\">Joints<\/td>\n<td style=\"padding: 10px; border: 1px solid #ddd;\">PVC\/Non amiante, 1mm\/2mm pour 2 ou 4 pi\u00e8ces<\/td>\n<\/tr>\n<\/tbody>\n<\/table>","protected":false},"excerpt":{"rendered":"<p>Am\u00e9liorez votre espace de douche avec la charni\u00e8re de porte de douche murale en verre \u00e0 90 degr\u00e9s PK9050L en laiton bross\u00e9. Con\u00e7ue pour le verre tremp\u00e9 de 8 \u00e0 10 mm, cette charni\u00e8re en laiton massif assure un fonctionnement fluide et fiable de la porte, ajoutant une touche de beaut\u00e9 classique \u00e0 votre salle de bains.<\/p>","protected":false},"featured_media":3177,"comment_status":"open","ping_status":"closed","template":"","meta":{"_acf_changed":false},"product_brand":[],"product_cat":[21,20],"product_tag":[],"class_list":{"0":"post-3170","1":"product","2":"type-product","3":"status-publish","4":"has-post-thumbnail","6":"product_cat-glass-to-wall-hinges","7":"product_cat-shower-door-hinges","8":"pa_glass-thickness-8-10mm-0-32-0-39","9":"pa_material-brass","11":"first","12":"instock","13":"taxable","14":"shipping-taxable","15":"product-type-simple"},"acf":[],"_links":{"self":[{"href":"https:\/\/showerglasshardware.com\/fr-fr\/wp-json\/wp\/v2\/product\/3170","targetHints":{"allow":["GET"]}}],"collection":[{"href":"https:\/\/showerglasshardware.com\/fr-fr\/wp-json\/wp\/v2\/product"}],"about":[{"href":"https:\/\/showerglasshardware.com\/fr-fr\/wp-json\/wp\/v2\/types\/product"}],"replies":[{"embeddable":true,"href":"https:\/\/showerglasshardware.com\/fr-fr\/wp-json\/wp\/v2\/comments?post=3170"}],"version-history":[{"count":4,"href":"https:\/\/showerglasshardware.com\/fr-fr\/wp-json\/wp\/v2\/product\/3170\/revisions"}],"predecessor-version":[{"id":3650,"href":"https:\/\/showerglasshardware.com\/fr-fr\/wp-json\/wp\/v2\/product\/3170\/revisions\/3650"}],"wp:featuredmedia":[{"embeddable":true,"href":"https:\/\/showerglasshardware.com\/fr-fr\/wp-json\/wp\/v2\/media\/3177"}],"wp:attachment":[{"href":"https:\/\/showerglasshardware.com\/fr-fr\/wp-json\/wp\/v2\/media?parent=3170"}],"wp:term":[{"taxonomy":"product_brand","embeddable":true,"href":"https:\/\/showerglasshardware.com\/fr-fr\/wp-json\/wp\/v2\/product_brand?post=3170"},{"taxonomy":"product_cat","embeddable":true,"href":"https:\/\/showerglasshardware.com\/fr-fr\/wp-json\/wp\/v2\/product_cat?post=3170"},{"taxonomy":"product_tag","embeddable":true,"href":"https:\/\/showerglasshardware.com\/fr-fr\/wp-json\/wp\/v2\/product_tag?post=3170"}],"curies":[{"name":"wp","href":"https:\/\/api.w.org\/{rel}","templated":true}]}}