{"id":3184,"date":"2024-08-21T02:01:09","date_gmt":"2024-08-21T02:01:09","guid":{"rendered":"https:\/\/showerglasshardware.com\/?post_type=product&#038;p=3184"},"modified":"2025-11-21T08:13:29","modified_gmt":"2025-11-21T08:13:29","slug":"brass-90-degree-glass-to-glass-shower-door-hinge-pk9053l","status":"publish","type":"product","link":"https:\/\/showerglasshardware.com\/fr-fr\/product\/brass-90-degree-glass-to-glass-shower-door-hinge-pk9053l\/","title":{"rendered":"Charni\u00e8re de porte de douche en laiton, 90 degr\u00e9s, de verre \u00e0 verre - PK9053L"},"content":{"rendered":"<p>Le PK9053L <a href=\"https:\/\/showerglasshardware.com\/fr-fr\/shower-door-hinges\/glass-to-glass-hinges\/\">verre \u00e0 verre<\/a> est un choix de premier ordre pour les salles de bains modernes. Fabriqu\u00e9e en laiton massif, elle offre une durabilit\u00e9 exceptionnelle et une esth\u00e9tique intemporelle. Cette charni\u00e8re permet \u00e0 votre porte de douche de pivoter \u00e0 90\u00b0 vers l'ext\u00e9rieur, ce qui la rend id\u00e9ale pour les douches en verre sans cadre.<\/p>\n<p>Principales caract\u00e9ristiques:<\/p>\n<ul>\n<li><strong>Mat\u00e9riel:<\/strong> Fabriqu\u00e9e en laiton massif, cette charni\u00e8re offre un support robuste et une r\u00e9sistance durable \u00e0 la corrosion.<\/li>\n<li><strong>Taille :<\/strong> Avec des dimensions de 100x90mm, il convient parfaitement au verre tremp\u00e9 plat de 8mm \u00e0 10mm, garantissant une installation stable.<\/li>\n<li><strong>Finitions disponibles :<\/strong> Disponible dans diff\u00e9rentes finitions telles que chrome brillant, dor\u00e9, laiton poli, nickel satin\u00e9 et noir mat pour compl\u00e9ter parfaitement le d\u00e9cor de votre salle de bains.<\/li>\n<li><strong>Qualit\u00e9 sup\u00e9rieure :<\/strong> Cette charni\u00e8re fait l'objet d'un contr\u00f4le de qualit\u00e9 approfondi, comprenant un test au brouillard salin de 48 heures et plus de 50 000 cycles d'ouverture et de fermeture, ce qui d\u00e9passe largement les normes de l'industrie.<\/li>\n<li><strong>Installation facile :<\/strong> Livr\u00e9 avec des joints en PVC ou en amiante (1mm\/2mm pour 2 ou 4 pi\u00e8ces) et toutes les fixations n\u00e9cessaires, garantissant un processus d'installation sans probl\u00e8me.<\/li>\n<li><strong>Emballage :<\/strong> Soigneusement emball\u00e9 dans un sac en mousse PE, une bo\u00eete int\u00e9rieure blanche et un carton solide pour garantir que le produit arrive en parfait \u00e9tat.<\/li>\n<li><strong>Personnalisation :<\/strong> Des options OEM et ODM sont disponibles pour r\u00e9pondre aux pr\u00e9f\u00e9rences sp\u00e9cifiques des clients.<\/li>\n<\/ul>\n<p>Am\u00e9liorez votre porte de douche avec la charni\u00e8re PK9053L, un m\u00e9lange d'\u00e9l\u00e9gance classique et de fonctionnalit\u00e9 de pointe, con\u00e7ue pour durer et fonctionner au-del\u00e0 des attentes.<\/p>\n<p><!-- notionvc: b81fc996-dd76-40ba-a838-4730c66bf493 --><\/p>","protected":false},"excerpt":{"rendered":"<ul>\n<li>Type de charni\u00e8re : Charni\u00e8res verre \u00e0 verre<\/li>\n<li>Mat\u00e9riau : Laiton massif<\/li>\n<li>Taille : 100*90mm<\/li>\n<li>Epaisseur du verre : 8mm \u00e0 10mm verre tremp\u00e9 plat<\/li>\n<li>Fonction : La porte pivote de 90\u00b0 vers l'ext\u00e9rieur<\/li>\n<li>Finitions : Chrom\u00e9 brillant\/dor\u00e9\/laiton poli\/nickel satin\u00e9\/noir mat, etc.<\/li>\n<\/ul>","protected":false},"featured_media":4718,"comment_status":"open","ping_status":"closed","template":"","meta":{"_acf_changed":false},"product_brand":[],"product_cat":[20,22],"product_tag":[171],"class_list":{"0":"post-3184","1":"product","2":"type-product","3":"status-publish","4":"has-post-thumbnail","6":"product_cat-shower-door-hinges","7":"product_cat-glass-to-glass-hinges","8":"product_tag-glass-to-glass-hinges","9":"pa_finish-brushed-nickel","10":"pa_finish-chrome","11":"pa_finish-gold","12":"pa_finish-gun-metal","13":"pa_finish-black","14":"pa_glass-thickness-8-10mm-0-32-0-39","15":"pa_material-brass","17":"first","18":"instock","19":"product-type-simple"},"acf":[],"_links":{"self":[{"href":"https:\/\/showerglasshardware.com\/fr-fr\/wp-json\/wp\/v2\/product\/3184","targetHints":{"allow":["GET"]}}],"collection":[{"href":"https:\/\/showerglasshardware.com\/fr-fr\/wp-json\/wp\/v2\/product"}],"about":[{"href":"https:\/\/showerglasshardware.com\/fr-fr\/wp-json\/wp\/v2\/types\/product"}],"replies":[{"embeddable":true,"href":"https:\/\/showerglasshardware.com\/fr-fr\/wp-json\/wp\/v2\/comments?post=3184"}],"version-history":[{"count":3,"href":"https:\/\/showerglasshardware.com\/fr-fr\/wp-json\/wp\/v2\/product\/3184\/revisions"}],"predecessor-version":[{"id":3646,"href":"https:\/\/showerglasshardware.com\/fr-fr\/wp-json\/wp\/v2\/product\/3184\/revisions\/3646"}],"wp:featuredmedia":[{"embeddable":true,"href":"https:\/\/showerglasshardware.com\/fr-fr\/wp-json\/wp\/v2\/media\/4718"}],"wp:attachment":[{"href":"https:\/\/showerglasshardware.com\/fr-fr\/wp-json\/wp\/v2\/media?parent=3184"}],"wp:term":[{"taxonomy":"product_brand","embeddable":true,"href":"https:\/\/showerglasshardware.com\/fr-fr\/wp-json\/wp\/v2\/product_brand?post=3184"},{"taxonomy":"product_cat","embeddable":true,"href":"https:\/\/showerglasshardware.com\/fr-fr\/wp-json\/wp\/v2\/product_cat?post=3184"},{"taxonomy":"product_tag","embeddable":true,"href":"https:\/\/showerglasshardware.com\/fr-fr\/wp-json\/wp\/v2\/product_tag?post=3184"}],"curies":[{"name":"wp","href":"https:\/\/api.w.org\/{rel}","templated":true}]}}