{"id":3193,"date":"2024-08-21T02:14:58","date_gmt":"2024-08-21T02:14:58","guid":{"rendered":"https:\/\/showerglasshardware.com\/?post_type=product&#038;p=3193"},"modified":"2025-11-21T08:06:36","modified_gmt":"2025-11-21T08:06:36","slug":"heavy-duty-brass-arched-glass-to-glass-shower-door-hinge-p402a","status":"publish","type":"product","link":"https:\/\/showerglasshardware.com\/fr-fr\/product\/heavy-duty-brass-arched-glass-to-glass-shower-door-hinge-p402a\/","title":{"rendered":"Charni\u00e8res de douche arqu\u00e9es en laiton tr\u00e8s r\u00e9sistantes, verre \u00e0 verre - P402A"},"content":{"rendered":"<p>Les charni\u00e8res de douche P402A <a href=\"https:\/\/showerglasshardware.com\/fr-fr\/shower-door-hinges\/glass-to-glass-hinges\/\">De verre \u00e0 verre<\/a> est m\u00e9ticuleusement fabriqu\u00e9e pour offrir une r\u00e9sistance et une \u00e9l\u00e9gance sup\u00e9rieures \u00e0 vos portes de douche. Gr\u00e2ce \u00e0 sa construction en laiton massif, cette charni\u00e8re est con\u00e7ue pour supporter des portes en verre d'une \u00e9paisseur comprise entre 8 et 12 mm, ce qui permet des mouvements d'entr\u00e9e et de sortie de 90\u00b0 en douceur. Le design joliment arqu\u00e9 ajoute une touche de sophistication \u00e0 toute salle de bains.<\/p>\n<p>Principales caract\u00e9ristiques:<\/p>\n<ul>\n<li><strong>Mat\u00e9riel:<\/strong> Fabriqu\u00e9 en laiton massif pour une durabilit\u00e9 in\u00e9gal\u00e9e, une r\u00e9sistance \u00e0 la corrosion et une beaut\u00e9 durable.<\/li>\n<li><strong>Taille :<\/strong> La charni\u00e8re mesure 104 x 70 mm et s'adapte au verre tremp\u00e9 plat de 8 mm (5\/16\u2033) \u00e0 12 mm (1\/2\u2033) pour des options d'installation polyvalentes.<\/li>\n<li><strong>Capacit\u00e9 de poids\u00a0:<\/strong> Con\u00e7ue pour supporter jusqu'\u00e0 40 kg avec seulement deux charni\u00e8res, elle offre une r\u00e9sistance fiable pour les portes en verre les plus lourdes.<\/li>\n<li><strong>Finitions disponibles :<\/strong> Disponible en plusieurs finitions, notamment en chrome brillant, dor\u00e9, laiton poli, nickel satin\u00e9 et noir mat, pour s'int\u00e9grer parfaitement au d\u00e9cor de votre salle de bains.<\/li>\n<li><strong>Assurance qualit\u00e9 :<\/strong> Il est soumis \u00e0 des tests rigoureux, notamment un test de 48 heures au brouillard salin et plus de 50 000 cycles d'ouverture et de fermeture, afin de garantir des performances et une long\u00e9vit\u00e9 de premier ordre.<\/li>\n<li><strong>Installation facile :<\/strong> Livr\u00e9 avec des joints en PVC ou en amiante (1mm\/2mm pour 4 ou 6 pi\u00e8ces) et toutes les fixations n\u00e9cessaires, ce qui rend l'installation simple et sans probl\u00e8me.<\/li>\n<li><strong>Emballage :<\/strong> Emballage s\u00e9curis\u00e9 dans un sac en mousse PE, une bo\u00eete int\u00e9rieure blanche et un carton de protection pour garantir une livraison en toute s\u00e9curit\u00e9.<\/li>\n<li><strong>Personnalisation :<\/strong> Des services OEM et ODM sont disponibles pour adapter la charni\u00e8re aux besoins et pr\u00e9f\u00e9rences sp\u00e9cifiques du client.<\/li>\n<\/ul>\n<p>\u00c9levez votre salle de bain avec la charni\u00e8re arqu\u00e9e en laiton P402A, con\u00e7ue pour offrir \u00e0 la fois un attrait esth\u00e9tique et des performances fiables pour vos portes de douche en verre.<\/p>\n<p><!-- notionvc: 3c544fa0-5063-4a7c-8fc1-49bf23ee86be --><\/p>\n<p><!-- notionvc: 547ba3ce-2d6e-42fb-a776-a983528e5523 --><\/p>","protected":false},"excerpt":{"rendered":"<ul>\n<li>Type de charni\u00e8re : Charni\u00e8re verre \u00e0 verre<\/li>\n<li>Mat\u00e9riau : Laiton massif<\/li>\n<li>Taille : 104*70mm<\/li>\n<li>\u00c9paisseur du verre : 8 mm (5\/16\u2033) \u00e0 12 mm (1\/2\u2033) de verre tremp\u00e9 plat<\/li>\n<li>Fonction : La porte pivote de 90\u00b0 vers l'int\u00e9rieur ou l'ext\u00e9rieur<\/li>\n<li>Finitions : Chrom\u00e9 brillant\/dor\u00e9\/laiton poli\/nickel satin\u00e9\/noir mat, etc.<\/li>\n<\/ul>","protected":false},"featured_media":3194,"comment_status":"open","ping_status":"closed","template":"","meta":{"_acf_changed":false},"product_brand":[],"product_cat":[20,22],"product_tag":[171],"class_list":{"0":"post-3193","1":"product","2":"type-product","3":"status-publish","4":"has-post-thumbnail","6":"product_cat-shower-door-hinges","7":"product_cat-glass-to-glass-hinges","8":"product_tag-glass-to-glass-hinges","9":"pa_finish-brushed-nickel","10":"pa_finish-chrome","11":"pa_finish-gold","12":"pa_finish-gun-metal","13":"pa_finish-black","14":"pa_glass-thickness-8-12mm","15":"pa_load-bearing-2-hinges-maximum-loading-40kgs","16":"pa_material-brass","18":"first","19":"instock","20":"taxable","21":"shipping-taxable","22":"product-type-simple"},"acf":[],"_links":{"self":[{"href":"https:\/\/showerglasshardware.com\/fr-fr\/wp-json\/wp\/v2\/product\/3193","targetHints":{"allow":["GET"]}}],"collection":[{"href":"https:\/\/showerglasshardware.com\/fr-fr\/wp-json\/wp\/v2\/product"}],"about":[{"href":"https:\/\/showerglasshardware.com\/fr-fr\/wp-json\/wp\/v2\/types\/product"}],"replies":[{"embeddable":true,"href":"https:\/\/showerglasshardware.com\/fr-fr\/wp-json\/wp\/v2\/comments?post=3193"}],"version-history":[{"count":5,"href":"https:\/\/showerglasshardware.com\/fr-fr\/wp-json\/wp\/v2\/product\/3193\/revisions"}],"predecessor-version":[{"id":3643,"href":"https:\/\/showerglasshardware.com\/fr-fr\/wp-json\/wp\/v2\/product\/3193\/revisions\/3643"}],"wp:featuredmedia":[{"embeddable":true,"href":"https:\/\/showerglasshardware.com\/fr-fr\/wp-json\/wp\/v2\/media\/3194"}],"wp:attachment":[{"href":"https:\/\/showerglasshardware.com\/fr-fr\/wp-json\/wp\/v2\/media?parent=3193"}],"wp:term":[{"taxonomy":"product_brand","embeddable":true,"href":"https:\/\/showerglasshardware.com\/fr-fr\/wp-json\/wp\/v2\/product_brand?post=3193"},{"taxonomy":"product_cat","embeddable":true,"href":"https:\/\/showerglasshardware.com\/fr-fr\/wp-json\/wp\/v2\/product_cat?post=3193"},{"taxonomy":"product_tag","embeddable":true,"href":"https:\/\/showerglasshardware.com\/fr-fr\/wp-json\/wp\/v2\/product_tag?post=3193"}],"curies":[{"name":"wp","href":"https:\/\/api.w.org\/{rel}","templated":true}]}}