{"id":3201,"date":"2024-08-21T02:25:30","date_gmt":"2024-08-21T02:25:30","guid":{"rendered":"https:\/\/showerglasshardware.com\/?post_type=product&#038;p=3201"},"modified":"2025-11-21T08:04:21","modified_gmt":"2025-11-21T08:04:21","slug":"heavy-duty-180-degree-flat-brass-glass-to-glass-pivot-hinge-p603h","status":"publish","type":"product","link":"https:\/\/showerglasshardware.com\/fr-fr\/product\/heavy-duty-180-degree-flat-brass-glass-to-glass-pivot-hinge-p603h\/","title":{"rendered":"Charni\u00e8re pivotante \u00e0 180 degr\u00e9s en laiton plat entre deux vitres - P603H"},"content":{"rendered":"<p>La charni\u00e8re pivotante plate 180 degr\u00e9s verre-verre P603H est fabriqu\u00e9e de mani\u00e8re experte en laiton massif, ce qui garantit la durabilit\u00e9 et l'\u00e9l\u00e9gance de vos portes de salle de douche. Cette charni\u00e8re permet un pivotement souple de 90\u00b0 vers l'ext\u00e9rieur et est con\u00e7ue pour supporter des portes pesant jusqu'\u00e0 40 kg, ce qui en fait un choix fiable pour les cabines de douche sans cadre.<\/p>\n<p>Principales caract\u00e9ristiques:<\/p>\n<ul>\n<li><strong>Mat\u00e9riel:<\/strong> Fabriqu\u00e9 en laiton massif pour une solidit\u00e9, une long\u00e9vit\u00e9 et une r\u00e9sistance \u00e0 la corrosion sup\u00e9rieures, il garantit une finition de haute qualit\u00e9 qui dure.<\/li>\n<li><strong>Taille :<\/strong> Mesurant 134 x 36 mm, il convient \u00e0 des \u00e9paisseurs de verre allant de 8 mm (5\/16\u2033) \u00e0 12 mm (1\/2\u2033) de verre tremp\u00e9 plat, offrant ainsi une grande souplesse d'installation.<\/li>\n<li><strong>Capacit\u00e9 de poids\u00a0:<\/strong> Capable de supporter des portes en verre jusqu'\u00e0 40 kg avec seulement deux charni\u00e8res, ce qui permet un fonctionnement stable et s\u00fbr de la porte.<\/li>\n<li><strong>Finitions disponibles :<\/strong> Disponible dans une vari\u00e9t\u00e9 de finitions, dont le chrome brillant, le dor\u00e9, le laiton poli, le nickel satin\u00e9 et le noir mat, ce qui permet une int\u00e9gration parfaite dans le design de votre salle de bains.<\/li>\n<li><strong>Qualit\u00e9 sup\u00e9rieure :<\/strong> Il subit un test rigoureux de 48 heures au brouillard salin et plus de 50 000 cycles d'ouverture et de fermeture, surpassant ainsi les normes industrielles en mati\u00e8re de durabilit\u00e9.<\/li>\n<li><strong>Installation facile :<\/strong> Livr\u00e9 avec des joints en PVC ou en amiante (1mm\/2mm pour 4 ou 6 pi\u00e8ces) et toutes les fixations n\u00e9cessaires, ce qui rend le processus d'installation simple et ais\u00e9.<\/li>\n<li><strong>Emballage :<\/strong> Soigneusement emball\u00e9s dans un sac en mousse PE, une bo\u00eete int\u00e9rieure blanche et un carton de protection pour garantir une livraison en toute s\u00e9curit\u00e9.<\/li>\n<li><strong>Personnalisation :<\/strong> Des options OEM et ODM sont disponibles pour r\u00e9pondre aux besoins et pr\u00e9f\u00e9rences sp\u00e9cifiques des clients.<\/li>\n<\/ul>\n<p>Am\u00e9liorez votre salle de douche avec la charni\u00e8re pivotante en laiton plat P603H, qui allie une fonctionnalit\u00e9 robuste \u00e0 une \u00e9l\u00e9gance intemporelle pour une exp\u00e9rience de salle de bain sans faille.<\/p>","protected":false},"excerpt":{"rendered":"<ul>\n<li>Type de charni\u00e8re : Charni\u00e8res verre \u00e0 verre<\/li>\n<li>Mat\u00e9riau : Laiton massif<\/li>\n<li>Taille : 134*36mm<\/li>\n<li>\u00c9paisseur du verre : 8 mm (5\/16\u2033) \u00e0 12 mm (1\/2\u2033) de verre tremp\u00e9 plat<\/li>\n<li>Fonction : La porte pivote de 90\u00b0.<\/li>\n<li>Finitions : Chrom\u00e9 brillant\/dor\u00e9\/laiton poli\/nickel satin\u00e9\/noir mat, etc.<\/li>\n<\/ul>","protected":false},"featured_media":3202,"comment_status":"open","ping_status":"closed","template":"","meta":{"_acf_changed":false},"product_brand":[],"product_cat":[20,22],"product_tag":[171],"class_list":{"0":"post-3201","1":"product","2":"type-product","3":"status-publish","4":"has-post-thumbnail","6":"product_cat-shower-door-hinges","7":"product_cat-glass-to-glass-hinges","8":"product_tag-glass-to-glass-hinges","9":"pa_finish-brushed-nickel","10":"pa_finish-chrome","11":"pa_finish-gold","12":"pa_finish-gun-metal","13":"pa_finish-black","14":"pa_glass-thickness-8-12mm","15":"pa_load-bearing-2-hinges-maximum-loading-40kgs","16":"pa_material-brass","18":"first","19":"instock","20":"taxable","21":"shipping-taxable","22":"product-type-simple"},"acf":[],"_links":{"self":[{"href":"https:\/\/showerglasshardware.com\/fr-fr\/wp-json\/wp\/v2\/product\/3201","targetHints":{"allow":["GET"]}}],"collection":[{"href":"https:\/\/showerglasshardware.com\/fr-fr\/wp-json\/wp\/v2\/product"}],"about":[{"href":"https:\/\/showerglasshardware.com\/fr-fr\/wp-json\/wp\/v2\/types\/product"}],"replies":[{"embeddable":true,"href":"https:\/\/showerglasshardware.com\/fr-fr\/wp-json\/wp\/v2\/comments?post=3201"}],"version-history":[{"count":2,"href":"https:\/\/showerglasshardware.com\/fr-fr\/wp-json\/wp\/v2\/product\/3201\/revisions"}],"predecessor-version":[{"id":3642,"href":"https:\/\/showerglasshardware.com\/fr-fr\/wp-json\/wp\/v2\/product\/3201\/revisions\/3642"}],"wp:featuredmedia":[{"embeddable":true,"href":"https:\/\/showerglasshardware.com\/fr-fr\/wp-json\/wp\/v2\/media\/3202"}],"wp:attachment":[{"href":"https:\/\/showerglasshardware.com\/fr-fr\/wp-json\/wp\/v2\/media?parent=3201"}],"wp:term":[{"taxonomy":"product_brand","embeddable":true,"href":"https:\/\/showerglasshardware.com\/fr-fr\/wp-json\/wp\/v2\/product_brand?post=3201"},{"taxonomy":"product_cat","embeddable":true,"href":"https:\/\/showerglasshardware.com\/fr-fr\/wp-json\/wp\/v2\/product_cat?post=3201"},{"taxonomy":"product_tag","embeddable":true,"href":"https:\/\/showerglasshardware.com\/fr-fr\/wp-json\/wp\/v2\/product_tag?post=3201"}],"curies":[{"name":"wp","href":"https:\/\/api.w.org\/{rel}","templated":true}]}}