{"id":3209,"date":"2024-08-21T03:09:08","date_gmt":"2024-08-21T03:09:08","guid":{"rendered":"https:\/\/showerglasshardware.com\/?post_type=product&#038;p=3209"},"modified":"2025-11-21T08:02:21","modified_gmt":"2025-11-21T08:02:21","slug":"brass-circular-lift-hinge-for-shower-glass-door-rd203l","status":"publish","type":"product","link":"https:\/\/showerglasshardware.com\/fr-fr\/product\/brass-circular-lift-hinge-for-shower-glass-door-rd203l\/","title":{"rendered":"Charni\u00e8re circulaire en laiton pour porte de douche en verre - RD203L"},"content":{"rendered":"<p>\u00c9levez le design de votre douche avec la charni\u00e8re circulaire RD203L en laiton pour porte de douche en verre, m\u00e9ticuleusement con\u00e7ue pour les installations verre \u00e0 verre. Cette charni\u00e8re est con\u00e7ue pour assurer un pivotement fluide de la porte \u00e0 180\u00b0, ce qui la rend id\u00e9ale pour les portes en verre tremp\u00e9 plat d'une \u00e9paisseur de 8 mm (5\/16\u2033) \u00e0 12 mm (1\/2\u2033).<\/p>\n<p>Principales caract\u00e9ristiques:<\/p>\n<ul>\n<li><strong>Mat\u00e9riel:<\/strong> Fabriqu\u00e9e en laiton massif de haute qualit\u00e9, cette charni\u00e8re circulaire \u00e0 relevage offre une durabilit\u00e9 et une solidit\u00e9 in\u00e9gal\u00e9es, ainsi qu'une finition \u00e9l\u00e9gante, parfaite pour les salles de bains modernes et classiques.<\/li>\n<li><strong>Taille :<\/strong> La charni\u00e8re mesure 80x80mm, ce qui en fait une solution compacte mais efficace pour les installations de portes de douche verre-verre.<\/li>\n<li><strong>Compatibilit\u00e9 du verre\u00a0:<\/strong> Con\u00e7u pour \u00eatre utilis\u00e9 avec du verre tremp\u00e9 plat d'une \u00e9paisseur comprise entre 8 mm et 12 mm, il offre une grande souplesse d'utilisation pour diverses configurations de douche.<\/li>\n<li><strong>Fonction :<\/strong> Permet \u00e0 la porte de pivoter sur 180\u00b0, ce qui facilite l'acc\u00e8s et garantit une exp\u00e9rience de douche sans faille.<\/li>\n<li><strong>Capacit\u00e9 de poids\u00a0:<\/strong> Supporte un poids de porte maximal de 35 kg lorsque deux charni\u00e8res sont utilis\u00e9es, ce qui garantit une installation s\u00fbre et stable.<\/li>\n<li><strong>Finitions disponibles :<\/strong> Choisissez parmi une gamme de finitions comprenant le chrome brillant, le dor\u00e9, le laiton poli, le nickel satin\u00e9 et le noir mat pour s'adapter au d\u00e9cor de votre salle de bains.<\/li>\n<li><strong>Assurance qualit\u00e9 :<\/strong> Chaque charni\u00e8re est soumise \u00e0 des tests rigoureux, notamment 48 heures de r\u00e9sistance au brouillard salin et plus de 50 000 cycles d'ouverture et de fermeture, ce qui garantit des performances et une fiabilit\u00e9 durables.<\/li>\n<li><strong>Installation facile :<\/strong> Comprend tous les joints et fixations n\u00e9cessaires, emball\u00e9 dans un sac de protection en mousse PE, une bo\u00eete int\u00e9rieure blanche et un carton ext\u00e9rieur, pour une installation sans probl\u00e8me.<\/li>\n<\/ul>\n<p>Am\u00e9liorez la fonctionnalit\u00e9 et l'esth\u00e9tique de votre douche avec la charni\u00e8re circulaire RD203L en laiton, qui constitue une solution \u00e9l\u00e9gante et durable pour vos besoins en mati\u00e8re de portes de douche verre-verre.<\/p>","protected":false},"excerpt":{"rendered":"<ul>\n<li>Type de charni\u00e8re : Charni\u00e8res verre \u00e0 verre<\/li>\n<li>Mat\u00e9riau : Laiton massif<\/li>\n<li>Taille : 80*80mm<\/li>\n<li>\u00c9paisseur du verre : 8 mm (5\/16\u2033) \u00e0 12 mm (1\/2\u2033) de verre tremp\u00e9 plat<\/li>\n<li>Fonction : La porte pivote de 180\u00b0.<\/li>\n<li>Finitions : Chrom\u00e9 brillant\/dor\u00e9\/laiton poli\/nickel satin\u00e9\/noir mat, etc.<\/li>\n<\/ul>","protected":false},"featured_media":3212,"comment_status":"open","ping_status":"closed","template":"","meta":{"_acf_changed":false},"product_brand":[],"product_cat":[20,22],"product_tag":[171],"class_list":{"0":"post-3209","1":"product","2":"type-product","3":"status-publish","4":"has-post-thumbnail","6":"product_cat-shower-door-hinges","7":"product_cat-glass-to-glass-hinges","8":"product_tag-glass-to-glass-hinges","9":"pa_finish-brushed-nickel","10":"pa_finish-chrome","11":"pa_finish-gold","12":"pa_finish-gun-metal","13":"pa_finish-black","14":"pa_glass-thickness-8-12mm","15":"pa_load-bearing-35kg-2pcs","16":"pa_material-brass","18":"first","19":"instock","20":"taxable","21":"shipping-taxable","22":"product-type-simple"},"acf":[],"_links":{"self":[{"href":"https:\/\/showerglasshardware.com\/fr-fr\/wp-json\/wp\/v2\/product\/3209","targetHints":{"allow":["GET"]}}],"collection":[{"href":"https:\/\/showerglasshardware.com\/fr-fr\/wp-json\/wp\/v2\/product"}],"about":[{"href":"https:\/\/showerglasshardware.com\/fr-fr\/wp-json\/wp\/v2\/types\/product"}],"replies":[{"embeddable":true,"href":"https:\/\/showerglasshardware.com\/fr-fr\/wp-json\/wp\/v2\/comments?post=3209"}],"version-history":[{"count":3,"href":"https:\/\/showerglasshardware.com\/fr-fr\/wp-json\/wp\/v2\/product\/3209\/revisions"}],"predecessor-version":[{"id":3640,"href":"https:\/\/showerglasshardware.com\/fr-fr\/wp-json\/wp\/v2\/product\/3209\/revisions\/3640"}],"wp:featuredmedia":[{"embeddable":true,"href":"https:\/\/showerglasshardware.com\/fr-fr\/wp-json\/wp\/v2\/media\/3212"}],"wp:attachment":[{"href":"https:\/\/showerglasshardware.com\/fr-fr\/wp-json\/wp\/v2\/media?parent=3209"}],"wp:term":[{"taxonomy":"product_brand","embeddable":true,"href":"https:\/\/showerglasshardware.com\/fr-fr\/wp-json\/wp\/v2\/product_brand?post=3209"},{"taxonomy":"product_cat","embeddable":true,"href":"https:\/\/showerglasshardware.com\/fr-fr\/wp-json\/wp\/v2\/product_cat?post=3209"},{"taxonomy":"product_tag","embeddable":true,"href":"https:\/\/showerglasshardware.com\/fr-fr\/wp-json\/wp\/v2\/product_tag?post=3209"}],"curies":[{"name":"wp","href":"https:\/\/api.w.org\/{rel}","templated":true}]}}