{"id":3418,"date":"2024-09-26T03:28:06","date_gmt":"2024-09-26T03:28:06","guid":{"rendered":"https:\/\/showerglasshardware.com\/?post_type=product&#038;p=3418"},"modified":"2025-12-01T09:11:19","modified_gmt":"2025-12-01T09:11:19","slug":"frameless-shower-door-hardware-kit","status":"publish","type":"product","link":"https:\/\/showerglasshardware.com\/fr-fr\/product\/frameless-shower-door-hardware-kit\/","title":{"rendered":"Kit de quincaillerie pour porte de douche sans cadre"},"content":{"rendered":"<p>Transformez votre salle de bain avec notre kit de quincaillerie pour porte de douche sans cadre, con\u00e7u pour la solidit\u00e9 et le style. Ce kit tout-en-un comprend des composants en laiton de haute qualit\u00e9, garantissant une durabilit\u00e9 \u00e0 long terme et une r\u00e9sistance \u00e0 la corrosion.<\/p>\n<p><strong>Ce qui est inclus :<\/strong><\/p>\n<ul>\n<li><strong>3 pinces en verre :<\/strong> Les pinces carr\u00e9es de 2 pouces maintiennent vos panneaux en verre en place de mani\u00e8re s\u00e9curis\u00e9e.<\/li>\n<li><strong>2 charni\u00e8res silencieuses \u00e0 90 degr\u00e9s :<\/strong> Con\u00e7u pour un fonctionnement fluide avec un m\u00e9canisme de fermeture automatique, permettant une ouverture et une fermeture silencieuses et efficaces dans un angle de +25 \u00e0 -25 degr\u00e9s.<\/li>\n<li><strong>1 poign\u00e9e de porte de douche dos \u00e0 dos :<\/strong> Apporte une touche \u00e9l\u00e9gante et moderne \u00e0 votre porte de douche.<\/li>\n<\/ul>\n<p><em>Si vous avez besoin d'autres kits combin\u00e9s, vous pouvez <a href=\"https:\/\/showerglasshardware.com\/fr-fr\/contact\/\"><strong>Contactez-nous<\/strong><\/a><\/em><\/p>\n<p><strong>Principales caract\u00e9ristiques:<\/strong><\/p>\n<ul>\n<li><strong>Support en verre \u00e9pais :<\/strong> Capable de supporter jusqu'\u00e0 200 lbs, ce kit est parfait pour du verre de 5\/16\u2033 \u00e0 3\/8\u2033 d'\u00e9paisseur, ce qui le rend id\u00e9al pour des portes de douche plus grandes et personnalis\u00e9es.<\/li>\n<li><strong>Kit complet :<\/strong> Fournit tous les composants n\u00e9cessaires \u00e0 l'installation d'une porte de douche \u00e0 charni\u00e8re sans cadre.<\/li>\n<li><strong>Installation facile :<\/strong> Le design approuv\u00e9 par les constructeurs garantit une installation simple, maintenant votre porte de douche sur mesure stable et s\u00e9curis\u00e9e.<\/li>\n<\/ul>\n<figure id=\"attachment_3425\" aria-describedby=\"caption-attachment-3425\" style=\"width: 214px\" class=\"wp-caption alignnone\"><a href=\"https:\/\/showerglasshardware.com\/wp-content\/uploads\/2024\/09\/Frameless-Shower-Door-Hardware-Kit-Install.jpg\"><img fetchpriority=\"high\" decoding=\"async\" class=\"wp-image-3425 size-medium\" src=\"https:\/\/showerglasshardware.com\/wp-content\/uploads\/2024\/09\/Frameless-Shower-Door-Hardware-Kit-Install-214x300.jpg\" alt=\"\" width=\"214\" height=\"300\" title=\"\" srcset=\"https:\/\/showerglasshardware.com\/wp-content\/uploads\/2024\/09\/Frameless-Shower-Door-Hardware-Kit-Install-214x300.jpg 214w, https:\/\/showerglasshardware.com\/wp-content\/uploads\/2024\/09\/Frameless-Shower-Door-Hardware-Kit-Install-9x12.jpg 9w, https:\/\/showerglasshardware.com\/wp-content\/uploads\/2024\/09\/Frameless-Shower-Door-Hardware-Kit-Install.jpg 277w\" sizes=\"(max-width: 214px) 100vw, 214px\" \/><\/a><figcaption id=\"caption-attachment-3425\" class=\"wp-caption-text\">Utilis\u00e9 couramment dans les cabines de douche en ligne<\/figcaption><\/figure>\n<p>&nbsp;<\/p>\n<p>\u00c9levez votre salle de bain avec ce kit de quincaillerie pour porte de douche sans cadre, polyvalent et \u00e9l\u00e9gant, offrant la combinaison parfaite de fonctionnalit\u00e9 et d'attrait esth\u00e9tique.<\/p>","protected":false},"excerpt":{"rendered":"<p>Ce kit complet de quincaillerie pour porte de douche sans cadre comprend 3 pinces en verre, 2 charni\u00e8res silencieuses \u00e0 90 degr\u00e9s et une poign\u00e9e dos \u00e0 dos, con\u00e7u pour la durabilit\u00e9 et une installation facile.<\/p>","protected":false},"featured_media":3426,"comment_status":"open","ping_status":"closed","template":"","meta":{"_acf_changed":false},"product_brand":[],"product_cat":[20],"product_tag":[],"class_list":{"0":"post-3418","1":"product","2":"type-product","3":"status-publish","4":"has-post-thumbnail","6":"product_cat-shower-door-hinges","7":"pa_finish-brushed-nickel","8":"pa_finish-chrome","9":"pa_finish-gold","10":"pa_finish-gun-metal","11":"pa_finish-black","12":"pa_glass-thickness-8-10mm-0-32-0-39","13":"pa_material-304-stainless-steel","14":"pa_material-brass","16":"first","17":"instock","18":"product-type-variable"},"acf":[],"_links":{"self":[{"href":"https:\/\/showerglasshardware.com\/fr-fr\/wp-json\/wp\/v2\/product\/3418","targetHints":{"allow":["GET"]}}],"collection":[{"href":"https:\/\/showerglasshardware.com\/fr-fr\/wp-json\/wp\/v2\/product"}],"about":[{"href":"https:\/\/showerglasshardware.com\/fr-fr\/wp-json\/wp\/v2\/types\/product"}],"replies":[{"embeddable":true,"href":"https:\/\/showerglasshardware.com\/fr-fr\/wp-json\/wp\/v2\/comments?post=3418"}],"version-history":[{"count":3,"href":"https:\/\/showerglasshardware.com\/fr-fr\/wp-json\/wp\/v2\/product\/3418\/revisions"}],"predecessor-version":[{"id":3432,"href":"https:\/\/showerglasshardware.com\/fr-fr\/wp-json\/wp\/v2\/product\/3418\/revisions\/3432"}],"wp:featuredmedia":[{"embeddable":true,"href":"https:\/\/showerglasshardware.com\/fr-fr\/wp-json\/wp\/v2\/media\/3426"}],"wp:attachment":[{"href":"https:\/\/showerglasshardware.com\/fr-fr\/wp-json\/wp\/v2\/media?parent=3418"}],"wp:term":[{"taxonomy":"product_brand","embeddable":true,"href":"https:\/\/showerglasshardware.com\/fr-fr\/wp-json\/wp\/v2\/product_brand?post=3418"},{"taxonomy":"product_cat","embeddable":true,"href":"https:\/\/showerglasshardware.com\/fr-fr\/wp-json\/wp\/v2\/product_cat?post=3418"},{"taxonomy":"product_tag","embeddable":true,"href":"https:\/\/showerglasshardware.com\/fr-fr\/wp-json\/wp\/v2\/product_tag?post=3418"}],"curies":[{"name":"wp","href":"https:\/\/api.w.org\/{rel}","templated":true}]}}