{"id":3720,"date":"2024-11-05T03:30:29","date_gmt":"2024-11-05T03:30:29","guid":{"rendered":"https:\/\/showerglasshardware.com\/?post_type=product&#038;p=3720"},"modified":"2025-08-11T05:41:31","modified_gmt":"2025-08-11T05:41:31","slug":"shower-door-bottom-seal-1-4-inch-glass","status":"publish","type":"product","link":"https:\/\/showerglasshardware.com\/fr-fr\/product\/shower-door-bottom-seal-1-4-inch-glass\/","title":{"rendered":"Joint inf\u00e9rieur pour porte de douche en verre de 1\/4 pouce"},"content":{"rendered":"<p data-start=\"430\" data-end=\"683\">Le joint de bas de porte de douche 1\/4 pouce de verre est con\u00e7u pour fournir une barri\u00e8re d'eau s\u00fbre et efficace pour les portes de douche en verre sans cadre. Il s'adapte aux verres 1\/4\u2033 (6mm), 3\/8\u2033 (8mm) et 1\/2\u2033 (12mm), ce qui en fait un choix polyvalent pour diverses conceptions de cabines de douche.<\/p>\n<p data-start=\"685\" data-end=\"955\">Fabriqu\u00e9 en PVC ou en vinyle de haute qualit\u00e9, ce joint de fond aide \u00e0 pr\u00e9venir les fuites et les \u00e9claboussures, en renvoyant l'eau dans la zone de la douche. Il est id\u00e9al pour remplacer les joints us\u00e9s ou endommag\u00e9s et s'installe facilement sans adh\u00e9sif : il suffit de le faire glisser ou de le clipser sur la vitre.<\/p>\n<p data-start=\"957\" data-end=\"976\"><strong data-start=\"957\" data-end=\"974\">Principales caract\u00e9ristiques:<\/strong><\/p>\n<ul data-start=\"977\" data-end=\"1292\">\n<li data-start=\"977\" data-end=\"1033\">\n<p data-start=\"979\" data-end=\"1033\"><strong data-start=\"979\" data-end=\"992\">Mat\u00e9riel:<\/strong> PVC\/vinyle durable pour une utilisation de longue dur\u00e9e<\/p>\n<\/li>\n<li data-start=\"1034\" data-end=\"1085\">\n<p data-start=\"1036\" data-end=\"1085\"><strong data-start=\"1036\" data-end=\"1049\">Fonction :<\/strong> Emp\u00eache les fuites et les \u00e9claboussures d'eau<\/p>\n<\/li>\n<li data-start=\"1086\" data-end=\"1144\">\n<p data-start=\"1088\" data-end=\"1144\"><strong data-start=\"1088\" data-end=\"1112\">Compatibilit\u00e9 du verre\u00a0:<\/strong> Convient aux verres de 6 mm, 8 mm et 12 mm<\/p>\n<\/li>\n<li data-start=\"1145\" data-end=\"1204\">\n<p data-start=\"1147\" data-end=\"1204\"><strong data-start=\"1147\" data-end=\"1169\">Installation facile :<\/strong> S'embo\u00eete ou s'enclenche sans colle<\/p>\n<\/li>\n<li data-start=\"1205\" data-end=\"1292\">\n<p data-start=\"1207\" data-end=\"1292\"><strong data-start=\"1207\" data-end=\"1224\">Applications :<\/strong> Portes de douche en verre sans cadre dans les espaces r\u00e9sidentiels et commerciaux<\/p>\n<\/li>\n<\/ul>\n<p data-start=\"1294\" data-end=\"1315\"><strong data-start=\"1294\" data-end=\"1313\">Caract\u00e9ristiques:<\/strong><\/p>\n<ul data-start=\"1316\" data-end=\"1533\">\n<li data-start=\"1316\" data-end=\"1353\">\n<p data-start=\"1318\" data-end=\"1353\"><strong data-start=\"1318\" data-end=\"1327\">Taper:<\/strong> Joint de bas de porte de douche<\/p>\n<\/li>\n<li data-start=\"1354\" data-end=\"1381\">\n<p data-start=\"1356\" data-end=\"1381\"><strong data-start=\"1356\" data-end=\"1369\">Mat\u00e9riel:<\/strong> PVC\/vinyle<\/p>\n<\/li>\n<li data-start=\"1382\" data-end=\"1447\">\n<p data-start=\"1384\" data-end=\"1447\"><strong data-start=\"1384\" data-end=\"1409\">S'adapte \u00e0 l'\u00e9paisseur du verre :<\/strong> 1\/4\u2033 (6mm), 3\/8\u2033 (8mm), 1\/2\u2033 (12mm)<\/p>\n<\/li>\n<li data-start=\"1448\" data-end=\"1490\">\n<p data-start=\"1450\" data-end=\"1490\"><strong data-start=\"1450\" data-end=\"1463\">Fonction :<\/strong> Pr\u00e9vention des fuites d'eau<\/p>\n<\/li>\n<li data-start=\"1491\" data-end=\"1533\">\n<p data-start=\"1493\" data-end=\"1533\"><strong data-start=\"1493\" data-end=\"1510\">Installation :<\/strong> Pas d'adh\u00e9sif n\u00e9cessaire<\/p>\n<\/li>\n<\/ul>","protected":false},"excerpt":{"rendered":"<ul>\n<li>Joint inf\u00e9rieur pour porte de douche en verre de 1\/4 pouce<\/li>\n<li>Pour le joint inf\u00e9rieur de la porte de douche en verre ;<\/li>\n<li>Verre applicable 1\/4, 3\/8, 1\/2 ou (6mm, 8mm, 10mm, 12mm) ;<\/li>\n<\/ul>","protected":false},"featured_media":3721,"comment_status":"open","ping_status":"closed","template":"","meta":{"_acf_changed":false},"product_brand":[],"product_cat":[152,114],"product_tag":[],"class_list":{"0":"post-3720","1":"product","2":"type-product","3":"status-publish","4":"has-post-thumbnail","6":"product_cat-drip-rail-seal","7":"product_cat-shower-door-seals","8":"pa_glass-thickness-6-12mm","9":"pa_material-vinyl","11":"first","12":"instock","13":"taxable","14":"shipping-taxable","15":"product-type-simple"},"acf":[],"_links":{"self":[{"href":"https:\/\/showerglasshardware.com\/fr-fr\/wp-json\/wp\/v2\/product\/3720","targetHints":{"allow":["GET"]}}],"collection":[{"href":"https:\/\/showerglasshardware.com\/fr-fr\/wp-json\/wp\/v2\/product"}],"about":[{"href":"https:\/\/showerglasshardware.com\/fr-fr\/wp-json\/wp\/v2\/types\/product"}],"replies":[{"embeddable":true,"href":"https:\/\/showerglasshardware.com\/fr-fr\/wp-json\/wp\/v2\/comments?post=3720"}],"version-history":[{"count":3,"href":"https:\/\/showerglasshardware.com\/fr-fr\/wp-json\/wp\/v2\/product\/3720\/revisions"}],"predecessor-version":[{"id":4583,"href":"https:\/\/showerglasshardware.com\/fr-fr\/wp-json\/wp\/v2\/product\/3720\/revisions\/4583"}],"wp:featuredmedia":[{"embeddable":true,"href":"https:\/\/showerglasshardware.com\/fr-fr\/wp-json\/wp\/v2\/media\/3721"}],"wp:attachment":[{"href":"https:\/\/showerglasshardware.com\/fr-fr\/wp-json\/wp\/v2\/media?parent=3720"}],"wp:term":[{"taxonomy":"product_brand","embeddable":true,"href":"https:\/\/showerglasshardware.com\/fr-fr\/wp-json\/wp\/v2\/product_brand?post=3720"},{"taxonomy":"product_cat","embeddable":true,"href":"https:\/\/showerglasshardware.com\/fr-fr\/wp-json\/wp\/v2\/product_cat?post=3720"},{"taxonomy":"product_tag","embeddable":true,"href":"https:\/\/showerglasshardware.com\/fr-fr\/wp-json\/wp\/v2\/product_tag?post=3720"}],"curies":[{"name":"wp","href":"https:\/\/api.w.org\/{rel}","templated":true}]}}