{"id":3723,"date":"2024-11-05T07:31:39","date_gmt":"2024-11-05T07:31:39","guid":{"rendered":"https:\/\/showerglasshardware.com\/?post_type=product&#038;p=3723"},"modified":"2025-08-11T05:23:38","modified_gmt":"2025-08-11T05:23:38","slug":"frameless-shower-door-bottom-seal-with-drip-rail-for-1-2-1-4-or-3-8-glass","status":"publish","type":"product","link":"https:\/\/showerglasshardware.com\/fr-fr\/product\/frameless-shower-door-bottom-seal-with-drip-rail-for-1-2-1-4-or-3-8-glass\/","title":{"rendered":"Joint inf\u00e9rieur pour porte de douche sans cadre avec rail d'\u00e9gouttement pour verre de 1\/2\u2033, 1\/4\u2033 ou 3\/8\u2033"},"content":{"rendered":"<p data-start=\"519\" data-end=\"796\">Le joint de bas de porte de douche sans cadre avec rail d'\u00e9gouttement est l'une de nos solutions les plus populaires pour garder le sol de votre salle de bain au sec. Con\u00e7u pour s'adapter aux verres de 1\/4\u2033 (6mm), 3\/8\u2033 (10mm) et 1\/2\u2033 (12mm) d'\u00e9paisseur, ce joint de haute qualit\u00e9 est id\u00e9al pour les cabines de douche en verre sans cadre.<\/p>\n<p data-start=\"798\" data-end=\"1054\">La barre d'\u00e9gouttement int\u00e9gr\u00e9e redirige efficacement l'eau vers la zone de douche, minimisant ainsi les fuites et les \u00e9claboussures. La conception de la patte souple \u00e0 double durom\u00e8tre assure une \u00e9tanch\u00e9it\u00e9 s\u00fbre mais souple le long du bas de la porte, ce qui am\u00e9liore la durabilit\u00e9 et la r\u00e9sistance \u00e0 l'eau.<\/p>\n<p data-start=\"1056\" data-end=\"1208\">Facile \u00e0 installer sans adh\u00e9sif, il suffit de l'encliqueter ou de le glisser sur le bord du verre, ce qui le rend adapt\u00e9 aux applications r\u00e9sidentielles et commerciales.<\/p>\n<p data-start=\"1210\" data-end=\"1229\"><strong data-start=\"1210\" data-end=\"1227\">Principales caract\u00e9ristiques:<\/strong><\/p>\n<ul data-start=\"1230\" data-end=\"1715\">\n<li data-start=\"1230\" data-end=\"1301\">\n<p data-start=\"1232\" data-end=\"1301\"><strong data-start=\"1232\" data-end=\"1254\">Mod\u00e8le le plus vendu :<\/strong> Performances prouv\u00e9es et satisfaction des clients<\/p>\n<\/li>\n<li data-start=\"1302\" data-end=\"1372\">\n<p data-start=\"1304\" data-end=\"1372\"><strong data-start=\"1304\" data-end=\"1329\">S'adapte \u00e0 l'\u00e9paisseur du verre :<\/strong> 1\/4\u2033 (6mm), 3\/8\u2033 (10mm), et 1\/2\u2033 (12mm)<\/p>\n<\/li>\n<li data-start=\"1373\" data-end=\"1437\">\n<p data-start=\"1375\" data-end=\"1437\"><strong data-start=\"1375\" data-end=\"1398\">Barre d'\u00e9gouttage Fonction :<\/strong> Redirection de l'eau dans la douche<\/p>\n<\/li>\n<li data-start=\"1438\" data-end=\"1542\">\n<p data-start=\"1440\" data-end=\"1542\"><strong data-start=\"1440\" data-end=\"1466\">Conception \u00e0 double durom\u00e8tre :<\/strong> Combinaison d'une base rigide et de pieds \u00e0 joints souples pour une durabilit\u00e9 et une flexibilit\u00e9 accrues<\/p>\n<\/li>\n<li data-start=\"1543\" data-end=\"1624\">\n<p data-start=\"1545\" data-end=\"1624\"><strong data-start=\"1545\" data-end=\"1567\">Installation facile :<\/strong> Pas d'adh\u00e9sif n\u00e9cessaire - se glisse ou s'enclenche sur le verre<\/p>\n<\/li>\n<li data-start=\"1625\" data-end=\"1715\">\n<p data-start=\"1627\" data-end=\"1715\"><strong data-start=\"1627\" data-end=\"1644\">Applications :<\/strong> Portes de douche en verre sans cadre dans les maisons, les h\u00f4tels et les espaces commerciaux<\/p>\n<\/li>\n<\/ul>\n<p data-start=\"1717\" data-end=\"1738\"><strong data-start=\"1717\" data-end=\"1736\">Caract\u00e9ristiques:<\/strong><\/p>\n<ul data-start=\"1739\" data-end=\"2011\">\n<li data-start=\"1739\" data-end=\"1779\">\n<p data-start=\"1741\" data-end=\"1779\"><strong data-start=\"1741\" data-end=\"1750\">Taper:<\/strong> Joint inf\u00e9rieur avec larmier<\/p>\n<\/li>\n<li data-start=\"1780\" data-end=\"1824\">\n<p data-start=\"1782\" data-end=\"1824\"><strong data-start=\"1782\" data-end=\"1806\">Compatibilit\u00e9 du verre\u00a0:<\/strong> 6mm, 10mm, 12mm<\/p>\n<\/li>\n<li data-start=\"1825\" data-end=\"1893\">\n<p data-start=\"1827\" data-end=\"1893\"><strong data-start=\"1827\" data-end=\"1840\">Mat\u00e9riel:<\/strong> PVC\/vinyle durable avec construction duale<\/p>\n<\/li>\n<li data-start=\"1894\" data-end=\"1949\">\n<p data-start=\"1896\" data-end=\"1949\"><strong data-start=\"1896\" data-end=\"1909\">Fonction :<\/strong> R\u00e9orientation de l'eau et pr\u00e9vention des fuites<\/p>\n<\/li>\n<li data-start=\"1950\" data-end=\"2011\">\n<p data-start=\"1952\" data-end=\"2011\"><strong data-start=\"1952\" data-end=\"1969\">Installation :<\/strong> Glisser ou encliqueter, pas besoin d'adh\u00e9sif<\/p>\n<\/li>\n<\/ul>","protected":false},"excerpt":{"rendered":"<ul>\n<li>Joint inf\u00e9rieur pour porte de douche sans cadre avec rail d'\u00e9gouttement pour verre de 1\/4\u2033, 3\/8\u2033 et 1\/2\u2033<\/li>\n<li>Notre joint inf\u00e9rieur avec rail d'\u00e9gouttement le plus vendu<\/li>\n<li>Redistribue l'eau dans la douche<\/li>\n<li>Conception \u00e0 jambes souples \u00e0 double duret\u00e9<\/li>\n<\/ul>","protected":false},"featured_media":3724,"comment_status":"open","ping_status":"closed","template":"","meta":{"_acf_changed":false},"product_brand":[],"product_cat":[114,152],"product_tag":[],"class_list":{"0":"post-3723","1":"product","2":"type-product","3":"status-publish","4":"has-post-thumbnail","6":"product_cat-shower-door-seals","7":"product_cat-drip-rail-seal","8":"pa_finish-black-2","9":"pa_finish-clear","10":"pa_finish-customized-colors","11":"pa_glass-thickness-1-2-inch-12mm","12":"pa_glass-thickness-1-4-inch-6mm","13":"pa_glass-thickness-3-8-inch-10mm","14":"pa_glass-thickness-5-16-inch-8mm","15":"pa_material-vinyl","17":"first","18":"instock","19":"taxable","20":"shipping-taxable","21":"product-type-simple"},"acf":[],"_links":{"self":[{"href":"https:\/\/showerglasshardware.com\/fr-fr\/wp-json\/wp\/v2\/product\/3723","targetHints":{"allow":["GET"]}}],"collection":[{"href":"https:\/\/showerglasshardware.com\/fr-fr\/wp-json\/wp\/v2\/product"}],"about":[{"href":"https:\/\/showerglasshardware.com\/fr-fr\/wp-json\/wp\/v2\/types\/product"}],"replies":[{"embeddable":true,"href":"https:\/\/showerglasshardware.com\/fr-fr\/wp-json\/wp\/v2\/comments?post=3723"}],"version-history":[{"count":4,"href":"https:\/\/showerglasshardware.com\/fr-fr\/wp-json\/wp\/v2\/product\/3723\/revisions"}],"predecessor-version":[{"id":4577,"href":"https:\/\/showerglasshardware.com\/fr-fr\/wp-json\/wp\/v2\/product\/3723\/revisions\/4577"}],"wp:featuredmedia":[{"embeddable":true,"href":"https:\/\/showerglasshardware.com\/fr-fr\/wp-json\/wp\/v2\/media\/3724"}],"wp:attachment":[{"href":"https:\/\/showerglasshardware.com\/fr-fr\/wp-json\/wp\/v2\/media?parent=3723"}],"wp:term":[{"taxonomy":"product_brand","embeddable":true,"href":"https:\/\/showerglasshardware.com\/fr-fr\/wp-json\/wp\/v2\/product_brand?post=3723"},{"taxonomy":"product_cat","embeddable":true,"href":"https:\/\/showerglasshardware.com\/fr-fr\/wp-json\/wp\/v2\/product_cat?post=3723"},{"taxonomy":"product_tag","embeddable":true,"href":"https:\/\/showerglasshardware.com\/fr-fr\/wp-json\/wp\/v2\/product_tag?post=3723"}],"curies":[{"name":"wp","href":"https:\/\/api.w.org\/{rel}","templated":true}]}}