{"id":3812,"date":"2024-11-20T08:15:31","date_gmt":"2024-11-20T08:15:31","guid":{"rendered":"https:\/\/showerglasshardware.com\/?post_type=product&#038;p=3812"},"modified":"2025-08-11T05:26:46","modified_gmt":"2025-08-11T05:26:46","slug":"bathroom-shower-door-bottom-seal-flexible-pvc","status":"publish","type":"product","link":"https:\/\/showerglasshardware.com\/fr-fr\/product\/bathroom-shower-door-bottom-seal-flexible-pvc\/","title":{"rendered":"Joint de bas de porte de douche - PVC flexible"},"content":{"rendered":"<p data-start=\"442\" data-end=\"596\">Le joint de bas de porte de douche - PVC flexible est une solution simple mais tr\u00e8s efficace pour emp\u00eacher les fuites d'eau de votre cabine de douche.<\/p>\n<p data-start=\"598\" data-end=\"832\">Fabriqu\u00e9 en PVC flexible de haute qualit\u00e9, ce joint inf\u00e9rieur est con\u00e7u pour s'adapter aux portes en verre de 6 mm, 8 mm, 10 mm et 12 mm. Sa construction flexible garantit un ajustement parfait et une barri\u00e8re d'eau fiable tout en conservant un aspect discret et propre.<\/p>\n<p data-start=\"834\" data-end=\"1003\">Ce joint est id\u00e9al pour remplacer les joints inf\u00e9rieurs us\u00e9s ou endommag\u00e9s et est compatible avec les portes de douche avec ou sans cadre dans les salles de bains r\u00e9sidentielles ou commerciales.<\/p>\n<p data-start=\"1005\" data-end=\"1024\"><strong data-start=\"1005\" data-end=\"1022\">Principales caract\u00e9ristiques:<\/strong><\/p>\n<ul data-start=\"1025\" data-end=\"1356\">\n<li data-start=\"1025\" data-end=\"1083\">\n<p data-start=\"1027\" data-end=\"1083\"><strong data-start=\"1027\" data-end=\"1040\">Mat\u00e9riel:<\/strong> PVC flexible pour une durabilit\u00e9 \u00e0 long terme<\/p>\n<\/li>\n<li data-start=\"1084\" data-end=\"1137\">\n<p data-start=\"1086\" data-end=\"1137\"><strong data-start=\"1086\" data-end=\"1099\">Fonction :<\/strong> Emp\u00eache les fuites et les \u00e9claboussures d'eau<\/p>\n<\/li>\n<li data-start=\"1138\" data-end=\"1208\">\n<p data-start=\"1140\" data-end=\"1208\"><strong data-start=\"1140\" data-end=\"1164\">Compatibilit\u00e9 du verre\u00a0:<\/strong> Convient au verre de 6 mm, 8 mm, 10 mm et 12 mm d'\u00e9paisseur<\/p>\n<\/li>\n<li data-start=\"1209\" data-end=\"1272\">\n<p data-start=\"1211\" data-end=\"1272\"><strong data-start=\"1211\" data-end=\"1233\">Installation facile :<\/strong> Glisser ou encliqueter sans adh\u00e9sif<\/p>\n<\/li>\n<li data-start=\"1273\" data-end=\"1356\">\n<p data-start=\"1275\" data-end=\"1356\"><strong data-start=\"1275\" data-end=\"1292\">Applications :<\/strong> Portes de douche dans les maisons, les h\u00f4tels et les espaces commerciaux<\/p>\n<\/li>\n<\/ul>\n<p data-start=\"1358\" data-end=\"1379\"><strong data-start=\"1358\" data-end=\"1377\">Caract\u00e9ristiques:<\/strong><\/p>\n<ul data-start=\"1380\" data-end=\"1591\">\n<li data-start=\"1380\" data-end=\"1417\">\n<p data-start=\"1382\" data-end=\"1417\"><strong data-start=\"1382\" data-end=\"1391\">Taper:<\/strong> Joint de bas de porte de douche<\/p>\n<\/li>\n<li data-start=\"1418\" data-end=\"1448\">\n<p data-start=\"1420\" data-end=\"1448\"><strong data-start=\"1420\" data-end=\"1433\">Mat\u00e9riel:<\/strong> PVC flexible<\/p>\n<\/li>\n<li data-start=\"1449\" data-end=\"1499\">\n<p data-start=\"1451\" data-end=\"1499\"><strong data-start=\"1451\" data-end=\"1476\">S'adapte \u00e0 l'\u00e9paisseur du verre :<\/strong> 6mm, 8mm, 10mm, 12mm<\/p>\n<\/li>\n<li data-start=\"1500\" data-end=\"1542\">\n<p data-start=\"1502\" data-end=\"1542\"><strong data-start=\"1502\" data-end=\"1515\">Fonction :<\/strong> Pr\u00e9vention des fuites d'eau<\/p>\n<\/li>\n<li data-start=\"1543\" data-end=\"1591\">\n<p data-start=\"1545\" data-end=\"1591\"><strong data-start=\"1545\" data-end=\"1562\">Installation :<\/strong> Conception coulissante ou encliquetable<\/p>\n<\/li>\n<\/ul>","protected":false},"excerpt":{"rendered":"<ul>\n<li>Joint inf\u00e9rieur pour porte de douche de salle de bain ;<\/li>\n<li>PVC flexible<\/li>\n<li>Joint inf\u00e9rieur pour verre de 6, 8, 10, 12 mm<\/li>\n<\/ul>","protected":false},"featured_media":3816,"comment_status":"open","ping_status":"closed","template":"","meta":{"_acf_changed":false},"product_brand":[],"product_cat":[114,155],"product_tag":[],"class_list":{"0":"post-3812","1":"product","2":"type-product","3":"status-publish","4":"has-post-thumbnail","6":"product_cat-shower-door-seals","7":"product_cat-one-piece-bottom-rail-seal","8":"pa_finish-black-2","9":"pa_finish-clear","10":"pa_finish-customized-colors","11":"pa_glass-thickness-1-2-inch-12mm","12":"pa_glass-thickness-1-4-inch-6mm","13":"pa_glass-thickness-3-8-inch-10mm","14":"pa_glass-thickness-5-16-inch-8mm","15":"pa_material-vinyl","17":"first","18":"instock","19":"taxable","20":"shipping-taxable","21":"product-type-simple"},"acf":[],"_links":{"self":[{"href":"https:\/\/showerglasshardware.com\/fr-fr\/wp-json\/wp\/v2\/product\/3812","targetHints":{"allow":["GET"]}}],"collection":[{"href":"https:\/\/showerglasshardware.com\/fr-fr\/wp-json\/wp\/v2\/product"}],"about":[{"href":"https:\/\/showerglasshardware.com\/fr-fr\/wp-json\/wp\/v2\/types\/product"}],"replies":[{"embeddable":true,"href":"https:\/\/showerglasshardware.com\/fr-fr\/wp-json\/wp\/v2\/comments?post=3812"}],"version-history":[{"count":4,"href":"https:\/\/showerglasshardware.com\/fr-fr\/wp-json\/wp\/v2\/product\/3812\/revisions"}],"predecessor-version":[{"id":4578,"href":"https:\/\/showerglasshardware.com\/fr-fr\/wp-json\/wp\/v2\/product\/3812\/revisions\/4578"}],"wp:featuredmedia":[{"embeddable":true,"href":"https:\/\/showerglasshardware.com\/fr-fr\/wp-json\/wp\/v2\/media\/3816"}],"wp:attachment":[{"href":"https:\/\/showerglasshardware.com\/fr-fr\/wp-json\/wp\/v2\/media?parent=3812"}],"wp:term":[{"taxonomy":"product_brand","embeddable":true,"href":"https:\/\/showerglasshardware.com\/fr-fr\/wp-json\/wp\/v2\/product_brand?post=3812"},{"taxonomy":"product_cat","embeddable":true,"href":"https:\/\/showerglasshardware.com\/fr-fr\/wp-json\/wp\/v2\/product_cat?post=3812"},{"taxonomy":"product_tag","embeddable":true,"href":"https:\/\/showerglasshardware.com\/fr-fr\/wp-json\/wp\/v2\/product_tag?post=3812"}],"curies":[{"name":"wp","href":"https:\/\/api.w.org\/{rel}","templated":true}]}}