{"id":3818,"date":"2024-11-20T08:40:20","date_gmt":"2024-11-20T08:40:20","guid":{"rendered":"https:\/\/showerglasshardware.com\/?post_type=product&#038;p=3818"},"modified":"2025-08-11T05:45:59","modified_gmt":"2025-08-11T05:45:59","slug":"shower-door-bottom-seal-black-short-clip","status":"publish","type":"product","link":"https:\/\/showerglasshardware.com\/fr-fr\/product\/shower-door-bottom-seal-black-short-clip\/","title":{"rendered":"Joint inf\u00e9rieur noir pour porte de douche - Court clip"},"content":{"rendered":"<p data-start=\"441\" data-end=\"678\">Le joint de bas de porte de douche - clip court noir est con\u00e7u pour fournir une barri\u00e8re d'eau \u00e9l\u00e9gante et efficace pour les portes de douche en verre sans cadre. Fabriqu\u00e9 en PVC durable dans une finition noire moderne, il offre \u00e0 la fois style et fonctionnalit\u00e9.<\/p>\n<p data-start=\"680\" data-end=\"944\">Sa conception \u00e0 clip court permet un ajustement s\u00fbr sur le bord du verre sans adh\u00e9sif, ce qui rend l'installation rapide et facile. Ce joint est compatible avec les vitres de 8 mm (5\/16\u2033) et 10 mm (3\/8\u2033) d'\u00e9paisseur, ce qui permet de minimiser les fuites et de garder le sol de la salle de bains au sec.<\/p>\n<p data-start=\"946\" data-end=\"1058\">Parfaite pour les salles de bains contemporaines, la finition noire s'harmonise parfaitement avec la quincaillerie et la robinetterie fonc\u00e9es.<\/p>\n<p data-start=\"1060\" data-end=\"1079\"><strong data-start=\"1060\" data-end=\"1077\">Principales caract\u00e9ristiques:<\/strong><\/p>\n<ul data-start=\"1080\" data-end=\"1508\">\n<li data-start=\"1080\" data-end=\"1129\">\n<p data-start=\"1082\" data-end=\"1129\"><strong data-start=\"1082\" data-end=\"1095\">Mat\u00e9riel:<\/strong> PVC de haute qualit\u00e9 pour la durabilit\u00e9<\/p>\n<\/li>\n<li data-start=\"1130\" data-end=\"1183\">\n<p data-start=\"1132\" data-end=\"1183\"><strong data-start=\"1132\" data-end=\"1142\">Couleur :<\/strong> Noir pour une apparence moderne et \u00e9l\u00e9gante<\/p>\n<\/li>\n<li data-start=\"1184\" data-end=\"1238\">\n<p data-start=\"1186\" data-end=\"1238\"><strong data-start=\"1186\" data-end=\"1197\">Conception :<\/strong> Clip court pour une fixation s\u00fbre du verre<\/p>\n<\/li>\n<li data-start=\"1239\" data-end=\"1306\">\n<p data-start=\"1241\" data-end=\"1306\"><strong data-start=\"1241\" data-end=\"1265\">Compatibilit\u00e9 du verre\u00a0:<\/strong> Convient aux verres de 8 mm (5\/16\u2033) et 10 mm (3\/8\u2033)<\/p>\n<\/li>\n<li data-start=\"1307\" data-end=\"1358\">\n<p data-start=\"1309\" data-end=\"1358\"><strong data-start=\"1309\" data-end=\"1322\">Fonction :<\/strong> Emp\u00eache les fuites et les \u00e9claboussures d'eau<\/p>\n<\/li>\n<li data-start=\"1359\" data-end=\"1417\">\n<p data-start=\"1361\" data-end=\"1417\"><strong data-start=\"1361\" data-end=\"1378\">Installation :<\/strong> Glisser ou encliqueter sans adh\u00e9sif<\/p>\n<\/li>\n<li data-start=\"1418\" data-end=\"1508\">\n<p data-start=\"1420\" data-end=\"1508\"><strong data-start=\"1420\" data-end=\"1437\">Applications :<\/strong> Portes de douche en verre sans cadre dans les maisons, les h\u00f4tels et les espaces commerciaux<\/p>\n<\/li>\n<\/ul>\n<p data-start=\"1510\" data-end=\"1531\"><strong data-start=\"1510\" data-end=\"1529\">Caract\u00e9ristiques:<\/strong><\/p>\n<ul data-start=\"1532\" data-end=\"1769\">\n<li data-start=\"1532\" data-end=\"1582\">\n<p data-start=\"1534\" data-end=\"1582\"><strong data-start=\"1534\" data-end=\"1543\">Taper:<\/strong> Joint de bas de porte de douche - clip court<\/p>\n<\/li>\n<li data-start=\"1583\" data-end=\"1604\">\n<p data-start=\"1585\" data-end=\"1604\"><strong data-start=\"1585\" data-end=\"1598\">Mat\u00e9riel:<\/strong> PVC<\/p>\n<\/li>\n<li data-start=\"1605\" data-end=\"1625\">\n<p data-start=\"1607\" data-end=\"1625\"><strong data-start=\"1607\" data-end=\"1617\">Couleur :<\/strong> Noir<\/p>\n<\/li>\n<li data-start=\"1626\" data-end=\"1683\">\n<p data-start=\"1628\" data-end=\"1683\"><strong data-start=\"1628\" data-end=\"1653\">S'adapte \u00e0 l'\u00e9paisseur du verre :<\/strong> 8mm (5\/16\u2033) et 10mm (3\/8\u2033)<\/p>\n<\/li>\n<li data-start=\"1684\" data-end=\"1726\">\n<p data-start=\"1686\" data-end=\"1726\"><strong data-start=\"1686\" data-end=\"1699\">Fonction :<\/strong> Pr\u00e9vention des fuites d'eau<\/p>\n<\/li>\n<li data-start=\"1727\" data-end=\"1769\">\n<p data-start=\"1729\" data-end=\"1769\"><strong data-start=\"1729\" data-end=\"1746\">Installation :<\/strong> Pas d'adh\u00e9sif n\u00e9cessaire<\/p>\n<\/li>\n<\/ul>","protected":false},"excerpt":{"rendered":"<ul>\n<li>Joint inf\u00e9rieur noir pour porte de douche - Court clip<\/li>\n<li>PVC<\/li>\n<li>Pour verre de 8 mm (5\/16), 10 mm (3\/8) ;<\/li>\n<\/ul>","protected":false},"featured_media":3819,"comment_status":"open","ping_status":"closed","template":"","meta":{"_acf_changed":false},"product_brand":[],"product_cat":[114,155,156],"product_tag":[],"class_list":{"0":"post-3818","1":"product","2":"type-product","3":"status-publish","4":"has-post-thumbnail","6":"product_cat-shower-door-seals","7":"product_cat-one-piece-bottom-rail-seal","8":"product_cat-black-shower-door-seal","9":"pa_finish-black-2","10":"pa_finish-clear","11":"pa_finish-customized-colors","12":"pa_glass-thickness-10mm-or-0-39","13":"pa_glass-thickness-8mm-or-0-32","14":"pa_material-vinyl","16":"first","17":"instock","18":"taxable","19":"shipping-taxable","20":"product-type-simple"},"acf":[],"_links":{"self":[{"href":"https:\/\/showerglasshardware.com\/fr-fr\/wp-json\/wp\/v2\/product\/3818","targetHints":{"allow":["GET"]}}],"collection":[{"href":"https:\/\/showerglasshardware.com\/fr-fr\/wp-json\/wp\/v2\/product"}],"about":[{"href":"https:\/\/showerglasshardware.com\/fr-fr\/wp-json\/wp\/v2\/types\/product"}],"replies":[{"embeddable":true,"href":"https:\/\/showerglasshardware.com\/fr-fr\/wp-json\/wp\/v2\/comments?post=3818"}],"version-history":[{"count":3,"href":"https:\/\/showerglasshardware.com\/fr-fr\/wp-json\/wp\/v2\/product\/3818\/revisions"}],"predecessor-version":[{"id":4585,"href":"https:\/\/showerglasshardware.com\/fr-fr\/wp-json\/wp\/v2\/product\/3818\/revisions\/4585"}],"wp:featuredmedia":[{"embeddable":true,"href":"https:\/\/showerglasshardware.com\/fr-fr\/wp-json\/wp\/v2\/media\/3819"}],"wp:attachment":[{"href":"https:\/\/showerglasshardware.com\/fr-fr\/wp-json\/wp\/v2\/media?parent=3818"}],"wp:term":[{"taxonomy":"product_brand","embeddable":true,"href":"https:\/\/showerglasshardware.com\/fr-fr\/wp-json\/wp\/v2\/product_brand?post=3818"},{"taxonomy":"product_cat","embeddable":true,"href":"https:\/\/showerglasshardware.com\/fr-fr\/wp-json\/wp\/v2\/product_cat?post=3818"},{"taxonomy":"product_tag","embeddable":true,"href":"https:\/\/showerglasshardware.com\/fr-fr\/wp-json\/wp\/v2\/product_tag?post=3818"}],"curies":[{"name":"wp","href":"https:\/\/api.w.org\/{rel}","templated":true}]}}