{"id":4274,"date":"2025-02-14T06:30:17","date_gmt":"2025-02-14T06:30:17","guid":{"rendered":"https:\/\/showerglasshardware.com\/?post_type=product&#038;p=4274"},"modified":"2025-08-11T05:33:49","modified_gmt":"2025-08-11T05:33:49","slug":"glass-shower-door-bottom-seal-strip-yp188","status":"publish","type":"product","link":"https:\/\/showerglasshardware.com\/fr-fr\/product\/glass-shower-door-bottom-seal-strip-yp188\/","title":{"rendered":"Joint de bas de porte de douche en verre - YP188"},"content":{"rendered":"<p data-start=\"419\" data-end=\"701\">Le <strong data-start=\"423\" data-end=\"468\">YP188 Joint de bas de porte de douche en verre<\/strong> est con\u00e7u pour fournir une barri\u00e8re d'eau fiable pour les portes de douche en verre sans cadre. Fabriqu\u00e9 \u00e0 partir de <strong data-start=\"561\" data-end=\"581\">PVC de haute qualit\u00e9<\/strong>Il s'adapte parfaitement au bord inf\u00e9rieur de la porte pour minimiser les fuites et les \u00e9claboussures, gardant ainsi votre salle de bains s\u00e8che et propre.<\/p>\n<p data-start=\"703\" data-end=\"939\">Compatible avec <strong data-start=\"719\" data-end=\"764\">5\/16\u2033 (8mm), 3\/8\u2033 (10mm), et 1\/2\u2033 (12mm)<\/strong> Avec une \u00e9paisseur de verre de 1,5 mm, cette bande d'\u00e9tanch\u00e9it\u00e9 est facile \u00e0 installer sans adh\u00e9sif - il suffit de la faire glisser ou de l'enclencher. Son design clair et minimal s'int\u00e8gre parfaitement \u00e0 tous les styles de salle de bains.<\/p>\n<p data-start=\"941\" data-end=\"960\"><strong data-start=\"941\" data-end=\"958\">Principales caract\u00e9ristiques:<\/strong><\/p>\n<ul data-start=\"961\" data-end=\"1347\">\n<li data-start=\"961\" data-end=\"1021\">\n<p data-start=\"963\" data-end=\"1021\"><strong data-start=\"963\" data-end=\"976\">Mat\u00e9riel:<\/strong> PVC de premi\u00e8re qualit\u00e9 pour la durabilit\u00e9 et la flexibilit\u00e9<\/p>\n<\/li>\n<li data-start=\"1022\" data-end=\"1073\">\n<p data-start=\"1024\" data-end=\"1073\"><strong data-start=\"1024\" data-end=\"1037\">Fonction :<\/strong> Emp\u00eache les fuites et les \u00e9claboussures d'eau<\/p>\n<\/li>\n<li data-start=\"1074\" data-end=\"1139\">\n<p data-start=\"1076\" data-end=\"1139\"><strong data-start=\"1076\" data-end=\"1100\">Compatibilit\u00e9 du verre\u00a0:<\/strong> Convient au verre de 8 mm, 10 mm et 12 mm d'\u00e9paisseur<\/p>\n<\/li>\n<li data-start=\"1140\" data-end=\"1197\">\n<p data-start=\"1142\" data-end=\"1197\"><strong data-start=\"1142\" data-end=\"1157\">Apparence :<\/strong> Un design clair pour un aspect propre et moderne<\/p>\n<\/li>\n<li data-start=\"1198\" data-end=\"1256\">\n<p data-start=\"1200\" data-end=\"1256\"><strong data-start=\"1200\" data-end=\"1217\">Installation :<\/strong> Glisser ou encliqueter sans adh\u00e9sif<\/p>\n<\/li>\n<li data-start=\"1257\" data-end=\"1347\">\n<p data-start=\"1259\" data-end=\"1347\"><strong data-start=\"1259\" data-end=\"1276\">Applications :<\/strong> Portes de douche en verre sans cadre dans les maisons, les h\u00f4tels et les espaces commerciaux<\/p>\n<\/li>\n<\/ul>\n<p data-start=\"1349\" data-end=\"1370\"><strong data-start=\"1349\" data-end=\"1368\">Caract\u00e9ristiques:<\/strong><\/p>\n<ul data-start=\"1371\" data-end=\"1617\">\n<li data-start=\"1371\" data-end=\"1391\">\n<p data-start=\"1373\" data-end=\"1391\"><strong data-start=\"1373\" data-end=\"1383\">Mod\u00e8le :<\/strong> YP188<\/p>\n<\/li>\n<li data-start=\"1392\" data-end=\"1413\">\n<p data-start=\"1394\" data-end=\"1413\"><strong data-start=\"1394\" data-end=\"1407\">Mat\u00e9riel:<\/strong> PVC<\/p>\n<\/li>\n<li data-start=\"1414\" data-end=\"1463\">\n<p data-start=\"1416\" data-end=\"1463\"><strong data-start=\"1416\" data-end=\"1425\">Taper:<\/strong> Joint de bas de porte de douche en verre<\/p>\n<\/li>\n<li data-start=\"1464\" data-end=\"1531\">\n<p data-start=\"1466\" data-end=\"1531\"><strong data-start=\"1466\" data-end=\"1491\">S'adapte \u00e0 l'\u00e9paisseur du verre :<\/strong> 5\/16\u2033 (8mm), 3\/8\u2033 (10mm), 1\/2\u2033 (12mm)<\/p>\n<\/li>\n<li data-start=\"1532\" data-end=\"1574\">\n<p data-start=\"1534\" data-end=\"1574\"><strong data-start=\"1534\" data-end=\"1547\">Fonction :<\/strong> Pr\u00e9vention des fuites d'eau<\/p>\n<\/li>\n<li data-start=\"1575\" data-end=\"1617\">\n<p data-start=\"1577\" data-end=\"1617\"><strong data-start=\"1577\" data-end=\"1594\">Installation :<\/strong> Pas d'adh\u00e9sif n\u00e9cessaire<\/p>\n<\/li>\n<\/ul>\n<p>Similaire \u00e0 <a href=\"https:\/\/showerglasshardware.com\/fr-fr\/product\/frameless-glass-shower-door-bottom-seal-strip-short-yp188x\/\"><em><strong>YP188X<\/strong><\/em><\/a>\uff1b<\/p>","protected":false},"excerpt":{"rendered":"<ul>\n<li>Joint de bas de porte de douche en verre\uff1b.<\/li>\n<li>PVC<\/li>\n<li>Convient aux verres d'une \u00e9paisseur de 8 mm, 10 mm et 12 mm.<\/li>\n<\/ul>","protected":false},"featured_media":4279,"comment_status":"open","ping_status":"closed","template":"","meta":{"_acf_changed":false},"product_brand":[],"product_cat":[114,168],"product_tag":[],"class_list":{"0":"post-4274","1":"product","2":"type-product","3":"status-publish","4":"has-post-thumbnail","6":"product_cat-shower-door-seals","7":"product_cat-shower-door-bottom-seal","8":"pa_finish-black-2","9":"pa_finish-clear","10":"pa_finish-customized-colors","11":"pa_glass-thickness-1-2-inch-12mm","12":"pa_glass-thickness-3-8-inch-10mm","13":"pa_glass-thickness-5-16-inch-8mm","14":"pa_material-vinyl","16":"first","17":"instock","18":"taxable","19":"shipping-taxable","20":"product-type-simple"},"acf":[],"_links":{"self":[{"href":"https:\/\/showerglasshardware.com\/fr-fr\/wp-json\/wp\/v2\/product\/4274","targetHints":{"allow":["GET"]}}],"collection":[{"href":"https:\/\/showerglasshardware.com\/fr-fr\/wp-json\/wp\/v2\/product"}],"about":[{"href":"https:\/\/showerglasshardware.com\/fr-fr\/wp-json\/wp\/v2\/types\/product"}],"replies":[{"embeddable":true,"href":"https:\/\/showerglasshardware.com\/fr-fr\/wp-json\/wp\/v2\/comments?post=4274"}],"version-history":[{"count":4,"href":"https:\/\/showerglasshardware.com\/fr-fr\/wp-json\/wp\/v2\/product\/4274\/revisions"}],"predecessor-version":[{"id":4581,"href":"https:\/\/showerglasshardware.com\/fr-fr\/wp-json\/wp\/v2\/product\/4274\/revisions\/4581"}],"wp:featuredmedia":[{"embeddable":true,"href":"https:\/\/showerglasshardware.com\/fr-fr\/wp-json\/wp\/v2\/media\/4279"}],"wp:attachment":[{"href":"https:\/\/showerglasshardware.com\/fr-fr\/wp-json\/wp\/v2\/media?parent=4274"}],"wp:term":[{"taxonomy":"product_brand","embeddable":true,"href":"https:\/\/showerglasshardware.com\/fr-fr\/wp-json\/wp\/v2\/product_brand?post=4274"},{"taxonomy":"product_cat","embeddable":true,"href":"https:\/\/showerglasshardware.com\/fr-fr\/wp-json\/wp\/v2\/product_cat?post=4274"},{"taxonomy":"product_tag","embeddable":true,"href":"https:\/\/showerglasshardware.com\/fr-fr\/wp-json\/wp\/v2\/product_tag?post=4274"}],"curies":[{"name":"wp","href":"https:\/\/api.w.org\/{rel}","templated":true}]}}