{"id":4286,"date":"2025-02-14T07:05:24","date_gmt":"2025-02-14T07:05:24","guid":{"rendered":"https:\/\/showerglasshardware.com\/?post_type=product&#038;p=4286"},"modified":"2025-08-14T09:04:05","modified_gmt":"2025-08-14T09:04:05","slug":"seal-for-bottom-of-shower-door-with-short-ring","status":"publish","type":"product","link":"https:\/\/showerglasshardware.com\/fr-fr\/product\/seal-for-bottom-of-shower-door-with-short-ring\/","title":{"rendered":"Joint de bas de porte de douche avec anneau court - YP306"},"content":{"rendered":"<p data-start=\"437\" data-end=\"642\">Le joint de bas de porte de douche YP306 avec anneau court est une solution pratique et durable pour sceller le bas des portes de douche sans cadre, en gardant l'eau \u00e0 l'int\u00e9rieur de la cabine et le sol de votre salle de bain au sec.<\/p>\n<p data-start=\"644\" data-end=\"904\">Fabriqu\u00e9 en PVC de haute qualit\u00e9, ce joint s'adapte aux verres de 5\/16\u2033 (8 mm), 3\/8\u2033 (10 mm) et 1\/2\u2033 (12 mm) d'\u00e9paisseur. La conception de l'anneau court offre une prise s\u00fbre sur le verre tout en conservant une apparence minimale qui s'int\u00e8gre parfaitement aux styles de salles de bains modernes.<\/p>\n<p data-start=\"906\" data-end=\"1066\">Facile \u00e0 installer sans adh\u00e9sif, il suffit de le glisser ou de le clipser sur le bord inf\u00e9rieur de la porte. Convient aux cabines de douche r\u00e9sidentielles et commerciales.<\/p>\n<p data-start=\"1068\" data-end=\"1087\"><strong data-start=\"1068\" data-end=\"1085\">Principales caract\u00e9ristiques:<\/strong><\/p>\n<ul data-start=\"1088\" data-end=\"1485\">\n<li data-start=\"1088\" data-end=\"1155\">\n<p data-start=\"1090\" data-end=\"1155\"><strong data-start=\"1090\" data-end=\"1103\">Mat\u00e9riel:<\/strong> PVC durable pour une flexibilit\u00e9 et une longue dur\u00e9e de vie<\/p>\n<\/li>\n<li data-start=\"1156\" data-end=\"1218\">\n<p data-start=\"1158\" data-end=\"1218\"><strong data-start=\"1158\" data-end=\"1169\">Conception :<\/strong> Anneau court pour un maintien s\u00fbr et un aspect net<\/p>\n<\/li>\n<li data-start=\"1219\" data-end=\"1284\">\n<p data-start=\"1221\" data-end=\"1284\"><strong data-start=\"1221\" data-end=\"1245\">Compatibilit\u00e9 du verre\u00a0:<\/strong> Convient au verre de 8 mm, 10 mm et 12 mm d'\u00e9paisseur<\/p>\n<\/li>\n<li data-start=\"1285\" data-end=\"1336\">\n<p data-start=\"1287\" data-end=\"1336\"><strong data-start=\"1287\" data-end=\"1300\">Fonction :<\/strong> Emp\u00eache les fuites et les \u00e9claboussures d'eau<\/p>\n<\/li>\n<li data-start=\"1337\" data-end=\"1391\">\n<p data-start=\"1339\" data-end=\"1391\"><strong data-start=\"1339\" data-end=\"1356\">Installation :<\/strong> S'embo\u00eete ou s'enclenche sans colle<\/p>\n<\/li>\n<li data-start=\"1392\" data-end=\"1485\">\n<p data-start=\"1394\" data-end=\"1485\"><strong data-start=\"1394\" data-end=\"1411\">Applications :<\/strong> Portes de douche en verre sans cadre dans les maisons, les h\u00f4tels et les salles de bains commerciales<\/p>\n<\/li>\n<\/ul>\n<p data-start=\"1487\" data-end=\"1508\"><strong data-start=\"1487\" data-end=\"1506\">Caract\u00e9ristiques:<\/strong><\/p>\n<ul data-start=\"1509\" data-end=\"1756\">\n<li data-start=\"1509\" data-end=\"1529\">\n<p data-start=\"1511\" data-end=\"1529\"><strong data-start=\"1511\" data-end=\"1521\">Mod\u00e8le :<\/strong> YP306<\/p>\n<\/li>\n<li data-start=\"1530\" data-end=\"1580\">\n<p data-start=\"1532\" data-end=\"1580\"><strong data-start=\"1532\" data-end=\"1541\">Taper:<\/strong> Joint de bas de porte de douche - anneau court<\/p>\n<\/li>\n<li data-start=\"1581\" data-end=\"1602\">\n<p data-start=\"1583\" data-end=\"1602\"><strong data-start=\"1583\" data-end=\"1596\">Mat\u00e9riel:<\/strong> PVC<\/p>\n<\/li>\n<li data-start=\"1603\" data-end=\"1670\">\n<p data-start=\"1605\" data-end=\"1670\"><strong data-start=\"1605\" data-end=\"1630\">S'adapte \u00e0 l'\u00e9paisseur du verre :<\/strong> 5\/16\u2033 (8mm), 3\/8\u2033 (10mm), 1\/2\u2033 (12mm)<\/p>\n<\/li>\n<li data-start=\"1671\" data-end=\"1713\">\n<p data-start=\"1673\" data-end=\"1713\"><strong data-start=\"1673\" data-end=\"1686\">Fonction :<\/strong> Pr\u00e9vention des fuites d'eau<\/p>\n<\/li>\n<li data-start=\"1714\" data-end=\"1756\">\n<p data-start=\"1716\" data-end=\"1756\"><strong data-start=\"1716\" data-end=\"1733\">Installation :<\/strong> Pas d'adh\u00e9sif n\u00e9cessaire<\/p>\n<\/li>\n<\/ul>","protected":false},"excerpt":{"rendered":"<ul>\n<li>Joint pour le bas de la porte de douche avec anneau court<\/li>\n<li>Convient \u00e0 des \u00e9paisseurs de verre de 8 mm, 10 mm et 12 mm.<\/li>\n<li>PVC<\/li>\n<\/ul>","protected":false},"featured_media":4287,"comment_status":"open","ping_status":"closed","template":"","meta":{"_acf_changed":false},"product_brand":[],"product_cat":[114,168],"product_tag":[],"class_list":{"0":"post-4286","1":"product","2":"type-product","3":"status-publish","4":"has-post-thumbnail","6":"product_cat-shower-door-seals","7":"product_cat-shower-door-bottom-seal","8":"pa_finish-black-2","9":"pa_finish-clear","10":"pa_finish-customized-colors","11":"pa_glass-thickness-1-2-inch-12mm","12":"pa_glass-thickness-3-8-inch-10mm","13":"pa_glass-thickness-5-16-inch-8mm","14":"pa_material-vinyl","16":"first","17":"instock","18":"taxable","19":"shipping-taxable","20":"product-type-simple"},"acf":[],"_links":{"self":[{"href":"https:\/\/showerglasshardware.com\/fr-fr\/wp-json\/wp\/v2\/product\/4286","targetHints":{"allow":["GET"]}}],"collection":[{"href":"https:\/\/showerglasshardware.com\/fr-fr\/wp-json\/wp\/v2\/product"}],"about":[{"href":"https:\/\/showerglasshardware.com\/fr-fr\/wp-json\/wp\/v2\/types\/product"}],"replies":[{"embeddable":true,"href":"https:\/\/showerglasshardware.com\/fr-fr\/wp-json\/wp\/v2\/comments?post=4286"}],"version-history":[{"count":2,"href":"https:\/\/showerglasshardware.com\/fr-fr\/wp-json\/wp\/v2\/product\/4286\/revisions"}],"predecessor-version":[{"id":4664,"href":"https:\/\/showerglasshardware.com\/fr-fr\/wp-json\/wp\/v2\/product\/4286\/revisions\/4664"}],"wp:featuredmedia":[{"embeddable":true,"href":"https:\/\/showerglasshardware.com\/fr-fr\/wp-json\/wp\/v2\/media\/4287"}],"wp:attachment":[{"href":"https:\/\/showerglasshardware.com\/fr-fr\/wp-json\/wp\/v2\/media?parent=4286"}],"wp:term":[{"taxonomy":"product_brand","embeddable":true,"href":"https:\/\/showerglasshardware.com\/fr-fr\/wp-json\/wp\/v2\/product_brand?post=4286"},{"taxonomy":"product_cat","embeddable":true,"href":"https:\/\/showerglasshardware.com\/fr-fr\/wp-json\/wp\/v2\/product_cat?post=4286"},{"taxonomy":"product_tag","embeddable":true,"href":"https:\/\/showerglasshardware.com\/fr-fr\/wp-json\/wp\/v2\/product_tag?post=4286"}],"curies":[{"name":"wp","href":"https:\/\/api.w.org\/{rel}","templated":true}]}}