{"id":4290,"date":"2025-02-14T07:13:46","date_gmt":"2025-02-14T07:13:46","guid":{"rendered":"https:\/\/showerglasshardware.com\/?post_type=product&#038;p=4290"},"modified":"2025-08-14T09:02:48","modified_gmt":"2025-08-14T09:02:48","slug":"shower-glass-door-bottom-seal-strip-long-ring","status":"publish","type":"product","link":"https:\/\/showerglasshardware.com\/fr-fr\/product\/shower-glass-door-bottom-seal-strip-long-ring\/","title":{"rendered":"Joint de bas de porte de douche en verre - anneau long YP306A"},"content":{"rendered":"<p data-start=\"440\" data-end=\"625\">La bande d'\u00e9tanch\u00e9it\u00e9 de bas de porte de douche en verre YP306A - anneau long est con\u00e7ue pour fournir une barri\u00e8re d'eau efficace pour les portes de douche sans cadre, en gardant le sol de votre salle de bain sec et propre.<\/p>\n<p data-start=\"627\" data-end=\"909\">Fabriqu\u00e9e en PVC de haute qualit\u00e9, cette bande d'\u00e9tanch\u00e9it\u00e9 est dot\u00e9e d'un long anneau qui am\u00e9liore la stabilit\u00e9 et les performances d'\u00e9tanch\u00e9it\u00e9. Elle s'adapte aux portes en verre de 5\/16\u2033 (8 mm), 3\/8\u2033 (10 mm) et 1\/2\u2033 (12 mm) d'\u00e9paisseur et s'installe facilement sans adh\u00e9sif : il suffit de la faire glisser ou de l'enclencher sur la vitre.<\/p>\n<p data-start=\"911\" data-end=\"1054\">Son aspect clair et minimal s'int\u00e8gre parfaitement au d\u00e9cor de la salle de bains, ce qui le rend id\u00e9al pour les applications r\u00e9sidentielles et commerciales.<\/p>\n<p data-start=\"1056\" data-end=\"1075\"><strong data-start=\"1056\" data-end=\"1073\">Principales caract\u00e9ristiques:<\/strong><\/p>\n<ul data-start=\"1076\" data-end=\"1434\">\n<li data-start=\"1076\" data-end=\"1136\">\n<p data-start=\"1078\" data-end=\"1136\"><strong data-start=\"1078\" data-end=\"1091\">Mat\u00e9riel:<\/strong> PVC de premi\u00e8re qualit\u00e9 pour la flexibilit\u00e9 et la durabilit\u00e9<\/p>\n<\/li>\n<li data-start=\"1137\" data-end=\"1204\">\n<p data-start=\"1139\" data-end=\"1204\"><strong data-start=\"1139\" data-end=\"1150\">Conception :<\/strong> Anneau long pour un ajustement s\u00fbr et une meilleure \u00e9tanch\u00e9it\u00e9<\/p>\n<\/li>\n<li data-start=\"1205\" data-end=\"1270\">\n<p data-start=\"1207\" data-end=\"1270\"><strong data-start=\"1207\" data-end=\"1231\">Compatibilit\u00e9 du verre\u00a0:<\/strong> Convient au verre de 8 mm, 10 mm et 12 mm d'\u00e9paisseur<\/p>\n<\/li>\n<li data-start=\"1271\" data-end=\"1324\">\n<p data-start=\"1273\" data-end=\"1324\"><strong data-start=\"1273\" data-end=\"1286\">Fonction :<\/strong> Emp\u00eache les fuites et les \u00e9claboussures d'eau<\/p>\n<\/li>\n<li data-start=\"1325\" data-end=\"1383\">\n<p data-start=\"1327\" data-end=\"1383\"><strong data-start=\"1327\" data-end=\"1344\">Installation :<\/strong> Glisser ou encliqueter sans adh\u00e9sif<\/p>\n<\/li>\n<li data-start=\"1384\" data-end=\"1434\">\n<p data-start=\"1386\" data-end=\"1434\"><strong data-start=\"1386\" data-end=\"1403\">Applications :<\/strong> Portes de douche en verre sans cadre<\/p>\n<\/li>\n<\/ul>\n<p data-start=\"1436\" data-end=\"1457\"><strong data-start=\"1436\" data-end=\"1455\">Caract\u00e9ristiques:<\/strong><\/p>\n<ul data-start=\"1458\" data-end=\"1717\">\n<li data-start=\"1458\" data-end=\"1479\">\n<p data-start=\"1460\" data-end=\"1479\"><strong data-start=\"1460\" data-end=\"1470\">Mod\u00e8le :<\/strong> YP306A<\/p>\n<\/li>\n<li data-start=\"1480\" data-end=\"1541\">\n<p data-start=\"1482\" data-end=\"1541\"><strong data-start=\"1482\" data-end=\"1491\">Taper:<\/strong> Joint de bas de porte en verre de douche - anneau long<\/p>\n<\/li>\n<li data-start=\"1542\" data-end=\"1563\">\n<p data-start=\"1544\" data-end=\"1563\"><strong data-start=\"1544\" data-end=\"1557\">Mat\u00e9riel:<\/strong> PVC<\/p>\n<\/li>\n<li data-start=\"1564\" data-end=\"1631\">\n<p data-start=\"1566\" data-end=\"1631\"><strong data-start=\"1566\" data-end=\"1591\">S'adapte \u00e0 l'\u00e9paisseur du verre :<\/strong> 5\/16\u2033 (8mm), 3\/8\u2033 (10mm), 1\/2\u2033 (12mm)<\/p>\n<\/li>\n<li data-start=\"1632\" data-end=\"1674\">\n<p data-start=\"1634\" data-end=\"1674\"><strong data-start=\"1634\" data-end=\"1647\">Fonction :<\/strong> Pr\u00e9vention des fuites d'eau<\/p>\n<\/li>\n<li data-start=\"1675\" data-end=\"1717\">\n<p data-start=\"1677\" data-end=\"1717\"><strong data-start=\"1677\" data-end=\"1694\">Installation :<\/strong> Pas d'adh\u00e9sif n\u00e9cessaire<\/p>\n<\/li>\n<\/ul>","protected":false},"excerpt":{"rendered":"<ul>\n<li>Bande d'\u00e9tanch\u00e9it\u00e9 de bas de porte en verre pour douche - Long Ring<\/li>\n<li>Convient \u00e0 des \u00e9paisseurs de verre de 8 mm, 10 mm et 12 mm.<\/li>\n<li>PVC<\/li>\n<\/ul>","protected":false},"featured_media":4291,"comment_status":"open","ping_status":"closed","template":"","meta":{"_acf_changed":false},"product_brand":[],"product_cat":[114,168],"product_tag":[],"class_list":{"0":"post-4290","1":"product","2":"type-product","3":"status-publish","4":"has-post-thumbnail","6":"product_cat-shower-door-seals","7":"product_cat-shower-door-bottom-seal","8":"pa_finish-black-2","9":"pa_finish-clear","10":"pa_finish-customized-colors","11":"pa_glass-thickness-1-2-inch-12mm","12":"pa_glass-thickness-1-4-inch-6mm","13":"pa_glass-thickness-3-8-inch-10mm","14":"pa_glass-thickness-5-16-inch-8mm","15":"pa_material-vinyl","17":"first","18":"instock","19":"taxable","20":"shipping-taxable","21":"product-type-simple"},"acf":[],"_links":{"self":[{"href":"https:\/\/showerglasshardware.com\/fr-fr\/wp-json\/wp\/v2\/product\/4290","targetHints":{"allow":["GET"]}}],"collection":[{"href":"https:\/\/showerglasshardware.com\/fr-fr\/wp-json\/wp\/v2\/product"}],"about":[{"href":"https:\/\/showerglasshardware.com\/fr-fr\/wp-json\/wp\/v2\/types\/product"}],"replies":[{"embeddable":true,"href":"https:\/\/showerglasshardware.com\/fr-fr\/wp-json\/wp\/v2\/comments?post=4290"}],"version-history":[{"count":3,"href":"https:\/\/showerglasshardware.com\/fr-fr\/wp-json\/wp\/v2\/product\/4290\/revisions"}],"predecessor-version":[{"id":4663,"href":"https:\/\/showerglasshardware.com\/fr-fr\/wp-json\/wp\/v2\/product\/4290\/revisions\/4663"}],"wp:featuredmedia":[{"embeddable":true,"href":"https:\/\/showerglasshardware.com\/fr-fr\/wp-json\/wp\/v2\/media\/4291"}],"wp:attachment":[{"href":"https:\/\/showerglasshardware.com\/fr-fr\/wp-json\/wp\/v2\/media?parent=4290"}],"wp:term":[{"taxonomy":"product_brand","embeddable":true,"href":"https:\/\/showerglasshardware.com\/fr-fr\/wp-json\/wp\/v2\/product_brand?post=4290"},{"taxonomy":"product_cat","embeddable":true,"href":"https:\/\/showerglasshardware.com\/fr-fr\/wp-json\/wp\/v2\/product_cat?post=4290"},{"taxonomy":"product_tag","embeddable":true,"href":"https:\/\/showerglasshardware.com\/fr-fr\/wp-json\/wp\/v2\/product_tag?post=4290"}],"curies":[{"name":"wp","href":"https:\/\/api.w.org\/{rel}","templated":true}]}}