{"id":4296,"date":"2025-02-14T07:30:28","date_gmt":"2025-02-14T07:30:28","guid":{"rendered":"https:\/\/showerglasshardware.com\/?post_type=product&#038;p=4296"},"modified":"2025-08-11T04:07:04","modified_gmt":"2025-08-11T04:07:04","slug":"glass-shower-door-seal-bottom-door-seal-one-fin-yp301","status":"publish","type":"product","link":"https:\/\/showerglasshardware.com\/fr-fr\/product\/glass-shower-door-seal-bottom-door-seal-one-fin-yp301\/","title":{"rendered":"Joint de porte de douche en verre Joint de bas de porte une ailette YP301A"},"content":{"rendered":"<p data-start=\"458\" data-end=\"621\">Le <strong data-start=\"462\" data-end=\"515\">YP301A Joint de bas de porte de douche en verre avec une ailette<\/strong> est une solution pratique et fiable pour pr\u00e9venir les fuites d'eau dans les cabines de douche en verre sans cadre.<\/p>\n<p data-start=\"623\" data-end=\"933\">Fabriqu\u00e9 \u00e0 partir de <strong data-start=\"633\" data-end=\"655\">vinyle de haute qualit\u00e9<\/strong>Ce joint inf\u00e9rieur est con\u00e7u pour s'adapter parfaitement au bord inf\u00e9rieur de votre porte de douche, avec une seule ailette flexible qui renvoie efficacement l'eau dans la douche. Son design clair et minimaliste s'int\u00e8gre parfaitement \u00e0 tous les styles de salle de bains, tout en garantissant des performances durables.<\/p>\n<p data-start=\"935\" data-end=\"1100\">Facile \u00e0 installer sans adh\u00e9sif, il suffit de le glisser ou de le clipser sur le bord du verre, ce qui en fait un choix pratique pour les projets de bricolage et les installations professionnelles.<\/p>\n<p data-start=\"1102\" data-end=\"1119\"><strong data-start=\"1102\" data-end=\"1119\">Principales caract\u00e9ristiques:<\/strong><\/p>\n<ul data-start=\"1120\" data-end=\"1527\">\n<li data-start=\"1120\" data-end=\"1187\">\n<p data-start=\"1122\" data-end=\"1187\"><strong data-start=\"1122\" data-end=\"1135\">Mat\u00e9riel:<\/strong> Vinyle de premi\u00e8re qualit\u00e9 pour la durabilit\u00e9 et la r\u00e9sistance \u00e0 l'eau<\/p>\n<\/li>\n<li data-start=\"1188\" data-end=\"1257\">\n<p data-start=\"1190\" data-end=\"1257\"><strong data-start=\"1190\" data-end=\"1201\">Conception :<\/strong> Joint de fond \u00e0 simple ailette pour une d\u00e9flexion efficace de l'eau<\/p>\n<\/li>\n<li data-start=\"1258\" data-end=\"1326\">\n<p data-start=\"1260\" data-end=\"1326\"><strong data-start=\"1260\" data-end=\"1278\">Compatibilit\u00e9 :<\/strong> Convient aux \u00e9paisseurs de verre de 8 mm, 10 mm et 12 mm<\/p>\n<\/li>\n<li data-start=\"1327\" data-end=\"1385\">\n<p data-start=\"1329\" data-end=\"1385\"><strong data-start=\"1329\" data-end=\"1342\">Fonction :<\/strong> Aide \u00e0 pr\u00e9venir les fuites et les \u00e9claboussures d'eau<\/p>\n<\/li>\n<li data-start=\"1386\" data-end=\"1454\">\n<p data-start=\"1388\" data-end=\"1454\"><strong data-start=\"1388\" data-end=\"1403\">Apparence :<\/strong> Claire et minimale, elle s'int\u00e8gre \u00e0 tout type de douche<\/p>\n<\/li>\n<li data-start=\"1455\" data-end=\"1527\">\n<p data-start=\"1457\" data-end=\"1527\"><strong data-start=\"1457\" data-end=\"1474\">Installation :<\/strong> Installation facile par glissement ou encliquetage sans colle<\/p>\n<\/li>\n<\/ul>\n<p data-start=\"1529\" data-end=\"1548\"><strong data-start=\"1529\" data-end=\"1548\">Caract\u00e9ristiques:<\/strong><\/p>\n<ul data-start=\"1549\" data-end=\"1799\">\n<li data-start=\"1549\" data-end=\"1570\">\n<p data-start=\"1551\" data-end=\"1570\"><strong data-start=\"1551\" data-end=\"1561\">Mod\u00e8le :<\/strong> YP301A<\/p>\n<\/li>\n<li data-start=\"1571\" data-end=\"1594\">\n<p data-start=\"1573\" data-end=\"1594\"><strong data-start=\"1573\" data-end=\"1586\">Mat\u00e9riel:<\/strong> Vinyle<\/p>\n<\/li>\n<li data-start=\"1595\" data-end=\"1638\">\n<p data-start=\"1597\" data-end=\"1638\"><strong data-start=\"1597\" data-end=\"1606\">Taper:<\/strong> Joint de bas de porte avec une ailette<\/p>\n<\/li>\n<li data-start=\"1639\" data-end=\"1706\">\n<p data-start=\"1641\" data-end=\"1706\"><strong data-start=\"1641\" data-end=\"1666\">S'adapte \u00e0 l'\u00e9paisseur du verre :<\/strong> 5\/16\u2033 (8mm), 3\/8\u2033 (10mm), 1\/2\u2033 (12mm)<\/p>\n<\/li>\n<li data-start=\"1707\" data-end=\"1756\">\n<p data-start=\"1709\" data-end=\"1756\"><strong data-start=\"1709\" data-end=\"1725\">Application:<\/strong> Portes de douche en verre sans cadre<\/p>\n<\/li>\n<li data-start=\"1757\" data-end=\"1799\">\n<p data-start=\"1759\" data-end=\"1799\"><strong data-start=\"1759\" data-end=\"1772\">Fonction :<\/strong> Pr\u00e9vention des fuites d'eau<\/p>\n<\/li>\n<\/ul>","protected":false},"excerpt":{"rendered":"<ul>\n<li>Joint de porte de douche en verre Joint de bas de porte une ailette YP301A<\/li>\n<li>Vinyle<\/li>\n<li>Convient \u00e0 des \u00e9paisseurs de verre de 8 mm, 10 mm et 12 mm.<\/li>\n<\/ul>","protected":false},"featured_media":4298,"comment_status":"open","ping_status":"closed","template":"","meta":{"_acf_changed":false},"product_brand":[],"product_cat":[114,168,155],"product_tag":[],"class_list":{"0":"post-4296","1":"product","2":"type-product","3":"status-publish","4":"has-post-thumbnail","6":"product_cat-shower-door-seals","7":"product_cat-shower-door-bottom-seal","8":"product_cat-one-piece-bottom-rail-seal","9":"pa_finish-black-2","10":"pa_finish-clear","11":"pa_finish-customized-colors","12":"pa_glass-thickness-1-2-inch-12mm","13":"pa_glass-thickness-3-8-inch-10mm","14":"pa_glass-thickness-5-16-inch-8mm","15":"pa_material-vinyl","17":"first","18":"instock","19":"taxable","20":"shipping-taxable","21":"product-type-simple"},"acf":[],"_links":{"self":[{"href":"https:\/\/showerglasshardware.com\/fr-fr\/wp-json\/wp\/v2\/product\/4296","targetHints":{"allow":["GET"]}}],"collection":[{"href":"https:\/\/showerglasshardware.com\/fr-fr\/wp-json\/wp\/v2\/product"}],"about":[{"href":"https:\/\/showerglasshardware.com\/fr-fr\/wp-json\/wp\/v2\/types\/product"}],"replies":[{"embeddable":true,"href":"https:\/\/showerglasshardware.com\/fr-fr\/wp-json\/wp\/v2\/comments?post=4296"}],"version-history":[{"count":6,"href":"https:\/\/showerglasshardware.com\/fr-fr\/wp-json\/wp\/v2\/product\/4296\/revisions"}],"predecessor-version":[{"id":4570,"href":"https:\/\/showerglasshardware.com\/fr-fr\/wp-json\/wp\/v2\/product\/4296\/revisions\/4570"}],"wp:featuredmedia":[{"embeddable":true,"href":"https:\/\/showerglasshardware.com\/fr-fr\/wp-json\/wp\/v2\/media\/4298"}],"wp:attachment":[{"href":"https:\/\/showerglasshardware.com\/fr-fr\/wp-json\/wp\/v2\/media?parent=4296"}],"wp:term":[{"taxonomy":"product_brand","embeddable":true,"href":"https:\/\/showerglasshardware.com\/fr-fr\/wp-json\/wp\/v2\/product_brand?post=4296"},{"taxonomy":"product_cat","embeddable":true,"href":"https:\/\/showerglasshardware.com\/fr-fr\/wp-json\/wp\/v2\/product_cat?post=4296"},{"taxonomy":"product_tag","embeddable":true,"href":"https:\/\/showerglasshardware.com\/fr-fr\/wp-json\/wp\/v2\/product_tag?post=4296"}],"curies":[{"name":"wp","href":"https:\/\/api.w.org\/{rel}","templated":true}]}}