{"id":4300,"date":"2025-02-14T08:22:47","date_gmt":"2025-02-14T08:22:47","guid":{"rendered":"https:\/\/showerglasshardware.com\/?post_type=product&#038;p=4300"},"modified":"2025-08-13T13:38:12","modified_gmt":"2025-08-13T13:38:12","slug":"glass-shower-door-bottom-drip-rail-and-wipe-seal","status":"publish","type":"product","link":"https:\/\/showerglasshardware.com\/fr-fr\/product\/glass-shower-door-bottom-drip-rail-and-wipe-seal\/","title":{"rendered":"Glas Shower Door Bottom Drip Rail and Wipe Seal YP301 (en anglais seulement)"},"content":{"rendered":"<p data-start=\"448\" data-end=\"637\">Le <strong data-start=\"452\" data-end=\"510\">YP301 Porte de douche en verre - Joint d'\u00e9tanch\u00e9it\u00e9 et barre d'\u00e9gouttement inf\u00e9rieure<\/strong> est con\u00e7u pour fournir une barri\u00e8re d'eau fiable pour les portes de douche en verre sans cadre, gardant le sol de votre salle de bain sec et propre.<\/p>\n<p data-start=\"639\" data-end=\"877\">Fabriqu\u00e9 \u00e0 partir de mat\u00e9riaux de haute qualit\u00e9, ce <strong data-start=\"677\" data-end=\"704\">goutti\u00e8re et joint d'\u00e9tanch\u00e9it\u00e9<\/strong> s'adapte <strong data-start=\"710\" data-end=\"755\">5\/16\u2033 (8mm), 3\/8\u2033 (10mm), et 1\/2\u2033 (12mm)<\/strong> Les portes en verre \u00e9pais. Il redirige l'eau vers l'int\u00e9rieur de la douche, \u00e9vitant ainsi les fuites tout en conservant un aspect \u00e9pur\u00e9 et minimal.<\/p>\n<p data-start=\"879\" data-end=\"1050\">Parfait pour sceller le bas des portes de douche en verre sans cadre, il est facile \u00e0 installer sans adh\u00e9sif - il suffit de le faire glisser sur le bord inf\u00e9rieur du verre.<\/p>\n<p data-start=\"1052\" data-end=\"1071\"><strong data-start=\"1052\" data-end=\"1069\">Principales caract\u00e9ristiques:<\/strong><\/p>\n<ul data-start=\"1072\" data-end=\"1414\">\n<li data-start=\"1072\" data-end=\"1150\">\n<p data-start=\"1074\" data-end=\"1150\"><strong data-start=\"1074\" data-end=\"1085\">Conception :<\/strong> Larmier inf\u00e9rieur et joint d'\u00e9tanch\u00e9it\u00e9 pour une redirection efficace de l'eau<\/p>\n<\/li>\n<li data-start=\"1151\" data-end=\"1216\">\n<p data-start=\"1153\" data-end=\"1216\"><strong data-start=\"1153\" data-end=\"1177\">Compatibilit\u00e9 du verre\u00a0:<\/strong> Convient au verre de 8 mm, 10 mm et 12 mm d'\u00e9paisseur<\/p>\n<\/li>\n<li data-start=\"1217\" data-end=\"1289\">\n<p data-start=\"1219\" data-end=\"1289\"><strong data-start=\"1219\" data-end=\"1232\">Fonction :<\/strong> Aide \u00e0 pr\u00e9venir les fuites d'eau et \u00e0 garder la salle de bains s\u00e8che<\/p>\n<\/li>\n<li data-start=\"1290\" data-end=\"1363\">\n<p data-start=\"1292\" data-end=\"1363\"><strong data-start=\"1292\" data-end=\"1314\">Installation facile :<\/strong> Conception coulissante sans besoin d'adh\u00e9sifs<\/p>\n<\/li>\n<li data-start=\"1364\" data-end=\"1414\">\n<p data-start=\"1366\" data-end=\"1414\"><strong data-start=\"1366\" data-end=\"1383\">Applications :<\/strong> Portes de douche en verre sans cadre<\/p>\n<\/li>\n<\/ul>\n<p data-start=\"1416\" data-end=\"1437\"><strong data-start=\"1416\" data-end=\"1435\">Caract\u00e9ristiques:<\/strong><\/p>\n<ul data-start=\"1438\" data-end=\"1684\">\n<li data-start=\"1438\" data-end=\"1458\">\n<p data-start=\"1440\" data-end=\"1458\"><strong data-start=\"1440\" data-end=\"1450\">Mod\u00e8le :<\/strong> YP301<\/p>\n<\/li>\n<li data-start=\"1459\" data-end=\"1490\">\n<p data-start=\"1461\" data-end=\"1490\"><strong data-start=\"1461\" data-end=\"1474\">Mat\u00e9riel:<\/strong> PVC<\/p>\n<\/li>\n<li data-start=\"1491\" data-end=\"1535\">\n<p data-start=\"1493\" data-end=\"1535\"><strong data-start=\"1493\" data-end=\"1502\">Taper:<\/strong> Larmier inf\u00e9rieur et joint d'\u00e9tanch\u00e9it\u00e9<\/p>\n<\/li>\n<li data-start=\"1536\" data-end=\"1603\">\n<p data-start=\"1538\" data-end=\"1603\"><strong data-start=\"1538\" data-end=\"1563\">S'adapte \u00e0 l'\u00e9paisseur du verre :<\/strong> 5\/16\u2033 (8mm), 3\/8\u2033 (10mm), 1\/2\u2033 (12mm)<\/p>\n<\/li>\n<li data-start=\"1604\" data-end=\"1646\">\n<p data-start=\"1606\" data-end=\"1646\"><strong data-start=\"1606\" data-end=\"1619\">Fonction :<\/strong> Pr\u00e9vention des fuites d'eau<\/p>\n<\/li>\n<li data-start=\"1647\" data-end=\"1684\">\n<p data-start=\"1649\" data-end=\"1684\"><strong data-start=\"1649\" data-end=\"1666\">Installation :<\/strong> Conception coulissante<\/p>\n<\/li>\n<\/ul>","protected":false},"excerpt":{"rendered":"<ul>\n<li>Porte de douche en verre - Barre d'\u00e9gouttement inf\u00e9rieure et joint d'\u00e9tanch\u00e9it\u00e9<\/li>\n<li>Convient aux verres d'une \u00e9paisseur de 8 mm, 10 mm et 12 mm.<\/li>\n<li>Parfait pour sceller le bas des portes de douche en verre sans cadre.<\/li>\n<\/ul>","protected":false},"featured_media":4301,"comment_status":"open","ping_status":"closed","template":"","meta":{"_acf_changed":false},"product_brand":[],"product_cat":[114,168,152],"product_tag":[],"class_list":{"0":"post-4300","1":"product","2":"type-product","3":"status-publish","4":"has-post-thumbnail","6":"product_cat-shower-door-seals","7":"product_cat-shower-door-bottom-seal","8":"product_cat-drip-rail-seal","9":"pa_finish-black-2","10":"pa_finish-clear","11":"pa_finish-customized-colors","12":"pa_glass-thickness-1-2-inch-12mm","13":"pa_glass-thickness-3-8-inch-10mm","14":"pa_glass-thickness-5-16-inch-8mm","15":"pa_material-vinyl","17":"first","18":"instock","19":"taxable","20":"shipping-taxable","21":"product-type-simple"},"acf":[],"_links":{"self":[{"href":"https:\/\/showerglasshardware.com\/fr-fr\/wp-json\/wp\/v2\/product\/4300","targetHints":{"allow":["GET"]}}],"collection":[{"href":"https:\/\/showerglasshardware.com\/fr-fr\/wp-json\/wp\/v2\/product"}],"about":[{"href":"https:\/\/showerglasshardware.com\/fr-fr\/wp-json\/wp\/v2\/types\/product"}],"replies":[{"embeddable":true,"href":"https:\/\/showerglasshardware.com\/fr-fr\/wp-json\/wp\/v2\/comments?post=4300"}],"version-history":[{"count":3,"href":"https:\/\/showerglasshardware.com\/fr-fr\/wp-json\/wp\/v2\/product\/4300\/revisions"}],"predecessor-version":[{"id":4647,"href":"https:\/\/showerglasshardware.com\/fr-fr\/wp-json\/wp\/v2\/product\/4300\/revisions\/4647"}],"wp:featuredmedia":[{"embeddable":true,"href":"https:\/\/showerglasshardware.com\/fr-fr\/wp-json\/wp\/v2\/media\/4301"}],"wp:attachment":[{"href":"https:\/\/showerglasshardware.com\/fr-fr\/wp-json\/wp\/v2\/media?parent=4300"}],"wp:term":[{"taxonomy":"product_brand","embeddable":true,"href":"https:\/\/showerglasshardware.com\/fr-fr\/wp-json\/wp\/v2\/product_brand?post=4300"},{"taxonomy":"product_cat","embeddable":true,"href":"https:\/\/showerglasshardware.com\/fr-fr\/wp-json\/wp\/v2\/product_cat?post=4300"},{"taxonomy":"product_tag","embeddable":true,"href":"https:\/\/showerglasshardware.com\/fr-fr\/wp-json\/wp\/v2\/product_tag?post=4300"}],"curies":[{"name":"wp","href":"https:\/\/api.w.org\/{rel}","templated":true}]}}