{"id":4304,"date":"2025-02-14T08:33:29","date_gmt":"2025-02-14T08:33:29","guid":{"rendered":"https:\/\/showerglasshardware.com\/?post_type=product&#038;p=4304"},"modified":"2025-08-11T05:50:58","modified_gmt":"2025-08-11T05:50:58","slug":"shower-door-sliding-seal-with-drip-rail","status":"publish","type":"product","link":"https:\/\/showerglasshardware.com\/fr-fr\/product\/shower-door-sliding-seal-with-drip-rail\/","title":{"rendered":"Joint de porte de douche coulissante avec \u00e9gouttoir YP309S1"},"content":{"rendered":"<p data-start=\"440\" data-end=\"601\">Le joint coulissant de porte de douche YP309S1 avec rail d'\u00e9coulement est con\u00e7u pour garder le sol de votre salle de bain sec en redirigeant efficacement l'eau dans la zone de la douche.<\/p>\n<p data-start=\"603\" data-end=\"776\">Fabriqu\u00e9 en vinyle durable, ce joint coulissant inf\u00e9rieur est dot\u00e9 d'une barre d'\u00e9gouttement int\u00e9gr\u00e9e qui r\u00e9duit les \u00e9claboussures et les fuites, tout en conservant une apparence propre et moderne.<\/p>\n<p data-start=\"778\" data-end=\"1028\">Compatible avec les portes en verre de 5\/16\u2033 (8 mm), 3\/8\u2033 (10 mm) et 1\/2\u2033 (12 mm) d'\u00e9paisseur, il est parfait pour les cabines de douche sans cadre avec portes coulissantes. L'installation est simple - il suffit de le glisser sur le bord inf\u00e9rieur du verre sans avoir besoin d'adh\u00e9sif.<\/p>\n<p data-start=\"1030\" data-end=\"1049\"><strong data-start=\"1030\" data-end=\"1047\">Principales caract\u00e9ristiques:<\/strong><\/p>\n<ul data-start=\"1050\" data-end=\"1466\">\n<li data-start=\"1050\" data-end=\"1107\">\n<p data-start=\"1052\" data-end=\"1107\"><strong data-start=\"1052\" data-end=\"1065\">Mat\u00e9riel:<\/strong> Vinyle de haute qualit\u00e9 pour une utilisation durable<\/p>\n<\/li>\n<li data-start=\"1108\" data-end=\"1169\">\n<p data-start=\"1110\" data-end=\"1169\"><strong data-start=\"1110\" data-end=\"1121\">Conception :<\/strong> Joint inf\u00e9rieur coulissant avec goutti\u00e8re int\u00e9gr\u00e9e<\/p>\n<\/li>\n<li data-start=\"1170\" data-end=\"1235\">\n<p data-start=\"1172\" data-end=\"1235\"><strong data-start=\"1172\" data-end=\"1196\">Compatibilit\u00e9 du verre\u00a0:<\/strong> Convient au verre de 8 mm, 10 mm et 12 mm d'\u00e9paisseur<\/p>\n<\/li>\n<li data-start=\"1236\" data-end=\"1312\">\n<p data-start=\"1238\" data-end=\"1312\"><strong data-start=\"1238\" data-end=\"1251\">Fonction :<\/strong> Emp\u00eache les fuites d'eau et redirige l'eau dans la douche<\/p>\n<\/li>\n<li data-start=\"1313\" data-end=\"1368\">\n<p data-start=\"1315\" data-end=\"1368\"><strong data-start=\"1315\" data-end=\"1337\">Installation facile :<\/strong> Conception coulissante sans colle<\/p>\n<\/li>\n<li data-start=\"1369\" data-end=\"1466\">\n<p data-start=\"1371\" data-end=\"1466\"><strong data-start=\"1371\" data-end=\"1388\">Applications :<\/strong> Portes de douche coulissantes en verre sans cadre dans les environnements r\u00e9sidentiels et commerciaux<\/p>\n<\/li>\n<\/ul>\n<p data-start=\"1468\" data-end=\"1489\"><strong data-start=\"1468\" data-end=\"1487\">Caract\u00e9ristiques:<\/strong><\/p>\n<ul data-start=\"1490\" data-end=\"1760\">\n<li data-start=\"1490\" data-end=\"1512\">\n<p data-start=\"1492\" data-end=\"1512\"><strong data-start=\"1492\" data-end=\"1502\">Mod\u00e8le :<\/strong> YP309S1<\/p>\n<\/li>\n<li data-start=\"1513\" data-end=\"1536\">\n<p data-start=\"1515\" data-end=\"1536\"><strong data-start=\"1515\" data-end=\"1528\">Mat\u00e9riel:<\/strong> Vinyle<\/p>\n<\/li>\n<li data-start=\"1537\" data-end=\"1585\">\n<p data-start=\"1539\" data-end=\"1585\"><strong data-start=\"1539\" data-end=\"1548\">Taper:<\/strong> Joint inf\u00e9rieur coulissant avec larmier<\/p>\n<\/li>\n<li data-start=\"1586\" data-end=\"1653\">\n<p data-start=\"1588\" data-end=\"1653\"><strong data-start=\"1588\" data-end=\"1613\">S'adapte \u00e0 l'\u00e9paisseur du verre :<\/strong> 5\/16\u2033 (8mm), 3\/8\u2033 (10mm), 1\/2\u2033 (12mm)<\/p>\n<\/li>\n<li data-start=\"1654\" data-end=\"1712\">\n<p data-start=\"1656\" data-end=\"1712\"><strong data-start=\"1656\" data-end=\"1669\">Fonction :<\/strong> R\u00e9orientation de l'eau et pr\u00e9vention des fuites<\/p>\n<\/li>\n<li data-start=\"1713\" data-end=\"1760\">\n<p data-start=\"1715\" data-end=\"1760\"><strong data-start=\"1715\" data-end=\"1732\">Installation :<\/strong> Glisser sans adh\u00e9sif<\/p>\n<\/li>\n<\/ul>","protected":false},"excerpt":{"rendered":"<ul>\n<li>Joint d'\u00e9tanch\u00e9it\u00e9 inf\u00e9rieur coulissant avec larmier ;<\/li>\n<li>Convient aux portes en verre d'une \u00e9paisseur de 8 mm, 10 mm et 12 mm ;<\/li>\n<li>Vinyle ;<\/li>\n<\/ul>","protected":false},"featured_media":4305,"comment_status":"open","ping_status":"closed","template":"","meta":{"_acf_changed":false},"product_brand":[],"product_cat":[114,168,152],"product_tag":[],"class_list":{"0":"post-4304","1":"product","2":"type-product","3":"status-publish","4":"has-post-thumbnail","6":"product_cat-shower-door-seals","7":"product_cat-shower-door-bottom-seal","8":"product_cat-drip-rail-seal","9":"pa_finish-black-2","10":"pa_finish-clear","11":"pa_finish-customized-colors","12":"pa_glass-thickness-1-2-inch-12mm","13":"pa_glass-thickness-3-8-inch-10mm","14":"pa_glass-thickness-5-16-inch-8mm","15":"pa_material-vinyl","17":"first","18":"instock","19":"taxable","20":"shipping-taxable","21":"product-type-simple"},"acf":[],"_links":{"self":[{"href":"https:\/\/showerglasshardware.com\/fr-fr\/wp-json\/wp\/v2\/product\/4304","targetHints":{"allow":["GET"]}}],"collection":[{"href":"https:\/\/showerglasshardware.com\/fr-fr\/wp-json\/wp\/v2\/product"}],"about":[{"href":"https:\/\/showerglasshardware.com\/fr-fr\/wp-json\/wp\/v2\/types\/product"}],"replies":[{"embeddable":true,"href":"https:\/\/showerglasshardware.com\/fr-fr\/wp-json\/wp\/v2\/comments?post=4304"}],"version-history":[{"count":4,"href":"https:\/\/showerglasshardware.com\/fr-fr\/wp-json\/wp\/v2\/product\/4304\/revisions"}],"predecessor-version":[{"id":4586,"href":"https:\/\/showerglasshardware.com\/fr-fr\/wp-json\/wp\/v2\/product\/4304\/revisions\/4586"}],"wp:featuredmedia":[{"embeddable":true,"href":"https:\/\/showerglasshardware.com\/fr-fr\/wp-json\/wp\/v2\/media\/4305"}],"wp:attachment":[{"href":"https:\/\/showerglasshardware.com\/fr-fr\/wp-json\/wp\/v2\/media?parent=4304"}],"wp:term":[{"taxonomy":"product_brand","embeddable":true,"href":"https:\/\/showerglasshardware.com\/fr-fr\/wp-json\/wp\/v2\/product_brand?post=4304"},{"taxonomy":"product_cat","embeddable":true,"href":"https:\/\/showerglasshardware.com\/fr-fr\/wp-json\/wp\/v2\/product_cat?post=4304"},{"taxonomy":"product_tag","embeddable":true,"href":"https:\/\/showerglasshardware.com\/fr-fr\/wp-json\/wp\/v2\/product_tag?post=4304"}],"curies":[{"name":"wp","href":"https:\/\/api.w.org\/{rel}","templated":true}]}}