{"id":4307,"date":"2025-02-14T08:43:44","date_gmt":"2025-02-14T08:43:44","guid":{"rendered":"https:\/\/showerglasshardware.com\/?post_type=product&#038;p=4307"},"modified":"2025-08-13T13:35:39","modified_gmt":"2025-08-13T13:35:39","slug":"frameless-sliding-shower-door-bottom-seal-yppvc18","status":"publish","type":"product","link":"https:\/\/showerglasshardware.com\/fr-fr\/product\/frameless-sliding-shower-door-bottom-seal-yppvc18\/","title":{"rendered":"Joint de bas de porte de douche coulissante sans cadre YPPVC18"},"content":{"rendered":"<p data-start=\"452\" data-end=\"641\">Le joint de bas de porte de douche coulissante sans cadre YPPVC18 est un \u00e9l\u00e9ment essentiel de toute cabine de douche coulissante sans cadre, con\u00e7u pour emp\u00eacher les fuites d'eau et garder le sol de votre salle de bains au sec.<\/p>\n<p data-start=\"643\" data-end=\"924\">Ce joint inf\u00e9rieur de haute qualit\u00e9 s'adapte aux portes en verre d'une \u00e9paisseur de 5\/16\u2033 (8 mm), 3\/8\u2033 (10 mm) et 1\/2\u2033 (12 mm), ce qui le rend polyvalent pour diverses conceptions de douche. La barre d'\u00e9gouttement int\u00e9gr\u00e9e redirige l'eau vers l'int\u00e9rieur de la cabine de douche, minimisant les fuites et garantissant une salle de bain propre et s\u00e8che.<\/p>\n<p data-start=\"926\" data-end=\"1044\">Facile \u00e0 installer, ce joint inf\u00e9rieur peut \u00eatre gliss\u00e9 ou encliquet\u00e9 sur le bas de la porte sans n\u00e9cessiter d'adh\u00e9sif.<\/p>\n<p data-start=\"1046\" data-end=\"1065\"><strong data-start=\"1046\" data-end=\"1063\">Principales caract\u00e9ristiques:<\/strong><\/p>\n<ul data-start=\"1066\" data-end=\"1430\">\n<li data-start=\"1066\" data-end=\"1138\">\n<p data-start=\"1068\" data-end=\"1138\"><strong data-start=\"1068\" data-end=\"1079\">Conception :<\/strong> Joint de bas de porte de douche coulissante sans cadre avec larmier<\/p>\n<\/li>\n<li data-start=\"1139\" data-end=\"1204\">\n<p data-start=\"1141\" data-end=\"1204\"><strong data-start=\"1141\" data-end=\"1165\">Compatibilit\u00e9 du verre\u00a0:<\/strong> Convient au verre de 8 mm, 10 mm et 12 mm d'\u00e9paisseur<\/p>\n<\/li>\n<li data-start=\"1205\" data-end=\"1287\">\n<p data-start=\"1207\" data-end=\"1287\"><strong data-start=\"1207\" data-end=\"1220\">Fonction :<\/strong> La barre d'\u00e9gouttement redirige l'eau vers la douche, \u00e9vitant ainsi les fuites.<\/p>\n<\/li>\n<li data-start=\"1288\" data-end=\"1371\">\n<p data-start=\"1290\" data-end=\"1371\"><strong data-start=\"1290\" data-end=\"1312\">Installation facile :<\/strong> Aucun adh\u00e9sif n'est n\u00e9cessaire - conception simple \u00e0 glisser ou \u00e0 encliqueter<\/p>\n<\/li>\n<li data-start=\"1372\" data-end=\"1430\">\n<p data-start=\"1374\" data-end=\"1430\"><strong data-start=\"1374\" data-end=\"1391\">Applications :<\/strong> Portes de douche coulissantes en verre sans cadre<\/p>\n<\/li>\n<\/ul>\n<p data-start=\"1432\" data-end=\"1453\"><strong data-start=\"1432\" data-end=\"1451\">Caract\u00e9ristiques:<\/strong><\/p>\n<ul data-start=\"1454\" data-end=\"1730\">\n<li data-start=\"1454\" data-end=\"1476\">\n<p data-start=\"1456\" data-end=\"1476\"><strong data-start=\"1456\" data-end=\"1466\">Mod\u00e8le :<\/strong> YPPVC18<\/p>\n<\/li>\n<li data-start=\"1477\" data-end=\"1498\">\n<p data-start=\"1479\" data-end=\"1498\"><strong data-start=\"1479\" data-end=\"1492\">Mat\u00e9riel:<\/strong> PVC<\/p>\n<\/li>\n<li data-start=\"1499\" data-end=\"1554\">\n<p data-start=\"1501\" data-end=\"1554\"><strong data-start=\"1501\" data-end=\"1510\">Taper:<\/strong> Joint de bas de porte de douche coulissante sans cadre<\/p>\n<\/li>\n<li data-start=\"1555\" data-end=\"1622\">\n<p data-start=\"1557\" data-end=\"1622\"><strong data-start=\"1557\" data-end=\"1582\">S'adapte \u00e0 l'\u00e9paisseur du verre :<\/strong> 5\/16\u2033 (8mm), 3\/8\u2033 (10mm), 1\/2\u2033 (12mm)<\/p>\n<\/li>\n<li data-start=\"1623\" data-end=\"1681\">\n<p data-start=\"1625\" data-end=\"1681\"><strong data-start=\"1625\" data-end=\"1638\">Fonction :<\/strong> R\u00e9orientation de l'eau et pr\u00e9vention des fuites<\/p>\n<\/li>\n<li data-start=\"1682\" data-end=\"1730\">\n<p data-start=\"1684\" data-end=\"1730\"><strong data-start=\"1684\" data-end=\"1701\">Installation :<\/strong> Conception coulissante ou encliquetable<\/p>\n<\/li>\n<\/ul>","protected":false},"excerpt":{"rendered":"<ul>\n<li>Joint de bas de porte de douche coulissante sans cadre<\/li>\n<li>Convient aux portes en verre d'une \u00e9paisseur de 8 mm, 10 mm et 12 mm.<\/li>\n<li data-mce-fragment=\"1\">La barre d'\u00e9gouttement redirige l'eau dans la cabine de douche.<\/li>\n<\/ul>","protected":false},"featured_media":4308,"comment_status":"open","ping_status":"closed","template":"","meta":{"_acf_changed":false},"product_brand":[],"product_cat":[114,168,152],"product_tag":[],"class_list":{"0":"post-4307","1":"product","2":"type-product","3":"status-publish","4":"has-post-thumbnail","6":"product_cat-shower-door-seals","7":"product_cat-shower-door-bottom-seal","8":"product_cat-drip-rail-seal","9":"pa_finish-black-2","10":"pa_finish-clear","11":"pa_finish-customized-colors","12":"pa_glass-thickness-1-2-inch-12mm","13":"pa_glass-thickness-3-8-inch-10mm","14":"pa_glass-thickness-5-16-inch-8mm","15":"pa_material-vinyl","17":"first","18":"instock","19":"taxable","20":"shipping-taxable","21":"product-type-simple"},"acf":[],"_links":{"self":[{"href":"https:\/\/showerglasshardware.com\/fr-fr\/wp-json\/wp\/v2\/product\/4307","targetHints":{"allow":["GET"]}}],"collection":[{"href":"https:\/\/showerglasshardware.com\/fr-fr\/wp-json\/wp\/v2\/product"}],"about":[{"href":"https:\/\/showerglasshardware.com\/fr-fr\/wp-json\/wp\/v2\/types\/product"}],"replies":[{"embeddable":true,"href":"https:\/\/showerglasshardware.com\/fr-fr\/wp-json\/wp\/v2\/comments?post=4307"}],"version-history":[{"count":3,"href":"https:\/\/showerglasshardware.com\/fr-fr\/wp-json\/wp\/v2\/product\/4307\/revisions"}],"predecessor-version":[{"id":4646,"href":"https:\/\/showerglasshardware.com\/fr-fr\/wp-json\/wp\/v2\/product\/4307\/revisions\/4646"}],"wp:featuredmedia":[{"embeddable":true,"href":"https:\/\/showerglasshardware.com\/fr-fr\/wp-json\/wp\/v2\/media\/4308"}],"wp:attachment":[{"href":"https:\/\/showerglasshardware.com\/fr-fr\/wp-json\/wp\/v2\/media?parent=4307"}],"wp:term":[{"taxonomy":"product_brand","embeddable":true,"href":"https:\/\/showerglasshardware.com\/fr-fr\/wp-json\/wp\/v2\/product_brand?post=4307"},{"taxonomy":"product_cat","embeddable":true,"href":"https:\/\/showerglasshardware.com\/fr-fr\/wp-json\/wp\/v2\/product_cat?post=4307"},{"taxonomy":"product_tag","embeddable":true,"href":"https:\/\/showerglasshardware.com\/fr-fr\/wp-json\/wp\/v2\/product_tag?post=4307"}],"curies":[{"name":"wp","href":"https:\/\/api.w.org\/{rel}","templated":true}]}}