{"id":4362,"date":"2025-02-20T06:34:49","date_gmt":"2025-02-20T06:34:49","guid":{"rendered":"https:\/\/showerglasshardware.com\/?post_type=product&#038;p=4362"},"modified":"2025-08-11T03:59:27","modified_gmt":"2025-08-11T03:59:27","slug":"shower-door-one-piece-bottom-rail-with-clear-wipe-yp301","status":"publish","type":"product","link":"https:\/\/showerglasshardware.com\/fr-fr\/product\/shower-door-one-piece-bottom-rail-with-clear-wipe-yp301\/","title":{"rendered":"Barre inf\u00e9rieure de porte de douche en une pi\u00e8ce avec essuyage transparent YP301"},"content":{"rendered":"<p data-start=\"439\" data-end=\"819\">Le <strong data-start=\"475\" data-end=\"534\">YP301 Rail inf\u00e9rieur monobloc pour porte de douche avec essuyage transparent<\/strong> est con\u00e7u pour assurer une \u00e9tanch\u00e9it\u00e9 fiable et discr\u00e8te des portes de douche en verre sans cadre. Fabriqu\u00e9 \u00e0 partir de mat\u00e9riaux durables de haute qualit\u00e9, ce balai inf\u00e9rieur d'une seule pi\u00e8ce s'enclenche fermement sur le bord inf\u00e9rieur de la porte en verre, cr\u00e9ant un joint \u00e9tanche qui minimise les fuites et les \u00e9claboussures.<\/p>\n<p data-start=\"821\" data-end=\"1084\">Son bord effa\u00e7able transparent est \u00e0 la fois souple et robuste, ce qui garantit des performances durables sans compromettre l'aspect \u00e9l\u00e9gant de votre cabine de douche. Id\u00e9ale pour les installations de salles de bains r\u00e9sidentielles et commerciales, cette barre inf\u00e9rieure est facile \u00e0 installer et \u00e0 entretenir.<\/p>\n<p data-start=\"1086\" data-end=\"1105\"><strong data-start=\"1086\" data-end=\"1103\">Principales caract\u00e9ristiques:<\/strong><\/p>\n<ul data-start=\"1106\" data-end=\"1528\">\n<li data-start=\"1106\" data-end=\"1186\">\n<p data-start=\"1108\" data-end=\"1186\"><strong data-start=\"1108\" data-end=\"1128\">Conception en une seule pi\u00e8ce<\/strong> - Construction \u00e9pur\u00e9e et durable pour un look \u00e9pur\u00e9<\/p>\n<\/li>\n<li data-start=\"1187\" data-end=\"1262\">\n<p data-start=\"1189\" data-end=\"1262\"><strong data-start=\"1189\" data-end=\"1208\">Joint d'\u00e9tanch\u00e9it\u00e9 transparent<\/strong> - Vinyle transparent flexible pour un blocage efficace de l'eau<\/p>\n<\/li>\n<li data-start=\"1263\" data-end=\"1343\">\n<p data-start=\"1265\" data-end=\"1343\"><strong data-start=\"1265\" data-end=\"1286\">Installation facile<\/strong> - S'accroche au fond du verre sans adh\u00e9sif<\/p>\n<\/li>\n<li data-start=\"1344\" data-end=\"1414\">\n<p data-start=\"1346\" data-end=\"1414\"><strong data-start=\"1346\" data-end=\"1370\">Tailles d'\u00e9cartement sugg\u00e9r\u00e9es :<\/strong> 5\/16\u2033 (8mm), 3\/8\u2033 (10mm), et 1\/2\u2033 (12mm)<\/p>\n<\/li>\n<li data-start=\"1415\" data-end=\"1464\">\n<p data-start=\"1417\" data-end=\"1464\"><strong data-start=\"1417\" data-end=\"1433\">Application:<\/strong> Portes de douche en verre sans cadre<\/p>\n<\/li>\n<li data-start=\"1465\" data-end=\"1528\">\n<p data-start=\"1467\" data-end=\"1528\"><strong data-start=\"1467\" data-end=\"1486\">Faible entretien<\/strong> - Facile \u00e0 nettoyer et \u00e0 remplacer si n\u00e9cessaire<\/p>\n<\/li>\n<\/ul>\n<p data-start=\"1530\" data-end=\"1551\"><strong data-start=\"1530\" data-end=\"1549\">Caract\u00e9ristiques:<\/strong><\/p>\n<ul data-start=\"1552\" data-end=\"1836\">\n<li data-start=\"1552\" data-end=\"1572\">\n<p data-start=\"1554\" data-end=\"1572\"><strong data-start=\"1554\" data-end=\"1564\">Mod\u00e8le :<\/strong> YP301<\/p>\n<\/li>\n<li data-start=\"1573\" data-end=\"1624\">\n<p data-start=\"1575\" data-end=\"1624\"><strong data-start=\"1575\" data-end=\"1584\">Taper:<\/strong> Rail inf\u00e9rieur d'une seule pi\u00e8ce avec essuie-glace transparent<\/p>\n<\/li>\n<li data-start=\"1625\" data-end=\"1685\">\n<p data-start=\"1627\" data-end=\"1685\"><strong data-start=\"1627\" data-end=\"1640\">Mat\u00e9riel:<\/strong> PVC\/vinyle de haute qualit\u00e9 (joint) + base rigide<\/p>\n<\/li>\n<li data-start=\"1686\" data-end=\"1736\">\n<p data-start=\"1688\" data-end=\"1736\"><strong data-start=\"1688\" data-end=\"1705\">Installation :<\/strong> S'encliqu\u00e8te sur le fond de la porte en verre<\/p>\n<\/li>\n<li data-start=\"1737\" data-end=\"1782\">\n<p data-start=\"1739\" data-end=\"1782\"><strong data-start=\"1739\" data-end=\"1764\">S'adapte \u00e0 l'\u00e9paisseur du verre :<\/strong> 8mm, 10mm, 12mm<\/p>\n<\/li>\n<li data-start=\"1783\" data-end=\"1836\">\n<p data-start=\"1785\" data-end=\"1836\"><strong data-start=\"1785\" data-end=\"1798\">Fonction :<\/strong> Pr\u00e9venir les fuites et les \u00e9claboussures d'eau<\/p>\n<\/li>\n<\/ul>","protected":false},"excerpt":{"rendered":"<ul>\n<li>Barre inf\u00e9rieure de porte de douche en une seule pi\u00e8ce avec essuyage transparent ;<\/li>\n<li>Balayage du fond en une seule pi\u00e8ce ;<\/li>\n<li>S'enclenche sur le bas de la porte pour assurer l'\u00e9tanch\u00e9it\u00e9 ;<\/li>\n<li>Espace sugg\u00e9r\u00e9 : 5\/16\u2033 (8mm), 3\/8\u2033 (10mm), et 1\/2\u2033 (12mm) ;<\/li>\n<\/ul>","protected":false},"featured_media":4363,"comment_status":"open","ping_status":"closed","template":"","meta":{"_acf_changed":false},"product_brand":[],"product_cat":[152,114,168,155],"product_tag":[],"class_list":{"0":"post-4362","1":"product","2":"type-product","3":"status-publish","4":"has-post-thumbnail","6":"product_cat-drip-rail-seal","7":"product_cat-shower-door-seals","8":"product_cat-shower-door-bottom-seal","9":"product_cat-one-piece-bottom-rail-seal","10":"pa_finish-clear","11":"pa_finish-customized-colors","12":"pa_glass-thickness-1-2-inch-12mm","13":"pa_glass-thickness-3-8-inch-10mm","14":"pa_glass-thickness-5-16-inch-8mm","15":"pa_material-vinyl","17":"first","18":"instock","19":"taxable","20":"shipping-taxable","21":"product-type-simple"},"acf":[],"_links":{"self":[{"href":"https:\/\/showerglasshardware.com\/fr-fr\/wp-json\/wp\/v2\/product\/4362","targetHints":{"allow":["GET"]}}],"collection":[{"href":"https:\/\/showerglasshardware.com\/fr-fr\/wp-json\/wp\/v2\/product"}],"about":[{"href":"https:\/\/showerglasshardware.com\/fr-fr\/wp-json\/wp\/v2\/types\/product"}],"replies":[{"embeddable":true,"href":"https:\/\/showerglasshardware.com\/fr-fr\/wp-json\/wp\/v2\/comments?post=4362"}],"version-history":[{"count":3,"href":"https:\/\/showerglasshardware.com\/fr-fr\/wp-json\/wp\/v2\/product\/4362\/revisions"}],"predecessor-version":[{"id":4569,"href":"https:\/\/showerglasshardware.com\/fr-fr\/wp-json\/wp\/v2\/product\/4362\/revisions\/4569"}],"wp:featuredmedia":[{"embeddable":true,"href":"https:\/\/showerglasshardware.com\/fr-fr\/wp-json\/wp\/v2\/media\/4363"}],"wp:attachment":[{"href":"https:\/\/showerglasshardware.com\/fr-fr\/wp-json\/wp\/v2\/media?parent=4362"}],"wp:term":[{"taxonomy":"product_brand","embeddable":true,"href":"https:\/\/showerglasshardware.com\/fr-fr\/wp-json\/wp\/v2\/product_brand?post=4362"},{"taxonomy":"product_cat","embeddable":true,"href":"https:\/\/showerglasshardware.com\/fr-fr\/wp-json\/wp\/v2\/product_cat?post=4362"},{"taxonomy":"product_tag","embeddable":true,"href":"https:\/\/showerglasshardware.com\/fr-fr\/wp-json\/wp\/v2\/product_tag?post=4362"}],"curies":[{"name":"wp","href":"https:\/\/api.w.org\/{rel}","templated":true}]}}