{"id":4380,"date":"2025-03-27T01:27:05","date_gmt":"2025-03-27T01:27:05","guid":{"rendered":"https:\/\/showerglasshardware.com\/?post_type=product&#038;p=4380"},"modified":"2026-03-30T06:58:28","modified_gmt":"2026-03-30T06:58:28","slug":"brass-wall-mount-glass-shower-door-hinge-with-cover-sgh-7002a","status":"publish","type":"product","link":"https:\/\/showerglasshardware.com\/fr-fr\/product\/brass-wall-mount-glass-shower-door-hinge-with-cover-sgh-7002a\/","title":{"rendered":"Charni\u00e8re de porte de douche en verre \u00e0 montage mural en laiton avec couvercle SGH-7002A"},"content":{"rendered":"<p data-start=\"466\" data-end=\"784\">Le <strong data-start=\"508\" data-end=\"573\">SGH-7002A Charni\u00e8re de porte de douche en verre \u00e0 montage mural en laiton avec couvercle<\/strong> offre un \u00e9quilibre parfait entre r\u00e9sistance, style et durabilit\u00e9. Fabriqu\u00e9 en <strong data-start=\"648\" data-end=\"663\">laiton massif<\/strong>Cette charni\u00e8re est con\u00e7ue pour les portes de douche en verre sans cadre, offrant des performances fiables et une apparence \u00e9l\u00e9gante.<\/p>\n<p data-start=\"786\" data-end=\"1051\">Avec un <strong data-start=\"793\" data-end=\"831\">capacit\u00e9 de charge de 35 kg (deux charni\u00e8res)<\/strong>Il assure un soutien s\u00fbr de la porte tout en maintenant un fonctionnement stable et sans \u00e0-coups. Le couvercle int\u00e9gr\u00e9 dissimule les vis pour un aspect propre et moderne, ce qui le rend id\u00e9al pour les installations de salles de bains r\u00e9sidentielles et commerciales.<\/p>\n<p data-start=\"1053\" data-end=\"1072\"><strong data-start=\"1053\" data-end=\"1070\">Principales caract\u00e9ristiques:<\/strong><\/p>\n<ul data-start=\"1073\" data-end=\"1600\">\n<li data-start=\"1073\" data-end=\"1149\">\n<p data-start=\"1075\" data-end=\"1149\"><strong data-start=\"1075\" data-end=\"1088\">Mat\u00e9riel:<\/strong> Laiton massif pour une solidit\u00e9 et une r\u00e9sistance \u00e0 la corrosion sup\u00e9rieures<\/p>\n<\/li>\n<li data-start=\"1150\" data-end=\"1228\">\n<p data-start=\"1152\" data-end=\"1228\"><strong data-start=\"1152\" data-end=\"1163\">Conception :<\/strong> Charni\u00e8re murale avec cache-vis pour une finition \u00e9l\u00e9gante<\/p>\n<\/li>\n<li data-start=\"1229\" data-end=\"1269\">\n<p data-start=\"1231\" data-end=\"1269\"><strong data-start=\"1231\" data-end=\"1249\">Capacit\u00e9 de charge :<\/strong> 35 kg (deux charni\u00e8res)<\/p>\n<\/li>\n<li data-start=\"1270\" data-end=\"1330\">\n<p data-start=\"1272\" data-end=\"1330\"><strong data-start=\"1272\" data-end=\"1306\">Compatibilit\u00e9 des \u00e9paisseurs de verre\u00a0:<\/strong> 8-12mm<\/p>\n<\/li>\n<li data-start=\"1331\" data-end=\"1405\">\n<p data-start=\"1333\" data-end=\"1405\"><strong data-start=\"1333\" data-end=\"1354\">Fonctionnement en douceur :<\/strong> Ing\u00e9nierie de pr\u00e9cision pour un mouvement silencieux et stable<\/p>\n<\/li>\n<li data-start=\"1406\" data-end=\"1512\">\n<p data-start=\"1408\" data-end=\"1512\"><strong data-start=\"1408\" data-end=\"1431\">Finitions polyvalentes :<\/strong> Chrome, nickel satin\u00e9, noir mat, or - s'adapte \u00e0 une vari\u00e9t\u00e9 de styles de salles de bains<\/p>\n<\/li>\n<li data-start=\"1513\" data-end=\"1600\">\n<p data-start=\"1515\" data-end=\"1600\"><strong data-start=\"1515\" data-end=\"1531\">Application:<\/strong> Portes de douche en verre sans cadre dans un cadre r\u00e9sidentiel ou commercial<\/p>\n<\/li>\n<\/ul>\n<p data-start=\"1602\" data-end=\"1623\"><strong data-start=\"1602\" data-end=\"1621\">Caract\u00e9ristiques:<\/strong><\/p>\n<ul data-start=\"1624\" data-end=\"1870\">\n<li data-start=\"1624\" data-end=\"1648\">\n<p data-start=\"1626\" data-end=\"1648\"><strong data-start=\"1626\" data-end=\"1636\">Mod\u00e8le :<\/strong> SGH-7002A<\/p>\n<\/li>\n<li data-start=\"1649\" data-end=\"1672\">\n<p data-start=\"1651\" data-end=\"1672\"><strong data-start=\"1651\" data-end=\"1664\">Mat\u00e9riel:<\/strong> Laiton<\/p>\n<\/li>\n<li data-start=\"1673\" data-end=\"1714\">\n<p data-start=\"1675\" data-end=\"1714\"><strong data-start=\"1675\" data-end=\"1692\">Installation :<\/strong> Fixation murale sur verre<\/p>\n<\/li>\n<li data-start=\"1715\" data-end=\"1758\">\n<p data-start=\"1717\" data-end=\"1758\"><strong data-start=\"1717\" data-end=\"1738\">Capacit\u00e9 de chargement :<\/strong> 35 kg (deux charni\u00e8res)<\/p>\n<\/li>\n<li data-start=\"1759\" data-end=\"1826\">\n<p data-start=\"1761\" data-end=\"1826\"><strong data-start=\"1761\" data-end=\"1784\">Finitions disponibles :<\/strong> Chrome, nickel satin\u00e9, noir mat, or<\/p>\n<\/li>\n<li data-start=\"1827\" data-end=\"1870\">\n<p data-start=\"1829\" data-end=\"1870\"><strong data-start=\"1829\" data-end=\"1839\">Utilisation :<\/strong> Portes de douche en verre sans cadre<\/p>\n<\/li>\n<\/ul>","protected":false},"excerpt":{"rendered":"<p>Charni\u00e8re de porte de douche en verre \u00e0 montage mural en laiton avec couvercle<\/p>\n<ul>\n<li>Laiton<\/li>\n<li>Charni\u00e8res pour verre \u00e0 montage mural<\/li>\n<li>Chargement : 35kgs (deux charni\u00e8res)<\/li>\n<li>Finitions : Chrome\/ Nickel satin\u00e9\/ Noir mat\/ Or<\/li>\n<\/ul>","protected":false},"featured_media":4381,"comment_status":"open","ping_status":"closed","template":"","meta":{"_acf_changed":false},"product_brand":[],"product_cat":[20,21],"product_tag":[],"class_list":{"0":"post-4380","1":"product","2":"type-product","3":"status-publish","4":"has-post-thumbnail","6":"product_cat-shower-door-hinges","7":"product_cat-glass-to-wall-hinges","8":"pa_finish-brushed-nickel","9":"pa_finish-chrome","10":"pa_finish-gold","11":"pa_finish-black","12":"pa_glass-thickness-1-4-inch-6mm","13":"pa_glass-thickness-3-8-inch-10mm","14":"pa_glass-thickness-5-16-inch-8mm","15":"pa_load-bearing-35kg-2pcs","16":"pa_material-brass","18":"first","19":"instock","20":"product-type-simple"},"acf":[],"_links":{"self":[{"href":"https:\/\/showerglasshardware.com\/fr-fr\/wp-json\/wp\/v2\/product\/4380","targetHints":{"allow":["GET"]}}],"collection":[{"href":"https:\/\/showerglasshardware.com\/fr-fr\/wp-json\/wp\/v2\/product"}],"about":[{"href":"https:\/\/showerglasshardware.com\/fr-fr\/wp-json\/wp\/v2\/types\/product"}],"replies":[{"embeddable":true,"href":"https:\/\/showerglasshardware.com\/fr-fr\/wp-json\/wp\/v2\/comments?post=4380"}],"version-history":[{"count":4,"href":"https:\/\/showerglasshardware.com\/fr-fr\/wp-json\/wp\/v2\/product\/4380\/revisions"}],"predecessor-version":[{"id":5280,"href":"https:\/\/showerglasshardware.com\/fr-fr\/wp-json\/wp\/v2\/product\/4380\/revisions\/5280"}],"wp:featuredmedia":[{"embeddable":true,"href":"https:\/\/showerglasshardware.com\/fr-fr\/wp-json\/wp\/v2\/media\/4381"}],"wp:attachment":[{"href":"https:\/\/showerglasshardware.com\/fr-fr\/wp-json\/wp\/v2\/media?parent=4380"}],"wp:term":[{"taxonomy":"product_brand","embeddable":true,"href":"https:\/\/showerglasshardware.com\/fr-fr\/wp-json\/wp\/v2\/product_brand?post=4380"},{"taxonomy":"product_cat","embeddable":true,"href":"https:\/\/showerglasshardware.com\/fr-fr\/wp-json\/wp\/v2\/product_cat?post=4380"},{"taxonomy":"product_tag","embeddable":true,"href":"https:\/\/showerglasshardware.com\/fr-fr\/wp-json\/wp\/v2\/product_tag?post=4380"}],"curies":[{"name":"wp","href":"https:\/\/api.w.org\/{rel}","templated":true}]}}