{"id":4472,"date":"2025-04-23T07:14:02","date_gmt":"2025-04-23T07:14:02","guid":{"rendered":"https:\/\/showerglasshardware.com\/?post_type=product&#038;p=4472"},"modified":"2025-11-21T07:35:18","modified_gmt":"2025-11-21T07:35:18","slug":"90mm-wall-mount-short-back-plate-hinge-sgh-hy23","status":"publish","type":"product","link":"https:\/\/showerglasshardware.com\/fr-fr\/product\/90mm-wall-mount-short-back-plate-hinge-sgh-hy23\/","title":{"rendered":"Charni\u00e8re courte pour plaque arri\u00e8re de 90 mm pour montage mural SGH-HY23"},"content":{"rendered":"<p data-start=\"444\" data-end=\"700\">Le <strong data-start=\"448\" data-end=\"505\">SGH-HY23 90mm Laiton Montage mural Plaque arri\u00e8re courte Charni\u00e8re<\/strong> est con\u00e7u pour une installation s\u00fbre et \u00e9l\u00e9gante des portes de douche en verre sans cadre. Fabriqu\u00e9 en <strong data-start=\"600\" data-end=\"615\">laiton massif<\/strong>Il offre une excellente solidit\u00e9, une r\u00e9sistance \u00e0 la corrosion et des performances durables.<\/p>\n<p data-start=\"702\" data-end=\"949\">Avec son <strong data-start=\"711\" data-end=\"738\">conception d'une plaque arri\u00e8re courte<\/strong>Cette charni\u00e8re offre un aspect soign\u00e9 et minimal tout en assurant un soutien solide de la paroi au verre. Elle est compatible avec des \u00e9paisseurs de verre de 8 \u00e0 12 mm, ce qui la rend polyvalente pour diverses conceptions de cabines de douche.<\/p>\n<p data-start=\"951\" data-end=\"1118\">Deux charni\u00e8res peuvent supporter en toute s\u00e9curit\u00e9 un poids maximal de porte de <strong data-start=\"1006\" data-end=\"1014\">40 kg<\/strong>Le syst\u00e8me d'ouverture de la porte permet un fonctionnement stable et sans \u00e0-coups de la porte dans les salles de bains r\u00e9sidentielles et commerciales.<\/p>\n<p data-start=\"1120\" data-end=\"1139\"><strong data-start=\"1120\" data-end=\"1137\">Principales caract\u00e9ristiques:<\/strong><\/p>\n<ul data-start=\"1140\" data-end=\"1565\">\n<li data-start=\"1140\" data-end=\"1197\">\n<p data-start=\"1142\" data-end=\"1197\"><strong data-start=\"1142\" data-end=\"1155\">Mat\u00e9riel:<\/strong> Laiton massif pour la solidit\u00e9 et la durabilit\u00e9<\/p>\n<\/li>\n<li data-start=\"1198\" data-end=\"1272\">\n<p data-start=\"1200\" data-end=\"1272\"><strong data-start=\"1200\" data-end=\"1211\">Conception :<\/strong> Plaque arri\u00e8re courte \u00e0 fixation murale pour un look propre et moderne<\/p>\n<\/li>\n<li data-start=\"1273\" data-end=\"1338\">\n<p data-start=\"1275\" data-end=\"1338\"><strong data-start=\"1275\" data-end=\"1299\">Compatibilit\u00e9 du verre\u00a0:<\/strong> Convient au verre de 8 mm, 10 mm et 12 mm d'\u00e9paisseur<\/p>\n<\/li>\n<li data-start=\"1339\" data-end=\"1381\">\n<p data-start=\"1341\" data-end=\"1381\"><strong data-start=\"1341\" data-end=\"1359\">Capacit\u00e9 de charge :<\/strong> 40kg par deux charni\u00e8res<\/p>\n<\/li>\n<li data-start=\"1382\" data-end=\"1461\">\n<p data-start=\"1384\" data-end=\"1461\"><strong data-start=\"1384\" data-end=\"1405\">Fonctionnement en douceur :<\/strong> Conception de pr\u00e9cision pour une stabilit\u00e9 et un mouvement silencieux<\/p>\n<\/li>\n<li data-start=\"1462\" data-end=\"1565\">\n<p data-start=\"1464\" data-end=\"1565\"><strong data-start=\"1464\" data-end=\"1481\">Applications :<\/strong> Convient aux portes de douche en verre sans cadre dans les maisons, les h\u00f4tels et les espaces commerciaux.<\/p>\n<\/li>\n<\/ul>\n<p data-start=\"1567\" data-end=\"1588\"><strong data-start=\"1567\" data-end=\"1586\">Caract\u00e9ristiques:<\/strong><\/p>\n<ul data-start=\"1589\" data-end=\"1864\">\n<li data-start=\"1589\" data-end=\"1612\">\n<p data-start=\"1591\" data-end=\"1612\"><strong data-start=\"1591\" data-end=\"1601\">Mod\u00e8le :<\/strong> SGH-HY23<\/p>\n<\/li>\n<li data-start=\"1613\" data-end=\"1636\">\n<p data-start=\"1615\" data-end=\"1636\"><strong data-start=\"1615\" data-end=\"1628\">Mat\u00e9riel:<\/strong> Laiton<\/p>\n<\/li>\n<li data-start=\"1637\" data-end=\"1684\">\n<p data-start=\"1639\" data-end=\"1684\"><strong data-start=\"1639\" data-end=\"1648\">Taper:<\/strong> Charni\u00e8re pour plaque arri\u00e8re courte \u00e0 montage mural<\/p>\n<\/li>\n<li data-start=\"1685\" data-end=\"1703\">\n<p data-start=\"1687\" data-end=\"1703\"><strong data-start=\"1687\" data-end=\"1696\">Taille :<\/strong> 90mm<\/p>\n<\/li>\n<li data-start=\"1704\" data-end=\"1771\">\n<p data-start=\"1706\" data-end=\"1771\"><strong data-start=\"1706\" data-end=\"1731\">S'adapte \u00e0 l'\u00e9paisseur du verre :<\/strong> 5\/16\u2033 (8mm), 3\/8\u2033 (10mm), 1\/2\u2033 (12mm)<\/p>\n<\/li>\n<li data-start=\"1772\" data-end=\"1814\">\n<p data-start=\"1774\" data-end=\"1814\"><strong data-start=\"1774\" data-end=\"1792\">Capacit\u00e9 de charge :<\/strong> 40kg par deux charni\u00e8res<\/p>\n<\/li>\n<li data-start=\"1815\" data-end=\"1864\">\n<p data-start=\"1817\" data-end=\"1864\"><strong data-start=\"1817\" data-end=\"1833\">Application:<\/strong> Portes de douche en verre sans cadre<\/p>\n<\/li>\n<\/ul>","protected":false},"excerpt":{"rendered":"<ul>\n<li>Laiton<\/li>\n<li>Montage mural Plaque arri\u00e8re courte Charni\u00e8re<\/li>\n<li>S'adapte au verre de 5\/16\u2033 \u00e0 1\/2\u2033 (8 \u00e0 12 mm)<\/li>\n<li>Poids maximal de la porte - 2 charni\u00e8res : 40 pi\u00e8ces<\/li>\n<\/ul>","protected":false},"featured_media":4474,"comment_status":"open","ping_status":"closed","template":"","meta":{"_acf_changed":false},"product_brand":[],"product_cat":[21,20],"product_tag":[131],"class_list":{"0":"post-4472","1":"product","2":"type-product","3":"status-publish","4":"has-post-thumbnail","6":"product_cat-glass-to-wall-hinges","7":"product_cat-shower-door-hinges","8":"product_tag-wall-mount-hinges","9":"pa_finish-brushed-nickel","10":"pa_finish-chrome","11":"pa_finish-gold","12":"pa_finish-black","13":"pa_glass-thickness-1-2-inch-12mm","14":"pa_glass-thickness-3-8-inch-10mm","15":"pa_glass-thickness-5-16-inch-8mm","16":"pa_load-bearing-40kg","17":"pa_material-brass","19":"first","20":"instock","21":"taxable","22":"shipping-taxable","23":"product-type-simple"},"acf":[],"_links":{"self":[{"href":"https:\/\/showerglasshardware.com\/fr-fr\/wp-json\/wp\/v2\/product\/4472","targetHints":{"allow":["GET"]}}],"collection":[{"href":"https:\/\/showerglasshardware.com\/fr-fr\/wp-json\/wp\/v2\/product"}],"about":[{"href":"https:\/\/showerglasshardware.com\/fr-fr\/wp-json\/wp\/v2\/types\/product"}],"replies":[{"embeddable":true,"href":"https:\/\/showerglasshardware.com\/fr-fr\/wp-json\/wp\/v2\/comments?post=4472"}],"version-history":[{"count":4,"href":"https:\/\/showerglasshardware.com\/fr-fr\/wp-json\/wp\/v2\/product\/4472\/revisions"}],"predecessor-version":[{"id":4571,"href":"https:\/\/showerglasshardware.com\/fr-fr\/wp-json\/wp\/v2\/product\/4472\/revisions\/4571"}],"wp:featuredmedia":[{"embeddable":true,"href":"https:\/\/showerglasshardware.com\/fr-fr\/wp-json\/wp\/v2\/media\/4474"}],"wp:attachment":[{"href":"https:\/\/showerglasshardware.com\/fr-fr\/wp-json\/wp\/v2\/media?parent=4472"}],"wp:term":[{"taxonomy":"product_brand","embeddable":true,"href":"https:\/\/showerglasshardware.com\/fr-fr\/wp-json\/wp\/v2\/product_brand?post=4472"},{"taxonomy":"product_cat","embeddable":true,"href":"https:\/\/showerglasshardware.com\/fr-fr\/wp-json\/wp\/v2\/product_cat?post=4472"},{"taxonomy":"product_tag","embeddable":true,"href":"https:\/\/showerglasshardware.com\/fr-fr\/wp-json\/wp\/v2\/product_tag?post=4472"}],"curies":[{"name":"wp","href":"https:\/\/api.w.org\/{rel}","templated":true}]}}