{"id":4480,"date":"2025-04-24T03:07:14","date_gmt":"2025-04-24T03:07:14","guid":{"rendered":"https:\/\/showerglasshardware.com\/?post_type=product&#038;p=4480"},"modified":"2025-11-21T07:33:36","modified_gmt":"2025-11-21T07:33:36","slug":"wave-180-degree-glass-to-glass-shower-door-hinge-h6903","status":"publish","type":"product","link":"https:\/\/showerglasshardware.com\/fr-fr\/product\/wave-180-degree-glass-to-glass-shower-door-hinge-h6903\/","title":{"rendered":"Charni\u00e8re de porte de douche en verre \u00e0 180 degr\u00e9s Wave H6903"},"content":{"rendered":"<p data-start=\"429\" data-end=\"667\">La charni\u00e8re de porte de douche en verre \u00e0 180 degr\u00e9s Wave H6903 allie style et fonctionnalit\u00e9 pour les cabines de douche sans cadre. Fabriqu\u00e9e en laiton massif, elle offre une excellente solidit\u00e9, une r\u00e9sistance \u00e0 la corrosion et une durabilit\u00e9 \u00e0 long terme.<\/p>\n<p data-start=\"669\" data-end=\"899\">Con\u00e7ue pour des installations verre contre verre \u00e0 un angle de 180\u00b0, cette charni\u00e8re s'adapte aux panneaux de verre d'une \u00e9paisseur de 1\/4\u2033 (6 mm) \u00e0 3\/8\u2033 (10 mm). Deux charni\u00e8res peuvent supporter en toute s\u00e9curit\u00e9 un poids de porte maximal de 35 kg, garantissant un fonctionnement stable et en douceur.<\/p>\n<p data-start=\"901\" data-end=\"1040\">Son profil \u00e9l\u00e9gant en forme de vague ajoute une touche d\u00e9corative, ce qui le rend id\u00e9al pour les salles de bains r\u00e9sidentielles haut de gamme et les espaces de douche commerciaux.<\/p>\n<p data-start=\"1042\" data-end=\"1061\"><strong data-start=\"1042\" data-end=\"1059\">Principales caract\u00e9ristiques:<\/strong><\/p>\n<ul data-start=\"1062\" data-end=\"1412\">\n<li data-start=\"1062\" data-end=\"1129\">\n<p data-start=\"1064\" data-end=\"1129\"><strong data-start=\"1064\" data-end=\"1077\">Mat\u00e9riel:<\/strong> Laiton massif pour la solidit\u00e9 et la r\u00e9sistance \u00e0 la corrosion<\/p>\n<\/li>\n<li data-start=\"1130\" data-end=\"1189\">\n<p data-start=\"1132\" data-end=\"1189\"><strong data-start=\"1132\" data-end=\"1143\">Conception :<\/strong> Charni\u00e8re verre-verre \u00e0 180\u00b0 avec profil ondul\u00e9<\/p>\n<\/li>\n<li data-start=\"1190\" data-end=\"1261\">\n<p data-start=\"1192\" data-end=\"1261\"><strong data-start=\"1192\" data-end=\"1216\">Compatibilit\u00e9 du verre\u00a0:<\/strong> Convient aux verres d'une \u00e9paisseur de 6 mm (1\/4\u2033) \u00e0 10 mm (3\/8\u2033)<\/p>\n<\/li>\n<li data-start=\"1262\" data-end=\"1304\">\n<p data-start=\"1264\" data-end=\"1304\"><strong data-start=\"1264\" data-end=\"1282\">Capacit\u00e9 de charge :<\/strong> 35kg par deux charni\u00e8res<\/p>\n<\/li>\n<li data-start=\"1305\" data-end=\"1412\">\n<p data-start=\"1307\" data-end=\"1412\"><strong data-start=\"1307\" data-end=\"1324\">Applications :<\/strong> Convient aux portes de douche en verre sans cadre dans les habitations, les h\u00f4tels et les locaux commerciaux.<\/p>\n<\/li>\n<\/ul>\n<p data-start=\"1414\" data-end=\"1435\"><strong data-start=\"1414\" data-end=\"1433\">Caract\u00e9ristiques:<\/strong><\/p>\n<ul data-start=\"1436\" data-end=\"1690\">\n<li data-start=\"1436\" data-end=\"1456\">\n<p data-start=\"1438\" data-end=\"1456\"><strong data-start=\"1438\" data-end=\"1448\">Mod\u00e8le :<\/strong> H6903<\/p>\n<\/li>\n<li data-start=\"1457\" data-end=\"1513\">\n<p data-start=\"1459\" data-end=\"1513\"><strong data-start=\"1459\" data-end=\"1468\">Taper:<\/strong> Charni\u00e8re Wave 180\u00b0 pour porte de douche verre-verre<\/p>\n<\/li>\n<li data-start=\"1514\" data-end=\"1537\">\n<p data-start=\"1516\" data-end=\"1537\"><strong data-start=\"1516\" data-end=\"1529\">Mat\u00e9riel:<\/strong> Laiton<\/p>\n<\/li>\n<li data-start=\"1538\" data-end=\"1592\">\n<p data-start=\"1540\" data-end=\"1592\"><strong data-start=\"1540\" data-end=\"1565\">S'adapte \u00e0 l'\u00e9paisseur du verre :<\/strong> 6mm (1\/4\u2033) - 10mm (3\/8\u2033)<\/p>\n<\/li>\n<li data-start=\"1593\" data-end=\"1635\">\n<p data-start=\"1595\" data-end=\"1635\"><strong data-start=\"1595\" data-end=\"1613\">Capacit\u00e9 de charge :<\/strong> 35kg par deux charni\u00e8res<\/p>\n<\/li>\n<li data-start=\"1636\" data-end=\"1690\">\n<p data-start=\"1638\" data-end=\"1690\"><strong data-start=\"1638\" data-end=\"1654\">Application:<\/strong> Parois de douche en verre sans cadre<\/p>\n<\/li>\n<\/ul>","protected":false},"excerpt":{"rendered":"<ul>\n<li>Mat\u00e9riel: Laiton<\/li>\n<li>Charni\u00e8re de porte de douche verre-verre \u00e0 180 degr\u00e9s<\/li>\n<li>\u00c9paisseur de la porte en verre : 6 mm \u00e0 10 mm (1\/4 po \u00e0 3\/8 po)<\/li>\n<li>Poids maximal de la porte - 2 charni\u00e8res : 35 pi\u00e8ces<\/li>\n<\/ul>","protected":false},"featured_media":4481,"comment_status":"open","ping_status":"closed","template":"","meta":{"_acf_changed":false},"product_brand":[],"product_cat":[20,22],"product_tag":[171],"class_list":{"0":"post-4480","1":"product","2":"type-product","3":"status-publish","4":"has-post-thumbnail","6":"product_cat-shower-door-hinges","7":"product_cat-glass-to-glass-hinges","8":"product_tag-glass-to-glass-hinges","9":"pa_finish-brushed-nickel","10":"pa_finish-chrome","11":"pa_finish-gold","12":"pa_finish-black","13":"pa_glass-thickness-1-4-inch-6mm","14":"pa_glass-thickness-3-8-inch-10mm","15":"pa_glass-thickness-5-16-inch-8mm","16":"pa_load-bearing-35kg-2pcs","17":"pa_material-brass","19":"first","20":"instock","21":"taxable","22":"shipping-taxable","23":"product-type-simple"},"acf":[],"_links":{"self":[{"href":"https:\/\/showerglasshardware.com\/fr-fr\/wp-json\/wp\/v2\/product\/4480","targetHints":{"allow":["GET"]}}],"collection":[{"href":"https:\/\/showerglasshardware.com\/fr-fr\/wp-json\/wp\/v2\/product"}],"about":[{"href":"https:\/\/showerglasshardware.com\/fr-fr\/wp-json\/wp\/v2\/types\/product"}],"replies":[{"embeddable":true,"href":"https:\/\/showerglasshardware.com\/fr-fr\/wp-json\/wp\/v2\/comments?post=4480"}],"version-history":[{"count":3,"href":"https:\/\/showerglasshardware.com\/fr-fr\/wp-json\/wp\/v2\/product\/4480\/revisions"}],"predecessor-version":[{"id":5199,"href":"https:\/\/showerglasshardware.com\/fr-fr\/wp-json\/wp\/v2\/product\/4480\/revisions\/5199"}],"wp:featuredmedia":[{"embeddable":true,"href":"https:\/\/showerglasshardware.com\/fr-fr\/wp-json\/wp\/v2\/media\/4481"}],"wp:attachment":[{"href":"https:\/\/showerglasshardware.com\/fr-fr\/wp-json\/wp\/v2\/media?parent=4480"}],"wp:term":[{"taxonomy":"product_brand","embeddable":true,"href":"https:\/\/showerglasshardware.com\/fr-fr\/wp-json\/wp\/v2\/product_brand?post=4480"},{"taxonomy":"product_cat","embeddable":true,"href":"https:\/\/showerglasshardware.com\/fr-fr\/wp-json\/wp\/v2\/product_cat?post=4480"},{"taxonomy":"product_tag","embeddable":true,"href":"https:\/\/showerglasshardware.com\/fr-fr\/wp-json\/wp\/v2\/product_tag?post=4480"}],"curies":[{"name":"wp","href":"https:\/\/api.w.org\/{rel}","templated":true}]}}