{"id":4487,"date":"2025-04-24T09:39:09","date_gmt":"2025-04-24T09:39:09","guid":{"rendered":"https:\/\/showerglasshardware.com\/?post_type=product&#038;p=4487"},"modified":"2025-11-21T07:31:06","modified_gmt":"2025-11-21T07:31:06","slug":"rounded-corner-design-90-degree-glass-to-glass-hinge-h1151r","status":"publish","type":"product","link":"https:\/\/showerglasshardware.com\/fr-fr\/product\/rounded-corner-design-90-degree-glass-to-glass-hinge-h1151r\/","title":{"rendered":"Charni\u00e8re \u00e0 angle arrondi 90 degr\u00e9s entre deux vitres H1151R"},"content":{"rendered":"<ul>\n<li>Charni\u00e8re verre-verre \u00e0 90 degr\u00e9s<\/li>\n<li>Laiton<\/li>\n<li>La porte pivote de 90\u00b0 vers l'ext\u00e9rieur<\/li>\n<li>Fermeture automatique \u00e0 0\u00b0 dans une position d'ouverture de 30\u00b0.<\/li>\n<li>Epaisseur du verre : 6(1\/4\u2033)-8(5\/16\u2033)mm<\/li>\n<li>Capacit\u00e9 de poids : 2 charni\u00e8res pour une charge maximale de 25kgs<\/li>\n<li>Installation : montage verre \u00e0 verre \u00e0 90 degr\u00e9s. Le c\u00f4t\u00e9 du verre fixe, l'autre c\u00f4t\u00e9 du verre actif, les deux verres forment un angle de 90 degr\u00e9s.<\/li>\n<\/ul>","protected":false},"excerpt":{"rendered":"<ul>\n<li>Charni\u00e8re verre-verre \u00e0 90 degr\u00e9s<\/li>\n<li>Laiton<\/li>\n<li>La porte pivote de 90\u00b0 vers l'ext\u00e9rieur<\/li>\n<li>Fermeture automatique \u00e0 0\u00b0 dans une position d'ouverture de 30\u00b0.<\/li>\n<li>Epaisseur du verre : 6(1\/4\u2033)-8(5\/16\u2033)mm<\/li>\n<\/ul>","protected":false},"featured_media":4488,"comment_status":"open","ping_status":"closed","template":"","meta":{"_acf_changed":false},"product_brand":[],"product_cat":[20,22],"product_tag":[171],"class_list":{"0":"post-4487","1":"product","2":"type-product","3":"status-publish","4":"has-post-thumbnail","6":"product_cat-shower-door-hinges","7":"product_cat-glass-to-glass-hinges","8":"product_tag-glass-to-glass-hinges","9":"pa_closing-type-self-closing-at-about-30","10":"pa_finish-brushed-nickel","11":"pa_finish-chrome","12":"pa_finish-gold","13":"pa_finish-black","14":"pa_glass-thickness-1-4-inch-6mm","15":"pa_glass-thickness-3-8-inch-10mm","16":"pa_glass-thickness-5-16-inch-8mm","17":"pa_load-bearing-25kg-2pcs","18":"pa_material-brass","20":"first","21":"instock","22":"taxable","23":"shipping-taxable","24":"product-type-simple"},"acf":[],"_links":{"self":[{"href":"https:\/\/showerglasshardware.com\/fr-fr\/wp-json\/wp\/v2\/product\/4487","targetHints":{"allow":["GET"]}}],"collection":[{"href":"https:\/\/showerglasshardware.com\/fr-fr\/wp-json\/wp\/v2\/product"}],"about":[{"href":"https:\/\/showerglasshardware.com\/fr-fr\/wp-json\/wp\/v2\/types\/product"}],"replies":[{"embeddable":true,"href":"https:\/\/showerglasshardware.com\/fr-fr\/wp-json\/wp\/v2\/comments?post=4487"}],"version-history":[{"count":2,"href":"https:\/\/showerglasshardware.com\/fr-fr\/wp-json\/wp\/v2\/product\/4487\/revisions"}],"predecessor-version":[{"id":5198,"href":"https:\/\/showerglasshardware.com\/fr-fr\/wp-json\/wp\/v2\/product\/4487\/revisions\/5198"}],"wp:featuredmedia":[{"embeddable":true,"href":"https:\/\/showerglasshardware.com\/fr-fr\/wp-json\/wp\/v2\/media\/4488"}],"wp:attachment":[{"href":"https:\/\/showerglasshardware.com\/fr-fr\/wp-json\/wp\/v2\/media?parent=4487"}],"wp:term":[{"taxonomy":"product_brand","embeddable":true,"href":"https:\/\/showerglasshardware.com\/fr-fr\/wp-json\/wp\/v2\/product_brand?post=4487"},{"taxonomy":"product_cat","embeddable":true,"href":"https:\/\/showerglasshardware.com\/fr-fr\/wp-json\/wp\/v2\/product_cat?post=4487"},{"taxonomy":"product_tag","embeddable":true,"href":"https:\/\/showerglasshardware.com\/fr-fr\/wp-json\/wp\/v2\/product_tag?post=4487"}],"curies":[{"name":"wp","href":"https:\/\/api.w.org\/{rel}","templated":true}]}}