{"id":4493,"date":"2025-04-25T09:10:30","date_gmt":"2025-04-25T09:10:30","guid":{"rendered":"https:\/\/showerglasshardware.com\/?post_type=product&#038;p=4493"},"modified":"2025-11-21T07:29:10","modified_gmt":"2025-11-21T07:29:10","slug":"brass-shower-door-hinges-glass-to-wall-h6360vc","status":"publish","type":"product","link":"https:\/\/showerglasshardware.com\/fr-fr\/product\/brass-shower-door-hinges-glass-to-wall-h6360vc\/","title":{"rendered":"Charni\u00e8res de porte de douche en laiton Verre au mur H6360VC"},"content":{"rendered":"<p data-start=\"442\" data-end=\"714\">Les charni\u00e8res de porte de douche en laiton H6360VC sont con\u00e7ues pour une installation s\u00e9curis\u00e9e du verre au mur des portes de douche sans cadre. Fabriqu\u00e9es en laiton massif, ces charni\u00e8res offrent une durabilit\u00e9 exceptionnelle, une r\u00e9sistance \u00e0 la corrosion et une finition raffin\u00e9e qui convient aux salles de bains modernes.<\/p>\n<p data-start=\"716\" data-end=\"1010\">Compatibles avec un verre d'une \u00e9paisseur de 6 mm (1\/4\u2033) \u00e0 10 mm (3\/8\u2033), deux charni\u00e8res peuvent supporter jusqu'\u00e0 35 kg en toute s\u00e9curit\u00e9, garantissant un fonctionnement stable et sans \u00e0-coups de la porte. Le m\u00e9canisme de pivotement, con\u00e7u avec pr\u00e9cision, assure un balancement silencieux et sans effort, ce qui les rend id\u00e9ales pour les applications r\u00e9sidentielles et commerciales.<\/p>\n<p data-start=\"1012\" data-end=\"1031\"><strong data-start=\"1012\" data-end=\"1029\">Principales caract\u00e9ristiques:<\/strong><\/p>\n<ul data-start=\"1032\" data-end=\"1422\">\n<li data-start=\"1032\" data-end=\"1103\">\n<p data-start=\"1034\" data-end=\"1103\"><strong data-start=\"1034\" data-end=\"1047\">Mat\u00e9riel:<\/strong> Laiton massif pour une r\u00e9sistance et une performance durable<\/p>\n<\/li>\n<li data-start=\"1104\" data-end=\"1178\">\n<p data-start=\"1106\" data-end=\"1178\"><strong data-start=\"1106\" data-end=\"1117\">Conception :<\/strong> Charni\u00e8res de montage mural verre-mur pour portes de douche sans cadre<\/p>\n<\/li>\n<li data-start=\"1179\" data-end=\"1244\">\n<p data-start=\"1181\" data-end=\"1244\"><strong data-start=\"1181\" data-end=\"1205\">Compatibilit\u00e9 du verre\u00a0:<\/strong> Convient au verre de 6 mm (1\/4\u2033) \u00e0 10 mm (3\/8\u2033)<\/p>\n<\/li>\n<li data-start=\"1245\" data-end=\"1287\">\n<p data-start=\"1247\" data-end=\"1287\"><strong data-start=\"1247\" data-end=\"1265\">Capacit\u00e9 de charge :<\/strong> 35kg par deux charni\u00e8res<\/p>\n<\/li>\n<li data-start=\"1288\" data-end=\"1355\">\n<p data-start=\"1290\" data-end=\"1355\"><strong data-start=\"1290\" data-end=\"1314\">R\u00e9sistant \u00e0 la corrosion :<\/strong> Convient aux salles de bains humides<\/p>\n<\/li>\n<li data-start=\"1356\" data-end=\"1422\">\n<p data-start=\"1358\" data-end=\"1422\"><strong data-start=\"1358\" data-end=\"1375\">Applications :<\/strong> Cabines de douche r\u00e9sidentielles et commerciales<\/p>\n<\/li>\n<\/ul>\n<p data-start=\"1424\" data-end=\"1445\"><strong data-start=\"1424\" data-end=\"1443\">Caract\u00e9ristiques:<\/strong><\/p>\n<ul data-start=\"1446\" data-end=\"1685\">\n<li data-start=\"1446\" data-end=\"1468\">\n<p data-start=\"1448\" data-end=\"1468\"><strong data-start=\"1448\" data-end=\"1458\">Mod\u00e8le :<\/strong> H6360VC<\/p>\n<\/li>\n<li data-start=\"1469\" data-end=\"1492\">\n<p data-start=\"1471\" data-end=\"1492\"><strong data-start=\"1471\" data-end=\"1484\">Mat\u00e9riel:<\/strong> Laiton<\/p>\n<\/li>\n<li data-start=\"1493\" data-end=\"1537\">\n<p data-start=\"1495\" data-end=\"1537\"><strong data-start=\"1495\" data-end=\"1504\">Taper:<\/strong> Charni\u00e8re pour montage mural verre-mur<\/p>\n<\/li>\n<li data-start=\"1538\" data-end=\"1592\">\n<p data-start=\"1540\" data-end=\"1592\"><strong data-start=\"1540\" data-end=\"1565\">S'adapte \u00e0 l'\u00e9paisseur du verre :<\/strong> 6mm (1\/4\u2033) - 10mm (3\/8\u2033)<\/p>\n<\/li>\n<li data-start=\"1593\" data-end=\"1635\">\n<p data-start=\"1595\" data-end=\"1635\"><strong data-start=\"1595\" data-end=\"1613\">Capacit\u00e9 de charge :<\/strong> 35kg par deux charni\u00e8res<\/p>\n<\/li>\n<li data-start=\"1636\" data-end=\"1685\">\n<p data-start=\"1638\" data-end=\"1685\"><strong data-start=\"1638\" data-end=\"1654\">Application:<\/strong> Portes de douche en verre sans cadre<\/p>\n<\/li>\n<\/ul>","protected":false},"excerpt":{"rendered":"<ul>\n<li>Charni\u00e8res de porte de douche verre-mur<\/li>\n<li>Charni\u00e8res pour montage mural<\/li>\n<li>Laiton<\/li>\n<li>Epaisseur du verre : 6(1\/4\u2033)-10(3\/8\u2033)mm<\/li>\n<li>Capacit\u00e9 de poids : 2 charni\u00e8res pour une charge maximale de 35kgs<\/li>\n<\/ul>","protected":false},"featured_media":4495,"comment_status":"open","ping_status":"closed","template":"","meta":{"_acf_changed":false},"product_brand":[],"product_cat":[20,21],"product_tag":[131],"class_list":{"0":"post-4493","1":"product","2":"type-product","3":"status-publish","4":"has-post-thumbnail","6":"product_cat-shower-door-hinges","7":"product_cat-glass-to-wall-hinges","8":"product_tag-wall-mount-hinges","9":"pa_finish-brushed-nickel","10":"pa_finish-chrome","11":"pa_finish-gold","12":"pa_finish-black","13":"pa_glass-thickness-1-4-inch-6mm","14":"pa_glass-thickness-3-8-inch-10mm","15":"pa_glass-thickness-5-16-inch-8mm","16":"pa_load-bearing-25kg-2pcs","17":"pa_material-brass","19":"first","20":"instock","21":"product-type-simple"},"acf":[],"_links":{"self":[{"href":"https:\/\/showerglasshardware.com\/fr-fr\/wp-json\/wp\/v2\/product\/4493","targetHints":{"allow":["GET"]}}],"collection":[{"href":"https:\/\/showerglasshardware.com\/fr-fr\/wp-json\/wp\/v2\/product"}],"about":[{"href":"https:\/\/showerglasshardware.com\/fr-fr\/wp-json\/wp\/v2\/types\/product"}],"replies":[{"embeddable":true,"href":"https:\/\/showerglasshardware.com\/fr-fr\/wp-json\/wp\/v2\/comments?post=4493"}],"version-history":[{"count":3,"href":"https:\/\/showerglasshardware.com\/fr-fr\/wp-json\/wp\/v2\/product\/4493\/revisions"}],"predecessor-version":[{"id":4579,"href":"https:\/\/showerglasshardware.com\/fr-fr\/wp-json\/wp\/v2\/product\/4493\/revisions\/4579"}],"wp:featuredmedia":[{"embeddable":true,"href":"https:\/\/showerglasshardware.com\/fr-fr\/wp-json\/wp\/v2\/media\/4495"}],"wp:attachment":[{"href":"https:\/\/showerglasshardware.com\/fr-fr\/wp-json\/wp\/v2\/media?parent=4493"}],"wp:term":[{"taxonomy":"product_brand","embeddable":true,"href":"https:\/\/showerglasshardware.com\/fr-fr\/wp-json\/wp\/v2\/product_brand?post=4493"},{"taxonomy":"product_cat","embeddable":true,"href":"https:\/\/showerglasshardware.com\/fr-fr\/wp-json\/wp\/v2\/product_cat?post=4493"},{"taxonomy":"product_tag","embeddable":true,"href":"https:\/\/showerglasshardware.com\/fr-fr\/wp-json\/wp\/v2\/product_tag?post=4493"}],"curies":[{"name":"wp","href":"https:\/\/api.w.org\/{rel}","templated":true}]}}