{"id":4499,"date":"2025-04-25T15:29:02","date_gmt":"2025-04-25T15:29:02","guid":{"rendered":"https:\/\/showerglasshardware.com\/?post_type=product&#038;p=4499"},"modified":"2025-11-21T07:26:41","modified_gmt":"2025-11-21T07:26:41","slug":"glass-shower-door-pivot-hinges-for-1-4-in-3-8-in-glass-ph-001b","status":"publish","type":"product","link":"https:\/\/showerglasshardware.com\/fr-fr\/product\/glass-shower-door-pivot-hinges-for-1-4-in-3-8-in-glass-ph-001b\/","title":{"rendered":"Charni\u00e8res pivotantes pour porte de douche en verre pour verre 1\/4 po - 3\/8 po PH-001B"},"content":{"rendered":"<p data-start=\"454\" data-end=\"737\">Le <strong data-start=\"458\" data-end=\"500\">PH-001B Charni\u00e8res pivotantes pour portes de douche en verre<\/strong> sont con\u00e7us pour assurer un fonctionnement souple et fiable des portes de douche en verre sans cadre. Fabriqu\u00e9s en <strong data-start=\"594\" data-end=\"609\">laiton massif<\/strong>Ces charni\u00e8res pivotantes allient durabilit\u00e9, r\u00e9sistance \u00e0 la corrosion et aspect \u00e9l\u00e9gant, ce qui les rend id\u00e9ales pour les salles de bains modernes.<\/p>\n<p data-start=\"739\" data-end=\"981\">Avec une taille de <strong data-start=\"754\" data-end=\"785\">96 \u00d7 74 mm (3,85 \u00d7 2,91 in)<\/strong>Ils sont con\u00e7us pour s'adapter <strong data-start=\"814\" data-end=\"862\">\u00e9paisseurs de verre de 1\/4\u2033 \u00e0 3\/8\u2033 (6-10mm)<\/strong>. Deux charni\u00e8res peuvent supporter un poids maximal de porte de <strong data-start=\"912\" data-end=\"920\">35 kg<\/strong>Le syst\u00e8me d'\u00e9clairage de la salle de bain permet d'assurer la stabilit\u00e9 et la fluidit\u00e9 des mouvements pendant de nombreuses ann\u00e9es d'utilisation.<\/p>\n<p data-start=\"983\" data-end=\"1123\">Ces charni\u00e8res pivotantes conviennent aux cabines de douche r\u00e9sidentielles et commerciales, offrant une solution de quincaillerie pratique et \u00e9l\u00e9gante.<\/p>\n<p data-start=\"1125\" data-end=\"1144\"><strong data-start=\"1125\" data-end=\"1142\">Principales caract\u00e9ristiques:<\/strong><\/p>\n<ul data-start=\"1145\" data-end=\"1506\">\n<li data-start=\"1145\" data-end=\"1209\">\n<p data-start=\"1147\" data-end=\"1209\"><strong data-start=\"1147\" data-end=\"1160\">Mat\u00e9riel:<\/strong> Laiton massif pour la solidit\u00e9 et la long\u00e9vit\u00e9<\/p>\n<\/li>\n<li data-start=\"1210\" data-end=\"1263\">\n<p data-start=\"1212\" data-end=\"1263\"><strong data-start=\"1212\" data-end=\"1223\">Conception :<\/strong> Charni\u00e8re pivotante pour un fonctionnement souple de la porte<\/p>\n<\/li>\n<li data-start=\"1264\" data-end=\"1305\">\n<p data-start=\"1266\" data-end=\"1305\"><strong data-start=\"1266\" data-end=\"1275\">Taille :<\/strong> 96 \u00d7 74 mm \/ 3.85 \u00d7 2.91 in<\/p>\n<\/li>\n<li data-start=\"1306\" data-end=\"1373\">\n<p data-start=\"1308\" data-end=\"1373\"><strong data-start=\"1308\" data-end=\"1332\">Compatibilit\u00e9 du verre\u00a0:<\/strong> Convient au verre d'une \u00e9paisseur de 1\/4\u2033 \u00e0 3\/8\u2033 (6-10 mm)<\/p>\n<\/li>\n<li data-start=\"1374\" data-end=\"1416\">\n<p data-start=\"1376\" data-end=\"1416\"><strong data-start=\"1376\" data-end=\"1394\">Capacit\u00e9 de charge :<\/strong> 35kg par deux charni\u00e8res<\/p>\n<\/li>\n<li data-start=\"1417\" data-end=\"1506\">\n<p data-start=\"1419\" data-end=\"1506\"><strong data-start=\"1419\" data-end=\"1435\">Application:<\/strong> Portes de douche en verre sans cadre dans les maisons, les h\u00f4tels et les espaces commerciaux<\/p>\n<\/li>\n<\/ul>\n<p data-start=\"1508\" data-end=\"1529\"><strong data-start=\"1508\" data-end=\"1527\">Caract\u00e9ristiques:<\/strong><\/p>\n<ul data-start=\"1530\" data-end=\"1812\">\n<li data-start=\"1530\" data-end=\"1552\">\n<p data-start=\"1532\" data-end=\"1552\"><strong data-start=\"1532\" data-end=\"1542\">Mod\u00e8le :<\/strong> PH-001B<\/p>\n<\/li>\n<li data-start=\"1553\" data-end=\"1576\">\n<p data-start=\"1555\" data-end=\"1576\"><strong data-start=\"1555\" data-end=\"1568\">Mat\u00e9riel:<\/strong> Laiton<\/p>\n<\/li>\n<li data-start=\"1577\" data-end=\"1621\">\n<p data-start=\"1579\" data-end=\"1621\"><strong data-start=\"1579\" data-end=\"1588\">Taper:<\/strong> Charni\u00e8res pivotantes pour portes de douche en verre<\/p>\n<\/li>\n<li data-start=\"1622\" data-end=\"1663\">\n<p data-start=\"1624\" data-end=\"1663\"><strong data-start=\"1624\" data-end=\"1633\">Taille :<\/strong> 96 \u00d7 74 mm (3,85 \u00d7 2,91 in)<\/p>\n<\/li>\n<li data-start=\"1664\" data-end=\"1719\">\n<p data-start=\"1666\" data-end=\"1719\"><strong data-start=\"1666\" data-end=\"1691\">S'adapte \u00e0 l'\u00e9paisseur du verre :<\/strong> 1\/4\u2033 (6mm) \u00e0 3\/8\u2033 (10mm)<\/p>\n<\/li>\n<li data-start=\"1720\" data-end=\"1762\">\n<p data-start=\"1722\" data-end=\"1762\"><strong data-start=\"1722\" data-end=\"1740\">Capacit\u00e9 de charge :<\/strong> 35kg par deux charni\u00e8res<\/p>\n<\/li>\n<li data-start=\"1763\" data-end=\"1812\">\n<p data-start=\"1765\" data-end=\"1812\"><strong data-start=\"1765\" data-end=\"1781\">Application:<\/strong> Portes de douche en verre sans cadre<\/p>\n<\/li>\n<\/ul>","protected":false},"excerpt":{"rendered":"<ul>\n<li>Charni\u00e8res pivotantes pour portes de douche en verre<\/li>\n<li>Laiton<\/li>\n<li>Taille : 96 \u00d7 74 mm \/ 3.85 \u00d7 2.91 in<\/li>\n<li>\n<div class=\"ProductDrawer__ProductSpec__Title\">Poids maximum de la porte - 2 charni\u00e8res : 35kg<\/div>\n<\/li>\n<\/ul>","protected":false},"featured_media":4500,"comment_status":"open","ping_status":"closed","template":"","meta":{"_acf_changed":false},"product_brand":[],"product_cat":[20,169],"product_tag":[177],"class_list":{"0":"post-4499","1":"product","2":"type-product","3":"status-publish","4":"has-post-thumbnail","6":"product_cat-shower-door-hinges","7":"product_cat-shower-pivot-hinges","8":"product_tag-shower-pivot-hinges","9":"pa_finish-brushed-nickel","10":"pa_finish-chrome","11":"pa_finish-gold","12":"pa_finish-black","13":"pa_glass-thickness-1-4-inch-6mm","14":"pa_glass-thickness-3-8-inch-10mm","15":"pa_glass-thickness-5-16-inch-8mm","16":"pa_load-bearing-35kg-2pcs","17":"pa_material-brass","19":"first","20":"instock","21":"taxable","22":"shipping-taxable","23":"product-type-simple"},"acf":[],"_links":{"self":[{"href":"https:\/\/showerglasshardware.com\/fr-fr\/wp-json\/wp\/v2\/product\/4499","targetHints":{"allow":["GET"]}}],"collection":[{"href":"https:\/\/showerglasshardware.com\/fr-fr\/wp-json\/wp\/v2\/product"}],"about":[{"href":"https:\/\/showerglasshardware.com\/fr-fr\/wp-json\/wp\/v2\/types\/product"}],"replies":[{"embeddable":true,"href":"https:\/\/showerglasshardware.com\/fr-fr\/wp-json\/wp\/v2\/comments?post=4499"}],"version-history":[{"count":3,"href":"https:\/\/showerglasshardware.com\/fr-fr\/wp-json\/wp\/v2\/product\/4499\/revisions"}],"predecessor-version":[{"id":4573,"href":"https:\/\/showerglasshardware.com\/fr-fr\/wp-json\/wp\/v2\/product\/4499\/revisions\/4573"}],"wp:featuredmedia":[{"embeddable":true,"href":"https:\/\/showerglasshardware.com\/fr-fr\/wp-json\/wp\/v2\/media\/4500"}],"wp:attachment":[{"href":"https:\/\/showerglasshardware.com\/fr-fr\/wp-json\/wp\/v2\/media?parent=4499"}],"wp:term":[{"taxonomy":"product_brand","embeddable":true,"href":"https:\/\/showerglasshardware.com\/fr-fr\/wp-json\/wp\/v2\/product_brand?post=4499"},{"taxonomy":"product_cat","embeddable":true,"href":"https:\/\/showerglasshardware.com\/fr-fr\/wp-json\/wp\/v2\/product_cat?post=4499"},{"taxonomy":"product_tag","embeddable":true,"href":"https:\/\/showerglasshardware.com\/fr-fr\/wp-json\/wp\/v2\/product_tag?post=4499"}],"curies":[{"name":"wp","href":"https:\/\/api.w.org\/{rel}","templated":true}]}}