{"id":451,"date":"2024-03-28T06:41:00","date_gmt":"2024-03-28T06:41:00","guid":{"rendered":"https:\/\/showerglasshardware.com\/?post_type=product&#038;p=451"},"modified":"2025-11-21T03:39:01","modified_gmt":"2025-11-21T03:39:01","slug":"135-degree-glass-to-glass-spring-hinges-sgh-1603","status":"publish","type":"product","link":"https:\/\/showerglasshardware.com\/fr-fr\/product\/135-degree-glass-to-glass-spring-hinges-sgh-1603\/","title":{"rendered":"Charni\u00e8res \u00e0 ressort de 135 degr\u00e9s pour portes en verre SD1603"},"content":{"rendered":"<p data-start=\"555\" data-end=\"722\">La charni\u00e8re \u00e0 ressort SD1603 en laiton pour porte verre-verre \u00e0 135\u00b0 est con\u00e7ue pour les cabines de douche sans cadre n\u00e9cessitant une performance souple et fiable ainsi qu'une apparence \u00e9l\u00e9gante.<\/p>\n<p data-start=\"724\" data-end=\"996\">Fabriqu\u00e9e en laiton massif, cette charni\u00e8re offre une durabilit\u00e9 et une r\u00e9sistance \u00e0 la corrosion exceptionnelles, id\u00e9ales pour les salles de bains humides. La configuration verre-verre \u00e0 135\u00b0 permet d'installer les portes en angle, ce qui est parfait pour les cabines de douche n\u00e9o-angle ou d'angle.<\/p>\n<p data-start=\"998\" data-end=\"1308\">Elle est dot\u00e9e d'un m\u00e9canisme de fermeture automatique qui am\u00e8ne automatiquement la porte en position ferm\u00e9e \u00e0 environ 30\u00b0, ce qui am\u00e9liore la commodit\u00e9 et l'\u00e9tanch\u00e9it\u00e9. Adapt\u00e9es aux vitres de 6 \u00e0 12 mm d'\u00e9paisseur, ces charni\u00e8res supportent un poids maximal de 35 kg par deux charni\u00e8res, ce qui garantit \u00e0 la fois s\u00e9curit\u00e9 et stabilit\u00e9.<\/p>\n<p data-start=\"1310\" data-end=\"1329\"><strong data-start=\"1310\" data-end=\"1327\">Principales caract\u00e9ristiques:<\/strong><\/p>\n<ul data-start=\"1330\" data-end=\"1785\">\n<li data-start=\"1330\" data-end=\"1388\">\n<p data-start=\"1332\" data-end=\"1388\"><strong data-start=\"1332\" data-end=\"1341\">Taper:<\/strong> Charni\u00e8re \u00e0 ressort 135\u00b0 pour porte de douche verre-verre<\/p>\n<\/li>\n<li data-start=\"1389\" data-end=\"1456\">\n<p data-start=\"1391\" data-end=\"1456\"><strong data-start=\"1391\" data-end=\"1404\">Mat\u00e9riel:<\/strong> Laiton massif pour la solidit\u00e9 et la r\u00e9sistance \u00e0 la corrosion<\/p>\n<\/li>\n<li data-start=\"1457\" data-end=\"1518\">\n<p data-start=\"1459\" data-end=\"1518\"><strong data-start=\"1459\" data-end=\"1483\">Compatibilit\u00e9 du verre\u00a0:<\/strong> Convient au verre tremp\u00e9 de 6 \u00e0 12 mm d'\u00e9paisseur<\/p>\n<\/li>\n<li data-start=\"1519\" data-end=\"1574\">\n<p data-start=\"1521\" data-end=\"1574\"><strong data-start=\"1521\" data-end=\"1538\">Fermeture automatique :<\/strong> Fermeture automatique \u00e0 environ 30\u00b0.<\/p>\n<\/li>\n<li data-start=\"1575\" data-end=\"1632\">\n<p data-start=\"1577\" data-end=\"1632\"><strong data-start=\"1577\" data-end=\"1595\">Capacit\u00e9 de charge :<\/strong> Supporte jusqu'\u00e0 35 kg par deux charni\u00e8res<\/p>\n<\/li>\n<li data-start=\"1633\" data-end=\"1704\">\n<p data-start=\"1635\" data-end=\"1704\"><strong data-start=\"1635\" data-end=\"1646\">Conception :<\/strong> Style sans cadre avec un balancement doux et un alignement pr\u00e9cis<\/p>\n<\/li>\n<li data-start=\"1705\" data-end=\"1785\">\n<p data-start=\"1707\" data-end=\"1785\"><strong data-start=\"1707\" data-end=\"1724\">Applications :<\/strong> Id\u00e9al pour les cabines de douche sans cadre de type n\u00e9o-angle ou d'angle<\/p>\n<\/li>\n<\/ul>\n<p data-start=\"1787\" data-end=\"1808\"><strong data-start=\"1787\" data-end=\"1806\">Caract\u00e9ristiques:<\/strong><\/p>\n<ul data-start=\"1809\" data-end=\"2126\">\n<li data-start=\"1809\" data-end=\"1830\">\n<p data-start=\"1811\" data-end=\"1830\"><strong data-start=\"1811\" data-end=\"1821\">Mod\u00e8le :<\/strong> SD1603<\/p>\n<\/li>\n<li data-start=\"1831\" data-end=\"1877\">\n<p data-start=\"1833\" data-end=\"1877\"><strong data-start=\"1833\" data-end=\"1842\">Taper:<\/strong> Charni\u00e8re \u00e0 ressort de 135\u00b0 entre deux vitres<\/p>\n<\/li>\n<li data-start=\"1878\" data-end=\"1901\">\n<p data-start=\"1880\" data-end=\"1901\"><strong data-start=\"1880\" data-end=\"1893\">Mat\u00e9riel:<\/strong> Laiton<\/p>\n<\/li>\n<li data-start=\"1902\" data-end=\"1933\">\n<p data-start=\"1904\" data-end=\"1933\"><strong data-start=\"1904\" data-end=\"1924\">Epaisseur du verre :<\/strong> 6-12mm<\/p>\n<\/li>\n<li data-start=\"1934\" data-end=\"1974\">\n<p data-start=\"1936\" data-end=\"1974\"><strong data-start=\"1936\" data-end=\"1956\">Poids maximal de la porte :<\/strong> 35kg \/ 2 charni\u00e8res<\/p>\n<\/li>\n<li data-start=\"1975\" data-end=\"2006\">\n<p data-start=\"1977\" data-end=\"2006\"><strong data-start=\"1977\" data-end=\"1994\">Fermeture automatique :<\/strong> Environ 30<\/p>\n<\/li>\n<li data-start=\"2007\" data-end=\"2031\">\n<p data-start=\"2009\" data-end=\"2031\"><strong data-start=\"2009\" data-end=\"2018\">Taille :<\/strong> 115 \u00d7 58mm<\/p>\n<\/li>\n<li data-start=\"2032\" data-end=\"2126\">\n<p data-start=\"2034\" data-end=\"2126\"><strong data-start=\"2034\" data-end=\"2053\">Options de finition :<\/strong> Chrome poli, Or poli, Nickel bross\u00e9, M\u00e9tal Gun, Noir mat<\/p>\n<\/li>\n<\/ul>\n<h2 id=\"tablepress-6-name\" class=\"tablepress-table-name tablepress-table-name-id-6\">Pinces de porte de douche en laiton S\u00e9rie SD16xx<\/h2>\n\n<table id=\"tablepress-6\" class=\"tablepress tablepress-id-6\" aria-labelledby=\"tablepress-6-name\">\n<thead>\n<tr class=\"row-1\">\n\t<th class=\"column-1\"><strong>Mod\u00e8le<\/strong><\/th><th class=\"column-2\"><strong>Image<\/strong><\/th><th class=\"column-3\"><strong>Type de montage<\/strong><\/th><th class=\"column-4\"><strong>Type de fermeture<\/strong><\/th><th class=\"column-5\"><strong>R\u00e9glable<\/strong><\/th><th class=\"column-6\"><strong>Fonctionnalit\u00e9<\/strong><\/th>\n<\/tr>\n<\/thead>\n<tbody class=\"row-striping row-hover\">\n<tr class=\"row-2\">\n\t<td class=\"column-1\"><a href=\"https:\/\/showerglasshardware.com\/fr-fr\/product\/90-degree-adjustable-brass-glass-to-wall-hinge-ac1601a\/\">SD1601A<\/a><\/td><td class=\"column-2\"><a href=\"https:\/\/showerglasshardware.com\/wp-content\/uploads\/2024\/05\/1601-5.jpg\"><img decoding=\"async\" src=\"https:\/\/showerglasshardware.com\/wp-content\/uploads\/2024\/05\/1601-5-300x300.jpg\" alt=\"Charni\u00e8re murale en laiton ajustable \u00e0 90 degr\u00e9s pour le verre, en noir mat\" width=\"60\" height=\"60\" class=\"alignnone size-medium wp-image-1846\" title=\"\" srcset=\"https:\/\/showerglasshardware.com\/wp-content\/uploads\/2024\/05\/1601-5-300x300.jpg 300w, https:\/\/showerglasshardware.com\/wp-content\/uploads\/2024\/05\/1601-5-100x100.jpg 100w, https:\/\/showerglasshardware.com\/wp-content\/uploads\/2024\/05\/1601-5-600x600.jpg 600w, https:\/\/showerglasshardware.com\/wp-content\/uploads\/2024\/05\/1601-5-150x150.jpg 150w, https:\/\/showerglasshardware.com\/wp-content\/uploads\/2024\/05\/1601-5-768x768.jpg 768w, https:\/\/showerglasshardware.com\/wp-content\/uploads\/2024\/05\/1601-5-12x12.jpg 12w, https:\/\/showerglasshardware.com\/wp-content\/uploads\/2024\/05\/1601-5.jpg 800w\" sizes=\"(max-width: 60px) 100vw, 60px\" \/><\/a><\/td><td class=\"column-3\">Plaque compl\u00e8te de 90\u00b0 entre le verre et le mur<\/td><td class=\"column-4\">Fermeture automatique \u00e0 environ 30\u00b0<\/td><td class=\"column-5\">Oui<\/td><td class=\"column-6\">Avec couverture<\/td>\n<\/tr>\n<tr class=\"row-3\">\n\t<td class=\"column-1\"><a href=\"https:\/\/showerglasshardware.com\/fr-fr\/product\/glass-to-wall-series-shower-glass-door-offset-hinge-brass-90\/\">SD1601L<\/a><\/td><td class=\"column-2\"><a href=\"https:\/\/showerglasshardware.com\/wp-content\/uploads\/2024\/04\/1601-5.jpg\"><img decoding=\"async\" src=\"https:\/\/showerglasshardware.com\/wp-content\/uploads\/2024\/04\/1601-5-300x300.jpg\" alt=\"Charni\u00e8re en laiton pour porte de douche en verre \u00e0 90 degr\u00e9s\" width=\"60\" height=\"60\" class=\"alignnone size-medium wp-image-1994\" title=\"\" srcset=\"https:\/\/showerglasshardware.com\/wp-content\/uploads\/2024\/04\/1601-5-300x300.jpg 300w, https:\/\/showerglasshardware.com\/wp-content\/uploads\/2024\/04\/1601-5-100x100.jpg 100w, https:\/\/showerglasshardware.com\/wp-content\/uploads\/2024\/04\/1601-5-600x600.jpg 600w, https:\/\/showerglasshardware.com\/wp-content\/uploads\/2024\/04\/1601-5-150x150.jpg 150w, https:\/\/showerglasshardware.com\/wp-content\/uploads\/2024\/04\/1601-5-768x768.jpg 768w, https:\/\/showerglasshardware.com\/wp-content\/uploads\/2024\/04\/1601-5-12x12.jpg 12w, https:\/\/showerglasshardware.com\/wp-content\/uploads\/2024\/04\/1601-5.jpg 800w\" sizes=\"(max-width: 60px) 100vw, 60px\" \/><\/a><\/td><td class=\"column-3\">Plaque d\u00e9cal\u00e9e verre au mur \u00e0 90\u00b0<\/td><td class=\"column-4\">Fermeture automatique \u00e0 environ 30\u00b0<\/td><td class=\"column-5\">Oui<\/td><td class=\"column-6\">Avec couverture<\/td>\n<\/tr>\n<tr class=\"row-4\">\n\t<td class=\"column-1\"><a href=\"https:\/\/showerglasshardware.com\/fr-fr\/product\/90-degree-glass-to-glass-spring-hinges-sgh-1602\/\">SD1602<\/a><\/td><td class=\"column-2\"><a href=\"https:\/\/showerglasshardware.com\/wp-content\/uploads\/2024\/05\/1602-5.jpg\"><img decoding=\"async\" src=\"https:\/\/showerglasshardware.com\/wp-content\/uploads\/2024\/05\/1602-5-300x300.jpg\" alt=\"Ressorts de charni\u00e8re de porte de douche sans cadre noir mat\" width=\"60\" height=\"60\" class=\"alignnone size-medium wp-image-1897\" title=\"\" srcset=\"https:\/\/showerglasshardware.com\/wp-content\/uploads\/2024\/05\/1602-5-300x300.jpg 300w, https:\/\/showerglasshardware.com\/wp-content\/uploads\/2024\/05\/1602-5-100x100.jpg 100w, https:\/\/showerglasshardware.com\/wp-content\/uploads\/2024\/05\/1602-5-600x600.jpg 600w, https:\/\/showerglasshardware.com\/wp-content\/uploads\/2024\/05\/1602-5-150x150.jpg 150w, https:\/\/showerglasshardware.com\/wp-content\/uploads\/2024\/05\/1602-5-768x768.jpg 768w, https:\/\/showerglasshardware.com\/wp-content\/uploads\/2024\/05\/1602-5-12x12.jpg 12w, https:\/\/showerglasshardware.com\/wp-content\/uploads\/2024\/05\/1602-5.jpg 800w\" sizes=\"(max-width: 60px) 100vw, 60px\" \/><\/a><\/td><td class=\"column-3\">Verre \u00e0 Verre 90\u00b0<\/td><td class=\"column-4\">Fermeture automatique \u00e0 environ 30\u00b0<\/td><td class=\"column-5\">Oui<\/td><td class=\"column-6\">Avec couverture<\/td>\n<\/tr>\n<tr class=\"row-5\">\n\t<td class=\"column-1\"><a href=\"https:\/\/showerglasshardware.com\/fr-fr\/product\/135-degree-glass-to-glass-spring-hinges-sgh-1603\/\">SD1603<\/a><\/td><td class=\"column-2\"><a href=\"https:\/\/showerglasshardware.com\/wp-content\/uploads\/2024\/03\/1603-5.jpg\"><img loading=\"lazy\" decoding=\"async\" src=\"https:\/\/showerglasshardware.com\/wp-content\/uploads\/2024\/03\/1603-5-300x300.jpg\" alt=\"Charni\u00e8re \u00e0 ressort pour porte verre-verre mod\u00e8le SGH-1603\" width=\"60\" height=\"60\" class=\"alignnone size-medium wp-image-1881\" title=\"\" srcset=\"https:\/\/showerglasshardware.com\/wp-content\/uploads\/2024\/03\/1603-5-300x300.jpg 300w, https:\/\/showerglasshardware.com\/wp-content\/uploads\/2024\/03\/1603-5-100x100.jpg 100w, https:\/\/showerglasshardware.com\/wp-content\/uploads\/2024\/03\/1603-5-600x600.jpg 600w, https:\/\/showerglasshardware.com\/wp-content\/uploads\/2024\/03\/1603-5-150x150.jpg 150w, https:\/\/showerglasshardware.com\/wp-content\/uploads\/2024\/03\/1603-5-768x768.jpg 768w, https:\/\/showerglasshardware.com\/wp-content\/uploads\/2024\/03\/1603-5-12x12.jpg 12w, https:\/\/showerglasshardware.com\/wp-content\/uploads\/2024\/03\/1603-5.jpg 800w\" sizes=\"(max-width: 60px) 100vw, 60px\" \/><\/a><\/td><td class=\"column-3\">Verre \u00e0 Verre 135\u00b0<\/td><td class=\"column-4\">Fermeture automatique \u00e0 environ 30\u00b0<\/td><td class=\"column-5\">Oui<\/td><td class=\"column-6\">Avec couverture<\/td>\n<\/tr>\n<tr class=\"row-6\">\n\t<td class=\"column-1\"><a href=\"https:\/\/showerglasshardware.com\/fr-fr\/product\/180-glass-to-glass-spring-hinges-brass-sgh-1064\/\">SD1604<\/a><\/td><td class=\"column-2\"><a href=\"https:\/\/showerglasshardware.com\/wp-content\/uploads\/2024\/03\/GHC1604A-6.jpg\"><img loading=\"lazy\" decoding=\"async\" src=\"https:\/\/showerglasshardware.com\/wp-content\/uploads\/2024\/03\/GHC1604A-6-300x300.jpg\" alt=\"Charni\u00e8re \u00e0 ressort en laiton reliant les panneaux de verre \u00e0 180 degr\u00e9s\" width=\"60\" height=\"60\" class=\"alignnone size-medium wp-image-1876\" title=\"\" srcset=\"https:\/\/showerglasshardware.com\/wp-content\/uploads\/2024\/03\/GHC1604A-6-300x300.jpg 300w, https:\/\/showerglasshardware.com\/wp-content\/uploads\/2024\/03\/GHC1604A-6-100x100.jpg 100w, https:\/\/showerglasshardware.com\/wp-content\/uploads\/2024\/03\/GHC1604A-6-600x600.jpg 600w, https:\/\/showerglasshardware.com\/wp-content\/uploads\/2024\/03\/GHC1604A-6-150x150.jpg 150w, https:\/\/showerglasshardware.com\/wp-content\/uploads\/2024\/03\/GHC1604A-6-768x768.jpg 768w, https:\/\/showerglasshardware.com\/wp-content\/uploads\/2024\/03\/GHC1604A-6-12x12.jpg 12w, https:\/\/showerglasshardware.com\/wp-content\/uploads\/2024\/03\/GHC1604A-6.jpg 800w\" sizes=\"(max-width: 60px) 100vw, 60px\" \/><\/a><\/td><td class=\"column-3\">Verre \u00e0 Verre 180\u00b0<\/td><td class=\"column-4\">Fermeture automatique \u00e0 environ 30\u00b0<\/td><td class=\"column-5\">Oui<\/td><td class=\"column-6\">Avec couverture<\/td>\n<\/tr>\n<tr class=\"row-7\">\n\t<td class=\"column-1\"><a href=\"https:\/\/showerglasshardware.com\/fr-fr\/product\/180-degree-glass-to-wall-spring-hinges-sgh-1605\/\">SD1605<\/a><\/td><td class=\"column-2\"><a href=\"https:\/\/showerglasshardware.com\/wp-content\/uploads\/2024\/03\/1605-5.jpg\"><img loading=\"lazy\" decoding=\"async\" src=\"https:\/\/showerglasshardware.com\/wp-content\/uploads\/2024\/03\/1605-5-300x300.jpg\" alt=\"Charni\u00e8re \u00e0 ressort entre le verre et le mur en position d&#039;ouverture \u00e0 180 degr\u00e9s\" width=\"60\" height=\"60\" class=\"alignnone size-medium wp-image-1902\" title=\"\" srcset=\"https:\/\/showerglasshardware.com\/wp-content\/uploads\/2024\/03\/1605-5-300x300.jpg 300w, https:\/\/showerglasshardware.com\/wp-content\/uploads\/2024\/03\/1605-5-100x100.jpg 100w, https:\/\/showerglasshardware.com\/wp-content\/uploads\/2024\/03\/1605-5-600x600.jpg 600w, https:\/\/showerglasshardware.com\/wp-content\/uploads\/2024\/03\/1605-5-150x150.jpg 150w, https:\/\/showerglasshardware.com\/wp-content\/uploads\/2024\/03\/1605-5-768x768.jpg 768w, https:\/\/showerglasshardware.com\/wp-content\/uploads\/2024\/03\/1605-5-12x12.jpg 12w, https:\/\/showerglasshardware.com\/wp-content\/uploads\/2024\/03\/1605-5.jpg 800w\" sizes=\"(max-width: 60px) 100vw, 60px\" \/><\/a><\/td><td class=\"column-3\">Verre au mur 180\u00b0<\/td><td class=\"column-4\">Fermeture automatique \u00e0 environ 30\u00b0<\/td><td class=\"column-5\">Oui<\/td><td class=\"column-6\">Avec couverture<\/td>\n<\/tr>\n<\/tbody>\n<\/table>\n<!-- #tablepress-6 from cache -->","protected":false},"excerpt":{"rendered":"<ul>\n<li>Charni\u00e8re \u00e0 ressort pour porte en verre ;<\/li>\n<li>Charni\u00e8res \u00e0 ressort verre \u00e0 verre 135\u00b0\u00a0;<\/li>\n<li>Laiton<\/li>\n<li>\u00c9paisseur du verre : 6-12 mm ;<\/li>\n<li>Fermeture automatique \u00e0 environ 30\u00b0\u00a0;<\/li>\n<li>Poids maximum de la porte vitr\u00e9e : 35 kg (2 pi\u00e8ces) ;<\/li>\n<\/ul>","protected":false},"featured_media":2302,"comment_status":"open","ping_status":"closed","template":"","meta":{"_acf_changed":false},"product_brand":[],"product_cat":[20,22],"product_tag":[171],"class_list":{"0":"post-451","1":"product","2":"type-product","3":"status-publish","4":"has-post-thumbnail","6":"product_cat-shower-door-hinges","7":"product_cat-glass-to-glass-hinges","8":"product_tag-glass-to-glass-hinges","9":"pa_closing-type-self-closing-at-about-30","10":"pa_finish-brushed-nickel","11":"pa_finish-chrome","12":"pa_finish-gold","13":"pa_finish-gun-metal","14":"pa_finish-black","15":"pa_glass-thickness-1-2-inch-12mm","16":"pa_glass-thickness-1-4-inch-6mm","17":"pa_glass-thickness-3-8-inch-10mm","18":"pa_glass-thickness-5-16-inch-8mm","19":"pa_hinge-swings-31","20":"pa_load-bearing-35kg-2pcs","21":"pa_material-brass","23":"first","24":"instock","25":"purchasable","26":"product-type-variable","27":"has-default-attributes"},"acf":[],"_links":{"self":[{"href":"https:\/\/showerglasshardware.com\/fr-fr\/wp-json\/wp\/v2\/product\/451","targetHints":{"allow":["GET"]}}],"collection":[{"href":"https:\/\/showerglasshardware.com\/fr-fr\/wp-json\/wp\/v2\/product"}],"about":[{"href":"https:\/\/showerglasshardware.com\/fr-fr\/wp-json\/wp\/v2\/types\/product"}],"replies":[{"embeddable":true,"href":"https:\/\/showerglasshardware.com\/fr-fr\/wp-json\/wp\/v2\/comments?post=451"}],"version-history":[{"count":4,"href":"https:\/\/showerglasshardware.com\/fr-fr\/wp-json\/wp\/v2\/product\/451\/revisions"}],"predecessor-version":[{"id":4897,"href":"https:\/\/showerglasshardware.com\/fr-fr\/wp-json\/wp\/v2\/product\/451\/revisions\/4897"}],"wp:featuredmedia":[{"embeddable":true,"href":"https:\/\/showerglasshardware.com\/fr-fr\/wp-json\/wp\/v2\/media\/2302"}],"wp:attachment":[{"href":"https:\/\/showerglasshardware.com\/fr-fr\/wp-json\/wp\/v2\/media?parent=451"}],"wp:term":[{"taxonomy":"product_brand","embeddable":true,"href":"https:\/\/showerglasshardware.com\/fr-fr\/wp-json\/wp\/v2\/product_brand?post=451"},{"taxonomy":"product_cat","embeddable":true,"href":"https:\/\/showerglasshardware.com\/fr-fr\/wp-json\/wp\/v2\/product_cat?post=451"},{"taxonomy":"product_tag","embeddable":true,"href":"https:\/\/showerglasshardware.com\/fr-fr\/wp-json\/wp\/v2\/product_tag?post=451"}],"curies":[{"name":"wp","href":"https:\/\/api.w.org\/{rel}","templated":true}]}}