{"id":459,"date":"2024-03-28T06:51:13","date_gmt":"2024-03-28T06:51:13","guid":{"rendered":"https:\/\/showerglasshardware.com\/?post_type=product&#038;p=459"},"modified":"2025-11-21T03:34:54","modified_gmt":"2025-11-21T03:34:54","slug":"90-degree-glass-to-glass-spring-hinges-sgh-1602","status":"publish","type":"product","link":"https:\/\/showerglasshardware.com\/fr-fr\/product\/90-degree-glass-to-glass-spring-hinges-sgh-1602\/","title":{"rendered":"Ressorts de charni\u00e8re de porte de douche sans cadre 90 degr\u00e9s verre \u00e0 verre SD1602"},"content":{"rendered":"<p data-start=\"455\" data-end=\"605\">Les charni\u00e8res \u00e0 ressort 90\u00b0 verre-verre en laiton SD1602 offrent une durabilit\u00e9, un fonctionnement en douceur et un aspect \u00e9pur\u00e9 sans cadre pour les cabines de douche modernes.<\/p>\n<p data-start=\"607\" data-end=\"890\">Fabriqu\u00e9es en laiton massif pour une r\u00e9sistance \u00e0 la corrosion et une solidit\u00e9 \u00e0 long terme, ces charni\u00e8res sont con\u00e7ues pour s'adapter au verre d'une \u00e9paisseur de 6 \u00e0 12 mm. Le m\u00e9canisme \u00e0 ressort assure une fonction de fermeture automatique \u00e0 environ 30\u00b0, garantissant une fermeture contr\u00f4l\u00e9e pour aider \u00e0 maintenir l'eau \u00e0 l'int\u00e9rieur de la zone de douche.<\/p>\n<p data-start=\"892\" data-end=\"1107\">Avec une capacit\u00e9 de charge maximale de 35 kg par deux charni\u00e8res, le SGH-1602 convient aux portes de douche sans cadre de poids l\u00e9ger \u00e0 moyen et offre des performances fiables pour les installations r\u00e9sidentielles et commerciales.<\/p>\n<p data-start=\"1109\" data-end=\"1128\"><strong data-start=\"1109\" data-end=\"1126\">Principales caract\u00e9ristiques:<\/strong><\/p>\n<ul data-start=\"1129\" data-end=\"1474\">\n<li data-start=\"1129\" data-end=\"1175\">\n<p data-start=\"1131\" data-end=\"1175\"><strong data-start=\"1131\" data-end=\"1140\">Taper:<\/strong> Charni\u00e8res \u00e0 ressort 90\u00b0 verre-verre<\/p>\n<\/li>\n<li data-start=\"1176\" data-end=\"1240\">\n<p data-start=\"1178\" data-end=\"1240\"><strong data-start=\"1178\" data-end=\"1191\">Mat\u00e9riel:<\/strong> Laiton massif pour la durabilit\u00e9 et la r\u00e9sistance \u00e0 la rouille<\/p>\n<\/li>\n<li data-start=\"1241\" data-end=\"1293\">\n<p data-start=\"1243\" data-end=\"1293\"><strong data-start=\"1243\" data-end=\"1267\">Compatibilit\u00e9 du verre\u00a0:<\/strong> Convient au verre d'une \u00e9paisseur de 6 \u00e0 12 mm<\/p>\n<\/li>\n<li data-start=\"1294\" data-end=\"1351\">\n<p data-start=\"1296\" data-end=\"1351\"><strong data-start=\"1296\" data-end=\"1314\">Capacit\u00e9 de charge :<\/strong> Supporte jusqu'\u00e0 35 kg par deux charni\u00e8res<\/p>\n<\/li>\n<li data-start=\"1352\" data-end=\"1402\">\n<p data-start=\"1354\" data-end=\"1402\"><strong data-start=\"1354\" data-end=\"1371\">Fermeture automatique :<\/strong> Fermeture automatique \u00e0 ~30\u00b0.<\/p>\n<\/li>\n<li data-start=\"1403\" data-end=\"1474\">\n<p data-start=\"1405\" data-end=\"1474\"><strong data-start=\"1405\" data-end=\"1422\">Applications :<\/strong> Portes de douche sans cadre dans les maisons, les h\u00f4tels et les spas<\/p>\n<\/li>\n<\/ul>\n<p data-start=\"1476\" data-end=\"1497\"><strong data-start=\"1476\" data-end=\"1495\">Caract\u00e9ristiques:<\/strong><\/p>\n<ul data-start=\"1498\" data-end=\"1803\">\n<li data-start=\"1498\" data-end=\"1521\">\n<p data-start=\"1500\" data-end=\"1521\"><strong data-start=\"1500\" data-end=\"1510\">Mod\u00e8le :<\/strong> SD1602<\/p>\n<\/li>\n<li data-start=\"1522\" data-end=\"1568\">\n<p data-start=\"1524\" data-end=\"1568\"><strong data-start=\"1524\" data-end=\"1533\">Taper:<\/strong> Charni\u00e8re \u00e0 ressort verre-verre, 90\u00b0.<\/p>\n<\/li>\n<li data-start=\"1569\" data-end=\"1592\">\n<p data-start=\"1571\" data-end=\"1592\"><strong data-start=\"1571\" data-end=\"1584\">Mat\u00e9riel:<\/strong> Laiton<\/p>\n<\/li>\n<li data-start=\"1593\" data-end=\"1629\">\n<p data-start=\"1595\" data-end=\"1629\"><strong data-start=\"1595\" data-end=\"1620\">S'adapte \u00e0 l'\u00e9paisseur du verre :<\/strong> 6-12mm<\/p>\n<\/li>\n<li data-start=\"1630\" data-end=\"1664\">\n<p data-start=\"1632\" data-end=\"1664\"><strong data-start=\"1632\" data-end=\"1650\">Capacit\u00e9 de charge :<\/strong> 35kg \/ 2pcs<\/p>\n<\/li>\n<li data-start=\"1665\" data-end=\"1697\">\n<p data-start=\"1667\" data-end=\"1697\"><strong data-start=\"1667\" data-end=\"1690\">Angle de fermeture automatique :<\/strong> ~30\u00b0<\/p>\n<\/li>\n<li data-start=\"1698\" data-end=\"1803\">\n<p data-start=\"1700\" data-end=\"1803\"><strong data-start=\"1700\" data-end=\"1719\">Options de finition :<\/strong> Chrome poli, nickel bross\u00e9, or poli, noir mat, m\u00e9tal arm\u00e9 (en option)<\/p>\n<\/li>\n<\/ul>\n<h2 id=\"tablepress-6-name\" class=\"tablepress-table-name tablepress-table-name-id-6\">Pinces de porte de douche en laiton S\u00e9rie SD16xx<\/h2>\n\n<table id=\"tablepress-6\" class=\"tablepress tablepress-id-6\" aria-labelledby=\"tablepress-6-name\">\n<thead>\n<tr class=\"row-1\">\n\t<th class=\"column-1\"><strong>Mod\u00e8le<\/strong><\/th><th class=\"column-2\"><strong>Image<\/strong><\/th><th class=\"column-3\"><strong>Type de montage<\/strong><\/th><th class=\"column-4\"><strong>Type de fermeture<\/strong><\/th><th class=\"column-5\"><strong>R\u00e9glable<\/strong><\/th><th class=\"column-6\"><strong>Fonctionnalit\u00e9<\/strong><\/th>\n<\/tr>\n<\/thead>\n<tbody class=\"row-striping row-hover\">\n<tr class=\"row-2\">\n\t<td class=\"column-1\"><a href=\"https:\/\/showerglasshardware.com\/fr-fr\/product\/90-degree-adjustable-brass-glass-to-wall-hinge-ac1601a\/\">SD1601A<\/a><\/td><td class=\"column-2\"><a href=\"https:\/\/showerglasshardware.com\/wp-content\/uploads\/2024\/05\/1601-5.jpg\"><img decoding=\"async\" src=\"https:\/\/showerglasshardware.com\/wp-content\/uploads\/2024\/05\/1601-5-300x300.jpg\" alt=\"Charni\u00e8re murale en laiton ajustable \u00e0 90 degr\u00e9s pour le verre, en noir mat\" width=\"60\" height=\"60\" class=\"alignnone size-medium wp-image-1846\" title=\"\" srcset=\"https:\/\/showerglasshardware.com\/wp-content\/uploads\/2024\/05\/1601-5-300x300.jpg 300w, https:\/\/showerglasshardware.com\/wp-content\/uploads\/2024\/05\/1601-5-100x100.jpg 100w, https:\/\/showerglasshardware.com\/wp-content\/uploads\/2024\/05\/1601-5-600x600.jpg 600w, https:\/\/showerglasshardware.com\/wp-content\/uploads\/2024\/05\/1601-5-150x150.jpg 150w, https:\/\/showerglasshardware.com\/wp-content\/uploads\/2024\/05\/1601-5-768x768.jpg 768w, https:\/\/showerglasshardware.com\/wp-content\/uploads\/2024\/05\/1601-5-12x12.jpg 12w, https:\/\/showerglasshardware.com\/wp-content\/uploads\/2024\/05\/1601-5.jpg 800w\" sizes=\"(max-width: 60px) 100vw, 60px\" \/><\/a><\/td><td class=\"column-3\">Plaque compl\u00e8te de 90\u00b0 entre le verre et le mur<\/td><td class=\"column-4\">Fermeture automatique \u00e0 environ 30\u00b0<\/td><td class=\"column-5\">Oui<\/td><td class=\"column-6\">Avec couverture<\/td>\n<\/tr>\n<tr class=\"row-3\">\n\t<td class=\"column-1\"><a href=\"https:\/\/showerglasshardware.com\/fr-fr\/product\/glass-to-wall-series-shower-glass-door-offset-hinge-brass-90\/\">SD1601L<\/a><\/td><td class=\"column-2\"><a href=\"https:\/\/showerglasshardware.com\/wp-content\/uploads\/2024\/04\/1601-5.jpg\"><img decoding=\"async\" src=\"https:\/\/showerglasshardware.com\/wp-content\/uploads\/2024\/04\/1601-5-300x300.jpg\" alt=\"Charni\u00e8re en laiton pour porte de douche en verre \u00e0 90 degr\u00e9s\" width=\"60\" height=\"60\" class=\"alignnone size-medium wp-image-1994\" title=\"\" srcset=\"https:\/\/showerglasshardware.com\/wp-content\/uploads\/2024\/04\/1601-5-300x300.jpg 300w, https:\/\/showerglasshardware.com\/wp-content\/uploads\/2024\/04\/1601-5-100x100.jpg 100w, https:\/\/showerglasshardware.com\/wp-content\/uploads\/2024\/04\/1601-5-600x600.jpg 600w, https:\/\/showerglasshardware.com\/wp-content\/uploads\/2024\/04\/1601-5-150x150.jpg 150w, https:\/\/showerglasshardware.com\/wp-content\/uploads\/2024\/04\/1601-5-768x768.jpg 768w, https:\/\/showerglasshardware.com\/wp-content\/uploads\/2024\/04\/1601-5-12x12.jpg 12w, https:\/\/showerglasshardware.com\/wp-content\/uploads\/2024\/04\/1601-5.jpg 800w\" sizes=\"(max-width: 60px) 100vw, 60px\" \/><\/a><\/td><td class=\"column-3\">Plaque d\u00e9cal\u00e9e verre au mur \u00e0 90\u00b0<\/td><td class=\"column-4\">Fermeture automatique \u00e0 environ 30\u00b0<\/td><td class=\"column-5\">Oui<\/td><td class=\"column-6\">Avec couverture<\/td>\n<\/tr>\n<tr class=\"row-4\">\n\t<td class=\"column-1\"><a href=\"https:\/\/showerglasshardware.com\/fr-fr\/product\/90-degree-glass-to-glass-spring-hinges-sgh-1602\/\">SD1602<\/a><\/td><td class=\"column-2\"><a href=\"https:\/\/showerglasshardware.com\/wp-content\/uploads\/2024\/05\/1602-5.jpg\"><img decoding=\"async\" src=\"https:\/\/showerglasshardware.com\/wp-content\/uploads\/2024\/05\/1602-5-300x300.jpg\" alt=\"Ressorts de charni\u00e8re de porte de douche sans cadre noir mat\" width=\"60\" height=\"60\" class=\"alignnone size-medium wp-image-1897\" title=\"\" srcset=\"https:\/\/showerglasshardware.com\/wp-content\/uploads\/2024\/05\/1602-5-300x300.jpg 300w, https:\/\/showerglasshardware.com\/wp-content\/uploads\/2024\/05\/1602-5-100x100.jpg 100w, https:\/\/showerglasshardware.com\/wp-content\/uploads\/2024\/05\/1602-5-600x600.jpg 600w, https:\/\/showerglasshardware.com\/wp-content\/uploads\/2024\/05\/1602-5-150x150.jpg 150w, https:\/\/showerglasshardware.com\/wp-content\/uploads\/2024\/05\/1602-5-768x768.jpg 768w, https:\/\/showerglasshardware.com\/wp-content\/uploads\/2024\/05\/1602-5-12x12.jpg 12w, https:\/\/showerglasshardware.com\/wp-content\/uploads\/2024\/05\/1602-5.jpg 800w\" sizes=\"(max-width: 60px) 100vw, 60px\" \/><\/a><\/td><td class=\"column-3\">Verre \u00e0 Verre 90\u00b0<\/td><td class=\"column-4\">Fermeture automatique \u00e0 environ 30\u00b0<\/td><td class=\"column-5\">Oui<\/td><td class=\"column-6\">Avec couverture<\/td>\n<\/tr>\n<tr class=\"row-5\">\n\t<td class=\"column-1\"><a href=\"https:\/\/showerglasshardware.com\/fr-fr\/product\/135-degree-glass-to-glass-spring-hinges-sgh-1603\/\">SD1603<\/a><\/td><td class=\"column-2\"><a href=\"https:\/\/showerglasshardware.com\/wp-content\/uploads\/2024\/03\/1603-5.jpg\"><img loading=\"lazy\" decoding=\"async\" src=\"https:\/\/showerglasshardware.com\/wp-content\/uploads\/2024\/03\/1603-5-300x300.jpg\" alt=\"Charni\u00e8re \u00e0 ressort pour porte verre-verre mod\u00e8le SGH-1603\" width=\"60\" height=\"60\" class=\"alignnone size-medium wp-image-1881\" title=\"\" srcset=\"https:\/\/showerglasshardware.com\/wp-content\/uploads\/2024\/03\/1603-5-300x300.jpg 300w, https:\/\/showerglasshardware.com\/wp-content\/uploads\/2024\/03\/1603-5-100x100.jpg 100w, https:\/\/showerglasshardware.com\/wp-content\/uploads\/2024\/03\/1603-5-600x600.jpg 600w, https:\/\/showerglasshardware.com\/wp-content\/uploads\/2024\/03\/1603-5-150x150.jpg 150w, https:\/\/showerglasshardware.com\/wp-content\/uploads\/2024\/03\/1603-5-768x768.jpg 768w, https:\/\/showerglasshardware.com\/wp-content\/uploads\/2024\/03\/1603-5-12x12.jpg 12w, https:\/\/showerglasshardware.com\/wp-content\/uploads\/2024\/03\/1603-5.jpg 800w\" sizes=\"(max-width: 60px) 100vw, 60px\" \/><\/a><\/td><td class=\"column-3\">Verre \u00e0 Verre 135\u00b0<\/td><td class=\"column-4\">Fermeture automatique \u00e0 environ 30\u00b0<\/td><td class=\"column-5\">Oui<\/td><td class=\"column-6\">Avec couverture<\/td>\n<\/tr>\n<tr class=\"row-6\">\n\t<td class=\"column-1\"><a href=\"https:\/\/showerglasshardware.com\/fr-fr\/product\/180-glass-to-glass-spring-hinges-brass-sgh-1064\/\">SD1604<\/a><\/td><td class=\"column-2\"><a href=\"https:\/\/showerglasshardware.com\/wp-content\/uploads\/2024\/03\/GHC1604A-6.jpg\"><img loading=\"lazy\" decoding=\"async\" src=\"https:\/\/showerglasshardware.com\/wp-content\/uploads\/2024\/03\/GHC1604A-6-300x300.jpg\" alt=\"Charni\u00e8re \u00e0 ressort en laiton reliant les panneaux de verre \u00e0 180 degr\u00e9s\" width=\"60\" height=\"60\" class=\"alignnone size-medium wp-image-1876\" title=\"\" srcset=\"https:\/\/showerglasshardware.com\/wp-content\/uploads\/2024\/03\/GHC1604A-6-300x300.jpg 300w, https:\/\/showerglasshardware.com\/wp-content\/uploads\/2024\/03\/GHC1604A-6-100x100.jpg 100w, https:\/\/showerglasshardware.com\/wp-content\/uploads\/2024\/03\/GHC1604A-6-600x600.jpg 600w, https:\/\/showerglasshardware.com\/wp-content\/uploads\/2024\/03\/GHC1604A-6-150x150.jpg 150w, https:\/\/showerglasshardware.com\/wp-content\/uploads\/2024\/03\/GHC1604A-6-768x768.jpg 768w, https:\/\/showerglasshardware.com\/wp-content\/uploads\/2024\/03\/GHC1604A-6-12x12.jpg 12w, https:\/\/showerglasshardware.com\/wp-content\/uploads\/2024\/03\/GHC1604A-6.jpg 800w\" sizes=\"(max-width: 60px) 100vw, 60px\" \/><\/a><\/td><td class=\"column-3\">Verre \u00e0 Verre 180\u00b0<\/td><td class=\"column-4\">Fermeture automatique \u00e0 environ 30\u00b0<\/td><td class=\"column-5\">Oui<\/td><td class=\"column-6\">Avec couverture<\/td>\n<\/tr>\n<tr class=\"row-7\">\n\t<td class=\"column-1\"><a href=\"https:\/\/showerglasshardware.com\/fr-fr\/product\/180-degree-glass-to-wall-spring-hinges-sgh-1605\/\">SD1605<\/a><\/td><td class=\"column-2\"><a href=\"https:\/\/showerglasshardware.com\/wp-content\/uploads\/2024\/03\/1605-5.jpg\"><img loading=\"lazy\" decoding=\"async\" src=\"https:\/\/showerglasshardware.com\/wp-content\/uploads\/2024\/03\/1605-5-300x300.jpg\" alt=\"Charni\u00e8re \u00e0 ressort entre le verre et le mur en position d&#039;ouverture \u00e0 180 degr\u00e9s\" width=\"60\" height=\"60\" class=\"alignnone size-medium wp-image-1902\" title=\"\" srcset=\"https:\/\/showerglasshardware.com\/wp-content\/uploads\/2024\/03\/1605-5-300x300.jpg 300w, https:\/\/showerglasshardware.com\/wp-content\/uploads\/2024\/03\/1605-5-100x100.jpg 100w, https:\/\/showerglasshardware.com\/wp-content\/uploads\/2024\/03\/1605-5-600x600.jpg 600w, https:\/\/showerglasshardware.com\/wp-content\/uploads\/2024\/03\/1605-5-150x150.jpg 150w, https:\/\/showerglasshardware.com\/wp-content\/uploads\/2024\/03\/1605-5-768x768.jpg 768w, https:\/\/showerglasshardware.com\/wp-content\/uploads\/2024\/03\/1605-5-12x12.jpg 12w, https:\/\/showerglasshardware.com\/wp-content\/uploads\/2024\/03\/1605-5.jpg 800w\" sizes=\"(max-width: 60px) 100vw, 60px\" \/><\/a><\/td><td class=\"column-3\">Verre au mur 180\u00b0<\/td><td class=\"column-4\">Fermeture automatique \u00e0 environ 30\u00b0<\/td><td class=\"column-5\">Oui<\/td><td class=\"column-6\">Avec couverture<\/td>\n<\/tr>\n<\/tbody>\n<\/table>\n<!-- #tablepress-6 from cache -->","protected":false},"excerpt":{"rendered":"<ul>\n<li>Ressorts de charni\u00e8re de porte de douche sans cadre ;<\/li>\n<li>Charni\u00e8res \u00e0 ressort verre \u00e0 verre \u00e0 90\u00b0\u00a0;<\/li>\n<li>Laiton<\/li>\n<li>\u00c9paisseur du verre : 6-12 mm ;<\/li>\n<li>Fermeture automatique \u00e0 environ 30\u00b0\u00a0;<\/li>\n<li>Poids maximum de la porte vitr\u00e9e : 35 kg (2 pi\u00e8ces) ;<\/li>\n<\/ul>","protected":false},"featured_media":2301,"comment_status":"open","ping_status":"closed","template":"","meta":{"_acf_changed":false},"product_brand":[],"product_cat":[20,22],"product_tag":[171],"class_list":{"0":"post-459","1":"product","2":"type-product","3":"status-publish","4":"has-post-thumbnail","6":"product_cat-shower-door-hinges","7":"product_cat-glass-to-glass-hinges","8":"product_tag-glass-to-glass-hinges","9":"pa_closing-type-self-closing-at-about-30","10":"pa_finish-brushed-nickel","11":"pa_finish-chrome","12":"pa_finish-gold","13":"pa_finish-gun-metal","14":"pa_finish-black","15":"pa_glass-thickness-1-2-inch-12mm","16":"pa_glass-thickness-1-4-inch-6mm","17":"pa_glass-thickness-3-8-inch-10mm","18":"pa_glass-thickness-5-16-inch-8mm","19":"pa_hinge-swings-30","20":"pa_load-bearing-35kg-2pcs","21":"pa_material-brass","23":"first","24":"instock","25":"purchasable","26":"product-type-variable","27":"has-default-attributes"},"acf":[],"_links":{"self":[{"href":"https:\/\/showerglasshardware.com\/fr-fr\/wp-json\/wp\/v2\/product\/459","targetHints":{"allow":["GET"]}}],"collection":[{"href":"https:\/\/showerglasshardware.com\/fr-fr\/wp-json\/wp\/v2\/product"}],"about":[{"href":"https:\/\/showerglasshardware.com\/fr-fr\/wp-json\/wp\/v2\/types\/product"}],"replies":[{"embeddable":true,"href":"https:\/\/showerglasshardware.com\/fr-fr\/wp-json\/wp\/v2\/comments?post=459"}],"version-history":[{"count":5,"href":"https:\/\/showerglasshardware.com\/fr-fr\/wp-json\/wp\/v2\/product\/459\/revisions"}],"predecessor-version":[{"id":4896,"href":"https:\/\/showerglasshardware.com\/fr-fr\/wp-json\/wp\/v2\/product\/459\/revisions\/4896"}],"wp:featuredmedia":[{"embeddable":true,"href":"https:\/\/showerglasshardware.com\/fr-fr\/wp-json\/wp\/v2\/media\/2301"}],"wp:attachment":[{"href":"https:\/\/showerglasshardware.com\/fr-fr\/wp-json\/wp\/v2\/media?parent=459"}],"wp:term":[{"taxonomy":"product_brand","embeddable":true,"href":"https:\/\/showerglasshardware.com\/fr-fr\/wp-json\/wp\/v2\/product_brand?post=459"},{"taxonomy":"product_cat","embeddable":true,"href":"https:\/\/showerglasshardware.com\/fr-fr\/wp-json\/wp\/v2\/product_cat?post=459"},{"taxonomy":"product_tag","embeddable":true,"href":"https:\/\/showerglasshardware.com\/fr-fr\/wp-json\/wp\/v2\/product_tag?post=459"}],"curies":[{"name":"wp","href":"https:\/\/api.w.org\/{rel}","templated":true}]}}