{"id":473,"date":"2024-03-28T07:18:42","date_gmt":"2024-03-28T07:18:42","guid":{"rendered":"https:\/\/showerglasshardware.com\/?post_type=product&#038;p=473"},"modified":"2025-11-21T03:26:28","modified_gmt":"2025-11-21T03:26:28","slug":"180-degree-glass-to-wall-spring-hinges-sgh-1605","status":"publish","type":"product","link":"https:\/\/showerglasshardware.com\/fr-fr\/product\/180-degree-glass-to-wall-spring-hinges-sgh-1605\/","title":{"rendered":"Charni\u00e8res \u00e0 ressort 180 degr\u00e9s entre verre et mur SD1605"},"content":{"rendered":"<p data-start=\"440\" data-end=\"574\">Les charni\u00e8res \u00e0 ressort SD1605 180\u00b0 entre le verre et le mur sont con\u00e7ues pour assurer un fonctionnement s\u00fbr, souple et fiable des portes de douche sans cadre.<\/p>\n<p data-start=\"576\" data-end=\"892\">Fabriqu\u00e9es en laiton massif, ces charni\u00e8res offrent une solidit\u00e9 exceptionnelle, une r\u00e9sistance \u00e0 la corrosion et des performances durables. Elles sont compatibles avec le verre de 1\/4\u2033 (6 mm) et 5\/16\u2033 (8 mm) d'\u00e9paisseur et sont dot\u00e9es d'un m\u00e9canisme de fermeture automatique \u00e0 environ 30\u00b0, ce qui contribue \u00e0 am\u00e9liorer le contr\u00f4le de l'eau \u00e0 l'int\u00e9rieur de la cabine de douche.<\/p>\n<p data-start=\"894\" data-end=\"1035\">Deux charni\u00e8res peuvent supporter un poids maximal de 35 kg pour les portes en verre, ce qui les rend adapt\u00e9es aux installations de salles de bains r\u00e9sidentielles et commerciales.<\/p>\n<p data-start=\"1037\" data-end=\"1056\"><strong data-start=\"1037\" data-end=\"1054\">Principales caract\u00e9ristiques:<\/strong><\/p>\n<ul data-start=\"1057\" data-end=\"1441\">\n<li data-start=\"1057\" data-end=\"1126\">\n<p data-start=\"1059\" data-end=\"1126\"><strong data-start=\"1059\" data-end=\"1072\">Mat\u00e9riel:<\/strong> Laiton massif pour la durabilit\u00e9 et la r\u00e9sistance \u00e0 la corrosion<\/p>\n<\/li>\n<li data-start=\"1127\" data-end=\"1174\">\n<p data-start=\"1129\" data-end=\"1174\"><strong data-start=\"1129\" data-end=\"1140\">Conception :<\/strong> Charni\u00e8re \u00e0 ressort 180\u00b0 verre-mur<\/p>\n<\/li>\n<li data-start=\"1175\" data-end=\"1241\">\n<p data-start=\"1177\" data-end=\"1241\"><strong data-start=\"1177\" data-end=\"1201\">Compatibilit\u00e9 du verre\u00a0:<\/strong> Convient aux verres de 6 mm (1\/4\u2033) et 8 mm (5\/16\u2033)<\/p>\n<\/li>\n<li data-start=\"1242\" data-end=\"1297\">\n<p data-start=\"1244\" data-end=\"1297\"><strong data-start=\"1244\" data-end=\"1261\">Fermeture automatique :<\/strong> Fermeture automatique \u00e0 environ 30\u00b0.<\/p>\n<\/li>\n<li data-start=\"1298\" data-end=\"1355\">\n<p data-start=\"1300\" data-end=\"1355\"><strong data-start=\"1300\" data-end=\"1318\">Capacit\u00e9 de charge :<\/strong> Supporte jusqu'\u00e0 35 kg par deux charni\u00e8res<\/p>\n<\/li>\n<li data-start=\"1356\" data-end=\"1441\">\n<p data-start=\"1358\" data-end=\"1441\"><strong data-start=\"1358\" data-end=\"1375\">Applications :<\/strong> Portes de douche sans cadre pour les maisons, les h\u00f4tels et les espaces commerciaux<\/p>\n<\/li>\n<\/ul>\n<p data-start=\"1443\" data-end=\"1464\"><strong data-start=\"1443\" data-end=\"1462\">Caract\u00e9ristiques:<\/strong><\/p>\n<ul data-start=\"1465\" data-end=\"1750\">\n<li data-start=\"1465\" data-end=\"1488\">\n<p data-start=\"1467\" data-end=\"1488\"><strong data-start=\"1467\" data-end=\"1477\">Mod\u00e8le :<\/strong> SD1605<\/p>\n<\/li>\n<li data-start=\"1489\" data-end=\"1534\">\n<p data-start=\"1491\" data-end=\"1534\"><strong data-start=\"1491\" data-end=\"1500\">Taper:<\/strong> Charni\u00e8re \u00e0 ressort 180\u00b0 verre-mur<\/p>\n<\/li>\n<li data-start=\"1535\" data-end=\"1558\">\n<p data-start=\"1537\" data-end=\"1558\"><strong data-start=\"1537\" data-end=\"1550\">Mat\u00e9riel:<\/strong> Laiton<\/p>\n<\/li>\n<li data-start=\"1559\" data-end=\"1612\">\n<p data-start=\"1561\" data-end=\"1612\"><strong data-start=\"1561\" data-end=\"1586\">S'adapte \u00e0 l'\u00e9paisseur du verre :<\/strong> 6mm (1\/4\u2033), 8mm (5\/16\u2033)<\/p>\n<\/li>\n<li data-start=\"1613\" data-end=\"1652\">\n<p data-start=\"1615\" data-end=\"1652\"><strong data-start=\"1615\" data-end=\"1638\">Angle de fermeture automatique :<\/strong> Environ 30\u00b0.<\/p>\n<\/li>\n<li data-start=\"1653\" data-end=\"1695\">\n<p data-start=\"1655\" data-end=\"1695\"><strong data-start=\"1655\" data-end=\"1673\">Capacit\u00e9 de charge :<\/strong> 35kg par deux charni\u00e8res<\/p>\n<\/li>\n<li data-start=\"1696\" data-end=\"1750\">\n<p data-start=\"1698\" data-end=\"1750\"><strong data-start=\"1698\" data-end=\"1714\">Application:<\/strong> Parois de douche en verre sans cadre<\/p>\n<\/li>\n<\/ul>\n<h2 id=\"tablepress-6-name\" class=\"tablepress-table-name tablepress-table-name-id-6\">Pinces de porte de douche en laiton S\u00e9rie SD16xx<\/h2>\n\n<table id=\"tablepress-6\" class=\"tablepress tablepress-id-6\" aria-labelledby=\"tablepress-6-name\">\n<thead>\n<tr class=\"row-1\">\n\t<th class=\"column-1\"><strong>Mod\u00e8le<\/strong><\/th><th class=\"column-2\"><strong>Image<\/strong><\/th><th class=\"column-3\"><strong>Type de montage<\/strong><\/th><th class=\"column-4\"><strong>Type de fermeture<\/strong><\/th><th class=\"column-5\"><strong>R\u00e9glable<\/strong><\/th><th class=\"column-6\"><strong>Fonctionnalit\u00e9<\/strong><\/th>\n<\/tr>\n<\/thead>\n<tbody class=\"row-striping row-hover\">\n<tr class=\"row-2\">\n\t<td class=\"column-1\"><a href=\"https:\/\/showerglasshardware.com\/fr-fr\/product\/90-degree-adjustable-brass-glass-to-wall-hinge-ac1601a\/\">SD1601A<\/a><\/td><td class=\"column-2\"><a href=\"https:\/\/showerglasshardware.com\/wp-content\/uploads\/2024\/05\/1601-5.jpg\"><img decoding=\"async\" src=\"https:\/\/showerglasshardware.com\/wp-content\/uploads\/2024\/05\/1601-5-300x300.jpg\" alt=\"Charni\u00e8re murale en laiton ajustable \u00e0 90 degr\u00e9s pour le verre, en noir mat\" width=\"60\" height=\"60\" class=\"alignnone size-medium wp-image-1846\" title=\"\" srcset=\"https:\/\/showerglasshardware.com\/wp-content\/uploads\/2024\/05\/1601-5-300x300.jpg 300w, https:\/\/showerglasshardware.com\/wp-content\/uploads\/2024\/05\/1601-5-100x100.jpg 100w, https:\/\/showerglasshardware.com\/wp-content\/uploads\/2024\/05\/1601-5-600x600.jpg 600w, https:\/\/showerglasshardware.com\/wp-content\/uploads\/2024\/05\/1601-5-150x150.jpg 150w, https:\/\/showerglasshardware.com\/wp-content\/uploads\/2024\/05\/1601-5-768x768.jpg 768w, https:\/\/showerglasshardware.com\/wp-content\/uploads\/2024\/05\/1601-5-12x12.jpg 12w, https:\/\/showerglasshardware.com\/wp-content\/uploads\/2024\/05\/1601-5.jpg 800w\" sizes=\"(max-width: 60px) 100vw, 60px\" \/><\/a><\/td><td class=\"column-3\">Plaque compl\u00e8te de 90\u00b0 entre le verre et le mur<\/td><td class=\"column-4\">Fermeture automatique \u00e0 environ 30\u00b0<\/td><td class=\"column-5\">Oui<\/td><td class=\"column-6\">Avec couverture<\/td>\n<\/tr>\n<tr class=\"row-3\">\n\t<td class=\"column-1\"><a href=\"https:\/\/showerglasshardware.com\/fr-fr\/product\/glass-to-wall-series-shower-glass-door-offset-hinge-brass-90\/\">SD1601L<\/a><\/td><td class=\"column-2\"><a href=\"https:\/\/showerglasshardware.com\/wp-content\/uploads\/2024\/04\/1601-5.jpg\"><img decoding=\"async\" src=\"https:\/\/showerglasshardware.com\/wp-content\/uploads\/2024\/04\/1601-5-300x300.jpg\" alt=\"Charni\u00e8re en laiton pour porte de douche en verre \u00e0 90 degr\u00e9s\" width=\"60\" height=\"60\" class=\"alignnone size-medium wp-image-1994\" title=\"\" srcset=\"https:\/\/showerglasshardware.com\/wp-content\/uploads\/2024\/04\/1601-5-300x300.jpg 300w, https:\/\/showerglasshardware.com\/wp-content\/uploads\/2024\/04\/1601-5-100x100.jpg 100w, https:\/\/showerglasshardware.com\/wp-content\/uploads\/2024\/04\/1601-5-600x600.jpg 600w, https:\/\/showerglasshardware.com\/wp-content\/uploads\/2024\/04\/1601-5-150x150.jpg 150w, https:\/\/showerglasshardware.com\/wp-content\/uploads\/2024\/04\/1601-5-768x768.jpg 768w, https:\/\/showerglasshardware.com\/wp-content\/uploads\/2024\/04\/1601-5-12x12.jpg 12w, https:\/\/showerglasshardware.com\/wp-content\/uploads\/2024\/04\/1601-5.jpg 800w\" sizes=\"(max-width: 60px) 100vw, 60px\" \/><\/a><\/td><td class=\"column-3\">Plaque d\u00e9cal\u00e9e verre au mur \u00e0 90\u00b0<\/td><td class=\"column-4\">Fermeture automatique \u00e0 environ 30\u00b0<\/td><td class=\"column-5\">Oui<\/td><td class=\"column-6\">Avec couverture<\/td>\n<\/tr>\n<tr class=\"row-4\">\n\t<td class=\"column-1\"><a href=\"https:\/\/showerglasshardware.com\/fr-fr\/product\/90-degree-glass-to-glass-spring-hinges-sgh-1602\/\">SD1602<\/a><\/td><td class=\"column-2\"><a href=\"https:\/\/showerglasshardware.com\/wp-content\/uploads\/2024\/05\/1602-5.jpg\"><img decoding=\"async\" src=\"https:\/\/showerglasshardware.com\/wp-content\/uploads\/2024\/05\/1602-5-300x300.jpg\" alt=\"Ressorts de charni\u00e8re de porte de douche sans cadre noir mat\" width=\"60\" height=\"60\" class=\"alignnone size-medium wp-image-1897\" title=\"\" srcset=\"https:\/\/showerglasshardware.com\/wp-content\/uploads\/2024\/05\/1602-5-300x300.jpg 300w, https:\/\/showerglasshardware.com\/wp-content\/uploads\/2024\/05\/1602-5-100x100.jpg 100w, https:\/\/showerglasshardware.com\/wp-content\/uploads\/2024\/05\/1602-5-600x600.jpg 600w, https:\/\/showerglasshardware.com\/wp-content\/uploads\/2024\/05\/1602-5-150x150.jpg 150w, https:\/\/showerglasshardware.com\/wp-content\/uploads\/2024\/05\/1602-5-768x768.jpg 768w, https:\/\/showerglasshardware.com\/wp-content\/uploads\/2024\/05\/1602-5-12x12.jpg 12w, https:\/\/showerglasshardware.com\/wp-content\/uploads\/2024\/05\/1602-5.jpg 800w\" sizes=\"(max-width: 60px) 100vw, 60px\" \/><\/a><\/td><td class=\"column-3\">Verre \u00e0 Verre 90\u00b0<\/td><td class=\"column-4\">Fermeture automatique \u00e0 environ 30\u00b0<\/td><td class=\"column-5\">Oui<\/td><td class=\"column-6\">Avec couverture<\/td>\n<\/tr>\n<tr class=\"row-5\">\n\t<td class=\"column-1\"><a href=\"https:\/\/showerglasshardware.com\/fr-fr\/product\/135-degree-glass-to-glass-spring-hinges-sgh-1603\/\">SD1603<\/a><\/td><td class=\"column-2\"><a href=\"https:\/\/showerglasshardware.com\/wp-content\/uploads\/2024\/03\/1603-5.jpg\"><img loading=\"lazy\" decoding=\"async\" src=\"https:\/\/showerglasshardware.com\/wp-content\/uploads\/2024\/03\/1603-5-300x300.jpg\" alt=\"Charni\u00e8re \u00e0 ressort pour porte verre-verre mod\u00e8le SGH-1603\" width=\"60\" height=\"60\" class=\"alignnone size-medium wp-image-1881\" title=\"\" srcset=\"https:\/\/showerglasshardware.com\/wp-content\/uploads\/2024\/03\/1603-5-300x300.jpg 300w, https:\/\/showerglasshardware.com\/wp-content\/uploads\/2024\/03\/1603-5-100x100.jpg 100w, https:\/\/showerglasshardware.com\/wp-content\/uploads\/2024\/03\/1603-5-600x600.jpg 600w, https:\/\/showerglasshardware.com\/wp-content\/uploads\/2024\/03\/1603-5-150x150.jpg 150w, https:\/\/showerglasshardware.com\/wp-content\/uploads\/2024\/03\/1603-5-768x768.jpg 768w, https:\/\/showerglasshardware.com\/wp-content\/uploads\/2024\/03\/1603-5-12x12.jpg 12w, https:\/\/showerglasshardware.com\/wp-content\/uploads\/2024\/03\/1603-5.jpg 800w\" sizes=\"(max-width: 60px) 100vw, 60px\" \/><\/a><\/td><td class=\"column-3\">Verre \u00e0 Verre 135\u00b0<\/td><td class=\"column-4\">Fermeture automatique \u00e0 environ 30\u00b0<\/td><td class=\"column-5\">Oui<\/td><td class=\"column-6\">Avec couverture<\/td>\n<\/tr>\n<tr class=\"row-6\">\n\t<td class=\"column-1\"><a href=\"https:\/\/showerglasshardware.com\/fr-fr\/product\/180-glass-to-glass-spring-hinges-brass-sgh-1064\/\">SD1604<\/a><\/td><td class=\"column-2\"><a href=\"https:\/\/showerglasshardware.com\/wp-content\/uploads\/2024\/03\/GHC1604A-6.jpg\"><img loading=\"lazy\" decoding=\"async\" src=\"https:\/\/showerglasshardware.com\/wp-content\/uploads\/2024\/03\/GHC1604A-6-300x300.jpg\" alt=\"Charni\u00e8re \u00e0 ressort en laiton reliant les panneaux de verre \u00e0 180 degr\u00e9s\" width=\"60\" height=\"60\" class=\"alignnone size-medium wp-image-1876\" title=\"\" srcset=\"https:\/\/showerglasshardware.com\/wp-content\/uploads\/2024\/03\/GHC1604A-6-300x300.jpg 300w, https:\/\/showerglasshardware.com\/wp-content\/uploads\/2024\/03\/GHC1604A-6-100x100.jpg 100w, https:\/\/showerglasshardware.com\/wp-content\/uploads\/2024\/03\/GHC1604A-6-600x600.jpg 600w, https:\/\/showerglasshardware.com\/wp-content\/uploads\/2024\/03\/GHC1604A-6-150x150.jpg 150w, https:\/\/showerglasshardware.com\/wp-content\/uploads\/2024\/03\/GHC1604A-6-768x768.jpg 768w, https:\/\/showerglasshardware.com\/wp-content\/uploads\/2024\/03\/GHC1604A-6-12x12.jpg 12w, https:\/\/showerglasshardware.com\/wp-content\/uploads\/2024\/03\/GHC1604A-6.jpg 800w\" sizes=\"(max-width: 60px) 100vw, 60px\" \/><\/a><\/td><td class=\"column-3\">Verre \u00e0 Verre 180\u00b0<\/td><td class=\"column-4\">Fermeture automatique \u00e0 environ 30\u00b0<\/td><td class=\"column-5\">Oui<\/td><td class=\"column-6\">Avec couverture<\/td>\n<\/tr>\n<tr class=\"row-7\">\n\t<td class=\"column-1\"><a href=\"https:\/\/showerglasshardware.com\/fr-fr\/product\/180-degree-glass-to-wall-spring-hinges-sgh-1605\/\">SD1605<\/a><\/td><td class=\"column-2\"><a href=\"https:\/\/showerglasshardware.com\/wp-content\/uploads\/2024\/03\/1605-5.jpg\"><img loading=\"lazy\" decoding=\"async\" src=\"https:\/\/showerglasshardware.com\/wp-content\/uploads\/2024\/03\/1605-5-300x300.jpg\" alt=\"Charni\u00e8re \u00e0 ressort entre le verre et le mur en position d&#039;ouverture \u00e0 180 degr\u00e9s\" width=\"60\" height=\"60\" class=\"alignnone size-medium wp-image-1902\" title=\"\" srcset=\"https:\/\/showerglasshardware.com\/wp-content\/uploads\/2024\/03\/1605-5-300x300.jpg 300w, https:\/\/showerglasshardware.com\/wp-content\/uploads\/2024\/03\/1605-5-100x100.jpg 100w, https:\/\/showerglasshardware.com\/wp-content\/uploads\/2024\/03\/1605-5-600x600.jpg 600w, https:\/\/showerglasshardware.com\/wp-content\/uploads\/2024\/03\/1605-5-150x150.jpg 150w, https:\/\/showerglasshardware.com\/wp-content\/uploads\/2024\/03\/1605-5-768x768.jpg 768w, https:\/\/showerglasshardware.com\/wp-content\/uploads\/2024\/03\/1605-5-12x12.jpg 12w, https:\/\/showerglasshardware.com\/wp-content\/uploads\/2024\/03\/1605-5.jpg 800w\" sizes=\"(max-width: 60px) 100vw, 60px\" \/><\/a><\/td><td class=\"column-3\">Verre au mur 180\u00b0<\/td><td class=\"column-4\">Fermeture automatique \u00e0 environ 30\u00b0<\/td><td class=\"column-5\">Oui<\/td><td class=\"column-6\">Avec couverture<\/td>\n<\/tr>\n<\/tbody>\n<\/table>","protected":false},"excerpt":{"rendered":"<ul>\n<li>Charni\u00e8res \u00e0 ressort\u00a0;<\/li>\n<li>Charni\u00e8res \u00e0 ressort verre-mur \u00e0 180\u00b0\u00a0;<\/li>\n<li>Laiton<\/li>\n<li>\u00c9paisseur du verre : 6 mm (1\/4 de pouce), 8 mm (5\/16 de pouce) ;<\/li>\n<li>Fermeture automatique \u00e0 environ 30\u00b0\u00a0;<\/li>\n<li>Poids maximum de la porte vitr\u00e9e : 35 kg (2 pi\u00e8ces) ;<\/li>\n<\/ul>","protected":false},"featured_media":2300,"comment_status":"open","ping_status":"closed","template":"","meta":{"_acf_changed":false},"product_brand":[],"product_cat":[21,20],"product_tag":[131],"class_list":{"0":"post-473","1":"product","2":"type-product","3":"status-publish","4":"has-post-thumbnail","6":"product_cat-glass-to-wall-hinges","7":"product_cat-shower-door-hinges","8":"product_tag-wall-mount-hinges","9":"pa_closing-type-self-closing-at-about-30","10":"pa_finish-brushed-nickel","11":"pa_finish-chrome","12":"pa_finish-gold","13":"pa_finish-gun-metal","14":"pa_finish-black","15":"pa_glass-thickness-1-4-inch-6mm","16":"pa_glass-thickness-5-16-inch-8mm","17":"pa_hinge-swings-30","18":"pa_load-bearing-35kg-2pcs","19":"pa_material-brass","21":"first","22":"instock","23":"purchasable","24":"product-type-variable","25":"has-default-attributes"},"acf":[],"_links":{"self":[{"href":"https:\/\/showerglasshardware.com\/fr-fr\/wp-json\/wp\/v2\/product\/473","targetHints":{"allow":["GET"]}}],"collection":[{"href":"https:\/\/showerglasshardware.com\/fr-fr\/wp-json\/wp\/v2\/product"}],"about":[{"href":"https:\/\/showerglasshardware.com\/fr-fr\/wp-json\/wp\/v2\/types\/product"}],"replies":[{"embeddable":true,"href":"https:\/\/showerglasshardware.com\/fr-fr\/wp-json\/wp\/v2\/comments?post=473"}],"version-history":[{"count":6,"href":"https:\/\/showerglasshardware.com\/fr-fr\/wp-json\/wp\/v2\/product\/473\/revisions"}],"predecessor-version":[{"id":4899,"href":"https:\/\/showerglasshardware.com\/fr-fr\/wp-json\/wp\/v2\/product\/473\/revisions\/4899"}],"wp:featuredmedia":[{"embeddable":true,"href":"https:\/\/showerglasshardware.com\/fr-fr\/wp-json\/wp\/v2\/media\/2300"}],"wp:attachment":[{"href":"https:\/\/showerglasshardware.com\/fr-fr\/wp-json\/wp\/v2\/media?parent=473"}],"wp:term":[{"taxonomy":"product_brand","embeddable":true,"href":"https:\/\/showerglasshardware.com\/fr-fr\/wp-json\/wp\/v2\/product_brand?post=473"},{"taxonomy":"product_cat","embeddable":true,"href":"https:\/\/showerglasshardware.com\/fr-fr\/wp-json\/wp\/v2\/product_cat?post=473"},{"taxonomy":"product_tag","embeddable":true,"href":"https:\/\/showerglasshardware.com\/fr-fr\/wp-json\/wp\/v2\/product_tag?post=473"}],"curies":[{"name":"wp","href":"https:\/\/api.w.org\/{rel}","templated":true}]}}