{"id":4796,"date":"2025-10-09T05:53:40","date_gmt":"2025-10-09T05:53:40","guid":{"rendered":"https:\/\/showerglasshardware.com\/?post_type=product&#038;p=4796"},"modified":"2025-10-12T15:01:01","modified_gmt":"2025-10-12T15:01:01","slug":"sd9045a-brass-90-glass-to-wall-clamp-clip-with-cover","status":"publish","type":"product","link":"https:\/\/showerglasshardware.com\/fr-fr\/product\/sd9045a-brass-90-glass-to-wall-clamp-clip-with-cover\/","title":{"rendered":"SD9045A Laiton 90\u00b0 Verre au mur Clip de serrage avec couvercle"},"content":{"rendered":"<p data-start=\"528\" data-end=\"681\">Le SD9045A Brass 90\u00b0 Glass to Wall Clamp Clip with Cover est un raccord de premi\u00e8re qualit\u00e9 con\u00e7u pour les cabines de douche sans cadre et les cloisons en verre.<\/p>\n<p data-start=\"683\" data-end=\"1026\">Fabriqu\u00e9e en laiton massif, cette pince offre une durabilit\u00e9 et une r\u00e9sistance \u00e0 la corrosion exceptionnelles, garantissant une longue dur\u00e9e de vie dans les environnements humides. La configuration verre-mur \u00e0 90\u00b0 assure une connexion stable entre les panneaux de verre et les surfaces murales, tandis que le couvercle d\u00e9coratif dissimule les vis pour une apparence raffin\u00e9e et \u00e9l\u00e9gante.<\/p>\n<p data-start=\"1028\" data-end=\"1300\">Sa taille de 90\u00d745 mm lui permet de s'adapter \u00e0 un large \u00e9ventail d'installations de douches. Il s'adapte au verre d'une \u00e9paisseur de 8 \u00e0 12 mm avec une d\u00e9coupe ronde, ce qui permet un montage pr\u00e9cis et s\u00fbr. Plusieurs finitions de surface sont disponibles pour s'adapter \u00e0 la quincaillerie de la douche et au d\u00e9cor de la salle de bains.<\/p>\n<p data-start=\"1302\" data-end=\"1321\"><strong data-start=\"1302\" data-end=\"1319\">Principales caract\u00e9ristiques:<\/strong><\/p>\n<ul data-start=\"1322\" data-end=\"1726\">\n<li data-start=\"1322\" data-end=\"1383\">\n<p data-start=\"1324\" data-end=\"1383\"><strong data-start=\"1324\" data-end=\"1333\">Taper:<\/strong> Collier de douche 90\u00b0 en laiton verre-mur avec couvercle<\/p>\n<\/li>\n<li data-start=\"1384\" data-end=\"1451\">\n<p data-start=\"1386\" data-end=\"1451\"><strong data-start=\"1386\" data-end=\"1399\">Mat\u00e9riel:<\/strong> Laiton massif pour la solidit\u00e9 et la r\u00e9sistance \u00e0 la corrosion<\/p>\n<\/li>\n<li data-start=\"1452\" data-end=\"1475\">\n<p data-start=\"1454\" data-end=\"1475\"><strong data-start=\"1454\" data-end=\"1463\">Taille :<\/strong> 90 \u00d7 45mm<\/p>\n<\/li>\n<li data-start=\"1476\" data-end=\"1528\">\n<p data-start=\"1478\" data-end=\"1528\"><strong data-start=\"1478\" data-end=\"1502\">Compatibilit\u00e9 du verre\u00a0:<\/strong> Convient au verre de 8 \u00e0 12 mm d'\u00e9paisseur<\/p>\n<\/li>\n<li data-start=\"1529\" data-end=\"1562\">\n<p data-start=\"1531\" data-end=\"1562\"><strong data-start=\"1531\" data-end=\"1549\">D\u00e9coupe du verre :<\/strong> Trou rond<\/p>\n<\/li>\n<li data-start=\"1563\" data-end=\"1633\">\n<p data-start=\"1565\" data-end=\"1633\"><strong data-start=\"1565\" data-end=\"1576\">Conception :<\/strong> Pince sans cadre avec couvercle d\u00e9coratif pour un aspect propre<\/p>\n<\/li>\n<li data-start=\"1634\" data-end=\"1726\">\n<p data-start=\"1636\" data-end=\"1726\"><strong data-start=\"1636\" data-end=\"1653\">Applications :<\/strong> Convient pour les cabines de douche sans cadre et les cloisons en verre de la salle de bains<\/p>\n<\/li>\n<\/ul>\n<p data-start=\"1728\" data-end=\"1749\"><strong data-start=\"1728\" data-end=\"1747\">Caract\u00e9ristiques:<\/strong><\/p>\n<ul data-start=\"1750\" data-end=\"2035\">\n<li data-start=\"1750\" data-end=\"1772\">\n<p data-start=\"1752\" data-end=\"1772\"><strong data-start=\"1752\" data-end=\"1762\">Mod\u00e8le :<\/strong> SD9045A<\/p>\n<\/li>\n<li data-start=\"1773\" data-end=\"1821\">\n<p data-start=\"1775\" data-end=\"1821\"><strong data-start=\"1775\" data-end=\"1784\">Taper:<\/strong> Pince \u00e0 90\u00b0 verre-mur avec couvercle<\/p>\n<\/li>\n<li data-start=\"1822\" data-end=\"1845\">\n<p data-start=\"1824\" data-end=\"1845\"><strong data-start=\"1824\" data-end=\"1837\">Mat\u00e9riel:<\/strong> Laiton<\/p>\n<\/li>\n<li data-start=\"1846\" data-end=\"1869\">\n<p data-start=\"1848\" data-end=\"1869\"><strong data-start=\"1848\" data-end=\"1857\">Taille :<\/strong> 90 \u00d7 45mm<\/p>\n<\/li>\n<li data-start=\"1870\" data-end=\"1906\">\n<p data-start=\"1872\" data-end=\"1906\"><strong data-start=\"1872\" data-end=\"1897\">S'adapte \u00e0 l'\u00e9paisseur du verre :<\/strong> 8-12mm<\/p>\n<\/li>\n<li data-start=\"1907\" data-end=\"1940\">\n<p data-start=\"1909\" data-end=\"1940\"><strong data-start=\"1909\" data-end=\"1927\">D\u00e9coupe du verre :<\/strong> Trou rond<\/p>\n<\/li>\n<li data-start=\"1941\" data-end=\"2035\">\n<p data-start=\"1943\" data-end=\"2035\"><strong data-start=\"1943\" data-end=\"1962\">Options de finition :<\/strong> Chrome poli, Or poli, Nickel bross\u00e9, M\u00e9tal Gun, Noir mat<\/p>\n<\/li>\n<\/ul>\n<h2 id=\"tablepress-4-name\" class=\"tablepress-table-name tablepress-table-name-id-4\">Pinces de porte de douche en laiton S\u00e9rie SD9045<\/h2>\n\n<table id=\"tablepress-4\" class=\"tablepress tablepress-id-4\" aria-labelledby=\"tablepress-4-name\">\n<thead>\n<tr class=\"row-1\">\n\t<th class=\"column-1\"><strong>Mod\u00e8le<\/strong><\/th><th class=\"column-2\"><strong>Image<\/strong><\/th><th class=\"column-3\"><strong>Taper<\/strong><\/th><th class=\"column-4\"><strong>Angle<\/strong><\/th><th class=\"column-5\"><strong>Forme<\/strong><\/th><th class=\"column-6\"><strong>Fonctionnalit\u00e9<\/strong><\/th>\n<\/tr>\n<\/thead>\n<tbody class=\"row-striping row-hover\">\n<tr class=\"row-2\">\n\t<td class=\"column-1\"><a href=\"https:\/\/showerglasshardware.com\/fr-fr\/product\/sd9045a-brass-90-glass-to-wall-clamp-clip-with-cover\/\">SD9045A<\/a><\/td><td class=\"column-2\"><a href=\"https:\/\/showerglasshardware.com\/wp-content\/uploads\/2025\/10\/SD9045A-Black-Size.jpg\"><img decoding=\"async\" src=\"https:\/\/showerglasshardware.com\/wp-content\/uploads\/2025\/10\/SD9045A-Black-Size-300x300.jpg\" alt=\"SD9045A Laiton 90\u00b0 Verre au mur Clip de serrage avec couvercle Taille\" width=\"60\" height=\"60\" class=\"alignnone size-medium wp-image-4818\" title=\"\" srcset=\"https:\/\/showerglasshardware.com\/wp-content\/uploads\/2025\/10\/SD9045A-Black-Size-300x300.jpg 300w, https:\/\/showerglasshardware.com\/wp-content\/uploads\/2025\/10\/SD9045A-Black-Size-150x150.jpg 150w, https:\/\/showerglasshardware.com\/wp-content\/uploads\/2025\/10\/SD9045A-Black-Size-768x768.jpg 768w, https:\/\/showerglasshardware.com\/wp-content\/uploads\/2025\/10\/SD9045A-Black-Size-12x12.jpg 12w, https:\/\/showerglasshardware.com\/wp-content\/uploads\/2025\/10\/SD9045A-Black-Size-600x600.jpg 600w, https:\/\/showerglasshardware.com\/wp-content\/uploads\/2025\/10\/SD9045A-Black-Size-100x100.jpg 100w, https:\/\/showerglasshardware.com\/wp-content\/uploads\/2025\/10\/SD9045A-Black-Size.jpg 800w\" sizes=\"(max-width: 60px) 100vw, 60px\" \/><\/a><\/td><td class=\"column-3\">Du verre au mur<\/td><td class=\"column-4\">90\u00b0<\/td><td class=\"column-5\">Rectangle<\/td><td class=\"column-6\">Avec couvercle, d\u00e9coupe ronde<\/td>\n<\/tr>\n<tr class=\"row-3\">\n\t<td class=\"column-1\"><a href=\"https:\/\/showerglasshardware.com\/fr-fr\/product\/sd9045b-l-shape-brass-90-glass-to-wall-clip-bracket\/\">SD9045B<\/a><\/td><td class=\"column-2\"><a href=\"https:\/\/showerglasshardware.com\/wp-content\/uploads\/2025\/10\/SD9045B-Black-Size.jpg\"><img decoding=\"async\" src=\"https:\/\/showerglasshardware.com\/wp-content\/uploads\/2025\/10\/SD9045B-Black-Size-300x300.jpg\" alt=\"SD9045B L-Shape Brass 90\u00b0 Glass to Wall Clip Bracket Taille\" width=\"60\" height=\"60\" class=\"alignnone size-medium wp-image-4821\" title=\"\" srcset=\"https:\/\/showerglasshardware.com\/wp-content\/uploads\/2025\/10\/SD9045B-Black-Size-300x300.jpg 300w, https:\/\/showerglasshardware.com\/wp-content\/uploads\/2025\/10\/SD9045B-Black-Size-150x150.jpg 150w, https:\/\/showerglasshardware.com\/wp-content\/uploads\/2025\/10\/SD9045B-Black-Size-768x768.jpg 768w, https:\/\/showerglasshardware.com\/wp-content\/uploads\/2025\/10\/SD9045B-Black-Size-12x12.jpg 12w, https:\/\/showerglasshardware.com\/wp-content\/uploads\/2025\/10\/SD9045B-Black-Size-600x600.jpg 600w, https:\/\/showerglasshardware.com\/wp-content\/uploads\/2025\/10\/SD9045B-Black-Size-100x100.jpg 100w, https:\/\/showerglasshardware.com\/wp-content\/uploads\/2025\/10\/SD9045B-Black-Size.jpg 800w\" sizes=\"(max-width: 60px) 100vw, 60px\" \/><\/a><\/td><td class=\"column-3\">Du verre au mur<\/td><td class=\"column-4\">90\u00b0<\/td><td class=\"column-5\">Rectangle<\/td><td class=\"column-6\">Avec couverture, haute stabilit\u00e9<\/td>\n<\/tr>\n<tr class=\"row-4\">\n\t<td class=\"column-1\"><a href=\"https:\/\/showerglasshardware.com\/fr-fr\/product\/sd9045c-brass-90-glass-to-glass-clamp-clip-with-cover\/\">SD9045C<\/a><\/td><td class=\"column-2\"><a href=\"https:\/\/showerglasshardware.com\/wp-content\/uploads\/2025\/10\/SD9045C-Black-Size.jpg\"><img decoding=\"async\" src=\"https:\/\/showerglasshardware.com\/wp-content\/uploads\/2025\/10\/SD9045C-Black-Size-300x300.jpg\" alt=\"\" width=\"60\" height=\"60\" class=\"alignnone size-medium wp-image-4830\" title=\"\" srcset=\"https:\/\/showerglasshardware.com\/wp-content\/uploads\/2025\/10\/SD9045C-Black-Size-300x300.jpg 300w, https:\/\/showerglasshardware.com\/wp-content\/uploads\/2025\/10\/SD9045C-Black-Size-150x150.jpg 150w, https:\/\/showerglasshardware.com\/wp-content\/uploads\/2025\/10\/SD9045C-Black-Size-768x768.jpg 768w, https:\/\/showerglasshardware.com\/wp-content\/uploads\/2025\/10\/SD9045C-Black-Size-12x12.jpg 12w, https:\/\/showerglasshardware.com\/wp-content\/uploads\/2025\/10\/SD9045C-Black-Size-600x600.jpg 600w, https:\/\/showerglasshardware.com\/wp-content\/uploads\/2025\/10\/SD9045C-Black-Size-100x100.jpg 100w, https:\/\/showerglasshardware.com\/wp-content\/uploads\/2025\/10\/SD9045C-Black-Size.jpg 800w\" sizes=\"(max-width: 60px) 100vw, 60px\" \/><\/a><\/td><td class=\"column-3\">De verre \u00e0 verre<\/td><td class=\"column-4\">90\u00b0<\/td><td class=\"column-5\">Rectangle<\/td><td class=\"column-6\">Avec couvercle, finition propre<\/td>\n<\/tr>\n<\/tbody>\n<\/table>\n<!-- #tablepress-4 from cache -->","protected":false},"excerpt":{"rendered":"<ul>\n<li>Laiton<\/li>\n<li>90\u00d745mm<\/li>\n<li>Epaisseur de la porte en verre 8-12mm<\/li>\n<li>Collier de serrage 90\u00b0 entre le verre et le mur avec couvercle<\/li>\n<li>D\u00e9coupe du verre Trou rond<\/li>\n<li>Fini : Chrome poli ; Or poli\u00a0; Nickel bross\u00e9; M\u00e9tal \u00e0 canon\u00a0; Noir mat<\/li>\n<\/ul>","protected":false},"featured_media":4817,"comment_status":"open","ping_status":"closed","template":"","meta":{"_acf_changed":false},"product_brand":[],"product_cat":[24,110],"product_tag":[],"class_list":{"0":"post-4796","1":"product","2":"type-product","3":"status-publish","4":"has-post-thumbnail","6":"product_cat-shower-glass-clamps","7":"product_cat-wall-mount-clamps","8":"pa_finish-brushed-nickel","9":"pa_finish-chrome","10":"pa_finish-gold","11":"pa_finish-gun-metal","12":"pa_finish-black","13":"pa_glass-thickness-1-2-inch-12mm","14":"pa_glass-thickness-3-8-inch-10mm","15":"pa_glass-thickness-5-16-inch-8mm","16":"pa_load-bearing-45kg-2pcs","17":"pa_material-brass","19":"first","20":"instock","21":"taxable","22":"shipping-taxable","23":"product-type-simple"},"acf":[],"_links":{"self":[{"href":"https:\/\/showerglasshardware.com\/fr-fr\/wp-json\/wp\/v2\/product\/4796","targetHints":{"allow":["GET"]}}],"collection":[{"href":"https:\/\/showerglasshardware.com\/fr-fr\/wp-json\/wp\/v2\/product"}],"about":[{"href":"https:\/\/showerglasshardware.com\/fr-fr\/wp-json\/wp\/v2\/types\/product"}],"replies":[{"embeddable":true,"href":"https:\/\/showerglasshardware.com\/fr-fr\/wp-json\/wp\/v2\/comments?post=4796"}],"version-history":[{"count":2,"href":"https:\/\/showerglasshardware.com\/fr-fr\/wp-json\/wp\/v2\/product\/4796\/revisions"}],"predecessor-version":[{"id":4865,"href":"https:\/\/showerglasshardware.com\/fr-fr\/wp-json\/wp\/v2\/product\/4796\/revisions\/4865"}],"wp:featuredmedia":[{"embeddable":true,"href":"https:\/\/showerglasshardware.com\/fr-fr\/wp-json\/wp\/v2\/media\/4817"}],"wp:attachment":[{"href":"https:\/\/showerglasshardware.com\/fr-fr\/wp-json\/wp\/v2\/media?parent=4796"}],"wp:term":[{"taxonomy":"product_brand","embeddable":true,"href":"https:\/\/showerglasshardware.com\/fr-fr\/wp-json\/wp\/v2\/product_brand?post=4796"},{"taxonomy":"product_cat","embeddable":true,"href":"https:\/\/showerglasshardware.com\/fr-fr\/wp-json\/wp\/v2\/product_cat?post=4796"},{"taxonomy":"product_tag","embeddable":true,"href":"https:\/\/showerglasshardware.com\/fr-fr\/wp-json\/wp\/v2\/product_tag?post=4796"}],"curies":[{"name":"wp","href":"https:\/\/api.w.org\/{rel}","templated":true}]}}