{"id":4798,"date":"2025-10-08T09:03:29","date_gmt":"2025-10-08T09:03:29","guid":{"rendered":"https:\/\/showerglasshardware.com\/?post_type=product&#038;p=4798"},"modified":"2025-10-12T15:01:14","modified_gmt":"2025-10-12T15:01:14","slug":"sd9045c-brass-90-glass-to-glass-clamp-clip-with-cover","status":"publish","type":"product","link":"https:\/\/showerglasshardware.com\/fr-fr\/product\/sd9045c-brass-90-glass-to-glass-clamp-clip-with-cover\/","title":{"rendered":"SD9045C Laiton 90\u00b0 Verre \u00e0 verre Clip de serrage avec couvercle"},"content":{"rendered":"<p data-start=\"594\" data-end=\"743\">Le SD9045C Brass 90\u00b0 Glass to Glass Clamp Clip with Cover est un connecteur de premi\u00e8re qualit\u00e9 pour les cabines de douche sans cadre et les cloisons en verre.<\/p>\n<p data-start=\"745\" data-end=\"1064\">Fabriqu\u00e9e en laiton massif, cette pince \u00e0 90\u00b0 de style rectangle pour verre offre une excellente durabilit\u00e9 et une r\u00e9sistance \u00e0 la corrosion, ce qui est id\u00e9al pour les salles de bains humides. Le couvercle d\u00e9coratif dissimule les vis d'installation, offrant un aspect propre et haut de gamme adapt\u00e9 aux espaces r\u00e9sidentiels et commerciaux.<\/p>\n<p data-start=\"1066\" data-end=\"1344\">Con\u00e7u pour le verre de 8 \u00e0 12 mm d'\u00e9paisseur, le SD9045C relie en toute s\u00e9curit\u00e9 deux panneaux de verre \u00e0 un angle de 90\u00b0, supportant jusqu'\u00e0 45 kg par deux pinces. Sa forme rectangulaire \u00e9l\u00e9gante s'harmonise avec les salles de bains modernes et s'associe parfaitement aux charni\u00e8res et poign\u00e9es de douche en laiton assorties.<\/p>\n<p data-start=\"1346\" data-end=\"1365\"><strong data-start=\"1346\" data-end=\"1363\">Principales caract\u00e9ristiques:<\/strong><\/p>\n<ul data-start=\"1366\" data-end=\"1771\">\n<li data-start=\"1366\" data-end=\"1428\">\n<p data-start=\"1368\" data-end=\"1428\"><strong data-start=\"1368\" data-end=\"1377\">Taper:<\/strong> Collier de douche 90\u00b0 en laiton verre-verre avec couvercle<\/p>\n<\/li>\n<li data-start=\"1429\" data-end=\"1500\">\n<p data-start=\"1431\" data-end=\"1500\"><strong data-start=\"1431\" data-end=\"1444\">Mat\u00e9riel:<\/strong> Laiton massif pour une solidit\u00e9 et une r\u00e9sistance \u00e0 la rouille sup\u00e9rieures<\/p>\n<\/li>\n<li data-start=\"1501\" data-end=\"1569\">\n<p data-start=\"1503\" data-end=\"1569\"><strong data-start=\"1503\" data-end=\"1514\">Conception :<\/strong> Pince d'angle en verre rectangulaire avec couvercle d\u00e9coratif<\/p>\n<\/li>\n<li data-start=\"1570\" data-end=\"1622\">\n<p data-start=\"1572\" data-end=\"1622\"><strong data-start=\"1572\" data-end=\"1596\">Compatibilit\u00e9 du verre\u00a0:<\/strong> Convient au verre de 8 \u00e0 12 mm d'\u00e9paisseur<\/p>\n<\/li>\n<li data-start=\"1623\" data-end=\"1680\">\n<p data-start=\"1625\" data-end=\"1680\"><strong data-start=\"1625\" data-end=\"1643\">Capacit\u00e9 de charge :<\/strong> Supporte jusqu'\u00e0 45 kg par deux pinces<\/p>\n<\/li>\n<li data-start=\"1681\" data-end=\"1771\">\n<p data-start=\"1683\" data-end=\"1771\"><strong data-start=\"1683\" data-end=\"1700\">Applications :<\/strong> Id\u00e9al pour les portes de douche en verre sans cadre, les panneaux fixes et les enceintes.<\/p>\n<\/li>\n<\/ul>\n<p data-start=\"1773\" data-end=\"1794\"><strong data-start=\"1773\" data-end=\"1792\">Caract\u00e9ristiques:<\/strong><\/p>\n<ul data-start=\"1795\" data-end=\"2087\">\n<li data-start=\"1795\" data-end=\"1817\">\n<p data-start=\"1797\" data-end=\"1817\"><strong data-start=\"1797\" data-end=\"1807\">Mod\u00e8le :<\/strong> SD9045C<\/p>\n<\/li>\n<li data-start=\"1818\" data-end=\"1867\">\n<p data-start=\"1820\" data-end=\"1867\"><strong data-start=\"1820\" data-end=\"1829\">Taper:<\/strong> Pince verre-verre 90\u00b0 avec couvercle<\/p>\n<\/li>\n<li data-start=\"1868\" data-end=\"1891\">\n<p data-start=\"1870\" data-end=\"1891\"><strong data-start=\"1870\" data-end=\"1883\">Mat\u00e9riel:<\/strong> Laiton<\/p>\n<\/li>\n<li data-start=\"1892\" data-end=\"1918\">\n<p data-start=\"1894\" data-end=\"1918\"><strong data-start=\"1894\" data-end=\"1904\">Forme :<\/strong> Rectangulaire<\/p>\n<\/li>\n<li data-start=\"1919\" data-end=\"1955\">\n<p data-start=\"1921\" data-end=\"1955\"><strong data-start=\"1921\" data-end=\"1946\">S'adapte \u00e0 l'\u00e9paisseur du verre :<\/strong> 8-12mm<\/p>\n<\/li>\n<li data-start=\"1956\" data-end=\"1992\">\n<p data-start=\"1958\" data-end=\"1992\"><strong data-start=\"1958\" data-end=\"1978\">Poids maximal de la porte :<\/strong> 45kg \/ 2pcs<\/p>\n<\/li>\n<li data-start=\"1993\" data-end=\"2087\">\n<p data-start=\"1995\" data-end=\"2087\"><strong data-start=\"1995\" data-end=\"2014\">Options de finition :<\/strong> Chrome poli, Or poli, Nickel bross\u00e9, M\u00e9tal Gun, Noir mat<\/p>\n<\/li>\n<\/ul>\n<h2 id=\"tablepress-4-name\" class=\"tablepress-table-name tablepress-table-name-id-4\">Pinces de porte de douche en laiton S\u00e9rie SD9045<\/h2>\n\n<table id=\"tablepress-4\" class=\"tablepress tablepress-id-4\" aria-labelledby=\"tablepress-4-name\">\n<thead>\n<tr class=\"row-1\">\n\t<th class=\"column-1\"><strong>Mod\u00e8le<\/strong><\/th><th class=\"column-2\"><strong>Image<\/strong><\/th><th class=\"column-3\"><strong>Taper<\/strong><\/th><th class=\"column-4\"><strong>Angle<\/strong><\/th><th class=\"column-5\"><strong>Forme<\/strong><\/th><th class=\"column-6\"><strong>Fonctionnalit\u00e9<\/strong><\/th>\n<\/tr>\n<\/thead>\n<tbody class=\"row-striping row-hover\">\n<tr class=\"row-2\">\n\t<td class=\"column-1\"><a href=\"https:\/\/showerglasshardware.com\/fr-fr\/product\/sd9045a-brass-90-glass-to-wall-clamp-clip-with-cover\/\">SD9045A<\/a><\/td><td class=\"column-2\"><a href=\"https:\/\/showerglasshardware.com\/wp-content\/uploads\/2025\/10\/SD9045A-Black-Size.jpg\"><img decoding=\"async\" src=\"https:\/\/showerglasshardware.com\/wp-content\/uploads\/2025\/10\/SD9045A-Black-Size-300x300.jpg\" alt=\"SD9045A Laiton 90\u00b0 Verre au mur Clip de serrage avec couvercle Taille\" width=\"60\" height=\"60\" class=\"alignnone size-medium wp-image-4818\" title=\"\" srcset=\"https:\/\/showerglasshardware.com\/wp-content\/uploads\/2025\/10\/SD9045A-Black-Size-300x300.jpg 300w, https:\/\/showerglasshardware.com\/wp-content\/uploads\/2025\/10\/SD9045A-Black-Size-150x150.jpg 150w, https:\/\/showerglasshardware.com\/wp-content\/uploads\/2025\/10\/SD9045A-Black-Size-768x768.jpg 768w, https:\/\/showerglasshardware.com\/wp-content\/uploads\/2025\/10\/SD9045A-Black-Size-12x12.jpg 12w, https:\/\/showerglasshardware.com\/wp-content\/uploads\/2025\/10\/SD9045A-Black-Size-600x600.jpg 600w, https:\/\/showerglasshardware.com\/wp-content\/uploads\/2025\/10\/SD9045A-Black-Size-100x100.jpg 100w, https:\/\/showerglasshardware.com\/wp-content\/uploads\/2025\/10\/SD9045A-Black-Size.jpg 800w\" sizes=\"(max-width: 60px) 100vw, 60px\" \/><\/a><\/td><td class=\"column-3\">Du verre au mur<\/td><td class=\"column-4\">90\u00b0<\/td><td class=\"column-5\">Rectangle<\/td><td class=\"column-6\">Avec couvercle, d\u00e9coupe ronde<\/td>\n<\/tr>\n<tr class=\"row-3\">\n\t<td class=\"column-1\"><a href=\"https:\/\/showerglasshardware.com\/fr-fr\/product\/sd9045b-l-shape-brass-90-glass-to-wall-clip-bracket\/\">SD9045B<\/a><\/td><td class=\"column-2\"><a href=\"https:\/\/showerglasshardware.com\/wp-content\/uploads\/2025\/10\/SD9045B-Black-Size.jpg\"><img decoding=\"async\" src=\"https:\/\/showerglasshardware.com\/wp-content\/uploads\/2025\/10\/SD9045B-Black-Size-300x300.jpg\" alt=\"SD9045B L-Shape Brass 90\u00b0 Glass to Wall Clip Bracket Taille\" width=\"60\" height=\"60\" class=\"alignnone size-medium wp-image-4821\" title=\"\" srcset=\"https:\/\/showerglasshardware.com\/wp-content\/uploads\/2025\/10\/SD9045B-Black-Size-300x300.jpg 300w, https:\/\/showerglasshardware.com\/wp-content\/uploads\/2025\/10\/SD9045B-Black-Size-150x150.jpg 150w, https:\/\/showerglasshardware.com\/wp-content\/uploads\/2025\/10\/SD9045B-Black-Size-768x768.jpg 768w, https:\/\/showerglasshardware.com\/wp-content\/uploads\/2025\/10\/SD9045B-Black-Size-12x12.jpg 12w, https:\/\/showerglasshardware.com\/wp-content\/uploads\/2025\/10\/SD9045B-Black-Size-600x600.jpg 600w, https:\/\/showerglasshardware.com\/wp-content\/uploads\/2025\/10\/SD9045B-Black-Size-100x100.jpg 100w, https:\/\/showerglasshardware.com\/wp-content\/uploads\/2025\/10\/SD9045B-Black-Size.jpg 800w\" sizes=\"(max-width: 60px) 100vw, 60px\" \/><\/a><\/td><td class=\"column-3\">Du verre au mur<\/td><td class=\"column-4\">90\u00b0<\/td><td class=\"column-5\">Rectangle<\/td><td class=\"column-6\">Avec couverture, haute stabilit\u00e9<\/td>\n<\/tr>\n<tr class=\"row-4\">\n\t<td class=\"column-1\"><a href=\"https:\/\/showerglasshardware.com\/fr-fr\/product\/sd9045c-brass-90-glass-to-glass-clamp-clip-with-cover\/\">SD9045C<\/a><\/td><td class=\"column-2\"><a href=\"https:\/\/showerglasshardware.com\/wp-content\/uploads\/2025\/10\/SD9045C-Black-Size.jpg\"><img decoding=\"async\" src=\"https:\/\/showerglasshardware.com\/wp-content\/uploads\/2025\/10\/SD9045C-Black-Size-300x300.jpg\" alt=\"\" width=\"60\" height=\"60\" class=\"alignnone size-medium wp-image-4830\" title=\"\" srcset=\"https:\/\/showerglasshardware.com\/wp-content\/uploads\/2025\/10\/SD9045C-Black-Size-300x300.jpg 300w, https:\/\/showerglasshardware.com\/wp-content\/uploads\/2025\/10\/SD9045C-Black-Size-150x150.jpg 150w, https:\/\/showerglasshardware.com\/wp-content\/uploads\/2025\/10\/SD9045C-Black-Size-768x768.jpg 768w, https:\/\/showerglasshardware.com\/wp-content\/uploads\/2025\/10\/SD9045C-Black-Size-12x12.jpg 12w, https:\/\/showerglasshardware.com\/wp-content\/uploads\/2025\/10\/SD9045C-Black-Size-600x600.jpg 600w, https:\/\/showerglasshardware.com\/wp-content\/uploads\/2025\/10\/SD9045C-Black-Size-100x100.jpg 100w, https:\/\/showerglasshardware.com\/wp-content\/uploads\/2025\/10\/SD9045C-Black-Size.jpg 800w\" sizes=\"(max-width: 60px) 100vw, 60px\" \/><\/a><\/td><td class=\"column-3\">De verre \u00e0 verre<\/td><td class=\"column-4\">90\u00b0<\/td><td class=\"column-5\">Rectangle<\/td><td class=\"column-6\">Avec couvercle, finition propre<\/td>\n<\/tr>\n<\/tbody>\n<\/table>\n<!-- #tablepress-4 from cache -->","protected":false},"excerpt":{"rendered":"<ul>\n<li>Mat\u00e9riau en laiton<\/li>\n<li>Pince d'angle en verre rectangulaire avec couvercle<\/li>\n<li>Pinces verre \u00e0 verre \u00e0 90\u00b0<\/li>\n<li>\u00c9paisseur du verre : 8-12 mm ;<\/li>\n<li>Poids maximum de la porte vitr\u00e9e : 45 kg (2 pi\u00e8ces) ;<\/li>\n<li>Fini : Chrome poli ; Or poli\u00a0; Nickel bross\u00e9; M\u00e9tal \u00e0 canon\u00a0; Noir mat<\/li>\n<\/ul>","protected":false},"featured_media":4829,"comment_status":"open","ping_status":"closed","template":"","meta":{"_acf_changed":false},"product_brand":[],"product_cat":[24,109],"product_tag":[],"class_list":{"0":"post-4798","1":"product","2":"type-product","3":"status-publish","4":"has-post-thumbnail","6":"product_cat-shower-glass-clamps","7":"product_cat-glass-to-glass-clamps","8":"pa_finish-brushed-nickel","9":"pa_finish-chrome","10":"pa_finish-gold","11":"pa_finish-gun-metal","12":"pa_finish-black","13":"pa_glass-thickness-1-2-inch-12mm","14":"pa_glass-thickness-3-8-inch-10mm","15":"pa_glass-thickness-5-16-inch-8mm","16":"pa_load-bearing-45kg-2pcs","17":"pa_material-brass","19":"first","20":"instock","21":"taxable","22":"shipping-taxable","23":"product-type-simple"},"acf":[],"_links":{"self":[{"href":"https:\/\/showerglasshardware.com\/fr-fr\/wp-json\/wp\/v2\/product\/4798","targetHints":{"allow":["GET"]}}],"collection":[{"href":"https:\/\/showerglasshardware.com\/fr-fr\/wp-json\/wp\/v2\/product"}],"about":[{"href":"https:\/\/showerglasshardware.com\/fr-fr\/wp-json\/wp\/v2\/types\/product"}],"replies":[{"embeddable":true,"href":"https:\/\/showerglasshardware.com\/fr-fr\/wp-json\/wp\/v2\/comments?post=4798"}],"version-history":[{"count":4,"href":"https:\/\/showerglasshardware.com\/fr-fr\/wp-json\/wp\/v2\/product\/4798\/revisions"}],"predecessor-version":[{"id":4866,"href":"https:\/\/showerglasshardware.com\/fr-fr\/wp-json\/wp\/v2\/product\/4798\/revisions\/4866"}],"wp:featuredmedia":[{"embeddable":true,"href":"https:\/\/showerglasshardware.com\/fr-fr\/wp-json\/wp\/v2\/media\/4829"}],"wp:attachment":[{"href":"https:\/\/showerglasshardware.com\/fr-fr\/wp-json\/wp\/v2\/media?parent=4798"}],"wp:term":[{"taxonomy":"product_brand","embeddable":true,"href":"https:\/\/showerglasshardware.com\/fr-fr\/wp-json\/wp\/v2\/product_brand?post=4798"},{"taxonomy":"product_cat","embeddable":true,"href":"https:\/\/showerglasshardware.com\/fr-fr\/wp-json\/wp\/v2\/product_cat?post=4798"},{"taxonomy":"product_tag","embeddable":true,"href":"https:\/\/showerglasshardware.com\/fr-fr\/wp-json\/wp\/v2\/product_tag?post=4798"}],"curies":[{"name":"wp","href":"https:\/\/api.w.org\/{rel}","templated":true}]}}