{"id":4813,"date":"2025-10-09T07:47:20","date_gmt":"2025-10-09T07:47:20","guid":{"rendered":"https:\/\/showerglasshardware.com\/?post_type=product&#038;p=4813"},"modified":"2025-10-12T14:50:08","modified_gmt":"2025-10-12T14:50:08","slug":"sdc144-square-brass-180-glass-to-glass-clamp-clip","status":"publish","type":"product","link":"https:\/\/showerglasshardware.com\/fr-fr\/product\/sdc144-square-brass-180-glass-to-glass-clamp-clip\/","title":{"rendered":"SDC144 Clip de serrage 180\u00b0 verre-verre en laiton carr\u00e9"},"content":{"rendered":"<p data-start=\"605\" data-end=\"793\">Le SDC144 Square Brass 180\u00b0 Glass to Glass Clamp Clip est un connecteur de haute qualit\u00e9 con\u00e7u pour les portes de douche sans cadre et les cloisons en verre qui n\u00e9cessitent une connexion en ligne sans soudure.<\/p>\n<p data-start=\"795\" data-end=\"1069\">Fabriqu\u00e9 en laiton massif, ce collier offre une solidit\u00e9 exceptionnelle, une r\u00e9sistance \u00e0 la corrosion et des performances durables dans les environnements humides. Son profil carr\u00e9 et ses plaques de recouvrement polies offrent un aspect moderne et minimaliste qui s'harmonise avec les styles de salle de bains contemporains.<\/p>\n<p data-start=\"1071\" data-end=\"1367\">Con\u00e7u pour relier deux panneaux de verre \u00e0 un angle de 180\u00b0, le SDC144 s'adapte au verre de 6 \u00e0 12 mm d'\u00e9paisseur et supporte jusqu'\u00e0 35 kg par deux pinces. Le couvercle dissimule les vis de montage pour une finition \u00e9l\u00e9gante et professionnelle, ce qui le rend id\u00e9al pour les installations r\u00e9sidentielles et commerciales haut de gamme.<\/p>\n<p data-start=\"1369\" data-end=\"1388\"><strong data-start=\"1369\" data-end=\"1386\">Principales caract\u00e9ristiques:<\/strong><\/p>\n<ul data-start=\"1389\" data-end=\"1782\">\n<li data-start=\"1389\" data-end=\"1452\">\n<p data-start=\"1391\" data-end=\"1452\"><strong data-start=\"1391\" data-end=\"1400\">Taper:<\/strong> Pince carr\u00e9e verre-verre 180\u00b0 en laiton avec couvercle<\/p>\n<\/li>\n<li data-start=\"1453\" data-end=\"1520\">\n<p data-start=\"1455\" data-end=\"1520\"><strong data-start=\"1455\" data-end=\"1468\">Mat\u00e9riel:<\/strong> Laiton massif pour la solidit\u00e9 et la r\u00e9sistance \u00e0 la corrosion<\/p>\n<\/li>\n<li data-start=\"1521\" data-end=\"1573\">\n<p data-start=\"1523\" data-end=\"1573\"><strong data-start=\"1523\" data-end=\"1547\">Compatibilit\u00e9 du verre\u00a0:<\/strong> Convient au verre d'une \u00e9paisseur de 6 \u00e0 12 mm<\/p>\n<\/li>\n<li data-start=\"1574\" data-end=\"1631\">\n<p data-start=\"1576\" data-end=\"1631\"><strong data-start=\"1576\" data-end=\"1594\">Capacit\u00e9 de charge :<\/strong> Supporte jusqu'\u00e0 35 kg par deux pinces<\/p>\n<\/li>\n<li data-start=\"1632\" data-end=\"1699\">\n<p data-start=\"1634\" data-end=\"1699\"><strong data-start=\"1634\" data-end=\"1645\">Conception :<\/strong> Forme carr\u00e9e avec couvercle d\u00e9coratif pour un look \u00e9pur\u00e9<\/p>\n<\/li>\n<li data-start=\"1700\" data-end=\"1782\">\n<p data-start=\"1702\" data-end=\"1782\"><strong data-start=\"1702\" data-end=\"1719\">Applications :<\/strong> Portes de douche sans cadre, cloisons en verre et cabines de spa<\/p>\n<\/li>\n<\/ul>\n<p data-start=\"1784\" data-end=\"1805\"><strong data-start=\"1784\" data-end=\"1803\">Caract\u00e9ristiques:<\/strong><\/p>\n<ul data-start=\"1806\" data-end=\"2092\">\n<li data-start=\"1806\" data-end=\"1827\">\n<p data-start=\"1808\" data-end=\"1827\"><strong data-start=\"1808\" data-end=\"1818\">Mod\u00e8le :<\/strong> DDC144<\/p>\n<\/li>\n<li data-start=\"1828\" data-end=\"1875\">\n<p data-start=\"1830\" data-end=\"1875\"><strong data-start=\"1830\" data-end=\"1839\">Taper:<\/strong> Pince carr\u00e9e verre-verre, 180\u00b0.<\/p>\n<\/li>\n<li data-start=\"1876\" data-end=\"1899\">\n<p data-start=\"1878\" data-end=\"1899\"><strong data-start=\"1878\" data-end=\"1891\">Mat\u00e9riel:<\/strong> Laiton<\/p>\n<\/li>\n<li data-start=\"1900\" data-end=\"1936\">\n<p data-start=\"1902\" data-end=\"1936\"><strong data-start=\"1902\" data-end=\"1927\">S'adapte \u00e0 l'\u00e9paisseur du verre :<\/strong> 6-12mm<\/p>\n<\/li>\n<li data-start=\"1937\" data-end=\"1973\">\n<p data-start=\"1939\" data-end=\"1973\"><strong data-start=\"1939\" data-end=\"1959\">Poids maximal de la porte :<\/strong> 35kg \/ 2pcs<\/p>\n<\/li>\n<li data-start=\"1974\" data-end=\"1997\">\n<p data-start=\"1976\" data-end=\"1997\"><strong data-start=\"1976\" data-end=\"1985\">Taille :<\/strong> 45 \u00d7 92mm<\/p>\n<\/li>\n<li data-start=\"1998\" data-end=\"2092\">\n<p data-start=\"2000\" data-end=\"2092\"><strong data-start=\"2000\" data-end=\"2019\">Options de finition :<\/strong> Chrome poli, Or poli, Nickel bross\u00e9, M\u00e9tal Gun, Noir mat<\/p>\n<\/li>\n<\/ul>\n<h2 id=\"tablepress-3-name\" class=\"tablepress-table-name tablepress-table-name-id-3\">Pinces en laiton pour portes de douche en verre S\u00e9rie SDC<\/h2>\n\n<table id=\"tablepress-3\" class=\"tablepress tablepress-id-3\" aria-labelledby=\"tablepress-3-name\">\n<thead>\n<tr class=\"row-1\">\n\t<th class=\"column-1\"><strong>Mod\u00e8le<\/strong><\/th><th class=\"column-2\"><strong>Image<\/strong><\/th><th class=\"column-3\"><strong>Taper<\/strong><\/th><th class=\"column-4\"><strong>Angle<\/strong><\/th><th class=\"column-5\"><strong>Forme<\/strong><\/th><th class=\"column-6\"><strong>Taille<\/strong><\/th><th class=\"column-7\"><strong>Fonctionnalit\u00e9<\/strong><\/th>\n<\/tr>\n<\/thead>\n<tbody class=\"row-striping row-hover\">\n<tr class=\"row-2\">\n\t<td class=\"column-1\"><a href=\"https:\/\/showerglasshardware.com\/fr-fr\/product\/sdc140b-square-brass-90-glass-to-wall-round-hole-clip\/\">SDC140B<\/a><\/td><td class=\"column-2\"><a href=\"https:\/\/showerglasshardware.com\/wp-content\/uploads\/2025\/10\/SDC140B-Square-Brass-90\u00b0-Glass-to-Wall-Round-Hole-Clip-Size.jpg\"><img decoding=\"async\" src=\"https:\/\/showerglasshardware.com\/wp-content\/uploads\/2025\/10\/SDC140B-Square-Brass-90\u00b0-Glass-to-Wall-Round-Hole-Clip-Size-300x300.jpg\" alt=\"SDC140B Square Brass 90\u00b0 Glass to Wall Round Hole Clip Size\" width=\"60\" height=\"60\" class=\"alignnone size-medium wp-image-4849\" title=\"\" srcset=\"https:\/\/showerglasshardware.com\/wp-content\/uploads\/2025\/10\/SDC140B-Square-Brass-90\u00b0-Glass-to-Wall-Round-Hole-Clip-Size-300x300.jpg 300w, https:\/\/showerglasshardware.com\/wp-content\/uploads\/2025\/10\/SDC140B-Square-Brass-90\u00b0-Glass-to-Wall-Round-Hole-Clip-Size-150x150.jpg 150w, https:\/\/showerglasshardware.com\/wp-content\/uploads\/2025\/10\/SDC140B-Square-Brass-90\u00b0-Glass-to-Wall-Round-Hole-Clip-Size-768x768.jpg 768w, https:\/\/showerglasshardware.com\/wp-content\/uploads\/2025\/10\/SDC140B-Square-Brass-90\u00b0-Glass-to-Wall-Round-Hole-Clip-Size-12x12.jpg 12w, https:\/\/showerglasshardware.com\/wp-content\/uploads\/2025\/10\/SDC140B-Square-Brass-90\u00b0-Glass-to-Wall-Round-Hole-Clip-Size-600x600.jpg 600w, https:\/\/showerglasshardware.com\/wp-content\/uploads\/2025\/10\/SDC140B-Square-Brass-90\u00b0-Glass-to-Wall-Round-Hole-Clip-Size-100x100.jpg 100w, https:\/\/showerglasshardware.com\/wp-content\/uploads\/2025\/10\/SDC140B-Square-Brass-90\u00b0-Glass-to-Wall-Round-Hole-Clip-Size.jpg 800w\" sizes=\"(max-width: 60px) 100vw, 60px\" \/><\/a><\/td><td class=\"column-3\">Du verre au mur<\/td><td class=\"column-4\">90\u00b0<\/td><td class=\"column-5\">Carr\u00e9<\/td><td class=\"column-6\">45\u00d745mm<\/td><td class=\"column-7\">Trou rond, compact<\/td>\n<\/tr>\n<tr class=\"row-3\">\n\t<td class=\"column-1\"><a href=\"https:\/\/showerglasshardware.com\/fr-fr\/product\/sdc140c-square-brass-180-glass-to-wall-long-clamp\/\">SDC140C<\/a><\/td><td class=\"column-2\"><a href=\"https:\/\/showerglasshardware.com\/wp-content\/uploads\/2025\/10\/SDC140C-Black-Size.jpg\"><img decoding=\"async\" src=\"https:\/\/showerglasshardware.com\/wp-content\/uploads\/2025\/10\/SDC140C-Black-Size-300x300.jpg\" alt=\"SDC140C Laiton carr\u00e9 180\u00b0 Verre vers mur Long Clamp Taille\" width=\"60\" height=\"60\" class=\"alignnone size-medium wp-image-4837\" title=\"\" srcset=\"https:\/\/showerglasshardware.com\/wp-content\/uploads\/2025\/10\/SDC140C-Black-Size-300x300.jpg 300w, https:\/\/showerglasshardware.com\/wp-content\/uploads\/2025\/10\/SDC140C-Black-Size-150x150.jpg 150w, https:\/\/showerglasshardware.com\/wp-content\/uploads\/2025\/10\/SDC140C-Black-Size-768x768.jpg 768w, https:\/\/showerglasshardware.com\/wp-content\/uploads\/2025\/10\/SDC140C-Black-Size-12x12.jpg 12w, https:\/\/showerglasshardware.com\/wp-content\/uploads\/2025\/10\/SDC140C-Black-Size-600x600.jpg 600w, https:\/\/showerglasshardware.com\/wp-content\/uploads\/2025\/10\/SDC140C-Black-Size-100x100.jpg 100w, https:\/\/showerglasshardware.com\/wp-content\/uploads\/2025\/10\/SDC140C-Black-Size.jpg 800w\" sizes=\"(max-width: 60px) 100vw, 60px\" \/><\/a><\/td><td class=\"column-3\">Du verre au mur<\/td><td class=\"column-4\">180\u00b0<\/td><td class=\"column-5\">Carr\u00e9<\/td><td class=\"column-6\">45\u00d792mm<\/td><td class=\"column-7\">Pince longue<\/td>\n<\/tr>\n<tr class=\"row-4\">\n\t<td class=\"column-1\"><a href=\"https:\/\/showerglasshardware.com\/fr-fr\/product\/sdc141-square-brass-90-glass-to-wall-clamp-clip\/\">SDC141<\/a><\/td><td class=\"column-2\"><a href=\"https:\/\/showerglasshardware.com\/wp-content\/uploads\/2025\/10\/SDC141-Square-Brass-90\u00b0-Glass-to-Wall-Clamp-Clip-Size.jpg\"><img decoding=\"async\" src=\"https:\/\/showerglasshardware.com\/wp-content\/uploads\/2025\/10\/SDC141-Square-Brass-90\u00b0-Glass-to-Wall-Clamp-Clip-Size-300x300.jpg\" alt=\"SDC141 Pince carr\u00e9e en laiton 90\u00b0 pour verre et mur Taille du clip\" width=\"60\" height=\"60\" class=\"alignnone size-medium wp-image-4846\" title=\"\" srcset=\"https:\/\/showerglasshardware.com\/wp-content\/uploads\/2025\/10\/SDC141-Square-Brass-90\u00b0-Glass-to-Wall-Clamp-Clip-Size-300x300.jpg 300w, https:\/\/showerglasshardware.com\/wp-content\/uploads\/2025\/10\/SDC141-Square-Brass-90\u00b0-Glass-to-Wall-Clamp-Clip-Size-150x150.jpg 150w, https:\/\/showerglasshardware.com\/wp-content\/uploads\/2025\/10\/SDC141-Square-Brass-90\u00b0-Glass-to-Wall-Clamp-Clip-Size-768x768.jpg 768w, https:\/\/showerglasshardware.com\/wp-content\/uploads\/2025\/10\/SDC141-Square-Brass-90\u00b0-Glass-to-Wall-Clamp-Clip-Size-12x12.jpg 12w, https:\/\/showerglasshardware.com\/wp-content\/uploads\/2025\/10\/SDC141-Square-Brass-90\u00b0-Glass-to-Wall-Clamp-Clip-Size-600x600.jpg 600w, https:\/\/showerglasshardware.com\/wp-content\/uploads\/2025\/10\/SDC141-Square-Brass-90\u00b0-Glass-to-Wall-Clamp-Clip-Size-100x100.jpg 100w, https:\/\/showerglasshardware.com\/wp-content\/uploads\/2025\/10\/SDC141-Square-Brass-90\u00b0-Glass-to-Wall-Clamp-Clip-Size.jpg 800w\" sizes=\"(max-width: 60px) 100vw, 60px\" \/><\/a><\/td><td class=\"column-3\">Du verre au mur<\/td><td class=\"column-4\">90\u00b0<\/td><td class=\"column-5\">Carr\u00e9<\/td><td class=\"column-6\">45\u00d745mm<\/td><td class=\"column-7\">Trou standard<\/td>\n<\/tr>\n<tr class=\"row-5\">\n\t<td class=\"column-1\"><a href=\"https:\/\/showerglasshardware.com\/fr-fr\/product\/sdc142-square-brass-90-glass-to-glass-clamp-clip\/\">SDC142<\/a><\/td><td class=\"column-2\"><a href=\"https:\/\/showerglasshardware.com\/wp-content\/uploads\/2025\/10\/SDC142-Square-Brass-90\u00b0-Glass-to-Glass-Clamp-Clip-Size.jpg\"><img loading=\"lazy\" decoding=\"async\" src=\"https:\/\/showerglasshardware.com\/wp-content\/uploads\/2025\/10\/SDC142-Square-Brass-90\u00b0-Glass-to-Glass-Clamp-Clip-Size-300x300.jpg\" alt=\"SDC142 Pince carr\u00e9e en laiton 90\u00b0 pour verre \u00e0 verre Taille du clip\" width=\"60\" height=\"60\" class=\"alignnone size-medium wp-image-4852\" title=\"\" srcset=\"https:\/\/showerglasshardware.com\/wp-content\/uploads\/2025\/10\/SDC142-Square-Brass-90\u00b0-Glass-to-Glass-Clamp-Clip-Size-300x300.jpg 300w, https:\/\/showerglasshardware.com\/wp-content\/uploads\/2025\/10\/SDC142-Square-Brass-90\u00b0-Glass-to-Glass-Clamp-Clip-Size-150x150.jpg 150w, https:\/\/showerglasshardware.com\/wp-content\/uploads\/2025\/10\/SDC142-Square-Brass-90\u00b0-Glass-to-Glass-Clamp-Clip-Size-768x768.jpg 768w, https:\/\/showerglasshardware.com\/wp-content\/uploads\/2025\/10\/SDC142-Square-Brass-90\u00b0-Glass-to-Glass-Clamp-Clip-Size-12x12.jpg 12w, https:\/\/showerglasshardware.com\/wp-content\/uploads\/2025\/10\/SDC142-Square-Brass-90\u00b0-Glass-to-Glass-Clamp-Clip-Size-600x600.jpg 600w, https:\/\/showerglasshardware.com\/wp-content\/uploads\/2025\/10\/SDC142-Square-Brass-90\u00b0-Glass-to-Glass-Clamp-Clip-Size-100x100.jpg 100w, https:\/\/showerglasshardware.com\/wp-content\/uploads\/2025\/10\/SDC142-Square-Brass-90\u00b0-Glass-to-Glass-Clamp-Clip-Size.jpg 800w\" sizes=\"(max-width: 60px) 100vw, 60px\" \/><\/a><\/td><td class=\"column-3\">De verre \u00e0 verre<\/td><td class=\"column-4\">90\u00b0<\/td><td class=\"column-5\">Carr\u00e9<\/td><td class=\"column-6\">45\u00d745mm<\/td><td class=\"column-7\">Pince d'angle<\/td>\n<\/tr>\n<tr class=\"row-6\">\n\t<td class=\"column-1\"><a href=\"https:\/\/showerglasshardware.com\/fr-fr\/product\/sdc143-square-brass-135-glass-to-glass-bracket-clip\/\">DDC143<\/a><\/td><td class=\"column-2\"><a href=\"https:\/\/showerglasshardware.com\/wp-content\/uploads\/2025\/10\/SDC143-Square-Brass-135\u00b0-Glass-to-Glass-Bracket-Clip-Size.jpg\"><img loading=\"lazy\" decoding=\"async\" src=\"https:\/\/showerglasshardware.com\/wp-content\/uploads\/2025\/10\/SDC143-Square-Brass-135\u00b0-Glass-to-Glass-Bracket-Clip-Size-300x300.jpg\" alt=\"SDC142 Square Brass 90\u00b0 Glass to Glass Clamp Clip SIze\" width=\"60\" height=\"60\" class=\"alignnone size-medium wp-image-4842\" title=\"\" srcset=\"https:\/\/showerglasshardware.com\/wp-content\/uploads\/2025\/10\/SDC143-Square-Brass-135\u00b0-Glass-to-Glass-Bracket-Clip-Size-300x300.jpg 300w, https:\/\/showerglasshardware.com\/wp-content\/uploads\/2025\/10\/SDC143-Square-Brass-135\u00b0-Glass-to-Glass-Bracket-Clip-Size-150x150.jpg 150w, https:\/\/showerglasshardware.com\/wp-content\/uploads\/2025\/10\/SDC143-Square-Brass-135\u00b0-Glass-to-Glass-Bracket-Clip-Size-768x768.jpg 768w, https:\/\/showerglasshardware.com\/wp-content\/uploads\/2025\/10\/SDC143-Square-Brass-135\u00b0-Glass-to-Glass-Bracket-Clip-Size-12x12.jpg 12w, https:\/\/showerglasshardware.com\/wp-content\/uploads\/2025\/10\/SDC143-Square-Brass-135\u00b0-Glass-to-Glass-Bracket-Clip-Size-600x600.jpg 600w, https:\/\/showerglasshardware.com\/wp-content\/uploads\/2025\/10\/SDC143-Square-Brass-135\u00b0-Glass-to-Glass-Bracket-Clip-Size-100x100.jpg 100w, https:\/\/showerglasshardware.com\/wp-content\/uploads\/2025\/10\/SDC143-Square-Brass-135\u00b0-Glass-to-Glass-Bracket-Clip-Size.jpg 800w\" sizes=\"(max-width: 60px) 100vw, 60px\" \/><\/a><\/td><td class=\"column-3\">De verre \u00e0 verre<\/td><td class=\"column-4\">135\u00b0<\/td><td class=\"column-5\">Carr\u00e9<\/td><td class=\"column-6\">45\u00d745mm<\/td><td class=\"column-7\">Raccordement angulaire<\/td>\n<\/tr>\n<tr class=\"row-7\">\n\t<td class=\"column-1\"><a href=\"https:\/\/showerglasshardware.com\/fr-fr\/product\/sdc144-square-brass-180-glass-to-glass-clamp-clip\/\">DDC144<\/a><\/td><td class=\"column-2\"><a href=\"https:\/\/showerglasshardware.com\/wp-content\/uploads\/2025\/10\/SDC144-Black-Size.jpg\"><img loading=\"lazy\" decoding=\"async\" src=\"https:\/\/showerglasshardware.com\/wp-content\/uploads\/2025\/10\/SDC144-Black-Size-300x300.jpg\" alt=\"SDC144 Clip de serrage 180\u00b0 verre-verre en laiton carr\u00e9\" width=\"60\" height=\"60\" class=\"alignnone size-medium wp-image-4834\" title=\"\" srcset=\"https:\/\/showerglasshardware.com\/wp-content\/uploads\/2025\/10\/SDC144-Black-Size-300x300.jpg 300w, https:\/\/showerglasshardware.com\/wp-content\/uploads\/2025\/10\/SDC144-Black-Size-150x150.jpg 150w, https:\/\/showerglasshardware.com\/wp-content\/uploads\/2025\/10\/SDC144-Black-Size-768x768.jpg 768w, https:\/\/showerglasshardware.com\/wp-content\/uploads\/2025\/10\/SDC144-Black-Size-12x12.jpg 12w, https:\/\/showerglasshardware.com\/wp-content\/uploads\/2025\/10\/SDC144-Black-Size-600x600.jpg 600w, https:\/\/showerglasshardware.com\/wp-content\/uploads\/2025\/10\/SDC144-Black-Size-100x100.jpg 100w, https:\/\/showerglasshardware.com\/wp-content\/uploads\/2025\/10\/SDC144-Black-Size.jpg 800w\" sizes=\"(max-width: 60px) 100vw, 60px\" \/><\/a><\/td><td class=\"column-3\">De verre \u00e0 verre<\/td><td class=\"column-4\">180\u00b0<\/td><td class=\"column-5\">Carr\u00e9<\/td><td class=\"column-6\">45\u00d792mm<\/td><td class=\"column-7\">Connexion en ligne<\/td>\n<\/tr>\n<\/tbody>\n<\/table>\n<!-- #tablepress-3 from cache -->","protected":false},"excerpt":{"rendered":"<ul>\n<li>Mat\u00e9riau en laiton<\/li>\n<li>Pince d'angle carr\u00e9e en verre avec couvercle<\/li>\n<li>Colliers de serrage 180\u00b0 verre-verre<\/li>\n<li>\u00c9paisseur du verre : 6-12 mm ;<\/li>\n<li>Poids maximum de la porte vitr\u00e9e : 35 kg (2 pi\u00e8ces) ;<\/li>\n<li>Fini : Chrome poli ; Or poli\u00a0; Nickel bross\u00e9; M\u00e9tal \u00e0 canon\u00a0; Noir mat<\/li>\n<\/ul>","protected":false},"featured_media":4833,"comment_status":"open","ping_status":"closed","template":"","meta":{"_acf_changed":false},"product_brand":[],"product_cat":[24,109],"product_tag":[],"class_list":{"0":"post-4813","1":"product","2":"type-product","3":"status-publish","4":"has-post-thumbnail","6":"product_cat-shower-glass-clamps","7":"product_cat-glass-to-glass-clamps","8":"pa_finish-brushed-nickel","9":"pa_finish-chrome","10":"pa_finish-gold","11":"pa_finish-gun-metal","12":"pa_finish-black","13":"pa_glass-thickness-1-2-inch-12mm","14":"pa_glass-thickness-1-4-inch-6mm","15":"pa_glass-thickness-3-8-inch-10mm","16":"pa_glass-thickness-5-16-inch-8mm","17":"pa_load-bearing-35kg-2pcs","18":"pa_material-brass","20":"first","21":"instock","22":"taxable","23":"shipping-taxable","24":"product-type-simple"},"acf":[],"_links":{"self":[{"href":"https:\/\/showerglasshardware.com\/fr-fr\/wp-json\/wp\/v2\/product\/4813","targetHints":{"allow":["GET"]}}],"collection":[{"href":"https:\/\/showerglasshardware.com\/fr-fr\/wp-json\/wp\/v2\/product"}],"about":[{"href":"https:\/\/showerglasshardware.com\/fr-fr\/wp-json\/wp\/v2\/types\/product"}],"replies":[{"embeddable":true,"href":"https:\/\/showerglasshardware.com\/fr-fr\/wp-json\/wp\/v2\/comments?post=4813"}],"version-history":[{"count":4,"href":"https:\/\/showerglasshardware.com\/fr-fr\/wp-json\/wp\/v2\/product\/4813\/revisions"}],"predecessor-version":[{"id":4861,"href":"https:\/\/showerglasshardware.com\/fr-fr\/wp-json\/wp\/v2\/product\/4813\/revisions\/4861"}],"wp:featuredmedia":[{"embeddable":true,"href":"https:\/\/showerglasshardware.com\/fr-fr\/wp-json\/wp\/v2\/media\/4833"}],"wp:attachment":[{"href":"https:\/\/showerglasshardware.com\/fr-fr\/wp-json\/wp\/v2\/media?parent=4813"}],"wp:term":[{"taxonomy":"product_brand","embeddable":true,"href":"https:\/\/showerglasshardware.com\/fr-fr\/wp-json\/wp\/v2\/product_brand?post=4813"},{"taxonomy":"product_cat","embeddable":true,"href":"https:\/\/showerglasshardware.com\/fr-fr\/wp-json\/wp\/v2\/product_cat?post=4813"},{"taxonomy":"product_tag","embeddable":true,"href":"https:\/\/showerglasshardware.com\/fr-fr\/wp-json\/wp\/v2\/product_tag?post=4813"}],"curies":[{"name":"wp","href":"https:\/\/api.w.org\/{rel}","templated":true}]}}