{"id":4819,"date":"2025-10-09T06:24:37","date_gmt":"2025-10-09T06:24:37","guid":{"rendered":"https:\/\/showerglasshardware.com\/?post_type=product&#038;p=4819"},"modified":"2025-10-12T15:00:48","modified_gmt":"2025-10-12T15:00:48","slug":"sd9045b-l-shape-brass-90-glass-to-wall-clip-bracket","status":"publish","type":"product","link":"https:\/\/showerglasshardware.com\/fr-fr\/product\/sd9045b-l-shape-brass-90-glass-to-wall-clip-bracket\/","title":{"rendered":"SD9045B L-Shape Brass 90\u00b0 Glass to Wall Clip Bracket"},"content":{"rendered":"<p data-start=\"582\" data-end=\"732\">Le SD9045B L-Shape Brass 90\u00b0 Glass to Wall Clip Bracket est un raccord de premi\u00e8re qualit\u00e9 con\u00e7u pour des cabines de douche sans cadre s\u00fbres et \u00e9l\u00e9gantes.<\/p>\n<p data-start=\"734\" data-end=\"1094\">Fabriqu\u00e9e en laiton massif, cette pince d'angle en verre en forme de L garantit une excellente solidit\u00e9 et une r\u00e9sistance \u00e0 la corrosion, ce qui la rend id\u00e9ale pour une utilisation dans les salles de bains \u00e0 forte humidit\u00e9. La fixation murale \u00e0 90\u00b0 assure une connexion stable entre le panneau de verre et le mur, tandis que le couvercle d\u00e9coratif dissimule les vis de montage pour une finition propre et \u00e9l\u00e9gante.<\/p>\n<p data-start=\"1096\" data-end=\"1406\">Con\u00e7u pour les vitres de 8 \u00e0 12 mm d'\u00e9paisseur, le SD9045B peut supporter jusqu'\u00e0 45 kg par deux pinces, ce qui le rend adapt\u00e9 aux portes en verre de poids moyen \u00e0 \u00e9lev\u00e9. Sa conception en forme de L renforce la solidit\u00e9 et offre un soutien suppl\u00e9mentaire aux joints d'angle. Plusieurs options de finition sont disponibles pour s'adapter parfaitement \u00e0 la quincaillerie de votre douche.<\/p>\n<p data-start=\"1408\" data-end=\"1427\"><strong data-start=\"1408\" data-end=\"1425\">Principales caract\u00e9ristiques:<\/strong><\/p>\n<ul data-start=\"1428\" data-end=\"1856\">\n<li data-start=\"1428\" data-end=\"1490\">\n<p data-start=\"1430\" data-end=\"1490\"><strong data-start=\"1430\" data-end=\"1439\">Taper:<\/strong> Collier de serrage en laiton 90\u00b0 verre-mur en forme de L avec couvercle<\/p>\n<\/li>\n<li data-start=\"1491\" data-end=\"1560\">\n<p data-start=\"1493\" data-end=\"1560\"><strong data-start=\"1493\" data-end=\"1506\">Mat\u00e9riel:<\/strong> Laiton massif pour la durabilit\u00e9 et la r\u00e9sistance \u00e0 la corrosion<\/p>\n<\/li>\n<li data-start=\"1561\" data-end=\"1613\">\n<p data-start=\"1563\" data-end=\"1613\"><strong data-start=\"1563\" data-end=\"1587\">Compatibilit\u00e9 du verre\u00a0:<\/strong> Convient au verre de 8 \u00e0 12 mm d'\u00e9paisseur<\/p>\n<\/li>\n<li data-start=\"1614\" data-end=\"1671\">\n<p data-start=\"1616\" data-end=\"1671\"><strong data-start=\"1616\" data-end=\"1634\">Capacit\u00e9 de charge :<\/strong> Supporte jusqu'\u00e0 45 kg par deux pinces<\/p>\n<\/li>\n<li data-start=\"1672\" data-end=\"1750\">\n<p data-start=\"1674\" data-end=\"1750\"><strong data-start=\"1674\" data-end=\"1685\">Conception :<\/strong> Support mural \u00e0 90\u00b0 avec couvercle, en forme de L pour une meilleure stabilit\u00e9<\/p>\n<\/li>\n<li data-start=\"1751\" data-end=\"1856\">\n<p data-start=\"1753\" data-end=\"1856\"><strong data-start=\"1753\" data-end=\"1770\">Applications :<\/strong> Portes de douche sans cadre, cloisons en verre et parois dans les maisons, les h\u00f4tels et les spas<\/p>\n<\/li>\n<\/ul>\n<p data-start=\"1858\" data-end=\"1879\"><strong data-start=\"1858\" data-end=\"1877\">Caract\u00e9ristiques:<\/strong><\/p>\n<ul data-start=\"1880\" data-end=\"2152\">\n<li data-start=\"1880\" data-end=\"1902\">\n<p data-start=\"1882\" data-end=\"1902\"><strong data-start=\"1882\" data-end=\"1892\">Mod\u00e8le :<\/strong> SD9045B<\/p>\n<\/li>\n<li data-start=\"1903\" data-end=\"1959\">\n<p data-start=\"1905\" data-end=\"1959\"><strong data-start=\"1905\" data-end=\"1914\">Taper:<\/strong> Collier de serrage en L 90\u00b0 verre-mur avec couvercle<\/p>\n<\/li>\n<li data-start=\"1960\" data-end=\"1983\">\n<p data-start=\"1962\" data-end=\"1983\"><strong data-start=\"1962\" data-end=\"1975\">Mat\u00e9riel:<\/strong> Laiton<\/p>\n<\/li>\n<li data-start=\"1984\" data-end=\"2020\">\n<p data-start=\"1986\" data-end=\"2020\"><strong data-start=\"1986\" data-end=\"2011\">S'adapte \u00e0 l'\u00e9paisseur du verre :<\/strong> 8-12mm<\/p>\n<\/li>\n<li data-start=\"2021\" data-end=\"2057\">\n<p data-start=\"2023\" data-end=\"2057\"><strong data-start=\"2023\" data-end=\"2043\">Poids maximal de la porte :<\/strong> 45kg \/ 2pcs<\/p>\n<\/li>\n<li data-start=\"2058\" data-end=\"2152\">\n<p data-start=\"2060\" data-end=\"2152\"><strong data-start=\"2060\" data-end=\"2079\">Options de finition :<\/strong> Chrome poli, Or poli, Nickel bross\u00e9, M\u00e9tal Gun, Noir mat<\/p>\n<\/li>\n<\/ul>\n<h2 id=\"tablepress-4-name\" class=\"tablepress-table-name tablepress-table-name-id-4\">Pinces de porte de douche en laiton S\u00e9rie SD9045<\/h2>\n\n<table id=\"tablepress-4\" class=\"tablepress tablepress-id-4\" aria-labelledby=\"tablepress-4-name\">\n<thead>\n<tr class=\"row-1\">\n\t<th class=\"column-1\"><strong>Mod\u00e8le<\/strong><\/th><th class=\"column-2\"><strong>Image<\/strong><\/th><th class=\"column-3\"><strong>Taper<\/strong><\/th><th class=\"column-4\"><strong>Angle<\/strong><\/th><th class=\"column-5\"><strong>Forme<\/strong><\/th><th class=\"column-6\"><strong>Fonctionnalit\u00e9<\/strong><\/th>\n<\/tr>\n<\/thead>\n<tbody class=\"row-striping row-hover\">\n<tr class=\"row-2\">\n\t<td class=\"column-1\"><a href=\"https:\/\/showerglasshardware.com\/fr-fr\/product\/sd9045a-brass-90-glass-to-wall-clamp-clip-with-cover\/\">SD9045A<\/a><\/td><td class=\"column-2\"><a href=\"https:\/\/showerglasshardware.com\/wp-content\/uploads\/2025\/10\/SD9045A-Black-Size.jpg\"><img decoding=\"async\" src=\"https:\/\/showerglasshardware.com\/wp-content\/uploads\/2025\/10\/SD9045A-Black-Size-300x300.jpg\" alt=\"SD9045A Laiton 90\u00b0 Verre au mur Clip de serrage avec couvercle Taille\" width=\"60\" height=\"60\" class=\"alignnone size-medium wp-image-4818\" title=\"\" srcset=\"https:\/\/showerglasshardware.com\/wp-content\/uploads\/2025\/10\/SD9045A-Black-Size-300x300.jpg 300w, https:\/\/showerglasshardware.com\/wp-content\/uploads\/2025\/10\/SD9045A-Black-Size-150x150.jpg 150w, https:\/\/showerglasshardware.com\/wp-content\/uploads\/2025\/10\/SD9045A-Black-Size-768x768.jpg 768w, https:\/\/showerglasshardware.com\/wp-content\/uploads\/2025\/10\/SD9045A-Black-Size-12x12.jpg 12w, https:\/\/showerglasshardware.com\/wp-content\/uploads\/2025\/10\/SD9045A-Black-Size-600x600.jpg 600w, https:\/\/showerglasshardware.com\/wp-content\/uploads\/2025\/10\/SD9045A-Black-Size-100x100.jpg 100w, https:\/\/showerglasshardware.com\/wp-content\/uploads\/2025\/10\/SD9045A-Black-Size.jpg 800w\" sizes=\"(max-width: 60px) 100vw, 60px\" \/><\/a><\/td><td class=\"column-3\">Du verre au mur<\/td><td class=\"column-4\">90\u00b0<\/td><td class=\"column-5\">Rectangle<\/td><td class=\"column-6\">Avec couvercle, d\u00e9coupe ronde<\/td>\n<\/tr>\n<tr class=\"row-3\">\n\t<td class=\"column-1\"><a href=\"https:\/\/showerglasshardware.com\/fr-fr\/product\/sd9045b-l-shape-brass-90-glass-to-wall-clip-bracket\/\">SD9045B<\/a><\/td><td class=\"column-2\"><a href=\"https:\/\/showerglasshardware.com\/wp-content\/uploads\/2025\/10\/SD9045B-Black-Size.jpg\"><img decoding=\"async\" src=\"https:\/\/showerglasshardware.com\/wp-content\/uploads\/2025\/10\/SD9045B-Black-Size-300x300.jpg\" alt=\"SD9045B L-Shape Brass 90\u00b0 Glass to Wall Clip Bracket Taille\" width=\"60\" height=\"60\" class=\"alignnone size-medium wp-image-4821\" title=\"\" srcset=\"https:\/\/showerglasshardware.com\/wp-content\/uploads\/2025\/10\/SD9045B-Black-Size-300x300.jpg 300w, https:\/\/showerglasshardware.com\/wp-content\/uploads\/2025\/10\/SD9045B-Black-Size-150x150.jpg 150w, https:\/\/showerglasshardware.com\/wp-content\/uploads\/2025\/10\/SD9045B-Black-Size-768x768.jpg 768w, https:\/\/showerglasshardware.com\/wp-content\/uploads\/2025\/10\/SD9045B-Black-Size-12x12.jpg 12w, https:\/\/showerglasshardware.com\/wp-content\/uploads\/2025\/10\/SD9045B-Black-Size-600x600.jpg 600w, https:\/\/showerglasshardware.com\/wp-content\/uploads\/2025\/10\/SD9045B-Black-Size-100x100.jpg 100w, https:\/\/showerglasshardware.com\/wp-content\/uploads\/2025\/10\/SD9045B-Black-Size.jpg 800w\" sizes=\"(max-width: 60px) 100vw, 60px\" \/><\/a><\/td><td class=\"column-3\">Du verre au mur<\/td><td class=\"column-4\">90\u00b0<\/td><td class=\"column-5\">Rectangle<\/td><td class=\"column-6\">Avec couverture, haute stabilit\u00e9<\/td>\n<\/tr>\n<tr class=\"row-4\">\n\t<td class=\"column-1\"><a href=\"https:\/\/showerglasshardware.com\/fr-fr\/product\/sd9045c-brass-90-glass-to-glass-clamp-clip-with-cover\/\">SD9045C<\/a><\/td><td class=\"column-2\"><a href=\"https:\/\/showerglasshardware.com\/wp-content\/uploads\/2025\/10\/SD9045C-Black-Size.jpg\"><img decoding=\"async\" src=\"https:\/\/showerglasshardware.com\/wp-content\/uploads\/2025\/10\/SD9045C-Black-Size-300x300.jpg\" alt=\"\" width=\"60\" height=\"60\" class=\"alignnone size-medium wp-image-4830\" title=\"\" srcset=\"https:\/\/showerglasshardware.com\/wp-content\/uploads\/2025\/10\/SD9045C-Black-Size-300x300.jpg 300w, https:\/\/showerglasshardware.com\/wp-content\/uploads\/2025\/10\/SD9045C-Black-Size-150x150.jpg 150w, https:\/\/showerglasshardware.com\/wp-content\/uploads\/2025\/10\/SD9045C-Black-Size-768x768.jpg 768w, https:\/\/showerglasshardware.com\/wp-content\/uploads\/2025\/10\/SD9045C-Black-Size-12x12.jpg 12w, https:\/\/showerglasshardware.com\/wp-content\/uploads\/2025\/10\/SD9045C-Black-Size-600x600.jpg 600w, https:\/\/showerglasshardware.com\/wp-content\/uploads\/2025\/10\/SD9045C-Black-Size-100x100.jpg 100w, https:\/\/showerglasshardware.com\/wp-content\/uploads\/2025\/10\/SD9045C-Black-Size.jpg 800w\" sizes=\"(max-width: 60px) 100vw, 60px\" \/><\/a><\/td><td class=\"column-3\">De verre \u00e0 verre<\/td><td class=\"column-4\">90\u00b0<\/td><td class=\"column-5\">Rectangle<\/td><td class=\"column-6\">Avec couvercle, finition propre<\/td>\n<\/tr>\n<\/tbody>\n<\/table>\n<!-- #tablepress-4 from cache -->","protected":false},"excerpt":{"rendered":"<ul>\n<li>Mat\u00e9riau en laiton<\/li>\n<li>Pince d'angle en verre en forme de L avec couvercle<\/li>\n<li>Colliers de fixation murale 90<\/li>\n<li>\u00c9paisseur du verre : 8-12 mm ;<\/li>\n<li>Poids maximum de la porte vitr\u00e9e : 45 kg (2 pi\u00e8ces) ;<\/li>\n<li>Fini : Chrome poli ; Or poli\u00a0; Nickel bross\u00e9; M\u00e9tal \u00e0 canon\u00a0; Noir mat<\/li>\n<\/ul>","protected":false},"featured_media":4820,"comment_status":"open","ping_status":"closed","template":"","meta":{"_acf_changed":false},"product_brand":[],"product_cat":[24,110],"product_tag":[],"class_list":{"0":"post-4819","1":"product","2":"type-product","3":"status-publish","4":"has-post-thumbnail","6":"product_cat-shower-glass-clamps","7":"product_cat-wall-mount-clamps","8":"pa_finish-brushed-nickel","9":"pa_finish-chrome","10":"pa_finish-gold","11":"pa_finish-gun-metal","12":"pa_finish-black","13":"pa_glass-thickness-1-2-inch-12mm","14":"pa_glass-thickness-3-8-inch-10mm","15":"pa_glass-thickness-5-16-inch-8mm","16":"pa_load-bearing-45kg-2pcs","17":"pa_material-brass","19":"first","20":"instock","21":"taxable","22":"shipping-taxable","23":"product-type-simple"},"acf":[],"_links":{"self":[{"href":"https:\/\/showerglasshardware.com\/fr-fr\/wp-json\/wp\/v2\/product\/4819","targetHints":{"allow":["GET"]}}],"collection":[{"href":"https:\/\/showerglasshardware.com\/fr-fr\/wp-json\/wp\/v2\/product"}],"about":[{"href":"https:\/\/showerglasshardware.com\/fr-fr\/wp-json\/wp\/v2\/types\/product"}],"replies":[{"embeddable":true,"href":"https:\/\/showerglasshardware.com\/fr-fr\/wp-json\/wp\/v2\/comments?post=4819"}],"version-history":[{"count":2,"href":"https:\/\/showerglasshardware.com\/fr-fr\/wp-json\/wp\/v2\/product\/4819\/revisions"}],"predecessor-version":[{"id":4864,"href":"https:\/\/showerglasshardware.com\/fr-fr\/wp-json\/wp\/v2\/product\/4819\/revisions\/4864"}],"wp:featuredmedia":[{"embeddable":true,"href":"https:\/\/showerglasshardware.com\/fr-fr\/wp-json\/wp\/v2\/media\/4820"}],"wp:attachment":[{"href":"https:\/\/showerglasshardware.com\/fr-fr\/wp-json\/wp\/v2\/media?parent=4819"}],"wp:term":[{"taxonomy":"product_brand","embeddable":true,"href":"https:\/\/showerglasshardware.com\/fr-fr\/wp-json\/wp\/v2\/product_brand?post=4819"},{"taxonomy":"product_cat","embeddable":true,"href":"https:\/\/showerglasshardware.com\/fr-fr\/wp-json\/wp\/v2\/product_cat?post=4819"},{"taxonomy":"product_tag","embeddable":true,"href":"https:\/\/showerglasshardware.com\/fr-fr\/wp-json\/wp\/v2\/product_tag?post=4819"}],"curies":[{"name":"wp","href":"https:\/\/api.w.org\/{rel}","templated":true}]}}