{"id":4906,"date":"2025-10-16T14:33:03","date_gmt":"2025-10-16T14:33:03","guid":{"rendered":"https:\/\/showerglasshardware.com\/?post_type=product&#038;p=4906"},"modified":"2025-11-21T07:19:30","modified_gmt":"2025-11-21T07:19:30","slug":"lm5901-brass-top-mount-shower-door-pivot-hinge","status":"publish","type":"product","link":"https:\/\/showerglasshardware.com\/fr-fr\/product\/lm5901-brass-top-mount-shower-door-pivot-hinge\/","title":{"rendered":"LM5901 Charni\u00e8re pivotante en laiton pour porte de douche \u00e0 montage par le haut - pour verre de 8 \u00e0 12 mm"},"content":{"rendered":"<p data-start=\"564\" data-end=\"1033\">La charni\u00e8re pivotante de porte de douche en laiton LM5901 est con\u00e7ue pour les cabines de douche en verre sans cadre. Elle offre une connexion pivotante solide et stable en haut de la porte.<br data-start=\"759\" data-end=\"762\" \/>Fabriqu\u00e9e en laiton massif de haute qualit\u00e9, cette charni\u00e8re offre une excellente r\u00e9sistance \u00e0 la corrosion, id\u00e9ale pour les salles de bains humides.<br data-start=\"893\" data-end=\"896\" \/>Il convient au verre tremp\u00e9 de 8 \u00e0 12 mm, avec une capacit\u00e9 de charge de 40 kg (deux charni\u00e8res), ce qui garantit \u00e0 la fois la s\u00e9curit\u00e9 et un fonctionnement sans heurts.<\/p>\n<p data-start=\"1035\" data-end=\"1048\">Principales caract\u00e9ristiques:<\/p>\n<ul data-start=\"1049\" data-end=\"1382\">\n<li data-start=\"1049\" data-end=\"1107\">\n<p data-start=\"1051\" data-end=\"1107\">Type : Charni\u00e8re pivotante \u00e0 montage sup\u00e9rieur pour portes de douche sans cadre<\/p>\n<\/li>\n<li data-start=\"1108\" data-end=\"1161\">\n<p data-start=\"1110\" data-end=\"1161\">Mat\u00e9riau : Laiton massif pour la solidit\u00e9 et la durabilit\u00e9<\/p>\n<\/li>\n<li data-start=\"1162\" data-end=\"1189\">\n<p data-start=\"1164\" data-end=\"1189\">Epaisseur du verre : 8-12mm<\/p>\n<\/li>\n<li data-start=\"1190\" data-end=\"1226\">\n<p data-start=\"1192\" data-end=\"1226\">Capacit\u00e9 de charge : 40 kg (deux charni\u00e8res)<\/p>\n<\/li>\n<li data-start=\"1227\" data-end=\"1283\">\n<p data-start=\"1229\" data-end=\"1283\">Finitions : Chrome \/ Nickel satin\u00e9 \/ Noir mat \/ Or<\/p>\n<\/li>\n<li data-start=\"1284\" data-end=\"1337\">\n<p data-start=\"1286\" data-end=\"1337\">Installation : Montage par le haut entre le verre et le mur<\/p>\n<\/li>\n<li data-start=\"1338\" data-end=\"1382\">\n<p data-start=\"1340\" data-end=\"1382\">Application : Cabines de douche sans cadre<\/p>\n<\/li>\n<\/ul>\n<h2 id=\"tablepress-7-name\" class=\"tablepress-table-name tablepress-table-name-id-7\">Charni\u00e8re pivotante de douche - S\u00e9rie LM5901<\/h2>\n\n<table id=\"tablepress-7\" class=\"tablepress tablepress-id-7\" aria-labelledby=\"tablepress-7-name\">\n<thead>\n<tr class=\"row-1\">\n\t<th class=\"column-1\"><strong>Mod\u00e8le<\/strong><\/th><th class=\"column-2\"><strong>Image<\/strong><\/th><th class=\"column-3\"><strong>Type d'installation<\/strong><\/th><th class=\"column-4\"><strong>\u00c9paisseur du verre<\/strong><\/th><th class=\"column-5\"><strong>Options de finition<\/strong><\/th><th class=\"column-6\"><strong>Convient pour<\/strong><\/th>\n<\/tr>\n<\/thead>\n<tbody class=\"row-striping row-hover\">\n<tr class=\"row-2\">\n\t<td class=\"column-1\"><a href=\"https:\/\/showerglasshardware.com\/fr-fr\/product\/lm5901-brass-top-mount-shower-door-pivot-hinge\/\">LM5901<\/a><\/td><td class=\"column-2\"><a href=\"https:\/\/showerglasshardware.com\/wp-content\/uploads\/2025\/10\/LM5901-Brass-Top-Mount-Shower-Door-Pivot-Hinge-Size.jpg\"><img decoding=\"async\" src=\"https:\/\/showerglasshardware.com\/wp-content\/uploads\/2025\/10\/LM5901-Brass-Top-Mount-Shower-Door-Pivot-Hinge-Size-300x300.jpg\" alt=\"\" width=\"60\" height=\"60\" class=\"alignnone size-medium wp-image-4910\" title=\"\" srcset=\"https:\/\/showerglasshardware.com\/wp-content\/uploads\/2025\/10\/LM5901-Brass-Top-Mount-Shower-Door-Pivot-Hinge-Size-300x300.jpg 300w, https:\/\/showerglasshardware.com\/wp-content\/uploads\/2025\/10\/LM5901-Brass-Top-Mount-Shower-Door-Pivot-Hinge-Size-150x150.jpg 150w, https:\/\/showerglasshardware.com\/wp-content\/uploads\/2025\/10\/LM5901-Brass-Top-Mount-Shower-Door-Pivot-Hinge-Size-768x768.jpg 768w, https:\/\/showerglasshardware.com\/wp-content\/uploads\/2025\/10\/LM5901-Brass-Top-Mount-Shower-Door-Pivot-Hinge-Size-12x12.jpg 12w, https:\/\/showerglasshardware.com\/wp-content\/uploads\/2025\/10\/LM5901-Brass-Top-Mount-Shower-Door-Pivot-Hinge-Size-600x600.jpg 600w, https:\/\/showerglasshardware.com\/wp-content\/uploads\/2025\/10\/LM5901-Brass-Top-Mount-Shower-Door-Pivot-Hinge-Size-100x100.jpg 100w, https:\/\/showerglasshardware.com\/wp-content\/uploads\/2025\/10\/LM5901-Brass-Top-Mount-Shower-Door-Pivot-Hinge-Size.jpg 800w\" sizes=\"(max-width: 60px) 100vw, 60px\" \/><\/a><\/td><td class=\"column-3\">Fixation par le haut<\/td><td class=\"column-4\">8-12mm<\/td><td class=\"column-5\">Chrome \/ Nickel satin\u00e9 \/ Noir mat \/ Or<\/td><td class=\"column-6\">Porte \u00e0 pivot sup\u00e9rieur<\/td>\n<\/tr>\n<tr class=\"row-3\">\n\t<td class=\"column-1\"><a href=\"https:\/\/showerglasshardware.com\/fr-fr\/product\/lm5901al-left-side-brass-shower-door-pivot-hinge\/\">LM5901AL<\/a><\/td><td class=\"column-2\"><a href=\"https:\/\/showerglasshardware.com\/wp-content\/uploads\/2025\/10\/LM5901AL-Left-Side-Brass-Shower-Door-Pivot-Hinge-Size.jpg\"><img decoding=\"async\" src=\"https:\/\/showerglasshardware.com\/wp-content\/uploads\/2025\/10\/LM5901AL-Left-Side-Brass-Shower-Door-Pivot-Hinge-Size-300x300.jpg\" alt=\"LM5901AL Charni\u00e8re pivotante gauche pour porte de douche en laiton - Verre au mur 8-12mm\" width=\"60\" height=\"60\" class=\"alignnone size-medium wp-image-4919\" title=\"\" srcset=\"https:\/\/showerglasshardware.com\/wp-content\/uploads\/2025\/10\/LM5901AL-Left-Side-Brass-Shower-Door-Pivot-Hinge-Size-300x300.jpg 300w, https:\/\/showerglasshardware.com\/wp-content\/uploads\/2025\/10\/LM5901AL-Left-Side-Brass-Shower-Door-Pivot-Hinge-Size-150x150.jpg 150w, https:\/\/showerglasshardware.com\/wp-content\/uploads\/2025\/10\/LM5901AL-Left-Side-Brass-Shower-Door-Pivot-Hinge-Size-768x768.jpg 768w, https:\/\/showerglasshardware.com\/wp-content\/uploads\/2025\/10\/LM5901AL-Left-Side-Brass-Shower-Door-Pivot-Hinge-Size-12x12.jpg 12w, https:\/\/showerglasshardware.com\/wp-content\/uploads\/2025\/10\/LM5901AL-Left-Side-Brass-Shower-Door-Pivot-Hinge-Size-600x600.jpg 600w, https:\/\/showerglasshardware.com\/wp-content\/uploads\/2025\/10\/LM5901AL-Left-Side-Brass-Shower-Door-Pivot-Hinge-Size-100x100.jpg 100w, https:\/\/showerglasshardware.com\/wp-content\/uploads\/2025\/10\/LM5901AL-Left-Side-Brass-Shower-Door-Pivot-Hinge-Size.jpg 800w\" sizes=\"(max-width: 60px) 100vw, 60px\" \/><\/a><\/td><td class=\"column-3\">Verre gauche au mur<\/td><td class=\"column-4\">8-12mm<\/td><td class=\"column-5\">Chrome \/ Nickel satin\u00e9 \/ Noir mat \/ Or<\/td><td class=\"column-6\">Porte pivotante \u00e0 droite<\/td>\n<\/tr>\n<tr class=\"row-4\">\n\t<td class=\"column-1\"><a href=\"https:\/\/showerglasshardware.com\/fr-fr\/product\/lm5901ar-right-side-brass-shower-door-pivot-hinge\/\">LM5901AR<\/a><\/td><td class=\"column-2\"><a href=\"https:\/\/showerglasshardware.com\/wp-content\/uploads\/2025\/10\/LM5901AR-Right-Side-Brass-Shower-Door-Pivot-Hinge-Size.jpg\"><img decoding=\"async\" src=\"https:\/\/showerglasshardware.com\/wp-content\/uploads\/2025\/10\/LM5901AR-Right-Side-Brass-Shower-Door-Pivot-Hinge-Size-300x300.jpg\" alt=\"LM5901AR Charni\u00e8re pivotante droite pour porte de douche en laiton - Verre au mur 8-12mm\" width=\"60\" height=\"60\" class=\"alignnone size-medium wp-image-4913\" title=\"\" srcset=\"https:\/\/showerglasshardware.com\/wp-content\/uploads\/2025\/10\/LM5901AR-Right-Side-Brass-Shower-Door-Pivot-Hinge-Size-300x300.jpg 300w, https:\/\/showerglasshardware.com\/wp-content\/uploads\/2025\/10\/LM5901AR-Right-Side-Brass-Shower-Door-Pivot-Hinge-Size-150x150.jpg 150w, https:\/\/showerglasshardware.com\/wp-content\/uploads\/2025\/10\/LM5901AR-Right-Side-Brass-Shower-Door-Pivot-Hinge-Size-768x768.jpg 768w, https:\/\/showerglasshardware.com\/wp-content\/uploads\/2025\/10\/LM5901AR-Right-Side-Brass-Shower-Door-Pivot-Hinge-Size-12x12.jpg 12w, https:\/\/showerglasshardware.com\/wp-content\/uploads\/2025\/10\/LM5901AR-Right-Side-Brass-Shower-Door-Pivot-Hinge-Size-600x600.jpg 600w, https:\/\/showerglasshardware.com\/wp-content\/uploads\/2025\/10\/LM5901AR-Right-Side-Brass-Shower-Door-Pivot-Hinge-Size-100x100.jpg 100w, https:\/\/showerglasshardware.com\/wp-content\/uploads\/2025\/10\/LM5901AR-Right-Side-Brass-Shower-Door-Pivot-Hinge-Size.jpg 800w\" sizes=\"(max-width: 60px) 100vw, 60px\" \/><\/a><\/td><td class=\"column-3\">Verre \u00e0 droite contre le mur<\/td><td class=\"column-4\">8-12mm<\/td><td class=\"column-5\">Chrome \/ Nickel satin\u00e9 \/ Noir mat \/ Or<\/td><td class=\"column-6\">Porte pivotante \u00e0 gauche<\/td>\n<\/tr>\n<tr class=\"row-5\">\n\t<td class=\"column-1\"><a href=\"https:\/\/showerglasshardware.com\/fr-fr\/product\/lm5901b-brass-180-glass-to-glass-shower-door-pivot-hinge\/\">LM5901B<\/a><\/td><td class=\"column-2\"><a href=\"https:\/\/showerglasshardware.com\/wp-content\/uploads\/2025\/10\/LM5901B-Brass-180\u00b0-Glass-to-Glass-Shower-Door-Pivot-Hinge-Size.jpg\"><img loading=\"lazy\" decoding=\"async\" src=\"https:\/\/showerglasshardware.com\/wp-content\/uploads\/2025\/10\/LM5901B-Brass-180\u00b0-Glass-to-Glass-Shower-Door-Pivot-Hinge-Size-300x300.jpg\" alt=\"LM5901B Charni\u00e8re pivotante 180\u00b0 en laiton pour porte de douche verre \u00e0 verre - pour verre de 8 \u00e0 12 mm\" width=\"60\" height=\"60\" class=\"alignnone size-medium wp-image-4922\" title=\"\" srcset=\"https:\/\/showerglasshardware.com\/wp-content\/uploads\/2025\/10\/LM5901B-Brass-180\u00b0-Glass-to-Glass-Shower-Door-Pivot-Hinge-Size-300x300.jpg 300w, https:\/\/showerglasshardware.com\/wp-content\/uploads\/2025\/10\/LM5901B-Brass-180\u00b0-Glass-to-Glass-Shower-Door-Pivot-Hinge-Size-150x150.jpg 150w, https:\/\/showerglasshardware.com\/wp-content\/uploads\/2025\/10\/LM5901B-Brass-180\u00b0-Glass-to-Glass-Shower-Door-Pivot-Hinge-Size-768x768.jpg 768w, https:\/\/showerglasshardware.com\/wp-content\/uploads\/2025\/10\/LM5901B-Brass-180\u00b0-Glass-to-Glass-Shower-Door-Pivot-Hinge-Size-12x12.jpg 12w, https:\/\/showerglasshardware.com\/wp-content\/uploads\/2025\/10\/LM5901B-Brass-180\u00b0-Glass-to-Glass-Shower-Door-Pivot-Hinge-Size-600x600.jpg 600w, https:\/\/showerglasshardware.com\/wp-content\/uploads\/2025\/10\/LM5901B-Brass-180\u00b0-Glass-to-Glass-Shower-Door-Pivot-Hinge-Size-100x100.jpg 100w, https:\/\/showerglasshardware.com\/wp-content\/uploads\/2025\/10\/LM5901B-Brass-180\u00b0-Glass-to-Glass-Shower-Door-Pivot-Hinge-Size.jpg 800w\" sizes=\"(max-width: 60px) 100vw, 60px\" \/><\/a><\/td><td class=\"column-3\">180\u00b0 verre \u00e0 verre<\/td><td class=\"column-4\">8-12mm<\/td><td class=\"column-5\">Chrome \/ Nickel satin\u00e9 \/ Noir mat \/ Or<\/td><td class=\"column-6\">Enceinte \u00e0 double vitrage<\/td>\n<\/tr>\n<\/tbody>\n<\/table>\n<!-- #tablepress-7 from cache -->","protected":false},"excerpt":{"rendered":"<p>Charni\u00e8re de porte de douche en laiton massif pour portes en verre sans cadre. Convient au verre de 8 \u00e0 12 mm, supporte 40 kg par deux charni\u00e8res. Disponible en chrome, nickel satin\u00e9, noir mat et or.<\/p>","protected":false},"featured_media":4909,"comment_status":"open","ping_status":"closed","template":"","meta":{"_acf_changed":false},"product_brand":[],"product_cat":[20,169],"product_tag":[],"class_list":{"0":"post-4906","1":"product","2":"type-product","3":"status-publish","4":"has-post-thumbnail","6":"product_cat-shower-door-hinges","7":"product_cat-shower-pivot-hinges","8":"pa_finish-chrome","9":"pa_finish-gold","10":"pa_finish-black","11":"pa_glass-thickness-1-2-inch-12mm","12":"pa_glass-thickness-3-8-inch-10mm","13":"pa_glass-thickness-5-16-inch-8mm","14":"pa_load-bearing-2-hinges-maximum-loading-40kgs","15":"pa_material-brass","17":"first","18":"instock","19":"taxable","20":"shipping-taxable","21":"product-type-simple"},"acf":[],"_links":{"self":[{"href":"https:\/\/showerglasshardware.com\/fr-fr\/wp-json\/wp\/v2\/product\/4906","targetHints":{"allow":["GET"]}}],"collection":[{"href":"https:\/\/showerglasshardware.com\/fr-fr\/wp-json\/wp\/v2\/product"}],"about":[{"href":"https:\/\/showerglasshardware.com\/fr-fr\/wp-json\/wp\/v2\/types\/product"}],"replies":[{"embeddable":true,"href":"https:\/\/showerglasshardware.com\/fr-fr\/wp-json\/wp\/v2\/comments?post=4906"}],"version-history":[{"count":3,"href":"https:\/\/showerglasshardware.com\/fr-fr\/wp-json\/wp\/v2\/product\/4906\/revisions"}],"predecessor-version":[{"id":4930,"href":"https:\/\/showerglasshardware.com\/fr-fr\/wp-json\/wp\/v2\/product\/4906\/revisions\/4930"}],"wp:featuredmedia":[{"embeddable":true,"href":"https:\/\/showerglasshardware.com\/fr-fr\/wp-json\/wp\/v2\/media\/4909"}],"wp:attachment":[{"href":"https:\/\/showerglasshardware.com\/fr-fr\/wp-json\/wp\/v2\/media?parent=4906"}],"wp:term":[{"taxonomy":"product_brand","embeddable":true,"href":"https:\/\/showerglasshardware.com\/fr-fr\/wp-json\/wp\/v2\/product_brand?post=4906"},{"taxonomy":"product_cat","embeddable":true,"href":"https:\/\/showerglasshardware.com\/fr-fr\/wp-json\/wp\/v2\/product_cat?post=4906"},{"taxonomy":"product_tag","embeddable":true,"href":"https:\/\/showerglasshardware.com\/fr-fr\/wp-json\/wp\/v2\/product_tag?post=4906"}],"curies":[{"name":"wp","href":"https:\/\/api.w.org\/{rel}","templated":true}]}}