{"id":4917,"date":"2025-10-16T14:52:30","date_gmt":"2025-10-16T14:52:30","guid":{"rendered":"https:\/\/showerglasshardware.com\/?post_type=product&#038;p=4917"},"modified":"2026-03-10T03:15:56","modified_gmt":"2026-03-10T03:15:56","slug":"lm5901b-brass-180-glass-to-glass-shower-door-pivot-hinge","status":"publish","type":"product","link":"https:\/\/showerglasshardware.com\/fr-fr\/product\/lm5901b-brass-180-glass-to-glass-shower-door-pivot-hinge\/","title":{"rendered":"LM5901B Charni\u00e8re pivotante 180\u00b0 en laiton pour porte de douche verre \u00e0 verre - pour verre de 8 \u00e0 12 mm"},"content":{"rendered":"<p data-start=\"3399\" data-end=\"3849\">La charni\u00e8re pivotante 180\u00b0 verre-verre LM5901B relie deux panneaux de verre en toute s\u00e9curit\u00e9, permettant un pivotement stable pour les portes de douche sans cadre.<br data-start=\"3565\" data-end=\"3568\" \/>Fabriqu\u00e9 en laiton de haute qualit\u00e9, il offre solidit\u00e9 et r\u00e9sistance \u00e0 la corrosion pour une utilisation durable.<br data-start=\"3676\" data-end=\"3679\" \/>Id\u00e9ale pour le verre de 8 \u00e0 12 mm, avec une capacit\u00e9 de charge de 40 kg (deux charni\u00e8res), cette charni\u00e8re est con\u00e7ue pour les installations de centre \u00e0 centre dans les douches minimalistes.<\/p>\n<p data-start=\"3851\" data-end=\"3864\">Principales caract\u00e9ristiques:<\/p>\n<ul data-start=\"3865\" data-end=\"4048\">\n<li data-start=\"3865\" data-end=\"3906\">\n<p data-start=\"3867\" data-end=\"3906\">Type : Charni\u00e8re pivotante verre-verre \u00e0 180<\/p>\n<\/li>\n<li data-start=\"3907\" data-end=\"3926\">\n<p data-start=\"3909\" data-end=\"3926\">Mat\u00e9riel: Laiton<\/p>\n<\/li>\n<li data-start=\"3927\" data-end=\"3954\">\n<p data-start=\"3929\" data-end=\"3954\">Epaisseur du verre : 8-12mm<\/p>\n<\/li>\n<li data-start=\"3955\" data-end=\"3991\">\n<p data-start=\"3957\" data-end=\"3991\">Capacit\u00e9 de charge : 40 kg (deux charni\u00e8res)<\/p>\n<\/li>\n<li data-start=\"3992\" data-end=\"4048\">\n<p data-start=\"3994\" data-end=\"4048\">Finitions : Chrome \/ Nickel satin\u00e9 \/ Noir mat \/ Or<\/p>\n<\/li>\n<\/ul>\n<h2 id=\"tablepress-7-name\" class=\"tablepress-table-name tablepress-table-name-id-7\">Charni\u00e8re pivotante de douche - S\u00e9rie LM5901<\/h2>\n\n<table id=\"tablepress-7\" class=\"tablepress tablepress-id-7\" aria-labelledby=\"tablepress-7-name\">\n<thead>\n<tr class=\"row-1\">\n\t<th class=\"column-1\"><strong>Mod\u00e8le<\/strong><\/th><th class=\"column-2\"><strong>Image<\/strong><\/th><th class=\"column-3\"><strong>Type d'installation<\/strong><\/th><th class=\"column-4\"><strong>\u00c9paisseur du verre<\/strong><\/th><th class=\"column-5\"><strong>Options de finition<\/strong><\/th><th class=\"column-6\"><strong>Convient pour<\/strong><\/th>\n<\/tr>\n<\/thead>\n<tbody class=\"row-striping row-hover\">\n<tr class=\"row-2\">\n\t<td class=\"column-1\"><a href=\"https:\/\/showerglasshardware.com\/fr-fr\/product\/lm5901-brass-top-mount-shower-door-pivot-hinge\/\">LM5901<\/a><\/td><td class=\"column-2\"><a href=\"https:\/\/showerglasshardware.com\/wp-content\/uploads\/2025\/10\/LM5901-Brass-Top-Mount-Shower-Door-Pivot-Hinge-Size.jpg\"><img decoding=\"async\" src=\"https:\/\/showerglasshardware.com\/wp-content\/uploads\/2025\/10\/LM5901-Brass-Top-Mount-Shower-Door-Pivot-Hinge-Size-300x300.jpg\" alt=\"\" width=\"60\" height=\"60\" class=\"alignnone size-medium wp-image-4910\" title=\"\" srcset=\"https:\/\/showerglasshardware.com\/wp-content\/uploads\/2025\/10\/LM5901-Brass-Top-Mount-Shower-Door-Pivot-Hinge-Size-300x300.jpg 300w, https:\/\/showerglasshardware.com\/wp-content\/uploads\/2025\/10\/LM5901-Brass-Top-Mount-Shower-Door-Pivot-Hinge-Size-150x150.jpg 150w, https:\/\/showerglasshardware.com\/wp-content\/uploads\/2025\/10\/LM5901-Brass-Top-Mount-Shower-Door-Pivot-Hinge-Size-768x768.jpg 768w, https:\/\/showerglasshardware.com\/wp-content\/uploads\/2025\/10\/LM5901-Brass-Top-Mount-Shower-Door-Pivot-Hinge-Size-12x12.jpg 12w, https:\/\/showerglasshardware.com\/wp-content\/uploads\/2025\/10\/LM5901-Brass-Top-Mount-Shower-Door-Pivot-Hinge-Size-600x600.jpg 600w, https:\/\/showerglasshardware.com\/wp-content\/uploads\/2025\/10\/LM5901-Brass-Top-Mount-Shower-Door-Pivot-Hinge-Size-100x100.jpg 100w, https:\/\/showerglasshardware.com\/wp-content\/uploads\/2025\/10\/LM5901-Brass-Top-Mount-Shower-Door-Pivot-Hinge-Size.jpg 800w\" sizes=\"(max-width: 60px) 100vw, 60px\" \/><\/a><\/td><td class=\"column-3\">Fixation par le haut<\/td><td class=\"column-4\">8-12mm<\/td><td class=\"column-5\">Chrome \/ Nickel satin\u00e9 \/ Noir mat \/ Or<\/td><td class=\"column-6\">Porte \u00e0 pivot sup\u00e9rieur<\/td>\n<\/tr>\n<tr class=\"row-3\">\n\t<td class=\"column-1\"><a href=\"https:\/\/showerglasshardware.com\/fr-fr\/product\/lm5901al-left-side-brass-shower-door-pivot-hinge\/\">LM5901AL<\/a><\/td><td class=\"column-2\"><a href=\"https:\/\/showerglasshardware.com\/wp-content\/uploads\/2025\/10\/LM5901AL-Left-Side-Brass-Shower-Door-Pivot-Hinge-Size.jpg\"><img decoding=\"async\" src=\"https:\/\/showerglasshardware.com\/wp-content\/uploads\/2025\/10\/LM5901AL-Left-Side-Brass-Shower-Door-Pivot-Hinge-Size-300x300.jpg\" alt=\"LM5901AL Charni\u00e8re pivotante gauche pour porte de douche en laiton - Verre au mur 8-12mm\" width=\"60\" height=\"60\" class=\"alignnone size-medium wp-image-4919\" title=\"\" srcset=\"https:\/\/showerglasshardware.com\/wp-content\/uploads\/2025\/10\/LM5901AL-Left-Side-Brass-Shower-Door-Pivot-Hinge-Size-300x300.jpg 300w, https:\/\/showerglasshardware.com\/wp-content\/uploads\/2025\/10\/LM5901AL-Left-Side-Brass-Shower-Door-Pivot-Hinge-Size-150x150.jpg 150w, https:\/\/showerglasshardware.com\/wp-content\/uploads\/2025\/10\/LM5901AL-Left-Side-Brass-Shower-Door-Pivot-Hinge-Size-768x768.jpg 768w, https:\/\/showerglasshardware.com\/wp-content\/uploads\/2025\/10\/LM5901AL-Left-Side-Brass-Shower-Door-Pivot-Hinge-Size-12x12.jpg 12w, https:\/\/showerglasshardware.com\/wp-content\/uploads\/2025\/10\/LM5901AL-Left-Side-Brass-Shower-Door-Pivot-Hinge-Size-600x600.jpg 600w, https:\/\/showerglasshardware.com\/wp-content\/uploads\/2025\/10\/LM5901AL-Left-Side-Brass-Shower-Door-Pivot-Hinge-Size-100x100.jpg 100w, https:\/\/showerglasshardware.com\/wp-content\/uploads\/2025\/10\/LM5901AL-Left-Side-Brass-Shower-Door-Pivot-Hinge-Size.jpg 800w\" sizes=\"(max-width: 60px) 100vw, 60px\" \/><\/a><\/td><td class=\"column-3\">Verre gauche au mur<\/td><td class=\"column-4\">8-12mm<\/td><td class=\"column-5\">Chrome \/ Nickel satin\u00e9 \/ Noir mat \/ Or<\/td><td class=\"column-6\">Porte pivotante \u00e0 droite<\/td>\n<\/tr>\n<tr class=\"row-4\">\n\t<td class=\"column-1\"><a href=\"https:\/\/showerglasshardware.com\/fr-fr\/product\/lm5901ar-right-side-brass-shower-door-pivot-hinge\/\">LM5901AR<\/a><\/td><td class=\"column-2\"><a href=\"https:\/\/showerglasshardware.com\/wp-content\/uploads\/2025\/10\/LM5901AR-Right-Side-Brass-Shower-Door-Pivot-Hinge-Size.jpg\"><img decoding=\"async\" src=\"https:\/\/showerglasshardware.com\/wp-content\/uploads\/2025\/10\/LM5901AR-Right-Side-Brass-Shower-Door-Pivot-Hinge-Size-300x300.jpg\" alt=\"LM5901AR Charni\u00e8re pivotante droite pour porte de douche en laiton - Verre au mur 8-12mm\" width=\"60\" height=\"60\" class=\"alignnone size-medium wp-image-4913\" title=\"\" srcset=\"https:\/\/showerglasshardware.com\/wp-content\/uploads\/2025\/10\/LM5901AR-Right-Side-Brass-Shower-Door-Pivot-Hinge-Size-300x300.jpg 300w, https:\/\/showerglasshardware.com\/wp-content\/uploads\/2025\/10\/LM5901AR-Right-Side-Brass-Shower-Door-Pivot-Hinge-Size-150x150.jpg 150w, https:\/\/showerglasshardware.com\/wp-content\/uploads\/2025\/10\/LM5901AR-Right-Side-Brass-Shower-Door-Pivot-Hinge-Size-768x768.jpg 768w, https:\/\/showerglasshardware.com\/wp-content\/uploads\/2025\/10\/LM5901AR-Right-Side-Brass-Shower-Door-Pivot-Hinge-Size-12x12.jpg 12w, https:\/\/showerglasshardware.com\/wp-content\/uploads\/2025\/10\/LM5901AR-Right-Side-Brass-Shower-Door-Pivot-Hinge-Size-600x600.jpg 600w, https:\/\/showerglasshardware.com\/wp-content\/uploads\/2025\/10\/LM5901AR-Right-Side-Brass-Shower-Door-Pivot-Hinge-Size-100x100.jpg 100w, https:\/\/showerglasshardware.com\/wp-content\/uploads\/2025\/10\/LM5901AR-Right-Side-Brass-Shower-Door-Pivot-Hinge-Size.jpg 800w\" sizes=\"(max-width: 60px) 100vw, 60px\" \/><\/a><\/td><td class=\"column-3\">Verre \u00e0 droite contre le mur<\/td><td class=\"column-4\">8-12mm<\/td><td class=\"column-5\">Chrome \/ Nickel satin\u00e9 \/ Noir mat \/ Or<\/td><td class=\"column-6\">Porte pivotante \u00e0 gauche<\/td>\n<\/tr>\n<tr class=\"row-5\">\n\t<td class=\"column-1\"><a href=\"https:\/\/showerglasshardware.com\/fr-fr\/product\/lm5901b-brass-180-glass-to-glass-shower-door-pivot-hinge\/\">LM5901B<\/a><\/td><td class=\"column-2\"><a href=\"https:\/\/showerglasshardware.com\/wp-content\/uploads\/2025\/10\/LM5901B-Brass-180\u00b0-Glass-to-Glass-Shower-Door-Pivot-Hinge-Size.jpg\"><img loading=\"lazy\" decoding=\"async\" src=\"https:\/\/showerglasshardware.com\/wp-content\/uploads\/2025\/10\/LM5901B-Brass-180\u00b0-Glass-to-Glass-Shower-Door-Pivot-Hinge-Size-300x300.jpg\" alt=\"LM5901B Charni\u00e8re pivotante 180\u00b0 en laiton pour porte de douche verre \u00e0 verre - pour verre de 8 \u00e0 12 mm\" width=\"60\" height=\"60\" class=\"alignnone size-medium wp-image-4922\" title=\"\" srcset=\"https:\/\/showerglasshardware.com\/wp-content\/uploads\/2025\/10\/LM5901B-Brass-180\u00b0-Glass-to-Glass-Shower-Door-Pivot-Hinge-Size-300x300.jpg 300w, https:\/\/showerglasshardware.com\/wp-content\/uploads\/2025\/10\/LM5901B-Brass-180\u00b0-Glass-to-Glass-Shower-Door-Pivot-Hinge-Size-150x150.jpg 150w, https:\/\/showerglasshardware.com\/wp-content\/uploads\/2025\/10\/LM5901B-Brass-180\u00b0-Glass-to-Glass-Shower-Door-Pivot-Hinge-Size-768x768.jpg 768w, https:\/\/showerglasshardware.com\/wp-content\/uploads\/2025\/10\/LM5901B-Brass-180\u00b0-Glass-to-Glass-Shower-Door-Pivot-Hinge-Size-12x12.jpg 12w, https:\/\/showerglasshardware.com\/wp-content\/uploads\/2025\/10\/LM5901B-Brass-180\u00b0-Glass-to-Glass-Shower-Door-Pivot-Hinge-Size-600x600.jpg 600w, https:\/\/showerglasshardware.com\/wp-content\/uploads\/2025\/10\/LM5901B-Brass-180\u00b0-Glass-to-Glass-Shower-Door-Pivot-Hinge-Size-100x100.jpg 100w, https:\/\/showerglasshardware.com\/wp-content\/uploads\/2025\/10\/LM5901B-Brass-180\u00b0-Glass-to-Glass-Shower-Door-Pivot-Hinge-Size.jpg 800w\" sizes=\"(max-width: 60px) 100vw, 60px\" \/><\/a><\/td><td class=\"column-3\">180\u00b0 verre \u00e0 verre<\/td><td class=\"column-4\">8-12mm<\/td><td class=\"column-5\">Chrome \/ Nickel satin\u00e9 \/ Noir mat \/ Or<\/td><td class=\"column-6\">Enceinte \u00e0 double vitrage<\/td>\n<\/tr>\n<\/tbody>\n<\/table>","protected":false},"excerpt":{"rendered":"<p>Charni\u00e8re pivotante 180\u00b0 verre-verre pour portes de douche sans cadre. Fabriqu\u00e9e en laiton massif, convient au verre de 8 \u00e0 12 mm, supporte 40 kg par deux charni\u00e8res.<\/p>","protected":false},"featured_media":4921,"comment_status":"open","ping_status":"closed","template":"","meta":{"_acf_changed":false},"product_brand":[],"product_cat":[20,169],"product_tag":[],"class_list":{"0":"post-4917","1":"product","2":"type-product","3":"status-publish","4":"has-post-thumbnail","6":"product_cat-shower-door-hinges","7":"product_cat-shower-pivot-hinges","8":"pa_finish-chrome","9":"pa_finish-gold","10":"pa_finish-black","11":"pa_glass-thickness-1-2-inch-12mm","12":"pa_glass-thickness-3-8-inch-10mm","13":"pa_glass-thickness-5-16-inch-8mm","14":"pa_load-bearing-2-hinges-maximum-loading-40kgs","15":"pa_material-brass","17":"first","18":"instock","19":"taxable","20":"shipping-taxable","21":"product-type-simple"},"acf":[],"_links":{"self":[{"href":"https:\/\/showerglasshardware.com\/fr-fr\/wp-json\/wp\/v2\/product\/4917","targetHints":{"allow":["GET"]}}],"collection":[{"href":"https:\/\/showerglasshardware.com\/fr-fr\/wp-json\/wp\/v2\/product"}],"about":[{"href":"https:\/\/showerglasshardware.com\/fr-fr\/wp-json\/wp\/v2\/types\/product"}],"replies":[{"embeddable":true,"href":"https:\/\/showerglasshardware.com\/fr-fr\/wp-json\/wp\/v2\/comments?post=4917"}],"version-history":[{"count":3,"href":"https:\/\/showerglasshardware.com\/fr-fr\/wp-json\/wp\/v2\/product\/4917\/revisions"}],"predecessor-version":[{"id":5195,"href":"https:\/\/showerglasshardware.com\/fr-fr\/wp-json\/wp\/v2\/product\/4917\/revisions\/5195"}],"wp:featuredmedia":[{"embeddable":true,"href":"https:\/\/showerglasshardware.com\/fr-fr\/wp-json\/wp\/v2\/media\/4921"}],"wp:attachment":[{"href":"https:\/\/showerglasshardware.com\/fr-fr\/wp-json\/wp\/v2\/media?parent=4917"}],"wp:term":[{"taxonomy":"product_brand","embeddable":true,"href":"https:\/\/showerglasshardware.com\/fr-fr\/wp-json\/wp\/v2\/product_brand?post=4917"},{"taxonomy":"product_cat","embeddable":true,"href":"https:\/\/showerglasshardware.com\/fr-fr\/wp-json\/wp\/v2\/product_cat?post=4917"},{"taxonomy":"product_tag","embeddable":true,"href":"https:\/\/showerglasshardware.com\/fr-fr\/wp-json\/wp\/v2\/product_tag?post=4917"}],"curies":[{"name":"wp","href":"https:\/\/api.w.org\/{rel}","templated":true}]}}