{"id":5227,"date":"2026-03-10T03:04:16","date_gmt":"2026-03-10T03:04:16","guid":{"rendered":"https:\/\/showerglasshardware.com\/?post_type=product&#038;p=5227"},"modified":"2026-03-10T03:07:06","modified_gmt":"2026-03-10T03:07:06","slug":"black-glass-to-wall-hinge-for-frameless-shower-doors-stlw04","status":"publish","type":"product","link":"https:\/\/showerglasshardware.com\/fr-fr\/product\/black-glass-to-wall-hinge-for-frameless-shower-doors-stlw04\/","title":{"rendered":"Charni\u00e8re noire verre-mur pour portes de douche sans cadre STLW04"},"content":{"rendered":"<h3>Pourquoi choisir notre charni\u00e8re verre-mur en laiton massif ?<\/h3>\n<p data-path-to-node=\"16\">Lorsqu'il s'agit de quincaillerie pour verre sans cadre, la durabilit\u00e9 et l'esth\u00e9tique ne sont pas n\u00e9gociables. Nos <b data-path-to-node=\"16\" data-index-in-node=\"93\">Charni\u00e8re murale en verre 50x50mm<\/b> est un choix de premier ordre pour les entrepreneurs et les propri\u00e9taires :<\/p>\n<ul data-path-to-node=\"17\">\n<li>\n<p data-path-to-node=\"17,0,0\"><b data-path-to-node=\"17,0,0\" data-index-in-node=\"0\">Laiton massif r\u00e9sistant \u00e0 la corrosion :<\/b> Contrairement \u00e0 l'alliage de zinc, notre construction en laiton massif garantit que la charni\u00e8re ne s'affaissera pas et ne rouillera pas au fil du temps, m\u00eame dans les salles de bains \u00e0 forte humidit\u00e9.<\/p>\n<\/li>\n<li>\n<p data-path-to-node=\"17,1,0\"><b data-path-to-node=\"17,1,0\" data-index-in-node=\"0\">Design carr\u00e9 minimaliste :<\/b> Le mat <b data-path-to-node=\"17,1,0\" data-index-in-node=\"36\">charni\u00e8re verre-mur noir<\/b> pr\u00e9sente un profil carr\u00e9 de 50 x 50 mm qui s'harmonise parfaitement avec les robinets et accessoires de salle de bains contemporains de couleur noire.<\/p>\n<\/li>\n<li>\n<p data-path-to-node=\"17,2,0\"><b data-path-to-node=\"17,2,0\" data-index-in-node=\"0\">Technologie Secure Grip :<\/b> \u00c9quip\u00e9 de joints en caoutchouc haute densit\u00e9 pour emp\u00eacher le glissement des vitres et prot\u00e9ger vos panneaux de verre contre les rayures.<\/p>\n<\/li>\n<\/ul>\n<h3>Sp\u00e9cifications techniques et compatibilit\u00e9<\/h3>\n<table data-path-to-node=\"21\">\n<thead>\n<tr>\n<td><strong>Fonctionnalit\u00e9<\/strong><\/td>\n<td><strong>Sp\u00e9cifications<\/strong><\/td>\n<\/tr>\n<\/thead>\n<tbody>\n<tr>\n<td><span data-path-to-node=\"21,1,0,0\"><b data-path-to-node=\"21,1,0,0\" data-index-in-node=\"0\">Type de produit<\/b><\/span><\/td>\n<td><span data-path-to-node=\"21,1,1,0\">Charni\u00e8re noire entre le verre et le mur (90 degr\u00e9s)<\/span><\/td>\n<\/tr>\n<tr>\n<td><span data-path-to-node=\"21,2,0,0\"><b data-path-to-node=\"21,2,0,0\" data-index-in-node=\"0\">Mat\u00e9riel<\/b><\/span><\/td>\n<td><span data-path-to-node=\"21,2,1,0\">100% Laiton massif<\/span><\/td>\n<\/tr>\n<tr>\n<td><span data-path-to-node=\"21,3,0,0\"><b data-path-to-node=\"21,3,0,0\" data-index-in-node=\"0\">Dimensions<\/b><\/span><\/td>\n<td><span data-path-to-node=\"21,3,1,0\">50mm x 50mm<\/span><\/td>\n<\/tr>\n<tr>\n<td><span data-path-to-node=\"21,4,0,0\"><b data-path-to-node=\"21,4,0,0\" data-index-in-node=\"0\">Gamme de verres<\/b><\/span><\/td>\n<td><span data-path-to-node=\"21,4,1,0\">8mm, 10mm, 12mm Verre tremp\u00e9<\/span><\/td>\n<\/tr>\n<tr>\n<td><span data-path-to-node=\"21,5,0,0\"><b data-path-to-node=\"21,5,0,0\" data-index-in-node=\"0\">Capacit\u00e9 de charge maximale<\/b><\/span><\/td>\n<td><span data-path-to-node=\"21,5,1,0\">45kg par paire<\/span><\/td>\n<\/tr>\n<tr>\n<td><span data-path-to-node=\"21,6,0,0\"><b data-path-to-node=\"21,6,0,0\" data-index-in-node=\"0\">Finition<\/b><\/span><\/td>\n<td><span data-path-to-node=\"21,6,1,0\">Noir mat professionnel<\/span><\/td>\n<\/tr>\n<\/tbody>\n<\/table>\n<h3>Installation et application<\/h3>\n<p data-path-to-node=\"24\">Le pr\u00e9sent <b data-path-to-node=\"24\" data-index-in-node=\"5\">charni\u00e8re murale en verre<\/b> est id\u00e9al pour :<\/p>\n<ul data-path-to-node=\"25\">\n<li>\n<p data-path-to-node=\"25,0,0\">Portes de douche sans cadre<\/p>\n<\/li>\n<li>\n<p data-path-to-node=\"25,1,0\">Cloisons de bureau en verre<\/p>\n<\/li>\n<li>\n<p data-path-to-node=\"25,2,0\">Vitrines en verre<\/p>\n<\/li>\n<li>\n<p data-path-to-node=\"25,3,0\">Enceintes en verre pour gymnases et spas<\/p>\n<\/li>\n<\/ul>\n<p data-path-to-node=\"26\"><b data-path-to-node=\"26\" data-index-in-node=\"0\">Conseil d'installation :<\/b> Veillez \u00e0 ce que la surface du mur soit plane pour un montage affleurant. Nous recommandons d'utiliser deux charni\u00e8res pour les portes standard jusqu'\u00e0 800 mm de large.<\/p>\n<h4 data-path-to-node=\"26\">Foire aux questions (section FAQ)<\/h4>\n<p><b data-path-to-node=\"30\" data-index-in-node=\"0\">Q : Cette charni\u00e8re noire entre le verre et le mur est-elle inoxydable ?<\/b><\/p>\n<p>R : Oui. Fabriqu\u00e9 en laiton massif de haute qualit\u00e9 avec une finition noire mate \u00e9lectrod\u00e9pos\u00e9e, il est sp\u00e9cialement con\u00e7u pour r\u00e9sister aux environnements humides sans rouiller.<\/p>\n<p><b data-path-to-node=\"31\" data-index-in-node=\"0\">Q : Est-il livr\u00e9 avec le mat\u00e9riel de montage ?<\/b><\/p>\n<p>R : Oui, chaque charni\u00e8re comprend les vis murales et les joints internes n\u00e9cessaires \u00e0 l'installation d'un verre de 8 \u00e0 12 mm.<\/p>\n<p><b data-path-to-node=\"32\" data-index-in-node=\"0\">Q : Cette charni\u00e8re peut-elle supporter un verre de 12 mm d'\u00e9paisseur ?<\/b><\/p>\n<p>R : Absolument. Cette charni\u00e8re est test\u00e9e en charge pour supporter en toute s\u00e9curit\u00e9 le verre tremp\u00e9 de 8 mm, 10 mm et 12 mm.<\/p>","protected":false},"excerpt":{"rendered":"<p>Am\u00e9liorez votre cabine de douche sans cadre avec notre charni\u00e8re noire robuste entre le verre et le mur. Cette charni\u00e8re carr\u00e9e de 50 x 50 mm est fabriqu\u00e9e avec pr\u00e9cision en laiton massif et pr\u00e9sente une finition noire mate \u00e9l\u00e9gante qui r\u00e9siste \u00e0 la corrosion et aux taches d'eau. Con\u00e7ue pour un verre tremp\u00e9 de 8 \u00e0 12 mm, elle garantit un fonctionnement s\u00fbr, souple et silencieux de la porte dans les salles de bains modernes.<\/p>\n<ul>\n<li><b data-path-to-node=\"12,0,0\" data-index-in-node=\"0\">Mat\u00e9riel:<\/b> Laiton massif<\/li>\n<li><b data-path-to-node=\"12,1,0\" data-index-in-node=\"0\">Epaisseur du verre :<\/b> 8-12mm<\/li>\n<li><b data-path-to-node=\"12,2,0\" data-index-in-node=\"0\">Taille :<\/b> 50mm x 50mm<\/li>\n<li><b data-path-to-node=\"12,3,0\" data-index-in-node=\"0\">Finition :<\/b> Noir mat<\/li>\n<\/ul>","protected":false},"featured_media":5229,"comment_status":"open","ping_status":"closed","template":"","meta":{"_acf_changed":false},"product_brand":[],"product_cat":[20,21],"product_tag":[],"class_list":{"0":"post-5227","1":"product","2":"type-product","3":"status-publish","4":"has-post-thumbnail","6":"product_cat-shower-door-hinges","7":"product_cat-glass-to-wall-hinges","8":"pa_finish-brushed-nickel","9":"pa_finish-chrome","10":"pa_finish-gold","11":"pa_finish-black","12":"pa_glass-thickness-1-2-inch-12mm","13":"pa_glass-thickness-3-8-inch-10mm","14":"pa_glass-thickness-5-16-inch-8mm","15":"pa_load-bearing-40kg","16":"pa_material-brass","18":"first","19":"instock","20":"taxable","21":"shipping-taxable","22":"product-type-simple"},"acf":[],"_links":{"self":[{"href":"https:\/\/showerglasshardware.com\/fr-fr\/wp-json\/wp\/v2\/product\/5227","targetHints":{"allow":["GET"]}}],"collection":[{"href":"https:\/\/showerglasshardware.com\/fr-fr\/wp-json\/wp\/v2\/product"}],"about":[{"href":"https:\/\/showerglasshardware.com\/fr-fr\/wp-json\/wp\/v2\/types\/product"}],"replies":[{"embeddable":true,"href":"https:\/\/showerglasshardware.com\/fr-fr\/wp-json\/wp\/v2\/comments?post=5227"}],"version-history":[{"count":1,"href":"https:\/\/showerglasshardware.com\/fr-fr\/wp-json\/wp\/v2\/product\/5227\/revisions"}],"predecessor-version":[{"id":5232,"href":"https:\/\/showerglasshardware.com\/fr-fr\/wp-json\/wp\/v2\/product\/5227\/revisions\/5232"}],"wp:featuredmedia":[{"embeddable":true,"href":"https:\/\/showerglasshardware.com\/fr-fr\/wp-json\/wp\/v2\/media\/5229"}],"wp:attachment":[{"href":"https:\/\/showerglasshardware.com\/fr-fr\/wp-json\/wp\/v2\/media?parent=5227"}],"wp:term":[{"taxonomy":"product_brand","embeddable":true,"href":"https:\/\/showerglasshardware.com\/fr-fr\/wp-json\/wp\/v2\/product_brand?post=5227"},{"taxonomy":"product_cat","embeddable":true,"href":"https:\/\/showerglasshardware.com\/fr-fr\/wp-json\/wp\/v2\/product_cat?post=5227"},{"taxonomy":"product_tag","embeddable":true,"href":"https:\/\/showerglasshardware.com\/fr-fr\/wp-json\/wp\/v2\/product_tag?post=5227"}],"curies":[{"name":"wp","href":"https:\/\/api.w.org\/{rel}","templated":true}]}}