{"id":5339,"date":"2026-04-20T07:44:15","date_gmt":"2026-04-20T07:44:15","guid":{"rendered":"https:\/\/showerglasshardware.com\/?post_type=product&#038;p=5339"},"modified":"2026-04-20T07:44:15","modified_gmt":"2026-04-20T07:44:15","slug":"8-back-to-back-black-pull-handle-for-shower-door-sghls-01","status":"publish","type":"product","link":"https:\/\/showerglasshardware.com\/fr-fr\/product\/8-back-to-back-black-pull-handle-for-shower-door-sghls-01\/","title":{"rendered":"8\u2033 Back-to-Back Black Pull Handle for Shower Door SGHLS-01"},"content":{"rendered":"<p>The SGHLS-01 8&#8243; back-to-back black pull handle is designed for frameless shower doors and other glass door applications that require a clean appearance and dependable performance. Made from stainless steel, this glass door handle is suitable for B2B buyers seeking stable quality and consistent supply for wholesale, project, or brand distribution.<\/p>\n<p>With an 8&#8243; (203 mm) center-to-center mounting size and a 19 mm tubular diameter, this frameless shower door handle is built for glass panels with 8\u201312 mm thickness. Its glass mount back-to-back installation makes it a practical choice for frameless shower enclosures, residential and commercial glass doors, and custom shower hardware projects.<\/p>\n<p>This black shower door handle is available in matte black, black, brushed nickel, and other custom finishes, allowing customers to match different shower enclosure styles and market preferences. The simple tubular design is suitable for modern shower door systems and can also be adapted to different project requirements through OEM support.<\/p>\n<p>As a factory direct supplier, we provide flexible manufacturing support for wholesalers, distributors, contractors, and shower door brands. Custom size and custom finish options are available for customers who need tailored hardware solutions for their own product lines or project specifications.<\/p>\n<p>If you are sourcing a back to back shower door pull handle or stainless steel shower handle for wholesale or OEM supply, welcome to send us your inquiry for details.<\/p>\n<h3 data-section-id=\"tkyadr\" data-start=\"2207\" data-end=\"2225\">Principales caract\u00e9ristiques<\/h3>\n<ul data-start=\"2227\" data-end=\"2666\">\n<li data-section-id=\"2zrxug\" data-start=\"2227\" data-end=\"2279\">Fabriqu\u00e9 en acier inoxydable pour une utilisation stable et durable<\/li>\n<li data-section-id=\"lzrhyb\" data-start=\"2280\" data-end=\"2333\">Convient aux portes de douche sans cadre et aux portes en verre<\/li>\n<li data-section-id=\"1uz06de\" data-start=\"2334\" data-end=\"2392\">Conception de montage dos \u00e0 dos pour les applications de portes en verre<\/li>\n<li data-section-id=\"1basd90\" data-start=\"2393\" data-end=\"2427\">Convient <strong data-start=\"2400\" data-end=\"2411\">8-12 mm<\/strong> \u00e9paisseur du verre<\/li>\n<li data-section-id=\"1vyv8up\" data-start=\"2428\" data-end=\"2476\"><strong data-start=\"2430\" data-end=\"2462\">8\u2033 (203 mm) d'un centre \u00e0 l'autre<\/strong> taille de montage<\/li>\n<li data-section-id=\"13s7bfp\" data-start=\"2477\" data-end=\"2536\"><strong data-start=\"2479\" data-end=\"2505\">Diam\u00e8tre tubulaire de 19 mm<\/strong> pour une prise en main propre et pratique<\/li>\n<li data-section-id=\"1efab6o\" data-start=\"2537\" data-end=\"2610\">Disponible en <strong data-start=\"2552\" data-end=\"2590\">noir mat, noir, nickel bross\u00e9<\/strong>et autres finitions<\/li>\n<li data-section-id=\"127f15w\" data-start=\"2611\" data-end=\"2666\">Possibilit\u00e9 d'OEM, de finitions et de dimensions personnalis\u00e9es<\/li>\n<\/ul>\n<h2 data-section-id=\"1h9jliy\" data-start=\"3352\" data-end=\"3379\">Sc\u00e9narios d'application<\/h2>\n<p data-start=\"3381\" data-end=\"3471\">Le pr\u00e9sent <strong data-start=\"3386\" data-end=\"3407\">poign\u00e9e de traction noire<\/strong> convient \u00e0 un large \u00e9ventail de projets de portes en verre, notamment :<\/p>\n<ul data-start=\"3473\" data-end=\"3697\">\n<li data-section-id=\"1n13nfs\" data-start=\"3473\" data-end=\"3504\">Syst\u00e8mes de portes de douche sans cadre<\/li>\n<li data-section-id=\"1orlp21\" data-start=\"3505\" data-end=\"3544\">Fermetures en verre pour salles de bains r\u00e9sidentielles<\/li>\n<li data-section-id=\"16zefzj\" data-start=\"3545\" data-end=\"3582\">Projets de douches d'h\u00f4tels et d'appartements<\/li>\n<li data-section-id=\"tr18cn\" data-start=\"3583\" data-end=\"3616\">Fabrication de portes en verre sur mesure<\/li>\n<li data-section-id=\"1qigc5q\" data-start=\"3617\" data-end=\"3652\">Distribution de quincaillerie de porte de douche<\/li>\n<li data-section-id=\"i9dvje\" data-start=\"3653\" data-end=\"3697\">Installations r\u00e9alis\u00e9es par des entrepreneurs ou dans le cadre de projets<\/li>\n<\/ul>\n<h2 data-section-id=\"1pwnb9k\" data-start=\"3699\" data-end=\"3742\">Paragraphe relatif \u00e0 l'assistance OEM \/ \u00e0 la personnalisation<\/h2>\n<p data-start=\"3744\" data-end=\"4181\">Nous proposons des services OEM et de personnalisation aux clients B2B qui ont besoin de solutions d'approvisionnement flexibles. Les options disponibles sont les suivantes <strong data-start=\"3871\" data-end=\"3888\">finition personnalis\u00e9e<\/strong>, <strong data-start=\"3890\" data-end=\"3905\">taille personnalis\u00e9e<\/strong>Le SGHLS-01 peut \u00eatre utilis\u00e9 pour la fabrication de portes de douche, de portes de garage, de portes de garage, de portes de garage, de portes de garage et de portes de garage. Cela fait du SGHLS-01 un choix appropri\u00e9 pour les grossistes, les distributeurs, les entrepreneurs et les marques de portes de douche \u00e0 la recherche d'un approvisionnement direct en usine avec un support de production fiable.<\/p>\n<h2 data-section-id=\"9sfkdx\" data-start=\"5019\" data-end=\"5055\">FAQ<\/h2>\n<p data-start=\"5057\" data-end=\"5271\"><strong data-start=\"5057\" data-end=\"5126\">Q1 : Pour quelle \u00e9paisseur de verre cette poign\u00e9e de porte de douche convient-elle ?<\/strong><br data-start=\"5126\" data-end=\"5129\" \/>Cette poign\u00e9e de porte de douche convient pour <strong data-start=\"5169\" data-end=\"5196\">Epaisseur du verre : 8-12 mm<\/strong>qui est couramment utilis\u00e9 pour les portes de douche sans cadre et les syst\u00e8mes de portes en verre.<\/p>\n<p data-start=\"5273\" data-end=\"5530\"><strong data-start=\"5273\" data-end=\"5325\">Q2 : Quel type d'installation cette poign\u00e9e utilise-t-elle ?<\/strong><br data-start=\"5325\" data-end=\"5328\" \/>Le SGHLS-01 utilise un <strong data-start=\"5348\" data-end=\"5389\">montage en verre installation dos \u00e0 dos<\/strong>Il convient donc aux portes de douche sans cadre et aux autres applications de portes en verre o\u00f9 les poign\u00e9es sont mont\u00e9es des deux c\u00f4t\u00e9s du panneau de verre.<\/p>\n<p data-start=\"5532\" data-end=\"5753\"><strong data-start=\"5532\" data-end=\"5598\">Q3 : Pouvez-vous fournir des options OEM ou personnalis\u00e9es pour cette poign\u00e9e ?<\/strong><br data-start=\"5598\" data-end=\"5601\" \/>Oui. Nous soutenons <strong data-start=\"5617\" data-end=\"5632\">Service OEM<\/strong>, y compris <strong data-start=\"5644\" data-end=\"5659\">taille personnalis\u00e9e<\/strong> et <strong data-start=\"5664\" data-end=\"5681\">finition personnalis\u00e9e<\/strong> pour r\u00e9pondre aux diff\u00e9rentes exigences des projets et aux pr\u00e9f\u00e9rences du march\u00e9.<\/p>","protected":false},"excerpt":{"rendered":"<ul>\n<li>Poign\u00e9e de tirage noire<\/li>\n<li>Poign\u00e9e de tirage dos \u00e0 dos<\/li>\n<li>Centre \u00e0 centre : 203 mm (8 po)<\/li>\n<li>Type de montage : Montage sur verre - dos \u00e0 dos<\/li>\n<li>Diam\u00e8tre du tube : 19 mm<\/li>\n<li>Noir mat<\/li>\n<\/ul>","protected":false},"featured_media":5340,"comment_status":"open","ping_status":"closed","template":"","meta":{"_acf_changed":false},"product_brand":[],"product_cat":[27],"product_tag":[],"class_list":{"0":"post-5339","1":"product","2":"type-product","3":"status-publish","4":"has-post-thumbnail","6":"product_cat-shower-door-handles","7":"pa_glass-thickness-1-2-inch-12mm","8":"pa_glass-thickness-3-8-inch-10mm","9":"pa_glass-thickness-5-16-inch-8mm","10":"pa_material-stainless-steel","12":"first","13":"instock","14":"taxable","15":"shipping-taxable","16":"product-type-simple"},"acf":[],"_links":{"self":[{"href":"https:\/\/showerglasshardware.com\/fr-fr\/wp-json\/wp\/v2\/product\/5339","targetHints":{"allow":["GET"]}}],"collection":[{"href":"https:\/\/showerglasshardware.com\/fr-fr\/wp-json\/wp\/v2\/product"}],"about":[{"href":"https:\/\/showerglasshardware.com\/fr-fr\/wp-json\/wp\/v2\/types\/product"}],"replies":[{"embeddable":true,"href":"https:\/\/showerglasshardware.com\/fr-fr\/wp-json\/wp\/v2\/comments?post=5339"}],"version-history":[{"count":1,"href":"https:\/\/showerglasshardware.com\/fr-fr\/wp-json\/wp\/v2\/product\/5339\/revisions"}],"predecessor-version":[{"id":5341,"href":"https:\/\/showerglasshardware.com\/fr-fr\/wp-json\/wp\/v2\/product\/5339\/revisions\/5341"}],"wp:featuredmedia":[{"embeddable":true,"href":"https:\/\/showerglasshardware.com\/fr-fr\/wp-json\/wp\/v2\/media\/5340"}],"wp:attachment":[{"href":"https:\/\/showerglasshardware.com\/fr-fr\/wp-json\/wp\/v2\/media?parent=5339"}],"wp:term":[{"taxonomy":"product_brand","embeddable":true,"href":"https:\/\/showerglasshardware.com\/fr-fr\/wp-json\/wp\/v2\/product_brand?post=5339"},{"taxonomy":"product_cat","embeddable":true,"href":"https:\/\/showerglasshardware.com\/fr-fr\/wp-json\/wp\/v2\/product_cat?post=5339"},{"taxonomy":"product_tag","embeddable":true,"href":"https:\/\/showerglasshardware.com\/fr-fr\/wp-json\/wp\/v2\/product_tag?post=5339"}],"curies":[{"name":"wp","href":"https:\/\/api.w.org\/{rel}","templated":true}]}}