{"id":537,"date":"2024-03-29T02:34:42","date_gmt":"2024-03-29T02:34:42","guid":{"rendered":"https:\/\/showerglasshardware.com\/?post_type=product&#038;p=537"},"modified":"2025-10-08T08:47:18","modified_gmt":"2025-10-08T08:47:18","slug":"shower-room-brass-glass-to-wall-90-square-clamps-single-hole-sgh-180c","status":"publish","type":"product","link":"https:\/\/showerglasshardware.com\/fr-fr\/product\/shower-room-brass-glass-to-wall-90-square-clamps-single-hole-sgh-180c\/","title":{"rendered":"Salle de douche Laiton Verre au mur 90\u00b0 Colliers carr\u00e9s simple trou SGH-SD180C"},"content":{"rendered":"<p data-start=\"613\" data-end=\"750\">Le SGH-SD180C Brass Glass to Wall 90\u00b0 Square Clamp est un raccord durable et moderne con\u00e7u pour les cabines de douche sans cadre.<\/p>\n<p data-start=\"752\" data-end=\"1099\">Fabriqu\u00e9 en laiton massif, il offre une grande solidit\u00e9 et une r\u00e9sistance \u00e0 la corrosion, garantissant une fiabilit\u00e9 \u00e0 long terme dans les salles de bains humides. La configuration verre\/mur \u00e0 90\u00b0 assure une connexion s\u00fbre entre les panneaux de verre fixes et les surfaces murales, tandis que le design carr\u00e9 rehausse l'aspect \u00e9pur\u00e9 et minimaliste des salles de bains contemporaines.<\/p>\n<p data-start=\"1101\" data-end=\"1341\">Avec un syst\u00e8me de montage \u00e0 trou unique, l'installation est rapide et s\u00fbre. Con\u00e7u pour des vitres de 6 \u00e0 12 mm d'\u00e9paisseur, le SGH-SD180C supporte jusqu'\u00e0 35 kg par deux pinces, ce qui le rend id\u00e9al pour les applications de douches r\u00e9sidentielles et commerciales.<\/p>\n<p data-start=\"1343\" data-end=\"1362\"><strong data-start=\"1343\" data-end=\"1360\">Principales caract\u00e9ristiques:<\/strong><\/p>\n<ul data-start=\"1363\" data-end=\"1767\">\n<li data-start=\"1363\" data-end=\"1434\">\n<p data-start=\"1365\" data-end=\"1434\"><strong data-start=\"1365\" data-end=\"1374\">Taper:<\/strong> Collier de douche carr\u00e9 en laiton 90\u00b0 verre-mur (simple trou)<\/p>\n<\/li>\n<li data-start=\"1435\" data-end=\"1499\">\n<p data-start=\"1437\" data-end=\"1499\"><strong data-start=\"1437\" data-end=\"1450\">Mat\u00e9riel:<\/strong> Laiton massif pour la durabilit\u00e9 et la r\u00e9sistance \u00e0 la rouille<\/p>\n<\/li>\n<li data-start=\"1500\" data-end=\"1552\">\n<p data-start=\"1502\" data-end=\"1552\"><strong data-start=\"1502\" data-end=\"1526\">Compatibilit\u00e9 du verre\u00a0:<\/strong> Convient au verre d'une \u00e9paisseur de 6 \u00e0 12 mm<\/p>\n<\/li>\n<li data-start=\"1553\" data-end=\"1610\">\n<p data-start=\"1555\" data-end=\"1610\"><strong data-start=\"1555\" data-end=\"1573\">Capacit\u00e9 de charge :<\/strong> Supporte jusqu'\u00e0 35 kg par deux pinces<\/p>\n<\/li>\n<li data-start=\"1611\" data-end=\"1667\">\n<p data-start=\"1613\" data-end=\"1667\"><strong data-start=\"1613\" data-end=\"1624\">Conception :<\/strong> Style carr\u00e9 pour un look moderne sans cadre<\/p>\n<\/li>\n<li data-start=\"1668\" data-end=\"1767\">\n<p data-start=\"1670\" data-end=\"1767\"><strong data-start=\"1670\" data-end=\"1687\">Applications :<\/strong> Convient aux portes et panneaux de douche sans cadre dans les salles de bains, les h\u00f4tels et les spas<\/p>\n<\/li>\n<\/ul>\n<p data-start=\"1769\" data-end=\"1790\"><strong data-start=\"1769\" data-end=\"1788\">Caract\u00e9ristiques:<\/strong><\/p>\n<ul data-start=\"1791\" data-end=\"2067\">\n<li data-start=\"1791\" data-end=\"1816\">\n<p data-start=\"1793\" data-end=\"1816\"><strong data-start=\"1793\" data-end=\"1803\">Mod\u00e8le :<\/strong> SGH-SD180C<\/p>\n<\/li>\n<li data-start=\"1817\" data-end=\"1874\">\n<p data-start=\"1819\" data-end=\"1874\"><strong data-start=\"1819\" data-end=\"1828\">Taper:<\/strong> Pince carr\u00e9e verre-mur, 90\u00b0 trou unique<\/p>\n<\/li>\n<li data-start=\"1875\" data-end=\"1898\">\n<p data-start=\"1877\" data-end=\"1898\"><strong data-start=\"1877\" data-end=\"1890\">Mat\u00e9riel:<\/strong> Laiton<\/p>\n<\/li>\n<li data-start=\"1899\" data-end=\"1935\">\n<p data-start=\"1901\" data-end=\"1935\"><strong data-start=\"1901\" data-end=\"1926\">S'adapte \u00e0 l'\u00e9paisseur du verre :<\/strong> 6-12mm<\/p>\n<\/li>\n<li data-start=\"1936\" data-end=\"1972\">\n<p data-start=\"1938\" data-end=\"1972\"><strong data-start=\"1938\" data-end=\"1958\">Poids maximal de la porte :<\/strong> 35kg \/ 2pcs<\/p>\n<\/li>\n<li data-start=\"1973\" data-end=\"2067\">\n<p data-start=\"1975\" data-end=\"2067\"><strong data-start=\"1975\" data-end=\"1994\">Options de finition :<\/strong> Chrome poli, Or poli, Nickel bross\u00e9, M\u00e9tal Gun, Noir mat<\/p>\n<\/li>\n<\/ul>","protected":false},"excerpt":{"rendered":"<ul>\n<li>Mat\u00e9riau en laiton<\/li>\n<li>Pinces carr\u00e9es<\/li>\n<li>\u00c9paisseur du verre : 6-12 mm ;<\/li>\n<li>Poids maximum de la porte vitr\u00e9e : 35 kg (2 pi\u00e8ces) ;<\/li>\n<li>Fini : Chrome poli ; Or poli\u00a0; Nickel bross\u00e9; M\u00e9tal \u00e0 canon\u00a0; Noir mat<\/li>\n<\/ul>\n<p><!-- notionvc: a9eae75d-0436-41ac-8760-57c5d15135a1 --><\/p>","protected":false},"featured_media":543,"comment_status":"open","ping_status":"closed","template":"","meta":{"_acf_changed":false},"product_brand":[],"product_cat":[24],"product_tag":[55],"class_list":{"0":"post-537","1":"product","2":"type-product","3":"status-publish","4":"has-post-thumbnail","6":"product_cat-shower-glass-clamps","7":"product_tag-90-degree-glass-to-wall-clamp","8":"pa_finish-brushed-nickel","9":"pa_finish-chrome","10":"pa_finish-gold","11":"pa_finish-gun-metal","12":"pa_finish-black","13":"pa_glass-thickness-6-12mm","14":"pa_material-brass","16":"first","17":"instock","18":"taxable","19":"shipping-taxable","20":"product-type-simple"},"acf":[],"_links":{"self":[{"href":"https:\/\/showerglasshardware.com\/fr-fr\/wp-json\/wp\/v2\/product\/537","targetHints":{"allow":["GET"]}}],"collection":[{"href":"https:\/\/showerglasshardware.com\/fr-fr\/wp-json\/wp\/v2\/product"}],"about":[{"href":"https:\/\/showerglasshardware.com\/fr-fr\/wp-json\/wp\/v2\/types\/product"}],"replies":[{"embeddable":true,"href":"https:\/\/showerglasshardware.com\/fr-fr\/wp-json\/wp\/v2\/comments?post=537"}],"version-history":[{"count":3,"href":"https:\/\/showerglasshardware.com\/fr-fr\/wp-json\/wp\/v2\/product\/537\/revisions"}],"predecessor-version":[{"id":4795,"href":"https:\/\/showerglasshardware.com\/fr-fr\/wp-json\/wp\/v2\/product\/537\/revisions\/4795"}],"wp:featuredmedia":[{"embeddable":true,"href":"https:\/\/showerglasshardware.com\/fr-fr\/wp-json\/wp\/v2\/media\/543"}],"wp:attachment":[{"href":"https:\/\/showerglasshardware.com\/fr-fr\/wp-json\/wp\/v2\/media?parent=537"}],"wp:term":[{"taxonomy":"product_brand","embeddable":true,"href":"https:\/\/showerglasshardware.com\/fr-fr\/wp-json\/wp\/v2\/product_brand?post=537"},{"taxonomy":"product_cat","embeddable":true,"href":"https:\/\/showerglasshardware.com\/fr-fr\/wp-json\/wp\/v2\/product_cat?post=537"},{"taxonomy":"product_tag","embeddable":true,"href":"https:\/\/showerglasshardware.com\/fr-fr\/wp-json\/wp\/v2\/product_tag?post=537"}],"curies":[{"name":"wp","href":"https:\/\/api.w.org\/{rel}","templated":true}]}}