{"id":549,"date":"2024-03-29T02:57:43","date_gmt":"2024-03-29T02:57:43","guid":{"rendered":"https:\/\/showerglasshardware.com\/?post_type=product&#038;p=549"},"modified":"2025-09-25T13:37:31","modified_gmt":"2025-09-25T13:37:31","slug":"shower-room-brass-glass-to-wall-180-square-clamps-single-hole-sgh-180","status":"publish","type":"product","link":"https:\/\/showerglasshardware.com\/fr-fr\/product\/shower-room-brass-glass-to-wall-180-square-clamps-single-hole-sgh-180\/","title":{"rendered":"Salle de douche Laiton Verre au mur 180\u00b0 Colliers carr\u00e9s simple trou SGH-SD180"},"content":{"rendered":"<p data-start=\"550\" data-end=\"676\">La fixation carr\u00e9e verre\/mur SGH-SD180 en laiton est un accessoire solide et \u00e9l\u00e9gant con\u00e7u pour les cabines de douche sans cadre.<\/p>\n<p data-start=\"678\" data-end=\"951\">Fabriqu\u00e9 en laiton massif, ce collier garantit une durabilit\u00e9 et une r\u00e9sistance \u00e0 la corrosion durables, ce qui le rend id\u00e9al pour les salles de bains humides. La conception verre-mur \u00e0 180\u00b0 assure une connexion s\u00fbre, tandis que le profil carr\u00e9 offre un aspect moderne et propre.<\/p>\n<p data-start=\"953\" data-end=\"1267\">Con\u00e7ue pour le verre de 6 \u00e0 12 mm d'\u00e9paisseur, cette pince supporte jusqu'\u00e0 35 kg par deux pinces, ce qui la rend adapt\u00e9e aux portes de douche en verre sans cadre de taille moyenne. Sa fixation \u00e0 trou unique permet une installation facile et s\u00fbre, tandis que les multiples options de finition vous permettent de l'assortir \u00e0 vos \u00e9quipements de salle de bains existants.<\/p>\n<p data-start=\"1269\" data-end=\"1288\"><strong data-start=\"1269\" data-end=\"1286\">Principales caract\u00e9ristiques:<\/strong><\/p>\n<ul data-start=\"1289\" data-end=\"1693\">\n<li data-start=\"1289\" data-end=\"1361\">\n<p data-start=\"1291\" data-end=\"1361\"><strong data-start=\"1291\" data-end=\"1300\">Taper:<\/strong> Collier de douche carr\u00e9 en laiton 180\u00b0 verre-mur (simple trou)<\/p>\n<\/li>\n<li data-start=\"1362\" data-end=\"1429\">\n<p data-start=\"1364\" data-end=\"1429\"><strong data-start=\"1364\" data-end=\"1377\">Mat\u00e9riel:<\/strong> Laiton massif pour la solidit\u00e9 et la r\u00e9sistance \u00e0 la corrosion<\/p>\n<\/li>\n<li data-start=\"1430\" data-end=\"1482\">\n<p data-start=\"1432\" data-end=\"1482\"><strong data-start=\"1432\" data-end=\"1456\">Compatibilit\u00e9 du verre\u00a0:<\/strong> Convient au verre d'une \u00e9paisseur de 6 \u00e0 12 mm<\/p>\n<\/li>\n<li data-start=\"1483\" data-end=\"1540\">\n<p data-start=\"1485\" data-end=\"1540\"><strong data-start=\"1485\" data-end=\"1503\">Capacit\u00e9 de charge :<\/strong> Supporte jusqu'\u00e0 35 kg par deux pinces<\/p>\n<\/li>\n<li data-start=\"1541\" data-end=\"1604\">\n<p data-start=\"1543\" data-end=\"1604\"><strong data-start=\"1543\" data-end=\"1554\">Conception :<\/strong> Forme carr\u00e9e avec connexion verre-mur \u00e0 180<\/p>\n<\/li>\n<li data-start=\"1605\" data-end=\"1693\">\n<p data-start=\"1607\" data-end=\"1693\"><strong data-start=\"1607\" data-end=\"1624\">Applications :<\/strong> Parfait pour les cabines de douche sans cadre dans les maisons, les h\u00f4tels et les spas<\/p>\n<\/li>\n<\/ul>\n<p data-start=\"1695\" data-end=\"1716\"><strong data-start=\"1695\" data-end=\"1714\">Caract\u00e9ristiques:<\/strong><\/p>\n<ul data-start=\"1717\" data-end=\"1993\">\n<li data-start=\"1717\" data-end=\"1741\">\n<p data-start=\"1719\" data-end=\"1741\"><strong data-start=\"1719\" data-end=\"1729\">Mod\u00e8le :<\/strong> SGH-SD180<\/p>\n<\/li>\n<li data-start=\"1742\" data-end=\"1800\">\n<p data-start=\"1744\" data-end=\"1800\"><strong data-start=\"1744\" data-end=\"1753\">Taper:<\/strong> Pince carr\u00e9e verre-mur, trou unique 180<\/p>\n<\/li>\n<li data-start=\"1801\" data-end=\"1824\">\n<p data-start=\"1803\" data-end=\"1824\"><strong data-start=\"1803\" data-end=\"1816\">Mat\u00e9riel:<\/strong> Laiton<\/p>\n<\/li>\n<li data-start=\"1825\" data-end=\"1861\">\n<p data-start=\"1827\" data-end=\"1861\"><strong data-start=\"1827\" data-end=\"1852\">S'adapte \u00e0 l'\u00e9paisseur du verre :<\/strong> 6-12mm<\/p>\n<\/li>\n<li data-start=\"1862\" data-end=\"1898\">\n<p data-start=\"1864\" data-end=\"1898\"><strong data-start=\"1864\" data-end=\"1884\">Poids maximal de la porte :<\/strong> 35kg \/ 2pcs<\/p>\n<\/li>\n<li data-start=\"1899\" data-end=\"1993\">\n<p data-start=\"1901\" data-end=\"1993\"><strong data-start=\"1901\" data-end=\"1920\">Options de finition :<\/strong> Chrome poli, Or poli, Nickel bross\u00e9, M\u00e9tal Gun, Noir mat<\/p>\n<\/li>\n<\/ul>","protected":false},"excerpt":{"rendered":"<ul>\n<li>Mat\u00e9riau en laiton<\/li>\n<li>Pinces carr\u00e9es<\/li>\n<li>Verre au mur 180\u00b0<\/li>\n<li>\u00c9paisseur du verre : 6-12 mm ;<\/li>\n<li>Poids maximum de la porte vitr\u00e9e : 35 kg (2 pi\u00e8ces) ;<\/li>\n<li>Fini : Chrome poli ; Or poli\u00a0; Nickel bross\u00e9; M\u00e9tal \u00e0 canon\u00a0; Noir mat<\/li>\n<\/ul>\n<p><!-- notionvc: a9eae75d-0436-41ac-8760-57c5d15135a1 --><\/p>","protected":false},"featured_media":4768,"comment_status":"open","ping_status":"closed","template":"","meta":{"_acf_changed":false},"product_brand":[],"product_cat":[24,110],"product_tag":[56],"class_list":{"0":"post-549","1":"product","2":"type-product","3":"status-publish","4":"has-post-thumbnail","6":"product_cat-shower-glass-clamps","7":"product_cat-wall-mount-clamps","8":"product_tag-180-degree-glass-to-wall-clamp","9":"pa_finish-brushed-nickel","10":"pa_finish-chrome","11":"pa_finish-gold","12":"pa_finish-gun-metal","13":"pa_finish-black","14":"pa_glass-thickness-1-2-inch-12mm","15":"pa_glass-thickness-1-4-inch-6mm","16":"pa_glass-thickness-3-8-inch-10mm","17":"pa_glass-thickness-5-16-inch-8mm","18":"pa_material-brass","20":"first","21":"instock","22":"purchasable","23":"product-type-variable"},"acf":[],"_links":{"self":[{"href":"https:\/\/showerglasshardware.com\/fr-fr\/wp-json\/wp\/v2\/product\/549","targetHints":{"allow":["GET"]}}],"collection":[{"href":"https:\/\/showerglasshardware.com\/fr-fr\/wp-json\/wp\/v2\/product"}],"about":[{"href":"https:\/\/showerglasshardware.com\/fr-fr\/wp-json\/wp\/v2\/types\/product"}],"replies":[{"embeddable":true,"href":"https:\/\/showerglasshardware.com\/fr-fr\/wp-json\/wp\/v2\/comments?post=549"}],"version-history":[{"count":4,"href":"https:\/\/showerglasshardware.com\/fr-fr\/wp-json\/wp\/v2\/product\/549\/revisions"}],"predecessor-version":[{"id":4769,"href":"https:\/\/showerglasshardware.com\/fr-fr\/wp-json\/wp\/v2\/product\/549\/revisions\/4769"}],"wp:featuredmedia":[{"embeddable":true,"href":"https:\/\/showerglasshardware.com\/fr-fr\/wp-json\/wp\/v2\/media\/4768"}],"wp:attachment":[{"href":"https:\/\/showerglasshardware.com\/fr-fr\/wp-json\/wp\/v2\/media?parent=549"}],"wp:term":[{"taxonomy":"product_brand","embeddable":true,"href":"https:\/\/showerglasshardware.com\/fr-fr\/wp-json\/wp\/v2\/product_brand?post=549"},{"taxonomy":"product_cat","embeddable":true,"href":"https:\/\/showerglasshardware.com\/fr-fr\/wp-json\/wp\/v2\/product_cat?post=549"},{"taxonomy":"product_tag","embeddable":true,"href":"https:\/\/showerglasshardware.com\/fr-fr\/wp-json\/wp\/v2\/product_tag?post=549"}],"curies":[{"name":"wp","href":"https:\/\/api.w.org\/{rel}","templated":true}]}}