{"id":564,"date":"2024-03-29T03:17:17","date_gmt":"2024-03-29T03:17:17","guid":{"rendered":"https:\/\/showerglasshardware.com\/?post_type=product&#038;p=564"},"modified":"2025-12-22T01:22:03","modified_gmt":"2025-12-22T01:22:03","slug":"glass-to-glass-buy-glass-shower-door-clamps-sgh-183","status":"publish","type":"product","link":"https:\/\/showerglasshardware.com\/fr-fr\/product\/glass-to-glass-buy-glass-shower-door-clamps-sgh-183\/","title":{"rendered":"Salle de douche Laiton 135\u00b0 Verre \u00e0 Verre Acheter Pince pour Porte de Douche en Verre SGH-SD183"},"content":{"rendered":"<p data-start=\"555\" data-end=\"700\">La pince carr\u00e9e verre-verre SGH-SD183 en laiton est un raccord de haute qualit\u00e9 con\u00e7u pour les cabines de douche sans cadre avec des raccords angulaires.<\/p>\n<p data-start=\"702\" data-end=\"1002\">Fabriqu\u00e9s en laiton massif, ces colliers garantissent une durabilit\u00e9 et une excellente r\u00e9sistance \u00e0 la corrosion dans les salles de bains humides. La configuration verre-verre \u00e0 135\u00b0 est id\u00e9ale pour raccorder les panneaux fixes et les portes de douche dans les angles, offrant \u00e0 la fois une stabilit\u00e9 structurelle et un aspect moderne.<\/p>\n<p data-start=\"1004\" data-end=\"1239\">Avec son design carr\u00e9, la SGH-SD183 offre un aspect propre et contemporain. Adapt\u00e9e au verre de 6 \u00e0 12 mm d'\u00e9paisseur, cette pince supporte jusqu'\u00e0 35 kg par deux pinces et est disponible en plusieurs finitions pour s'harmoniser avec le d\u00e9cor de votre salle de bains.<\/p>\n<p data-start=\"1241\" data-end=\"1260\"><strong data-start=\"1241\" data-end=\"1258\">Principales caract\u00e9ristiques:<\/strong><\/p>\n<ul data-start=\"1261\" data-end=\"1673\">\n<li data-start=\"1261\" data-end=\"1326\">\n<p data-start=\"1263\" data-end=\"1326\"><strong data-start=\"1263\" data-end=\"1272\">Taper:<\/strong> Attaches carr\u00e9es 135\u00b0 en laiton pour portes de douche verre-verre<\/p>\n<\/li>\n<li data-start=\"1327\" data-end=\"1389\">\n<p data-start=\"1329\" data-end=\"1389\"><strong data-start=\"1329\" data-end=\"1342\">Mat\u00e9riel:<\/strong> Laiton massif pour la solidit\u00e9 et la r\u00e9sistance \u00e0 la rouille<\/p>\n<\/li>\n<li data-start=\"1390\" data-end=\"1442\">\n<p data-start=\"1392\" data-end=\"1442\"><strong data-start=\"1392\" data-end=\"1416\">Compatibilit\u00e9 du verre\u00a0:<\/strong> Convient au verre d'une \u00e9paisseur de 6 \u00e0 12 mm<\/p>\n<\/li>\n<li data-start=\"1443\" data-end=\"1500\">\n<p data-start=\"1445\" data-end=\"1500\"><strong data-start=\"1445\" data-end=\"1463\">Capacit\u00e9 de charge :<\/strong> Supporte jusqu'\u00e0 35 kg par deux pinces<\/p>\n<\/li>\n<li data-start=\"1501\" data-end=\"1567\">\n<p data-start=\"1503\" data-end=\"1567\"><strong data-start=\"1503\" data-end=\"1514\">Conception :<\/strong> Profil\u00e9 carr\u00e9 avec connexion verre-verre \u00e0 135\u00b0.<\/p>\n<\/li>\n<li data-start=\"1568\" data-end=\"1673\">\n<p data-start=\"1570\" data-end=\"1673\"><strong data-start=\"1570\" data-end=\"1587\">Applications :<\/strong> Parfait pour les portes de douche sans cadre et les parois inclin\u00e9es dans les maisons, les h\u00f4tels et les spas.<\/p>\n<\/li>\n<\/ul>\n<p data-start=\"1675\" data-end=\"1696\"><strong data-start=\"1675\" data-end=\"1694\">Caract\u00e9ristiques:<\/strong><\/p>\n<ul data-start=\"1697\" data-end=\"1962\">\n<li data-start=\"1697\" data-end=\"1721\">\n<p data-start=\"1699\" data-end=\"1721\"><strong data-start=\"1699\" data-end=\"1709\">Mod\u00e8le :<\/strong> SGH-SD183<\/p>\n<\/li>\n<li data-start=\"1722\" data-end=\"1769\">\n<p data-start=\"1724\" data-end=\"1769\"><strong data-start=\"1724\" data-end=\"1733\">Taper:<\/strong> Pince carr\u00e9e verre-verre, 135\u00b0.<\/p>\n<\/li>\n<li data-start=\"1770\" data-end=\"1793\">\n<p data-start=\"1772\" data-end=\"1793\"><strong data-start=\"1772\" data-end=\"1785\">Mat\u00e9riel:<\/strong> Laiton<\/p>\n<\/li>\n<li data-start=\"1794\" data-end=\"1830\">\n<p data-start=\"1796\" data-end=\"1830\"><strong data-start=\"1796\" data-end=\"1821\">S'adapte \u00e0 l'\u00e9paisseur du verre :<\/strong> 6-12mm<\/p>\n<\/li>\n<li data-start=\"1831\" data-end=\"1867\">\n<p data-start=\"1833\" data-end=\"1867\"><strong data-start=\"1833\" data-end=\"1853\">Poids maximal de la porte :<\/strong> 35kg \/ 2pcs<\/p>\n<\/li>\n<li data-start=\"1868\" data-end=\"1962\">\n<p data-start=\"1870\" data-end=\"1962\"><strong data-start=\"1870\" data-end=\"1889\">Options de finition :<\/strong> Chrome poli, Or poli, Nickel bross\u00e9, M\u00e9tal Gun, Noir mat<\/p>\n<\/li>\n<\/ul>\n<p>&nbsp;<\/p>\n<p>&nbsp;<\/p>","protected":false},"excerpt":{"rendered":"<ul>\n<li>Mat\u00e9riau en laiton<\/li>\n<li>Pinces carr\u00e9es<\/li>\n<li>Pinces pour portes de douche en verre 135<\/li>\n<li>\u00c9paisseur du verre : 6-12 mm ;<\/li>\n<li>Poids maximum de la porte vitr\u00e9e : 35 kg (2 pi\u00e8ces) ;<\/li>\n<li>Fini : Chrome poli ; Or poli\u00a0; Nickel bross\u00e9; M\u00e9tal \u00e0 canon\u00a0; Noir mat<\/li>\n<\/ul>\n<p><!-- notionvc: a9eae75d-0436-41ac-8760-57c5d15135a1 --><\/p>\n<p>&nbsp;<\/p>\n<p>&nbsp;<\/p>","protected":false},"featured_media":4773,"comment_status":"open","ping_status":"closed","template":"","meta":{"_acf_changed":false},"product_brand":[],"product_cat":[24,109],"product_tag":[59],"class_list":{"0":"post-564","1":"product","2":"type-product","3":"status-publish","4":"has-post-thumbnail","6":"product_cat-shower-glass-clamps","7":"product_cat-glass-to-glass-clamps","8":"product_tag-135-degree-glass-to-glass-clamps","9":"pa_finish-brushed-nickel","10":"pa_finish-chrome","11":"pa_finish-gold","12":"pa_finish-gun-metal","13":"pa_finish-black","14":"pa_glass-thickness-1-2-inch-12mm","15":"pa_glass-thickness-1-4-inch-6mm","16":"pa_glass-thickness-3-8-inch-10mm","17":"pa_glass-thickness-5-16-inch-8mm","18":"pa_material-brass","20":"first","21":"instock","22":"purchasable","23":"product-type-variable"},"acf":[],"_links":{"self":[{"href":"https:\/\/showerglasshardware.com\/fr-fr\/wp-json\/wp\/v2\/product\/564","targetHints":{"allow":["GET"]}}],"collection":[{"href":"https:\/\/showerglasshardware.com\/fr-fr\/wp-json\/wp\/v2\/product"}],"about":[{"href":"https:\/\/showerglasshardware.com\/fr-fr\/wp-json\/wp\/v2\/types\/product"}],"replies":[{"embeddable":true,"href":"https:\/\/showerglasshardware.com\/fr-fr\/wp-json\/wp\/v2\/comments?post=564"}],"version-history":[{"count":5,"href":"https:\/\/showerglasshardware.com\/fr-fr\/wp-json\/wp\/v2\/product\/564\/revisions"}],"predecessor-version":[{"id":5178,"href":"https:\/\/showerglasshardware.com\/fr-fr\/wp-json\/wp\/v2\/product\/564\/revisions\/5178"}],"wp:featuredmedia":[{"embeddable":true,"href":"https:\/\/showerglasshardware.com\/fr-fr\/wp-json\/wp\/v2\/media\/4773"}],"wp:attachment":[{"href":"https:\/\/showerglasshardware.com\/fr-fr\/wp-json\/wp\/v2\/media?parent=564"}],"wp:term":[{"taxonomy":"product_brand","embeddable":true,"href":"https:\/\/showerglasshardware.com\/fr-fr\/wp-json\/wp\/v2\/product_brand?post=564"},{"taxonomy":"product_cat","embeddable":true,"href":"https:\/\/showerglasshardware.com\/fr-fr\/wp-json\/wp\/v2\/product_cat?post=564"},{"taxonomy":"product_tag","embeddable":true,"href":"https:\/\/showerglasshardware.com\/fr-fr\/wp-json\/wp\/v2\/product_tag?post=564"}],"curies":[{"name":"wp","href":"https:\/\/api.w.org\/{rel}","templated":true}]}}