{"id":573,"date":"2024-03-29T03:28:17","date_gmt":"2024-03-29T03:28:17","guid":{"rendered":"https:\/\/showerglasshardware.com\/?post_type=product&#038;p=573"},"modified":"2025-09-25T13:56:15","modified_gmt":"2025-09-25T13:56:15","slug":"shower-room-brass-180-glass-to-glass-square-clamps-sgh-184","status":"publish","type":"product","link":"https:\/\/showerglasshardware.com\/fr-fr\/product\/shower-room-brass-180-glass-to-glass-square-clamps-sgh-184\/","title":{"rendered":"Collier de serrage verre-verre \u00e0 180 degr\u00e9s en laiton pour salle de douche SGH-SD184"},"content":{"rendered":"<p data-start=\"537\" data-end=\"662\">Le <strong data-start=\"541\" data-end=\"588\">SGH-SD184 Pince carr\u00e9e en laiton pour verre \u00e0 verre<\/strong> offre une solution durable et moderne pour les cabines de douche sans cadre.<\/p>\n<p data-start=\"664\" data-end=\"991\">Fabriqu\u00e9 \u00e0 partir de <strong data-start=\"674\" data-end=\"689\">laiton massif<\/strong>Gr\u00e2ce \u00e0 sa structure en acier inoxydable, ce collier offre une excellente solidit\u00e9 et une grande r\u00e9sistance \u00e0 la corrosion, ce qui le rend id\u00e9al pour une utilisation dans les salles de bains \u00e0 forte humidit\u00e9. Les <strong data-start=\"823\" data-end=\"860\">Configuration verre-verre \u00e0 180<\/strong> permet de r\u00e9aliser des raccordements en ligne s\u00fbrs entre deux panneaux de verre, ce qui garantit la stabilit\u00e9 tout en conservant un aspect sans cadre et sans soudure.<\/p>\n<p data-start=\"993\" data-end=\"1265\">Avec son <strong data-start=\"1002\" data-end=\"1019\">design carr\u00e9<\/strong>Le SGH-SD184 offre une esth\u00e9tique \u00e9pur\u00e9e et contemporaine. Con\u00e7u pour <strong data-start=\"1088\" data-end=\"1110\">Verre de 6 \u00e0 12 mm d'\u00e9paisseur<\/strong>Il prend en charge jusqu'\u00e0 <strong data-start=\"1130\" data-end=\"1153\">35 kg par deux pinces<\/strong>. Disponible en plusieurs finitions, cette pince peut \u00eatre assortie \u00e0 d'autres accessoires de douche pour un look coordonn\u00e9.<\/p>\n<p data-start=\"1267\" data-end=\"1286\"><strong data-start=\"1267\" data-end=\"1284\">Principales caract\u00e9ristiques:<\/strong><\/p>\n<ul data-start=\"1287\" data-end=\"1673\">\n<li data-start=\"1287\" data-end=\"1339\">\n<p data-start=\"1289\" data-end=\"1339\"><strong data-start=\"1289\" data-end=\"1298\">Taper:<\/strong> Pince carr\u00e9e verre-verre 180\u00b0 en laiton<\/p>\n<\/li>\n<li data-start=\"1340\" data-end=\"1409\">\n<p data-start=\"1342\" data-end=\"1409\"><strong data-start=\"1342\" data-end=\"1355\">Mat\u00e9riel:<\/strong> Laiton massif pour la durabilit\u00e9 et la r\u00e9sistance \u00e0 la corrosion<\/p>\n<\/li>\n<li data-start=\"1410\" data-end=\"1462\">\n<p data-start=\"1412\" data-end=\"1462\"><strong data-start=\"1412\" data-end=\"1436\">Compatibilit\u00e9 du verre\u00a0:<\/strong> Convient au verre d'une \u00e9paisseur de 6 \u00e0 12 mm<\/p>\n<\/li>\n<li data-start=\"1463\" data-end=\"1520\">\n<p data-start=\"1465\" data-end=\"1520\"><strong data-start=\"1465\" data-end=\"1483\">Capacit\u00e9 de charge :<\/strong> Supporte jusqu'\u00e0 35 kg par deux pinces<\/p>\n<\/li>\n<li data-start=\"1521\" data-end=\"1590\">\n<p data-start=\"1523\" data-end=\"1590\"><strong data-start=\"1523\" data-end=\"1534\">Conception :<\/strong> Profil carr\u00e9, connexion en ligne 180\u00b0 verre-verre<\/p>\n<\/li>\n<li data-start=\"1591\" data-end=\"1673\">\n<p data-start=\"1593\" data-end=\"1673\"><strong data-start=\"1593\" data-end=\"1610\">Applications :<\/strong> Cabines de douche en verre sans cadre dans les maisons, les h\u00f4tels et les spas<\/p>\n<\/li>\n<\/ul>\n<p data-start=\"1675\" data-end=\"1696\"><strong data-start=\"1675\" data-end=\"1694\">Caract\u00e9ristiques:<\/strong><\/p>\n<ul data-start=\"1697\" data-end=\"1962\">\n<li data-start=\"1697\" data-end=\"1721\">\n<p data-start=\"1699\" data-end=\"1721\"><strong data-start=\"1699\" data-end=\"1709\">Mod\u00e8le :<\/strong> SGH-SD184<\/p>\n<\/li>\n<li data-start=\"1722\" data-end=\"1769\">\n<p data-start=\"1724\" data-end=\"1769\"><strong data-start=\"1724\" data-end=\"1733\">Taper:<\/strong> Pince carr\u00e9e verre-verre, 180\u00b0.<\/p>\n<\/li>\n<li data-start=\"1770\" data-end=\"1793\">\n<p data-start=\"1772\" data-end=\"1793\"><strong data-start=\"1772\" data-end=\"1785\">Mat\u00e9riel:<\/strong> Laiton<\/p>\n<\/li>\n<li data-start=\"1794\" data-end=\"1830\">\n<p data-start=\"1796\" data-end=\"1830\"><strong data-start=\"1796\" data-end=\"1821\">S'adapte \u00e0 l'\u00e9paisseur du verre :<\/strong> 6-12mm<\/p>\n<\/li>\n<li data-start=\"1831\" data-end=\"1867\">\n<p data-start=\"1833\" data-end=\"1867\"><strong data-start=\"1833\" data-end=\"1853\">Poids maximal de la porte :<\/strong> 35kg \/ 2pcs<\/p>\n<\/li>\n<li data-start=\"1868\" data-end=\"1962\">\n<p data-start=\"1870\" data-end=\"1962\"><strong data-start=\"1870\" data-end=\"1889\">Options de finition :<\/strong> Chrome poli, Or poli, Nickel bross\u00e9, M\u00e9tal Gun, Noir mat<\/p>\n<\/li>\n<\/ul>","protected":false},"excerpt":{"rendered":"<ul>\n<li>Mat\u00e9riau en laiton<\/li>\n<li>Pinces carr\u00e9es<\/li>\n<li>Collier de serrage verre-verre \u00e0 180 degr\u00e9s<\/li>\n<li>\u00c9paisseur du verre : 6-12 mm ;<\/li>\n<li>Poids maximum de la porte vitr\u00e9e : 35 kg (2 pi\u00e8ces) ;<\/li>\n<li>Fini : Chrome poli ; Or poli\u00a0; Nickel bross\u00e9; M\u00e9tal \u00e0 canon\u00a0; Noir mat<\/li>\n<\/ul>\n<p><!-- notionvc: a9eae75d-0436-41ac-8760-57c5d15135a1 --><\/p>","protected":false},"featured_media":4776,"comment_status":"open","ping_status":"closed","template":"","meta":{"_acf_changed":false},"product_brand":[],"product_cat":[24,109],"product_tag":[60],"class_list":{"0":"post-573","1":"product","2":"type-product","3":"status-publish","4":"has-post-thumbnail","6":"product_cat-shower-glass-clamps","7":"product_cat-glass-to-glass-clamps","8":"product_tag-180-degree-glass-to-glass-clamps","9":"pa_finish-brushed-nickel","10":"pa_finish-chrome","11":"pa_finish-gold","12":"pa_finish-gun-metal","13":"pa_finish-black","14":"pa_glass-thickness-1-2-inch-12mm","15":"pa_glass-thickness-1-4-inch-6mm","16":"pa_glass-thickness-3-8-inch-10mm","17":"pa_glass-thickness-5-16-inch-8mm","18":"pa_material-brass","20":"first","21":"instock","22":"purchasable","23":"product-type-variable"},"acf":[],"_links":{"self":[{"href":"https:\/\/showerglasshardware.com\/fr-fr\/wp-json\/wp\/v2\/product\/573","targetHints":{"allow":["GET"]}}],"collection":[{"href":"https:\/\/showerglasshardware.com\/fr-fr\/wp-json\/wp\/v2\/product"}],"about":[{"href":"https:\/\/showerglasshardware.com\/fr-fr\/wp-json\/wp\/v2\/types\/product"}],"replies":[{"embeddable":true,"href":"https:\/\/showerglasshardware.com\/fr-fr\/wp-json\/wp\/v2\/comments?post=573"}],"version-history":[{"count":5,"href":"https:\/\/showerglasshardware.com\/fr-fr\/wp-json\/wp\/v2\/product\/573\/revisions"}],"predecessor-version":[{"id":4777,"href":"https:\/\/showerglasshardware.com\/fr-fr\/wp-json\/wp\/v2\/product\/573\/revisions\/4777"}],"wp:featuredmedia":[{"embeddable":true,"href":"https:\/\/showerglasshardware.com\/fr-fr\/wp-json\/wp\/v2\/media\/4776"}],"wp:attachment":[{"href":"https:\/\/showerglasshardware.com\/fr-fr\/wp-json\/wp\/v2\/media?parent=573"}],"wp:term":[{"taxonomy":"product_brand","embeddable":true,"href":"https:\/\/showerglasshardware.com\/fr-fr\/wp-json\/wp\/v2\/product_brand?post=573"},{"taxonomy":"product_cat","embeddable":true,"href":"https:\/\/showerglasshardware.com\/fr-fr\/wp-json\/wp\/v2\/product_cat?post=573"},{"taxonomy":"product_tag","embeddable":true,"href":"https:\/\/showerglasshardware.com\/fr-fr\/wp-json\/wp\/v2\/product_tag?post=573"}],"curies":[{"name":"wp","href":"https:\/\/api.w.org\/{rel}","templated":true}]}}