{"id":597,"date":"2024-03-29T05:08:16","date_gmt":"2024-03-29T05:08:16","guid":{"rendered":"https:\/\/showerglasshardware.com\/?post_type=product&#038;p=597"},"modified":"2024-12-17T09:39:13","modified_gmt":"2024-12-17T09:39:13","slug":"back-to-back-brass-shower-door-knob-sgh-k11","status":"publish","type":"product","link":"https:\/\/showerglasshardware.com\/fr-fr\/product\/back-to-back-brass-shower-door-knob-sgh-k11\/","title":{"rendered":"Bouton de porte de douche dos \u00e0 dos en laiton SGH-K11"},"content":{"rendered":"<div data-elementor-type=\"product-post\" data-elementor-id=\"597\" class=\"elementor elementor-597\" data-elementor-post-type=\"product\">\n\t\t\t\t<div class=\"elementor-element elementor-element-e7ce039 e-flex e-con-boxed e-con e-parent\" data-id=\"e7ce039\" data-element_type=\"container\" data-e-type=\"container\">\n\t\t\t\t\t<div class=\"e-con-inner\">\n\t\t\t\t<div class=\"elementor-element elementor-element-2a4952e elementor-widget elementor-widget-text-editor\" data-id=\"2a4952e\" data-element_type=\"widget\" data-e-type=\"widget\" data-widget_type=\"text-editor.default\">\n\t\t\t\t\t\t\t\t\t<p>Pr\u00e9sentation de notre bouton de porte de douche dos \u00e0 dos en laiton (mod\u00e8le : SGH-K11), con\u00e7u pour ajouter une touche d&#039;\u00e9l\u00e9gance et de fonctionnalit\u00e9 \u00e0 vos portes de douche sans cadre.<\/p><p>Principales caract\u00e9ristiques:<\/p><p><strong>Mat\u00e9riau en laiton\u00a0:<\/strong>\u00a0Fabriqu\u00e9 \u00e0 partir de laiton de haute qualit\u00e9, ce bouton de porte de douche est con\u00e7u pour durer, offrant durabilit\u00e9 et r\u00e9sistance \u00e0 la corrosion dans l&#039;environnement humide d&#039;une salle de douche.<\/p><p><strong>Conception dos \u00e0 dos\u00a0:<\/strong>\u00a0La configuration dos \u00e0 dos permet une installation facile des deux c\u00f4t\u00e9s de la porte vitr\u00e9e, offrant une prise confortable et am\u00e9liorant l&#039;esth\u00e9tique globale de votre cabine de douche.<\/p><p><strong>Compatibilit\u00e9 des \u00e9paisseurs de verre\u00a0:<\/strong> Adapt\u00e9 aux \u00e9paisseurs de verre allant de 6 mm \u00e0 12 mm, ce bouton offre une flexibilit\u00e9 pour diff\u00e9rentes sp\u00e9cifications de porte de douche.<\/p><p><strong>Finitions :<\/strong>\u00a0Disponible dans une vari\u00e9t\u00e9 de finitions, notamment Chrome poli, Or poli et Nickel bross\u00e9, vous permettant d&#039;adapter le bouton au style et au d\u00e9cor de votre salle de bain.<\/p><p>Am\u00e9liorez vos portes de douche sans cadre avec notre bouton de porte de douche dos \u00e0 dos en laiton (SGH-K11) pour un m\u00e9lange de fonctionnalit\u00e9, de durabilit\u00e9 et de design \u00e9l\u00e9gant.<\/p>\t\t\t\t\t\t\t\t<\/div>\n\t\t\t\t<div class=\"elementor-element elementor-element-3a8cc18 elementor-woo-meta--view-table elementor-widget elementor-widget-woocommerce-product-meta\" data-id=\"3a8cc18\" data-element_type=\"widget\" data-e-type=\"widget\" data-widget_type=\"woocommerce-product-meta.default\">\n\t\t\t\t\t\t\t<div class=\"product_meta\">\n\n\t\t\t\n\t\t\t\n\t\t\t\t\t\t\t<span class=\"posted_in detail-container\"><span class=\"detail-label\">Cat\u00e9gories<\/span> <span class=\"detail-content\"><a href=\"https:\/\/showerglasshardware.com\/fr-fr\/shower-door-knobs\/\" rel=\"tag\">Boutons de porte de douche<\/a>, <a href=\"https:\/\/showerglasshardware.com\/fr-fr\/shower-door-knobs\/back-to-back-knobs\/\" rel=\"tag\">Boutons dos \u00e0 dos<\/a><\/span><\/span>\n\t\t\t\n\t\t\t\t\t\t\t<span class=\"tagged_as detail-container\"><span class=\"detail-label\">\u00c9tiquette<\/span> <span class=\"detail-content\"><a href=\"https:\/\/showerglasshardware.com\/fr-fr\/product-tag\/shower-door-knobs\/\" rel=\"tag\">Boutons de porte de douche<\/a><\/span><\/span>\n\t\t\t\n\t\t\t\n\t\t<\/div>\n\t\t\t\t\t\t<\/div>\n\t\t\t\t\t<\/div>\n\t\t\t\t<\/div>\n\t\t<div class=\"elementor-element elementor-element-4abc851 e-flex e-con-boxed e-con e-parent\" data-id=\"4abc851\" data-element_type=\"container\" data-e-type=\"container\">\n\t\t\t\t\t<div class=\"e-con-inner\">\n\t\t<div class=\"elementor-element elementor-element-341523a e-con-full e-flex e-con e-child\" data-id=\"341523a\" data-element_type=\"container\" data-e-type=\"container\">\n\t\t\t\t<div class=\"elementor-element elementor-element-340b8f7 elementor-position-top elementor-widget elementor-widget-image-box\" data-id=\"340b8f7\" data-element_type=\"widget\" data-e-type=\"widget\" data-widget_type=\"image-box.default\">\n\t\t\t\t\t<div class=\"elementor-image-box-wrapper\"><figure class=\"elementor-image-box-img\"><img fetchpriority=\"high\" decoding=\"async\" width=\"584\" height=\"394\" src=\"https:\/\/showerglasshardware.com\/wp-content\/uploads\/2024\/03\/11-2-1.jpg\" class=\"attachment-full size-full wp-image-600\" alt=\"Bouton de porte de douche en laiton dos \u00e0 dos SGH-K11 Taille\" title=\"\" srcset=\"https:\/\/showerglasshardware.com\/wp-content\/uploads\/2024\/03\/11-2-1.jpg 584w, https:\/\/showerglasshardware.com\/wp-content\/uploads\/2024\/03\/11-2-1-300x202.jpg 300w\" sizes=\"(max-width: 584px) 100vw, 584px\" \/><\/figure><div class=\"elementor-image-box-content\"><p class=\"elementor-image-box-description\">UN<\/p><\/div><\/div>\t\t\t\t<\/div>\n\t\t\t\t<\/div>\n\t\t<div class=\"elementor-element elementor-element-1e5a8af e-con-full e-flex e-con e-child\" data-id=\"1e5a8af\" data-element_type=\"container\" data-e-type=\"container\">\n\t\t\t\t<div class=\"elementor-element elementor-element-1721e68 elementor-position-top elementor-widget elementor-widget-image-box\" data-id=\"1721e68\" data-element_type=\"widget\" data-e-type=\"widget\" data-widget_type=\"image-box.default\">\n\t\t\t\t\t<div class=\"elementor-image-box-wrapper\"><figure class=\"elementor-image-box-img\"><img decoding=\"async\" width=\"608\" height=\"368\" src=\"https:\/\/showerglasshardware.com\/wp-content\/uploads\/2024\/03\/11-3-1.jpg\" class=\"attachment-full size-full wp-image-601\" alt=\"Bouton de porte de douche en laiton dos \u00e0 dos SGH-K11 Taille\" title=\"\" srcset=\"https:\/\/showerglasshardware.com\/wp-content\/uploads\/2024\/03\/11-3-1.jpg 608w, https:\/\/showerglasshardware.com\/wp-content\/uploads\/2024\/03\/11-3-1-600x363.jpg 600w, https:\/\/showerglasshardware.com\/wp-content\/uploads\/2024\/03\/11-3-1-300x182.jpg 300w\" sizes=\"(max-width: 608px) 100vw, 608px\" \/><\/figure><div class=\"elementor-image-box-content\"><p class=\"elementor-image-box-description\">B<\/p><\/div><\/div>\t\t\t\t<\/div>\n\t\t\t\t<\/div>\n\t\t\t\t\t<\/div>\n\t\t\t\t<\/div>\n\t\t<div class=\"elementor-element elementor-element-e8755a6 e-flex e-con-boxed e-con e-parent\" data-id=\"e8755a6\" data-element_type=\"container\" data-e-type=\"container\">\n\t\t\t\t\t<div class=\"e-con-inner\">\n\t\t<div class=\"elementor-element elementor-element-cacd022 e-con-full e-flex e-con e-child\" data-id=\"cacd022\" data-element_type=\"container\" data-e-type=\"container\">\n\t\t\t\t<div class=\"elementor-element elementor-element-48b3aed elementor-position-top elementor-widget elementor-widget-image-box\" data-id=\"48b3aed\" data-element_type=\"widget\" data-e-type=\"widget\" data-widget_type=\"image-box.default\">\n\t\t\t\t\t<div class=\"elementor-image-box-wrapper\"><figure class=\"elementor-image-box-img\"><img decoding=\"async\" width=\"586\" height=\"372\" src=\"https:\/\/showerglasshardware.com\/wp-content\/uploads\/2024\/03\/11-4-1.jpg\" class=\"attachment-full size-full wp-image-602\" alt=\"Bouton de porte de douche en laiton dos \u00e0 dos SGH-K11 Taille\" title=\"\" srcset=\"https:\/\/showerglasshardware.com\/wp-content\/uploads\/2024\/03\/11-4-1.jpg 586w, https:\/\/showerglasshardware.com\/wp-content\/uploads\/2024\/03\/11-4-1-300x190.jpg 300w\" sizes=\"(max-width: 586px) 100vw, 586px\" \/><\/figure><div class=\"elementor-image-box-content\"><p class=\"elementor-image-box-description\">C<\/p><\/div><\/div>\t\t\t\t<\/div>\n\t\t\t\t<\/div>\n\t\t<div class=\"elementor-element elementor-element-08899f1 e-con-full e-flex e-con e-child\" data-id=\"08899f1\" data-element_type=\"container\" data-e-type=\"container\">\n\t\t\t\t<div class=\"elementor-element elementor-element-1987c0b elementor-position-top elementor-widget elementor-widget-image-box\" data-id=\"1987c0b\" data-element_type=\"widget\" data-e-type=\"widget\" data-widget_type=\"image-box.default\">\n\t\t\t\t\t<div class=\"elementor-image-box-wrapper\"><figure class=\"elementor-image-box-img\"><img loading=\"lazy\" decoding=\"async\" width=\"580\" height=\"384\" src=\"https:\/\/showerglasshardware.com\/wp-content\/uploads\/2024\/03\/11-5-1.jpg\" class=\"attachment-full size-full wp-image-603\" alt=\"Bouton de porte de douche en laiton dos \u00e0 dos SGH-K11 Taille\" title=\"\" srcset=\"https:\/\/showerglasshardware.com\/wp-content\/uploads\/2024\/03\/11-5-1.jpg 580w, https:\/\/showerglasshardware.com\/wp-content\/uploads\/2024\/03\/11-5-1-300x199.jpg 300w\" sizes=\"(max-width: 580px) 100vw, 580px\" \/><\/figure><div class=\"elementor-image-box-content\"><p class=\"elementor-image-box-description\">D<\/p><\/div><\/div>\t\t\t\t<\/div>\n\t\t\t\t<\/div>\n\t\t\t\t\t<\/div>\n\t\t\t\t<\/div>\n\t\t<div class=\"elementor-element elementor-element-347ed2d e-flex e-con-boxed e-con e-parent\" data-id=\"347ed2d\" data-element_type=\"container\" data-e-type=\"container\">\n\t\t\t\t\t<div class=\"e-con-inner\">\n\t\t<div class=\"elementor-element elementor-element-41a6569 e-con-full e-flex e-con e-child\" data-id=\"41a6569\" data-element_type=\"container\" data-e-type=\"container\">\n\t\t\t\t<div class=\"elementor-element elementor-element-a0bf69a elementor-position-top elementor-widget elementor-widget-image-box\" data-id=\"a0bf69a\" data-element_type=\"widget\" data-e-type=\"widget\" data-widget_type=\"image-box.default\">\n\t\t\t\t\t<div class=\"elementor-image-box-wrapper\"><figure class=\"elementor-image-box-img\"><img loading=\"lazy\" decoding=\"async\" width=\"623\" height=\"371\" src=\"https:\/\/showerglasshardware.com\/wp-content\/uploads\/2024\/03\/11-6-1.jpg\" class=\"attachment-full size-full wp-image-604\" alt=\"Bouton de porte de douche en laiton dos \u00e0 dos SGH-K11-6\" title=\"\" srcset=\"https:\/\/showerglasshardware.com\/wp-content\/uploads\/2024\/03\/11-6-1.jpg 623w, https:\/\/showerglasshardware.com\/wp-content\/uploads\/2024\/03\/11-6-1-600x357.jpg 600w, https:\/\/showerglasshardware.com\/wp-content\/uploads\/2024\/03\/11-6-1-300x179.jpg 300w\" sizes=\"(max-width: 623px) 100vw, 623px\" \/><\/figure><div class=\"elementor-image-box-content\"><p class=\"elementor-image-box-description\">E<\/p><\/div><\/div>\t\t\t\t<\/div>\n\t\t\t\t<\/div>\n\t\t<div class=\"elementor-element elementor-element-2e4e299 e-con-full e-flex e-con e-child\" data-id=\"2e4e299\" data-element_type=\"container\" data-e-type=\"container\">\n\t\t\t\t<div class=\"elementor-element elementor-element-d4f7e2b elementor-position-top elementor-widget elementor-widget-image-box\" data-id=\"d4f7e2b\" data-element_type=\"widget\" data-e-type=\"widget\" data-widget_type=\"image-box.default\">\n\t\t\t\t\t<div class=\"elementor-image-box-wrapper\"><figure class=\"elementor-image-box-img\"><img loading=\"lazy\" decoding=\"async\" width=\"608\" height=\"386\" src=\"https:\/\/showerglasshardware.com\/wp-content\/uploads\/2024\/03\/11-7-1.jpg\" class=\"attachment-full size-full wp-image-605\" alt=\"Bouton de porte de douche en laiton dos \u00e0 dos SGH-K11-7\" title=\"\" srcset=\"https:\/\/showerglasshardware.com\/wp-content\/uploads\/2024\/03\/11-7-1.jpg 608w, https:\/\/showerglasshardware.com\/wp-content\/uploads\/2024\/03\/11-7-1-600x381.jpg 600w, https:\/\/showerglasshardware.com\/wp-content\/uploads\/2024\/03\/11-7-1-300x190.jpg 300w\" sizes=\"(max-width: 608px) 100vw, 608px\" \/><\/figure><div class=\"elementor-image-box-content\"><p class=\"elementor-image-box-description\">F<\/p><\/div><\/div>\t\t\t\t<\/div>\n\t\t\t\t<\/div>\n\t\t\t\t\t<\/div>\n\t\t\t\t<\/div>\n\t\t<div class=\"elementor-element elementor-element-8e9b7f8 e-flex e-con-boxed e-con e-parent\" data-id=\"8e9b7f8\" data-element_type=\"container\" data-e-type=\"container\">\n\t\t\t\t\t<div class=\"e-con-inner\">\n\t\t<div class=\"elementor-element elementor-element-ece7daf e-con-full e-flex e-con e-child\" data-id=\"ece7daf\" data-element_type=\"container\" data-e-type=\"container\">\n\t\t\t\t<div class=\"elementor-element elementor-element-113056e elementor-position-top elementor-widget elementor-widget-image-box\" data-id=\"113056e\" data-element_type=\"widget\" data-e-type=\"widget\" data-widget_type=\"image-box.default\">\n\t\t\t\t\t<div class=\"elementor-image-box-wrapper\"><figure class=\"elementor-image-box-img\"><img loading=\"lazy\" decoding=\"async\" width=\"632\" height=\"397\" src=\"https:\/\/showerglasshardware.com\/wp-content\/uploads\/2024\/03\/11-8-1.jpg\" class=\"attachment-full size-full wp-image-606\" alt=\"Bouton de porte de douche en laiton dos \u00e0 dos SGH-K11-8\" title=\"\" srcset=\"https:\/\/showerglasshardware.com\/wp-content\/uploads\/2024\/03\/11-8-1.jpg 632w, https:\/\/showerglasshardware.com\/wp-content\/uploads\/2024\/03\/11-8-1-600x377.jpg 600w, https:\/\/showerglasshardware.com\/wp-content\/uploads\/2024\/03\/11-8-1-300x188.jpg 300w\" sizes=\"(max-width: 632px) 100vw, 632px\" \/><\/figure><div class=\"elementor-image-box-content\"><p class=\"elementor-image-box-description\">g<\/p><\/div><\/div>\t\t\t\t<\/div>\n\t\t\t\t<\/div>\n\t\t<div class=\"elementor-element elementor-element-745d611 e-con-full e-flex e-con e-child\" data-id=\"745d611\" data-element_type=\"container\" data-e-type=\"container\">\n\t\t\t\t<div class=\"elementor-element elementor-element-a55e6f8 elementor-position-top elementor-widget elementor-widget-image-box\" data-id=\"a55e6f8\" data-element_type=\"widget\" data-e-type=\"widget\" data-widget_type=\"image-box.default\">\n\t\t\t\t\t<div class=\"elementor-image-box-wrapper\"><figure class=\"elementor-image-box-img\"><img loading=\"lazy\" decoding=\"async\" width=\"589\" height=\"394\" src=\"https:\/\/showerglasshardware.com\/wp-content\/uploads\/2024\/03\/DK11-1-1.jpg\" class=\"attachment-full size-full wp-image-607\" alt=\"Bouton de porte de douche en laiton dos \u00e0 dos SGH-K11-11\" title=\"\" srcset=\"https:\/\/showerglasshardware.com\/wp-content\/uploads\/2024\/03\/DK11-1-1.jpg 589w, https:\/\/showerglasshardware.com\/wp-content\/uploads\/2024\/03\/DK11-1-1-300x201.jpg 300w\" sizes=\"(max-width: 589px) 100vw, 589px\" \/><\/figure><div class=\"elementor-image-box-content\"><p class=\"elementor-image-box-description\">H<\/p><\/div><\/div>\t\t\t\t<\/div>\n\t\t\t\t<\/div>\n\t\t\t\t\t<\/div>\n\t\t\t\t<\/div>\n\t\t<div class=\"elementor-element elementor-element-1a5c43b e-flex e-con-boxed e-con e-parent\" data-id=\"1a5c43b\" data-element_type=\"container\" data-e-type=\"container\">\n\t\t\t\t\t<div class=\"e-con-inner\">\n\t\t<div class=\"elementor-element elementor-element-6a7b609 e-con-full e-flex e-con e-child\" data-id=\"6a7b609\" data-element_type=\"container\" data-e-type=\"container\">\n\t\t\t\t<div class=\"elementor-element elementor-element-c174c16 elementor-position-top elementor-widget elementor-widget-image-box\" data-id=\"c174c16\" data-element_type=\"widget\" data-e-type=\"widget\" data-widget_type=\"image-box.default\">\n\t\t\t\t\t<div class=\"elementor-image-box-wrapper\"><figure class=\"elementor-image-box-img\"><img loading=\"lazy\" decoding=\"async\" width=\"638\" height=\"413\" src=\"https:\/\/showerglasshardware.com\/wp-content\/uploads\/2024\/03\/SGH-K11-1.jpg\" class=\"attachment-full size-full wp-image-608\" alt=\"Poign\u00e9e de porte de douche en laiton avec design dos \u00e0 dos\" title=\"\" srcset=\"https:\/\/showerglasshardware.com\/wp-content\/uploads\/2024\/03\/SGH-K11-1.jpg 638w, https:\/\/showerglasshardware.com\/wp-content\/uploads\/2024\/03\/SGH-K11-1-600x388.jpg 600w, https:\/\/showerglasshardware.com\/wp-content\/uploads\/2024\/03\/SGH-K11-1-300x194.jpg 300w\" sizes=\"(max-width: 638px) 100vw, 638px\" \/><\/figure><div class=\"elementor-image-box-content\"><p class=\"elementor-image-box-description\">je<\/p><\/div><\/div>\t\t\t\t<\/div>\n\t\t\t\t<\/div>\n\t\t<div class=\"elementor-element elementor-element-8571445 e-con-full e-flex e-con e-child\" data-id=\"8571445\" data-element_type=\"container\" data-e-type=\"container\">\n\t\t\t\t<\/div>\n\t\t\t\t\t<\/div>\n\t\t\t\t<\/div>\n\t\t\t\t<\/div>","protected":false},"excerpt":{"rendered":"<ul>\n<li>Mat\u00e9riau en laiton<\/li>\n<li>Dos \u00e0 dos<\/li>\n<li>\u00c9paisseur du verre : 6-12 mm ;<\/li>\n<li>Fini : Chrome poli ; Or poli\u00a0; Nickel bross\u00e9<\/li>\n<\/ul>\n<p><!-- notionvc: ef15e17d-6fc9-41c1-ad00-b59f64aefa97 --><\/p>","protected":false},"featured_media":598,"comment_status":"open","ping_status":"closed","template":"","meta":{"_acf_changed":false},"product_brand":[],"product_cat":[26,111],"product_tag":[62],"class_list":{"0":"post-597","1":"product","2":"type-product","3":"status-publish","4":"has-post-thumbnail","6":"product_cat-shower-door-knobs","7":"product_cat-back-to-back-knobs","8":"product_tag-shower-door-knobs","9":"pa_finish-brushed-nickel","10":"pa_finish-chrome","11":"pa_finish-gold","12":"pa_finish-gun-metal","13":"pa_finish-black","14":"pa_glass-thickness-6-12mm","15":"pa_material-brass","17":"first","18":"instock","19":"taxable","20":"shipping-taxable","21":"product-type-simple"},"acf":[],"_links":{"self":[{"href":"https:\/\/showerglasshardware.com\/fr-fr\/wp-json\/wp\/v2\/product\/597","targetHints":{"allow":["GET"]}}],"collection":[{"href":"https:\/\/showerglasshardware.com\/fr-fr\/wp-json\/wp\/v2\/product"}],"about":[{"href":"https:\/\/showerglasshardware.com\/fr-fr\/wp-json\/wp\/v2\/types\/product"}],"replies":[{"embeddable":true,"href":"https:\/\/showerglasshardware.com\/fr-fr\/wp-json\/wp\/v2\/comments?post=597"}],"version-history":[{"count":1,"href":"https:\/\/showerglasshardware.com\/fr-fr\/wp-json\/wp\/v2\/product\/597\/revisions"}],"predecessor-version":[{"id":4054,"href":"https:\/\/showerglasshardware.com\/fr-fr\/wp-json\/wp\/v2\/product\/597\/revisions\/4054"}],"wp:featuredmedia":[{"embeddable":true,"href":"https:\/\/showerglasshardware.com\/fr-fr\/wp-json\/wp\/v2\/media\/598"}],"wp:attachment":[{"href":"https:\/\/showerglasshardware.com\/fr-fr\/wp-json\/wp\/v2\/media?parent=597"}],"wp:term":[{"taxonomy":"product_brand","embeddable":true,"href":"https:\/\/showerglasshardware.com\/fr-fr\/wp-json\/wp\/v2\/product_brand?post=597"},{"taxonomy":"product_cat","embeddable":true,"href":"https:\/\/showerglasshardware.com\/fr-fr\/wp-json\/wp\/v2\/product_cat?post=597"},{"taxonomy":"product_tag","embeddable":true,"href":"https:\/\/showerglasshardware.com\/fr-fr\/wp-json\/wp\/v2\/product_tag?post=597"}],"curies":[{"name":"wp","href":"https:\/\/api.w.org\/{rel}","templated":true}]}}