{"id":801,"date":"2024-04-09T02:32:44","date_gmt":"2024-04-09T02:32:44","guid":{"rendered":"https:\/\/showerglasshardware.com\/?post_type=product&#038;p=801"},"modified":"2025-11-21T03:21:12","modified_gmt":"2025-11-21T03:21:12","slug":"glass-to-glass-series-shower-glass-door-hinges-brass-180","status":"publish","type":"product","link":"https:\/\/showerglasshardware.com\/fr-fr\/product\/glass-to-glass-series-shower-glass-door-hinges-brass-180\/","title":{"rendered":"Charni\u00e8res de porte de douche en verre s\u00e9rie verre \u00e0 verre | Laiton |180\u00b0 SGH204"},"content":{"rendered":"<p data-start=\"478\" data-end=\"677\">Les charni\u00e8res de porte de douche verre-verre SGH204 en laiton \u00e0 180\u00b0 allient une construction robuste \u00e0 un r\u00e9glage pr\u00e9cis, ce qui les rend id\u00e9ales pour les cabines de douche sans cadre n\u00e9cessitant un aspect propre et moderne.<\/p>\n<p data-start=\"679\" data-end=\"1017\">Fabriqu\u00e9es en laiton massif pour une solidit\u00e9 et une r\u00e9sistance \u00e0 la corrosion sup\u00e9rieures, ces charni\u00e8res sont con\u00e7ues pour des vitres de 6 \u00e0 10 mm d'\u00e9paisseur et peuvent supporter jusqu'\u00e0 45 kg par deux charni\u00e8res. L'angle r\u00e9glable de la charni\u00e8re permet d'affiner l'installation, tandis que les caches \u00e0 bille \u00e0 ressort dissimulent les vis pour une apparence \u00e9l\u00e9gante et raffin\u00e9e.<\/p>\n<p data-start=\"1019\" data-end=\"1281\">La fonction de fermeture automatique \u00e0 environ 30\u00b0 assure une fermeture douce et contr\u00f4l\u00e9e, contribuant \u00e0 maintenir l'eau \u00e0 l'int\u00e9rieur de la douche. Avec une plage d'ouverture de 180\u00b0, le SGH204 convient aux raccordements de panneaux de verre en ligne dans les salles de bains r\u00e9sidentielles ou commerciales haut de gamme.<\/p>\n<p data-start=\"1283\" data-end=\"1302\"><strong data-start=\"1283\" data-end=\"1300\">Principales caract\u00e9ristiques:<\/strong><\/p>\n<ul data-start=\"1303\" data-end=\"1796\">\n<li data-start=\"1303\" data-end=\"1355\">\n<p data-start=\"1305\" data-end=\"1355\"><strong data-start=\"1305\" data-end=\"1314\">Taper:<\/strong> Charni\u00e8res 180\u00b0 pour portes de douche verre-verre<\/p>\n<\/li>\n<li data-start=\"1356\" data-end=\"1425\">\n<p data-start=\"1358\" data-end=\"1425\"><strong data-start=\"1358\" data-end=\"1371\">Mat\u00e9riel:<\/strong> Laiton massif pour la durabilit\u00e9 et la r\u00e9sistance \u00e0 la corrosion<\/p>\n<\/li>\n<li data-start=\"1426\" data-end=\"1478\">\n<p data-start=\"1428\" data-end=\"1478\"><strong data-start=\"1428\" data-end=\"1452\">Compatibilit\u00e9 du verre\u00a0:<\/strong> Convient au verre d'une \u00e9paisseur de 6 \u00e0 10 mm<\/p>\n<\/li>\n<li data-start=\"1479\" data-end=\"1536\">\n<p data-start=\"1481\" data-end=\"1536\"><strong data-start=\"1481\" data-end=\"1499\">Capacit\u00e9 de charge :<\/strong> Supporte jusqu'\u00e0 45 kg par deux charni\u00e8res<\/p>\n<\/li>\n<li data-start=\"1537\" data-end=\"1587\">\n<p data-start=\"1539\" data-end=\"1587\"><strong data-start=\"1539\" data-end=\"1556\">Fermeture automatique :<\/strong> Fermeture automatique \u00e0 ~30\u00b0.<\/p>\n<\/li>\n<li data-start=\"1588\" data-end=\"1655\">\n<p data-start=\"1590\" data-end=\"1655\"><strong data-start=\"1590\" data-end=\"1608\">Ajustabilit\u00e9\u00a0:<\/strong> Angle de charni\u00e8re r\u00e9glable pour un alignement pr\u00e9cis<\/p>\n<\/li>\n<li data-start=\"1656\" data-end=\"1713\">\n<p data-start=\"1658\" data-end=\"1713\"><strong data-start=\"1658\" data-end=\"1669\">Conception :<\/strong> Capuchons \u00e0 billes \u00e0 ressort pour une finition propre<\/p>\n<\/li>\n<li data-start=\"1714\" data-end=\"1796\">\n<p data-start=\"1716\" data-end=\"1796\"><strong data-start=\"1716\" data-end=\"1733\">Applications :<\/strong> Cabines de douche en verre sans cadre dans les maisons, les h\u00f4tels et les spas<\/p>\n<\/li>\n<\/ul>\n<p data-start=\"1798\" data-end=\"1819\"><strong data-start=\"1798\" data-end=\"1817\">Caract\u00e9ristiques:<\/strong><\/p>\n<ul data-start=\"1820\" data-end=\"2134\">\n<li data-start=\"1820\" data-end=\"1841\">\n<p data-start=\"1822\" data-end=\"1841\"><strong data-start=\"1822\" data-end=\"1832\">Mod\u00e8le :<\/strong> SGH204<\/p>\n<\/li>\n<li data-start=\"1842\" data-end=\"1882\">\n<p data-start=\"1844\" data-end=\"1882\"><strong data-start=\"1844\" data-end=\"1853\">Taper:<\/strong> Charni\u00e8re verre-verre, 180<\/p>\n<\/li>\n<li data-start=\"1883\" data-end=\"1906\">\n<p data-start=\"1885\" data-end=\"1906\"><strong data-start=\"1885\" data-end=\"1898\">Mat\u00e9riel:<\/strong> Laiton<\/p>\n<\/li>\n<li data-start=\"1907\" data-end=\"1943\">\n<p data-start=\"1909\" data-end=\"1943\"><strong data-start=\"1909\" data-end=\"1934\">S'adapte \u00e0 l'\u00e9paisseur du verre :<\/strong> 6-10mm<\/p>\n<\/li>\n<li data-start=\"1944\" data-end=\"1978\">\n<p data-start=\"1946\" data-end=\"1978\"><strong data-start=\"1946\" data-end=\"1964\">Capacit\u00e9 de charge :<\/strong> 45kg \/ 2pcs<\/p>\n<\/li>\n<li data-start=\"1979\" data-end=\"2011\">\n<p data-start=\"1981\" data-end=\"2011\"><strong data-start=\"1981\" data-end=\"2004\">Angle de fermeture automatique :<\/strong> ~30\u00b0<\/p>\n<\/li>\n<li data-start=\"2012\" data-end=\"2039\">\n<p data-start=\"2014\" data-end=\"2039\"><strong data-start=\"2014\" data-end=\"2032\">Plage d'ouverture :<\/strong> 180\u00b0<\/p>\n<\/li>\n<li data-start=\"2040\" data-end=\"2134\">\n<p data-start=\"2042\" data-end=\"2134\"><strong data-start=\"2042\" data-end=\"2061\">Options de finition :<\/strong> Chrome poli, Or poli, Nickel bross\u00e9, M\u00e9tal Gun, Noir mat<\/p>\n<\/li>\n<\/ul>","protected":false},"excerpt":{"rendered":"<ul>\n<li>Mat\u00e9riel: Laiton<\/li>\n<li>\u00c9paisseur du verre : 6 \u00e0 10 mm<\/li>\n<li>Fermeture automatique \u00e0 environ 30\u00b0<\/li>\n<li>Max. poids de la porte en verre : 45 kg \/ 2 pi\u00e8ces<\/li>\n<li>Angle de charni\u00e8re r\u00e9glable<\/li>\n<li>Capuchons de protection \u00e0 bille \u00e0 ressort<\/li>\n<li>Finition : Chrome poli ; Or poli\u00a0; Nickel bross\u00e9\u00a0; M\u00e9tal \u00e0 canon\u00a0; Noir mat<\/li>\n<\/ul>","protected":false},"featured_media":2298,"comment_status":"open","ping_status":"closed","template":"","meta":{"_acf_changed":false},"product_brand":[],"product_cat":[20,22],"product_tag":[171],"class_list":{"0":"post-801","1":"product","2":"type-product","3":"status-publish","4":"has-post-thumbnail","6":"product_cat-shower-door-hinges","7":"product_cat-glass-to-glass-hinges","8":"product_tag-glass-to-glass-hinges","9":"pa_finish-brushed-nickel","10":"pa_finish-chrome","11":"pa_finish-gold","12":"pa_finish-gun-metal","13":"pa_finish-black","14":"pa_glass-thickness-6-10-mm","15":"pa_load-bearing-45kg-2pcs","16":"pa_material-brass","18":"first","19":"instock","20":"purchasable","21":"product-type-variable","22":"has-default-attributes"},"acf":[],"_links":{"self":[{"href":"https:\/\/showerglasshardware.com\/fr-fr\/wp-json\/wp\/v2\/product\/801","targetHints":{"allow":["GET"]}}],"collection":[{"href":"https:\/\/showerglasshardware.com\/fr-fr\/wp-json\/wp\/v2\/product"}],"about":[{"href":"https:\/\/showerglasshardware.com\/fr-fr\/wp-json\/wp\/v2\/types\/product"}],"replies":[{"embeddable":true,"href":"https:\/\/showerglasshardware.com\/fr-fr\/wp-json\/wp\/v2\/comments?post=801"}],"version-history":[{"count":3,"href":"https:\/\/showerglasshardware.com\/fr-fr\/wp-json\/wp\/v2\/product\/801\/revisions"}],"predecessor-version":[{"id":4696,"href":"https:\/\/showerglasshardware.com\/fr-fr\/wp-json\/wp\/v2\/product\/801\/revisions\/4696"}],"wp:featuredmedia":[{"embeddable":true,"href":"https:\/\/showerglasshardware.com\/fr-fr\/wp-json\/wp\/v2\/media\/2298"}],"wp:attachment":[{"href":"https:\/\/showerglasshardware.com\/fr-fr\/wp-json\/wp\/v2\/media?parent=801"}],"wp:term":[{"taxonomy":"product_brand","embeddable":true,"href":"https:\/\/showerglasshardware.com\/fr-fr\/wp-json\/wp\/v2\/product_brand?post=801"},{"taxonomy":"product_cat","embeddable":true,"href":"https:\/\/showerglasshardware.com\/fr-fr\/wp-json\/wp\/v2\/product_cat?post=801"},{"taxonomy":"product_tag","embeddable":true,"href":"https:\/\/showerglasshardware.com\/fr-fr\/wp-json\/wp\/v2\/product_tag?post=801"}],"curies":[{"name":"wp","href":"https:\/\/api.w.org\/{rel}","templated":true}]}}