{"id":809,"date":"2024-04-09T03:00:49","date_gmt":"2024-04-09T03:00:49","guid":{"rendered":"https:\/\/showerglasshardware.com\/?post_type=product&#038;p=809"},"modified":"2025-11-21T03:12:30","modified_gmt":"2025-11-21T03:12:30","slug":"shower-screen-hinges-glass-to-glass-brass-90-sgh-a202","status":"publish","type":"product","link":"https:\/\/showerglasshardware.com\/fr-fr\/product\/shower-screen-hinges-glass-to-glass-brass-90-sgh-a202\/","title":{"rendered":"Charni\u00e8res de paroi de douche verre-verre | Laiton | 90\u00b0 SGH-A202"},"content":{"rendered":"<p data-start=\"464\" data-end=\"642\">Les charni\u00e8res laiton 90\u00b0 pour paroi de douche verre-verre SGH-A202 sont con\u00e7ues pour les cabines de douche sans cadre haut de gamme, offrant \u00e0 la fois une r\u00e9sistance structurelle et un aspect raffin\u00e9.<\/p>\n<p data-start=\"644\" data-end=\"915\">Fabriqu\u00e9es en laiton massif pour une durabilit\u00e9 et une r\u00e9sistance \u00e0 la corrosion exceptionnelles, ces charni\u00e8res s'adaptent au verre d'une \u00e9paisseur de 6 \u00e0 10 mm et supportent jusqu'\u00e0 45 kg par deux charni\u00e8res. L'angle r\u00e9glable de la charni\u00e8re permet une installation pr\u00e9cise, assurant un alignement parfait des panneaux de verre.<\/p>\n<p data-start=\"917\" data-end=\"1144\">Le m\u00e9canisme de fermeture automatique \u00e0 environ 30\u00b0 assure une fermeture en douceur et contr\u00f4l\u00e9e pour aider \u00e0 maintenir l'eau \u00e0 l'int\u00e9rieur de la zone de douche.<\/p>\n<p data-start=\"1146\" data-end=\"1165\"><strong data-start=\"1146\" data-end=\"1163\">Principales caract\u00e9ristiques:<\/strong><\/p>\n<ul data-start=\"1166\" data-end=\"1651\">\n<li data-start=\"1166\" data-end=\"1219\">\n<p data-start=\"1168\" data-end=\"1219\"><strong data-start=\"1168\" data-end=\"1177\">Taper:<\/strong> Charni\u00e8res 90\u00b0 verre-verre pour paroi de douche<\/p>\n<\/li>\n<li data-start=\"1220\" data-end=\"1278\">\n<p data-start=\"1222\" data-end=\"1278\"><strong data-start=\"1222\" data-end=\"1235\">Mat\u00e9riel:<\/strong> Laiton massif pour une performance durable<\/p>\n<\/li>\n<li data-start=\"1279\" data-end=\"1331\">\n<p data-start=\"1281\" data-end=\"1331\"><strong data-start=\"1281\" data-end=\"1305\">Compatibilit\u00e9 du verre\u00a0:<\/strong> Convient au verre d'une \u00e9paisseur de 6 \u00e0 10 mm<\/p>\n<\/li>\n<li data-start=\"1332\" data-end=\"1389\">\n<p data-start=\"1334\" data-end=\"1389\"><strong data-start=\"1334\" data-end=\"1352\">Capacit\u00e9 de charge :<\/strong> Supporte jusqu'\u00e0 45 kg par deux charni\u00e8res<\/p>\n<\/li>\n<li data-start=\"1390\" data-end=\"1440\">\n<p data-start=\"1392\" data-end=\"1440\"><strong data-start=\"1392\" data-end=\"1409\">Fermeture automatique :<\/strong> Fermeture automatique \u00e0 ~30\u00b0.<\/p>\n<\/li>\n<li data-start=\"1441\" data-end=\"1508\">\n<p data-start=\"1443\" data-end=\"1508\"><strong data-start=\"1443\" data-end=\"1461\">Ajustabilit\u00e9\u00a0:<\/strong> Angle de charni\u00e8re r\u00e9glable pour un alignement pr\u00e9cis<\/p>\n<\/li>\n<li data-start=\"1509\" data-end=\"1566\">\n<p data-start=\"1511\" data-end=\"1566\"><strong data-start=\"1511\" data-end=\"1522\">Conception :<\/strong> Capuchons \u00e0 billes \u00e0 ressort pour une finition \u00e9l\u00e9gante<\/p>\n<\/li>\n<li data-start=\"1567\" data-end=\"1651\">\n<p data-start=\"1569\" data-end=\"1651\"><strong data-start=\"1569\" data-end=\"1586\">Applications :<\/strong> Portes de douche sans cadre dans les salles de bains r\u00e9sidentielles et commerciales<\/p>\n<\/li>\n<\/ul>\n<p data-start=\"1653\" data-end=\"1674\"><strong data-start=\"1653\" data-end=\"1672\">Caract\u00e9ristiques:<\/strong><\/p>\n<ul data-start=\"1675\" data-end=\"1989\">\n<li data-start=\"1675\" data-end=\"1698\">\n<p data-start=\"1677\" data-end=\"1698\"><strong data-start=\"1677\" data-end=\"1687\">Mod\u00e8le :<\/strong> SGH-A202<\/p>\n<\/li>\n<li data-start=\"1699\" data-end=\"1738\">\n<p data-start=\"1701\" data-end=\"1738\"><strong data-start=\"1701\" data-end=\"1710\">Taper:<\/strong> Charni\u00e8re verre-verre, 90<\/p>\n<\/li>\n<li data-start=\"1739\" data-end=\"1762\">\n<p data-start=\"1741\" data-end=\"1762\"><strong data-start=\"1741\" data-end=\"1754\">Mat\u00e9riel:<\/strong> Laiton<\/p>\n<\/li>\n<li data-start=\"1763\" data-end=\"1799\">\n<p data-start=\"1765\" data-end=\"1799\"><strong data-start=\"1765\" data-end=\"1790\">S'adapte \u00e0 l'\u00e9paisseur du verre :<\/strong> 6-10mm<\/p>\n<\/li>\n<li data-start=\"1800\" data-end=\"1834\">\n<p data-start=\"1802\" data-end=\"1834\"><strong data-start=\"1802\" data-end=\"1820\">Capacit\u00e9 de charge :<\/strong> 45kg \/ 2pcs<\/p>\n<\/li>\n<li data-start=\"1835\" data-end=\"1867\">\n<p data-start=\"1837\" data-end=\"1867\"><strong data-start=\"1837\" data-end=\"1860\">Angle de fermeture automatique :<\/strong> ~30\u00b0<\/p>\n<\/li>\n<li data-start=\"1868\" data-end=\"1894\">\n<p data-start=\"1870\" data-end=\"1894\"><strong data-start=\"1870\" data-end=\"1888\">Plage d'ouverture :<\/strong> 90\u00b0<\/p>\n<\/li>\n<li data-start=\"1895\" data-end=\"1989\">\n<p data-start=\"1897\" data-end=\"1989\"><strong data-start=\"1897\" data-end=\"1916\">Options de finition :<\/strong> Chrome poli, Or poli, Nickel bross\u00e9, M\u00e9tal Gun, Noir mat<\/p>\n<\/li>\n<\/ul>","protected":false},"excerpt":{"rendered":"<ul>\n<li>Mat\u00e9riel: Laiton<\/li>\n<li>\u00c9paisseur du verre : 6 \u00e0 10 mm<\/li>\n<li>Fermeture automatique \u00e0 environ 30\u00b0<\/li>\n<li>Max. poids de la porte en verre : 45 kg \/ 2 pi\u00e8ces<\/li>\n<li>Verre \u00e0 Verre 90\u00b0<\/li>\n<li>Angle de charni\u00e8re r\u00e9glable<\/li>\n<li>Capuchons de protection \u00e0 bille \u00e0 ressort<\/li>\n<li>Finition : Chrome poli ; Or poli\u00a0; Nickel bross\u00e9\u00a0; M\u00e9tal \u00e0 canon\u00a0; Noir mat<\/li>\n<\/ul>","protected":false},"featured_media":3051,"comment_status":"open","ping_status":"closed","template":"","meta":{"_acf_changed":false},"product_brand":[],"product_cat":[20,22],"product_tag":[171],"class_list":{"0":"post-809","1":"product","2":"type-product","3":"status-publish","4":"has-post-thumbnail","6":"product_cat-shower-door-hinges","7":"product_cat-glass-to-glass-hinges","8":"product_tag-glass-to-glass-hinges","9":"pa_finish-brushed-nickel","10":"pa_finish-chrome","11":"pa_finish-gold","12":"pa_finish-gun-metal","13":"pa_finish-black","14":"pa_glass-thickness-6-10-mm","15":"pa_load-bearing-45kg-2pcs","16":"pa_material-brass","18":"first","19":"instock","20":"purchasable","21":"product-type-variable","22":"has-default-attributes"},"acf":[],"_links":{"self":[{"href":"https:\/\/showerglasshardware.com\/fr-fr\/wp-json\/wp\/v2\/product\/809","targetHints":{"allow":["GET"]}}],"collection":[{"href":"https:\/\/showerglasshardware.com\/fr-fr\/wp-json\/wp\/v2\/product"}],"about":[{"href":"https:\/\/showerglasshardware.com\/fr-fr\/wp-json\/wp\/v2\/types\/product"}],"replies":[{"embeddable":true,"href":"https:\/\/showerglasshardware.com\/fr-fr\/wp-json\/wp\/v2\/comments?post=809"}],"version-history":[{"count":4,"href":"https:\/\/showerglasshardware.com\/fr-fr\/wp-json\/wp\/v2\/product\/809\/revisions"}],"predecessor-version":[{"id":4697,"href":"https:\/\/showerglasshardware.com\/fr-fr\/wp-json\/wp\/v2\/product\/809\/revisions\/4697"}],"wp:featuredmedia":[{"embeddable":true,"href":"https:\/\/showerglasshardware.com\/fr-fr\/wp-json\/wp\/v2\/media\/3051"}],"wp:attachment":[{"href":"https:\/\/showerglasshardware.com\/fr-fr\/wp-json\/wp\/v2\/media?parent=809"}],"wp:term":[{"taxonomy":"product_brand","embeddable":true,"href":"https:\/\/showerglasshardware.com\/fr-fr\/wp-json\/wp\/v2\/product_brand?post=809"},{"taxonomy":"product_cat","embeddable":true,"href":"https:\/\/showerglasshardware.com\/fr-fr\/wp-json\/wp\/v2\/product_cat?post=809"},{"taxonomy":"product_tag","embeddable":true,"href":"https:\/\/showerglasshardware.com\/fr-fr\/wp-json\/wp\/v2\/product_tag?post=809"}],"curies":[{"name":"wp","href":"https:\/\/api.w.org\/{rel}","templated":true}]}}