{"id":815,"date":"2024-04-09T03:22:55","date_gmt":"2024-04-09T03:22:55","guid":{"rendered":"https:\/\/showerglasshardware.com\/?post_type=product&#038;p=815"},"modified":"2025-11-21T03:03:25","modified_gmt":"2025-11-21T03:03:25","slug":"glass-to-glass-series-hinges-for-glass-shower-door-brass-135","status":"publish","type":"product","link":"https:\/\/showerglasshardware.com\/fr-fr\/product\/glass-to-glass-series-hinges-for-glass-shower-door-brass-135\/","title":{"rendered":"Charni\u00e8res s\u00e9rie verre \u00e0 verre pour porte de douche en verre | Laiton | 135\u00b0SGH-A203"},"content":{"rendered":"<p data-start=\"475\" data-end=\"709\">Le <strong data-start=\"479\" data-end=\"529\">SGH-A203 Charni\u00e8res 135\u00b0 pour porte de douche en verre <\/strong>\u00a0est une solution de charni\u00e8re haut de gamme con\u00e7ue pour les cabines de douche en verre sans cadre. Fabriqu\u00e9e en <strong data-start=\"616\" data-end=\"631\">laiton massif<\/strong>Il offre une durabilit\u00e9 sup\u00e9rieure, une r\u00e9sistance \u00e0 la corrosion et un fonctionnement en douceur.<\/p>\n<p data-start=\"711\" data-end=\"1041\">Cette charni\u00e8re est compatible avec un verre de 6 \u00e0 10 mm d'\u00e9paisseur et peut supporter jusqu'\u00e0 45 kg par deux charni\u00e8res. Elle est dot\u00e9e d'une fonction de fermeture automatique \u00e0 environ 30\u00b0 pour plus de commodit\u00e9 et de contr\u00f4le de l'eau. L'angle r\u00e9glable de la charni\u00e8re permet une installation pr\u00e9cise, tandis que les caches \u00e0 bille \u00e0 ressort offrent un aspect propre et fini.<\/p>\n<p data-start=\"1043\" data-end=\"1227\">Disponible dans les finitions chrome poli, or poli, nickel bross\u00e9, m\u00e9tal arm\u00e9 et noir mat, cette charni\u00e8re convient aux salles de bains r\u00e9sidentielles et commerciales haut de gamme.<\/p>\n<p data-start=\"1229\" data-end=\"1248\"><strong data-start=\"1229\" data-end=\"1246\">Principales caract\u00e9ristiques:<\/strong><\/p>\n<ul data-start=\"1249\" data-end=\"1687\">\n<li data-start=\"1249\" data-end=\"1305\">\n<p data-start=\"1251\" data-end=\"1305\"><strong data-start=\"1251\" data-end=\"1264\">Mat\u00e9riel:<\/strong> Laiton massif pour la solidit\u00e9 et la long\u00e9vit\u00e9<\/p>\n<\/li>\n<li data-start=\"1306\" data-end=\"1369\">\n<p data-start=\"1308\" data-end=\"1369\"><strong data-start=\"1308\" data-end=\"1319\">Conception :<\/strong> Charni\u00e8re verre-verre de 135\u00b0 avec angle r\u00e9glable<\/p>\n<\/li>\n<li data-start=\"1370\" data-end=\"1425\">\n<p data-start=\"1372\" data-end=\"1425\"><strong data-start=\"1372\" data-end=\"1389\">Fermeture automatique :<\/strong> Fermeture automatique \u00e0 environ 30\u00b0.<\/p>\n<\/li>\n<li data-start=\"1426\" data-end=\"1483\">\n<p data-start=\"1428\" data-end=\"1483\"><strong data-start=\"1428\" data-end=\"1446\">Capacit\u00e9 de charge :<\/strong> Supporte jusqu'\u00e0 45 kg par deux charni\u00e8res<\/p>\n<\/li>\n<li data-start=\"1484\" data-end=\"1536\">\n<p data-start=\"1486\" data-end=\"1536\"><strong data-start=\"1486\" data-end=\"1510\">Compatibilit\u00e9 du verre\u00a0:<\/strong> Convient au verre d'une \u00e9paisseur de 6 \u00e0 10 mm<\/p>\n<\/li>\n<li data-start=\"1537\" data-end=\"1631\">\n<p data-start=\"1539\" data-end=\"1631\"><strong data-start=\"1539\" data-end=\"1558\">Options de finition :<\/strong> Chrome poli, Or poli, Nickel bross\u00e9, M\u00e9tal Gun, Noir mat<\/p>\n<\/li>\n<li data-start=\"1632\" data-end=\"1687\">\n<p data-start=\"1634\" data-end=\"1687\"><strong data-start=\"1634\" data-end=\"1651\">Applications :<\/strong> Parois de douche en verre sans cadre<\/p>\n<\/li>\n<\/ul>\n<p data-start=\"1689\" data-end=\"1710\"><strong data-start=\"1689\" data-end=\"1708\">Caract\u00e9ristiques:<\/strong><\/p>\n<ul data-start=\"1711\" data-end=\"2069\">\n<li data-start=\"1711\" data-end=\"1734\">\n<p data-start=\"1713\" data-end=\"1734\"><strong data-start=\"1713\" data-end=\"1723\">Mod\u00e8le :<\/strong> SGH-A203<\/p>\n<\/li>\n<li data-start=\"1735\" data-end=\"1786\">\n<p data-start=\"1737\" data-end=\"1786\"><strong data-start=\"1737\" data-end=\"1746\">Taper:<\/strong> Charni\u00e8re 135\u00b0 pour porte de douche verre-verre<\/p>\n<\/li>\n<li data-start=\"1787\" data-end=\"1810\">\n<p data-start=\"1789\" data-end=\"1810\"><strong data-start=\"1789\" data-end=\"1802\">Mat\u00e9riel:<\/strong> Laiton<\/p>\n<\/li>\n<li data-start=\"1811\" data-end=\"1847\">\n<p data-start=\"1813\" data-end=\"1847\"><strong data-start=\"1813\" data-end=\"1838\">S'adapte \u00e0 l'\u00e9paisseur du verre :<\/strong> 6-10mm<\/p>\n<\/li>\n<li data-start=\"1848\" data-end=\"1887\">\n<p data-start=\"1850\" data-end=\"1887\"><strong data-start=\"1850\" data-end=\"1873\">Angle de fermeture automatique :<\/strong> Environ 30\u00b0.<\/p>\n<\/li>\n<li data-start=\"1888\" data-end=\"1930\">\n<p data-start=\"1890\" data-end=\"1930\"><strong data-start=\"1890\" data-end=\"1908\">Capacit\u00e9 de charge :<\/strong> 45kg par deux charni\u00e8res<\/p>\n<\/li>\n<li data-start=\"1931\" data-end=\"2019\">\n<p data-start=\"1933\" data-end=\"2019\"><strong data-start=\"1933\" data-end=\"1946\">Finitions :<\/strong> Chrome poli, Or poli, Nickel bross\u00e9, M\u00e9tal Gun, Noir mat<\/p>\n<\/li>\n<li data-start=\"2020\" data-end=\"2069\">\n<p data-start=\"2022\" data-end=\"2069\"><strong data-start=\"2022\" data-end=\"2038\">Application:<\/strong> Portes de douche en verre sans cadre<\/p>\n<\/li>\n<\/ul>","protected":false},"excerpt":{"rendered":"<ul>\n<li>Mat\u00e9riel: Laiton<\/li>\n<li>\u00c9paisseur du verre : 6 \u00e0 10 mm<\/li>\n<li>Fermeture automatique \u00e0 environ 30\u00b0<\/li>\n<li>Max. poids de la porte en verre : 45 kg \/ 2 pi\u00e8ces<\/li>\n<li>Verre \u00e0 Verre 135\u00b0<\/li>\n<li>Angle de charni\u00e8re r\u00e9glable<\/li>\n<li>Capuchons de protection \u00e0 bille \u00e0 ressort<\/li>\n<li>Finition : Chrome poli ; Or poli\u00a0; Nickel bross\u00e9\u00a0; M\u00e9tal \u00e0 canon\u00a0; Noir mat<\/li>\n<\/ul>","protected":false},"featured_media":3050,"comment_status":"open","ping_status":"closed","template":"","meta":{"_acf_changed":false},"product_brand":[],"product_cat":[20,22],"product_tag":[171],"class_list":{"0":"post-815","1":"product","2":"type-product","3":"status-publish","4":"has-post-thumbnail","6":"product_cat-shower-door-hinges","7":"product_cat-glass-to-glass-hinges","8":"product_tag-glass-to-glass-hinges","9":"pa_finish-brushed-nickel","10":"pa_finish-chrome","11":"pa_finish-gold","12":"pa_finish-gun-metal","13":"pa_finish-black","14":"pa_glass-thickness-6-10-mm","15":"pa_load-bearing-45kg-2pcs","16":"pa_material-brass","18":"first","19":"instock","20":"purchasable","21":"product-type-variable","22":"has-default-attributes"},"acf":[],"_links":{"self":[{"href":"https:\/\/showerglasshardware.com\/fr-fr\/wp-json\/wp\/v2\/product\/815","targetHints":{"allow":["GET"]}}],"collection":[{"href":"https:\/\/showerglasshardware.com\/fr-fr\/wp-json\/wp\/v2\/product"}],"about":[{"href":"https:\/\/showerglasshardware.com\/fr-fr\/wp-json\/wp\/v2\/types\/product"}],"replies":[{"embeddable":true,"href":"https:\/\/showerglasshardware.com\/fr-fr\/wp-json\/wp\/v2\/comments?post=815"}],"version-history":[{"count":3,"href":"https:\/\/showerglasshardware.com\/fr-fr\/wp-json\/wp\/v2\/product\/815\/revisions"}],"predecessor-version":[{"id":4594,"href":"https:\/\/showerglasshardware.com\/fr-fr\/wp-json\/wp\/v2\/product\/815\/revisions\/4594"}],"wp:featuredmedia":[{"embeddable":true,"href":"https:\/\/showerglasshardware.com\/fr-fr\/wp-json\/wp\/v2\/media\/3050"}],"wp:attachment":[{"href":"https:\/\/showerglasshardware.com\/fr-fr\/wp-json\/wp\/v2\/media?parent=815"}],"wp:term":[{"taxonomy":"product_brand","embeddable":true,"href":"https:\/\/showerglasshardware.com\/fr-fr\/wp-json\/wp\/v2\/product_brand?post=815"},{"taxonomy":"product_cat","embeddable":true,"href":"https:\/\/showerglasshardware.com\/fr-fr\/wp-json\/wp\/v2\/product_cat?post=815"},{"taxonomy":"product_tag","embeddable":true,"href":"https:\/\/showerglasshardware.com\/fr-fr\/wp-json\/wp\/v2\/product_tag?post=815"}],"curies":[{"name":"wp","href":"https:\/\/api.w.org\/{rel}","templated":true}]}}